{"id":1254,"date":"2016-10-18T19:55:22","date_gmt":"2016-10-18T17:55:22","guid":{"rendered":"http:\/\/www.lassebacklund.fi\/?page_id=1254"},"modified":"2025-04-17T23:07:36","modified_gmt":"2025-04-17T20:07:36","slug":"torpare-pa-lillkull-nr-5","status":"publish","type":"page","link":"https:\/\/www.lassebacklund.fi\/?page_id=1254","title":{"rendered":"Torpare p\u00e5 Lillkull nr 5."},"content":{"rendered":"<p>&nbsp;<\/p>\n<ol>\n<li>Anders Andersson Stenberg fr\u00e5n Sideby (1772-1827) torpare under \u00e5ren 1800-1827 och hustrun \u00a0Lisa Mickelsdotter Korsb\u00e4ck (1773-1865) torpare under \u00e5ren 1828-1845.<\/li>\n<li>Henrik Larsson Lillkull (f.1776) torpare under \u00e5ren 1815-1835.<\/li>\n<li>Karl Fredrik S\u00f6derberg fr\u00e5n Stor\u00e5 (1778-1840) torpare under \u00e5ren 1815-1829 och hustrun Lisa Henriksdotter (f.1780) torpare under \u00e5ren 1830-1861.<\/li>\n<li>Anders Johan Verkfors fr\u00e5n Dagsmark (1794-1845) och hustrun Kajsa Johansdotter Bj\u00f6rses (1791-1843) torpare under \u00e5ren 1820-1830.<\/li>\n<li>Johan Rosenlund och hustrun Fredrika, skrivna som torpare \u00e5r 1820.<\/li>\n<li>Erik Henriksson Stolt fr\u00e5n Kauhajoki (f.1787) och hustrun Susanna Isaksdotter fr\u00e5n Jalasj\u00e4rvi (f.1787) torpare under \u00e5ren 1820-1835.<\/li>\n<li>Johan Johansson Lillkull (f.1796) och hustrun Kajsa Mattsdotter Lillsj\u00f6 (f.1799) torpare under \u00e5ren 1820-1850.<\/li>\n<li>Johan Johansson Fr\u00f6berg (f.1792) och hustrun Anna Greta Johansdotter Lillkull (f.1796) torpare under \u00e5ren 1825-1865.<\/li>\n<li>F\u00f6rra bonden Johan Johansson Klemets och hustrun Maria, torpare under \u00e5ren 1830-1872.<\/li>\n<li>Karl Gustav Andersson Riarb\u00e4ck (f.1815) och hustrun Maria Lena Johansdotter Finne (f.1814) torpare under \u00e5ren 1840-1871.<\/li>\n<li>Johan Henrik Thomasson Kortesniemi fr\u00e5n Stor\u00e5 (1804-1881) torpare under \u00e5ren 1845-1880 och hustrun Eva Agata Johansdotter S\u00f6derberg el Finne (1818-1888) torpare under \u00e5ren 1881-1888. (Eva Agata dotter till torpare nr 3).<\/li>\n<li>Henrik S\u00f6derholm och hustrun Lena, torpare under \u00e5ren 1855-1865.<\/li>\n<li>Erik, Erik Henriksson Storkull (f.1833) och hustrun Maria Lena Eriksdotter Lillkull (f.1835) torpare under \u00e5ren 1855-1867.<\/li>\n<li>Josef Johansson Lillkull (f.1825) och hustrun Fredrika Johansdotter Korsb\u00e4ck (f.1823) torpare under \u00e5ren 1855-1890.<\/li>\n<li>Josef Johan Eriksson S\u00f6derholm eller L\u00e5ng (f. 1828) och hustrun Anna Kajsa Johansdotter Lillkull (f.1826) torpare under \u00e5ren 1855-1886.<\/li>\n<li>Anders Hermansson Lillkull och hustrun Maria, torpare under \u00e5ren 1858-1875.<\/li>\n<li>Johan Fr\u00f6berg och hustrun Lisa, torpare under \u00e5ren 1861-1869.<\/li>\n<li>Erik Johansson Lillkull (f.1835) och hustrun Maria (f.1827) torpare under \u00e5ren 1865-1908.<\/li>\n<\/ol>\n<p>19. Karl Sunnantill och hustrun Maria, torpare under \u00e5ren 1867-1877.<\/p>\n<ol start=\"20\">\n<li>Anders Gustavsson Lillkull (f.1838) och hustrun Maria (f.1846) torpare under \u00e5ren 1868-1894.<\/li>\n<li>Johan Oskar S\u00f6derback (f.1841) och hustrun Fredrika (f.1840) torpare under \u00e5ren 1876-1881.<\/li>\n<li>Isak Emanuelsson Lillkull (f.1848) och hustrun Kajsa (f.1849) torpare under \u00e5ren 1876-1916.<\/li>\n<li>Henrik S\u00f6derholm (f. 1829) och hustrun Lena (f.1827) torpare under \u00e5ren 1876-1889.<\/li>\n<li>Josef &#8221;Lill Topin&#8221; Hietaoja (1847-1915) och hustrun &#8221;Maj Sofi&#8221; Maria (f. Skrivars 1845-1884) torpare under \u00e5ren 1877-1902.<\/li>\n<li>Josef Karl Gustavsson (f.1845) och hustrun Kristina (f.1843) torpare under \u00e5ren 1883-1912, senare inhysing.<\/li>\n<li>Josef Eriksson Lillkull (f.1852) och hustrun Maria Eriksdotter (f. 1860) torpare under \u00e5ren 1886-1914, senare backstugusittare.<\/li>\n<li>Karl Erik S\u00f6derholm (f.1864) och hustrun Olga (f.1863) torpare under \u00e5ren1887-1914.<\/li>\n<li>Johan Eriksson Lillkull (f.1861) torpare under \u00e5ren 1887-1892 och hustrun Maria Eriksdotter (f.1860) torpare under \u00e5ren 1893-1894.<\/li>\n<li>Axel Josefsson S\u00f6derholm (f.1861) och hustrun Anna (f.1844) torpare under \u00e5ren 1890-1914.<\/li>\n<li>Karl Erik Johansson Lillkull (f.1863) och hustrun Maria (f. 1851) torpare under \u00e5ren 1895-1901.<\/li>\n<\/ol>\n","protected":false},"excerpt":{"rendered":"<p>&nbsp; Anders Andersson Stenberg fr\u00e5n Sideby (1772-1827) torpare under \u00e5ren 1800-1827 och hustrun \u00a0Lisa Mickelsdotter Korsb\u00e4ck (1773-1865) torpare under \u00e5ren 1828-1845. Henrik Larsson Lillkull (f.1776) torpare under \u00e5ren 1815-1835. Karl Fredrik S\u00f6derberg fr\u00e5n Stor\u00e5 (1778-1840) torpare under \u00e5ren 1815-1829 och <a class=\"more-link\" href=\"https:\/\/www.lassebacklund.fi\/?page_id=1254\">Forts\u00e4tt l\u00e4sa <span class=\"screen-reader-text\">  Torpare p\u00e5 Lillkull nr 5.<\/span><span class=\"meta-nav\">&rarr;<\/span><\/a><\/p>\n","protected":false},"author":1,"featured_media":0,"parent":1236,"menu_order":5,"comment_status":"closed","ping_status":"closed","template":"","meta":{"footnotes":""},"class_list":["post-1254","page","type-page","status-publish","hentry"],"_links":{"self":[{"href":"https:\/\/www.lassebacklund.fi\/index.php?rest_route=\/wp\/v2\/pages\/1254","targetHints":{"allow":["GET"]}}],"collection":[{"href":"https:\/\/www.lassebacklund.fi\/index.php?rest_route=\/wp\/v2\/pages"}],"about":[{"href":"https:\/\/www.lassebacklund.fi\/index.php?rest_route=\/wp\/v2\/types\/page"}],"author":[{"embeddable":true,"href":"https:\/\/www.lassebacklund.fi\/index.php?rest_route=\/wp\/v2\/users\/1"}],"replies":[{"embeddable":true,"href":"https:\/\/www.lassebacklund.fi\/index.php?rest_route=%2Fwp%2Fv2%2Fcomments&post=1254"}],"version-history":[{"count":3,"href":"https:\/\/www.lassebacklund.fi\/index.php?rest_route=\/wp\/v2\/pages\/1254\/revisions"}],"predecessor-version":[{"id":23918,"href":"https:\/\/www.lassebacklund.fi\/index.php?rest_route=\/wp\/v2\/pages\/1254\/revisions\/23918"}],"up":[{"embeddable":true,"href":"https:\/\/www.lassebacklund.fi\/index.php?rest_route=\/wp\/v2\/pages\/1236"}],"wp:attachment":[{"href":"https:\/\/www.lassebacklund.fi\/index.php?rest_route=%2Fwp%2Fv2%2Fmedia&parent=1254"}],"curies":[{"name":"wp","href":"https:\/\/api.w.org\/{rel}","templated":true}]}}