{"id":1252,"date":"2016-10-18T19:50:02","date_gmt":"2016-10-18T17:50:02","guid":{"rendered":"http:\/\/www.lassebacklund.fi\/?page_id=1252"},"modified":"2020-04-13T22:34:54","modified_gmt":"2020-04-13T19:34:54","slug":"torpare-pa-lang-nr-4","status":"publish","type":"page","link":"https:\/\/www.lassebacklund.fi\/?page_id=1252","title":{"rendered":"Torpare p\u00e5 L\u00e5ng nr 4."},"content":{"rendered":"<p>&nbsp;<\/p>\n<ol>\n<li>Erik Johansson Hammarberg (f. 1767) och f\u00f6rsta hustrun Margareta Andersdotter och andra hustrun Anna Andersdotter Siroi (f.1786) torpare under \u00e5ren 1794-1830.<\/li>\n<li>J\u00f6ran J\u00f6ransson Karkku eller L\u00e5ng (f.1769) och hustrun Kajsa Andersdotter L\u00e5ng (1764-1833) torpare under \u00e5ren 1799-1840.<\/li>\n<li>Matts Eriksson Kullman (f.1783) torpare under \u00e5ren 1820-1830 och f\u00f6rsta hustrun Eva och andra hustrun Maria Eriksdotter fr\u00e5n Stor\u00e5 (f.1783) torpare under \u00e5ren 1831-1858.<\/li>\n<li>Josef Eriksson L\u00e5ng (f.1800) och hustrun Anna Greta Henriksdotter Br\u00e4nn (f.1798) torpare under \u00e5ren 1825-1861.<\/li>\n<li>Henrik Johan Rosenkvist eller Verkfors fr\u00e5n Dagsmark (f.1800) torpare under \u00e5ren 1825-1843 och hustrun Greta Andersson Klemets (1803-1862) torpare under \u00e5ren 1844-1861.<\/li>\n<li>Anders Johansson L\u00e5ng (f.1813) och hustrun Maria Greta Mattsdotter B\u00e5sk (f.1815) torpare under \u00e5ren 1835-1867.<\/li>\n<li>Anders Eriksson L\u00e5ng (f.1804) torpare under \u00e5ren 1840-1859) och hustrun Brita Kajsa, Hans Henriksdotter Sm\u00e5tr\u00e4sk (f. 1809) torpare under \u00e5ren 1860-1863.<\/li>\n<li>Josef Johansson Korsb\u00e4ck (f.1794) och hustrun Maria Lisa Hansdotter (f.1796) torpare under \u00e5ren 1840-1845.<\/li>\n<li>Karl Karlsson L\u00e5ng (f.1819) torpare under \u00e5ren 1845-1861 och hustrun Brita Rebecka eller B\u00e4cka Karlsdotter Skogman fr\u00e5n Sideby (f. 1816) torpare under \u00e5ren 1862-1886.<\/li>\n<li>Karl Gustav Johansson L\u00e5ng (f.1816) och hustrun Anna Kajsa Andersson Klemets (f.1822) torpare under \u00e5ren 1845-1850.<\/li>\n<li>Josef Henriksson Str\u00f6mberg eller Finne (f.1831) och hustrun Kajsa, Johan Henriksdotter L\u00e5ng (f. 1835) torpare under \u00e5ren 1858-1865.<\/li>\n<li>Karl Erik Henriksson Jossandt \u00a0(f.1828) och hustrun Ester Vilhelmina Mattsdotter fr\u00e5n Stor\u00e5, torpare under \u00e5ren 1859-1861.<\/li>\n<li>Erik Henrik Karlsson L\u00e5ng och hustrun Albertina, torpare under \u00e5ren 1861-1877.<\/li>\n<li>Josef Johansson L\u00e5ng (f.1825) och hustrun Brita Stina Johansdotter Rib\u00e4ck (f.1823) torpare under \u00e5ren 1861-1865.<\/li>\n<li>Johan Johansson Kornb\u00e4ck fr\u00e5n B\u00f6tom (f.1824) och hustrun Fredrika Josefsdotter (f. 1824) torpare under \u00e5ren 1864-1866.<\/li>\n<li>Brita Johansdotter, torpare under \u00e5ren 1866-1873.<\/li>\n<li>Josef Andersson L\u00e5ng (f.1845) och hustrun Maria (f.1840) torpare under \u00e5ren 1866-1893.<\/li>\n<li>Bernhard Andersson L\u00e5ng (f.1846) torpare under \u00e5ren 1875-1882 och hustrun Karolina Eriksdotter (f. 1846) torpare under \u00e5ren 1883-1890.<\/li>\n<li>Anders Johansson Sippola (1845-1899) och hustrun Anna fr\u00e5n Stor\u00e5 (f.1843) torpare under \u00e5ren 1876-1898.<\/li>\n<li>Johan Viktor Kaskim\u00e4ki (f. 1866 i Karvia) och hustrun Drag\u00e5s-Hilda (f.1871, dotter till torpare nr 19) torpare under \u00e5ren 1899-1914.<\/li>\n<li>Henrik Isaksson L\u00e5ng (f.1850) och hustrun Anna (f.1851) torpare under \u00e5ren 1878-1882.<\/li>\n<li>Johan Johansson L\u00e5ng, tidigare Lillsj\u00f6 (1847-1905) och hustrun Karolina Esaiasdotter (1851-1934) torpare under \u00e5ren 1883-1900. Johan och Karolina hade tidigare varit torpare i Lillsj\u00f6, du hittar dom under nummer 18. Vill du l\u00e4sa mera om Karolina, s\u00e5 klicka <a href=\"http:\/\/www.lassebacklund.fi\/?page_id=16015\"><span style=\"text-decoration: underline;\"><strong><span style=\"color: #000080; text-decoration: underline;\">H\u00c4R,<\/span><\/strong><\/span><\/a> s\u00e5 kan du l\u00e4sa om hennes hemman Drag\u00e5s 4:14.<\/li>\n<li>Johan Jakobsson L\u00e5ng (f.1856) och hustrun Sofia (f. 1858) torpare under \u00e5ren 1883-1891.<\/li>\n<li>Erik Josefsson L\u00e5ng (f.1851) och hustrun Maria (f. 1846) torpare under \u00e5ren 1888-1898, senare inhysing.<\/li>\n<\/ol>\n<p>25.Viktor Karlsson L\u00e5ng (f.1856) och hustrun Greta (f.1871) torpare under \u00e5ren 1888-1898.<\/p>\n","protected":false},"excerpt":{"rendered":"<p>&nbsp; Erik Johansson Hammarberg (f. 1767) och f\u00f6rsta hustrun Margareta Andersdotter och andra hustrun Anna Andersdotter Siroi (f.1786) torpare under \u00e5ren 1794-1830. J\u00f6ran J\u00f6ransson Karkku eller L\u00e5ng (f.1769) och hustrun Kajsa Andersdotter L\u00e5ng (1764-1833) torpare under \u00e5ren 1799-1840. Matts Eriksson <a class=\"more-link\" href=\"https:\/\/www.lassebacklund.fi\/?page_id=1252\">Forts\u00e4tt l\u00e4sa <span class=\"screen-reader-text\">  Torpare p\u00e5 L\u00e5ng nr 4.<\/span><span class=\"meta-nav\">&rarr;<\/span><\/a><\/p>\n","protected":false},"author":1,"featured_media":0,"parent":1236,"menu_order":4,"comment_status":"closed","ping_status":"closed","template":"","meta":{"footnotes":""},"class_list":["post-1252","page","type-page","status-publish","hentry"],"_links":{"self":[{"href":"https:\/\/www.lassebacklund.fi\/index.php?rest_route=\/wp\/v2\/pages\/1252","targetHints":{"allow":["GET"]}}],"collection":[{"href":"https:\/\/www.lassebacklund.fi\/index.php?rest_route=\/wp\/v2\/pages"}],"about":[{"href":"https:\/\/www.lassebacklund.fi\/index.php?rest_route=\/wp\/v2\/types\/page"}],"author":[{"embeddable":true,"href":"https:\/\/www.lassebacklund.fi\/index.php?rest_route=\/wp\/v2\/users\/1"}],"replies":[{"embeddable":true,"href":"https:\/\/www.lassebacklund.fi\/index.php?rest_route=%2Fwp%2Fv2%2Fcomments&post=1252"}],"version-history":[{"count":4,"href":"https:\/\/www.lassebacklund.fi\/index.php?rest_route=\/wp\/v2\/pages\/1252\/revisions"}],"predecessor-version":[{"id":16029,"href":"https:\/\/www.lassebacklund.fi\/index.php?rest_route=\/wp\/v2\/pages\/1252\/revisions\/16029"}],"up":[{"embeddable":true,"href":"https:\/\/www.lassebacklund.fi\/index.php?rest_route=\/wp\/v2\/pages\/1236"}],"wp:attachment":[{"href":"https:\/\/www.lassebacklund.fi\/index.php?rest_route=%2Fwp%2Fv2%2Fmedia&parent=1252"}],"curies":[{"name":"wp","href":"https:\/\/api.w.org\/{rel}","templated":true}]}}