{"id":1249,"date":"2016-10-18T19:44:34","date_gmt":"2016-10-18T17:44:34","guid":{"rendered":"http:\/\/www.lassebacklund.fi\/?page_id=1249"},"modified":"2016-10-18T19:44:34","modified_gmt":"2016-10-18T17:44:34","slug":"torpare-pa-finne-eller-rosenback-nr-3","status":"publish","type":"page","link":"https:\/\/www.lassebacklund.fi\/?page_id=1249","title":{"rendered":"Torpare p\u00e5 Finne eller Rosenback nr 3."},"content":{"rendered":"<p>&nbsp;<\/p>\n<ol>\n<li>Josef Henriksson Finne (f.1788) och hustrun Agata (f.1792) torpare under \u00e5ren 1815-1830.<\/li>\n<li>Karl Henrik Johansson Finne (f.1793) och hustrun Maria Magdalena Johansdotter Holm fr\u00e5n Lappfj\u00e4rd (1797-1837) torpare under \u00e5ren 1815-1830.<\/li>\n<li>Erik Mattsson Finne och hustrun Sofia, torpare \u00e5r 1830.<\/li>\n<li>Skr\u00e4ddaren Henrik Mickelsson Str\u00f6mberg eller Korsb\u00e4ck (f.1797) och hustrun Kajsa Eriksson Finne (1797-1846) torpare under \u00e5ren 1830-1871.<\/li>\n<li>Karl Mattsson Birkala (f.1797) och hustrun Sofia Eriksdotter (f.1801) torpare under \u00e5ren 1830-1852.<\/li>\n<li>Johan Jakobsson Finne (f.1799) och hustrun Anna Greta Eriksdotter (f.1702) torpare under \u00e5ren 1835-1850.<\/li>\n<li>Josef Larsson Klemets (f.1808) och hustrun Anna Greta Johansdotter Finne (f.1812) torpare under \u00e5ren 1835-1850.<\/li>\n<li>Karl Gustav \u00a0Jakobsson Finne (f. 1804) och hustrun Maria Greta Eriksdotter Lillkull (f. 1811) torpare under \u00e5ren 1835-1839.<\/li>\n<li>Karl Mattsson Finne och hustrun Maria, torpare under \u00e5ren 1835-1869.<\/li>\n<li>Rudolf Josef Jakobsson Finne (f. 1811) och hustrun Maja Lena Gabrielsdotter Korsb\u00e4ck (f. 1812) torpare under \u00e5ren 1840-1850.<\/li>\n<li>Josef Johan Pettersson Fr\u00f6berg (f.1803) och hustrun Greta Lena Mariasdotter fr\u00e5n Stor\u00e5 (f.1810) torpare under \u00e5ren 1845-1865.<\/li>\n<li>Johan Henrik \u00a0Andersson Finne (f.1814) torpare under \u00e5ren 1845-1855 och hustrun Anna Kajsa Josefsdotter Knus (f.1813) torpare under \u00e5ren 1856-1861.<\/li>\n<li>Josef Johansson Finne (f.1827) torpare under \u00e5ren 1845-1858 och hustrun Kajsa Eriksdotter B\u00e5sk (f. 1820) torpare under \u00e5ren 1859-1867.<\/li>\n<li>Johan Fredrik Mickelsson H\u00e4ggblom el F\u00e4rm fr\u00e5n Korsn\u00e4s (f.1818) och hustrun Anna Kajsa Johansdotter Finne (f.1816) torpare under \u00e5ren 1845-1889.<\/li>\n<li>Karl Fredrik Henriksson Lilltr\u00e4sk (f.1818) torpare under \u00e5ren 1845-1879 och hustrun Anna Greta Henriksdotter Finne (f.1829) torpare under \u00e5ren 1880-1879.<\/li>\n<li>Johan Johansson Finne och hustrun Maria, torpare under \u00e5ren 1855-1858.<\/li>\n<li>Josef Johansson Finne (f.1824) och hustrun Maria Lena Eriksdotter L\u00e5ng (f.1823) torpare under \u00e5ren 1855-1867.<\/li>\n<li>Johan Henrik Granat och hustrun Maria, torpare under \u00e5ren 1861-1865.<\/li>\n<li>Karl Andersson Finne (f.1831) torpare under \u00e5ren 1861-1873 och f\u00f6rsta hustrun Anna Kajsa Henriksdotter Mattfolk (f.1827) och andra hustrun Anna Eriksdotter (f.1834) torpare under \u00e5ren 1880-1906.<\/li>\n<li>Henrik Eriksson Finne och hustrun Anna, torpare under \u00e5ren 1865-1871.<\/li>\n<li>Karl Mattsson Finne och hustrun Sofia, torpare under \u00e5ren 1870-1877.<\/li>\n<li>Josef Johan Eriksson Finne (f.1851) och hustrun Anna (f.1853) torpare under \u00e5ren 1874-1878, blev senare b\u00f6nder.<\/li>\n<li>Johan Hermansson Nattura (f.1841) och hustrun Edla (f. 1847) torpare under \u00e5ren1878-1906.<\/li>\n<li>Erik Anders Josefsson Finne (f.1854) och hustrun Henrika (f. 1863) torpare under \u00e5ren 1890-1894.<\/li>\n<li>Viktor August, Johan Henriksson Finne (f.1867) och hustrun Maria (f.1869) torpare under \u00e5ren 1901-1903, blev senare b\u00f6nder.<\/li>\n<li>Erik Nakkila (f.1850) och hustrun Maria (f.1853) torpare under \u00e5ren 1903-1906.<\/li>\n<\/ol>\n","protected":false},"excerpt":{"rendered":"<p>&nbsp; Josef Henriksson Finne (f.1788) och hustrun Agata (f.1792) torpare under \u00e5ren 1815-1830. Karl Henrik Johansson Finne (f.1793) och hustrun Maria Magdalena Johansdotter Holm fr\u00e5n Lappfj\u00e4rd (1797-1837) torpare under \u00e5ren 1815-1830. Erik Mattsson Finne och hustrun Sofia, torpare \u00e5r 1830. <a class=\"more-link\" href=\"https:\/\/www.lassebacklund.fi\/?page_id=1249\">Forts\u00e4tt l\u00e4sa <span class=\"screen-reader-text\">  Torpare p\u00e5 Finne eller Rosenback nr 3.<\/span><span class=\"meta-nav\">&rarr;<\/span><\/a><\/p>\n","protected":false},"author":1,"featured_media":0,"parent":1236,"menu_order":3,"comment_status":"closed","ping_status":"closed","template":"","meta":{"footnotes":""},"class_list":["post-1249","page","type-page","status-publish","hentry"],"_links":{"self":[{"href":"https:\/\/www.lassebacklund.fi\/index.php?rest_route=\/wp\/v2\/pages\/1249","targetHints":{"allow":["GET"]}}],"collection":[{"href":"https:\/\/www.lassebacklund.fi\/index.php?rest_route=\/wp\/v2\/pages"}],"about":[{"href":"https:\/\/www.lassebacklund.fi\/index.php?rest_route=\/wp\/v2\/types\/page"}],"author":[{"embeddable":true,"href":"https:\/\/www.lassebacklund.fi\/index.php?rest_route=\/wp\/v2\/users\/1"}],"replies":[{"embeddable":true,"href":"https:\/\/www.lassebacklund.fi\/index.php?rest_route=%2Fwp%2Fv2%2Fcomments&post=1249"}],"version-history":[{"count":1,"href":"https:\/\/www.lassebacklund.fi\/index.php?rest_route=\/wp\/v2\/pages\/1249\/revisions"}],"predecessor-version":[{"id":1250,"href":"https:\/\/www.lassebacklund.fi\/index.php?rest_route=\/wp\/v2\/pages\/1249\/revisions\/1250"}],"up":[{"embeddable":true,"href":"https:\/\/www.lassebacklund.fi\/index.php?rest_route=\/wp\/v2\/pages\/1236"}],"wp:attachment":[{"href":"https:\/\/www.lassebacklund.fi\/index.php?rest_route=%2Fwp%2Fv2%2Fmedia&parent=1249"}],"curies":[{"name":"wp","href":"https:\/\/api.w.org\/{rel}","templated":true}]}}