{"id":1246,"date":"2016-10-18T19:40:24","date_gmt":"2016-10-18T17:40:24","guid":{"rendered":"http:\/\/www.lassebacklund.fi\/?page_id=1246"},"modified":"2016-10-18T19:40:24","modified_gmt":"2016-10-18T17:40:24","slug":"torpare-pa-bask-nr-2","status":"publish","type":"page","link":"https:\/\/www.lassebacklund.fi\/?page_id=1246","title":{"rendered":"Torpare p\u00e5 B\u00e5sk nr 2."},"content":{"rendered":"<p>&nbsp;<\/p>\n<ol>\n<li>Henrik Henriksson B\u00e5sk och hustrun Elisabeth Johansdotter, skriven som torpare 1798.<\/li>\n<li>Anders \u00c5kerberg, skriven som torpare 1809-1810-<\/li>\n<li>Erik Eriksson fr\u00e5n \u00c5land (f. 1791) och hustrun Lisa Mattsdotter B\u00e5sk (f.1790) torpare under \u00e5ren 1815-1840.<\/li>\n<li>Matts Grelsson fr\u00e5n Ulfsby (1775-1845) och hustrun Anna Johansdotter (1764-1832) torpare under \u00e5ren 1820-1825.<\/li>\n<li>Erik Andersson Gr\u00f6ndahl eller B\u00e5sk (f.1807) och hustrun Maria Eriksdotter Lillsj\u00f6 (f.1805) torpare under \u00e5ren 1830-1856.<\/li>\n<li>Matts Mattsson B\u00e5sk (f.1804) och hustrun Lisa Johansdotter (f.1803) torpare under \u00e5ren 1830-1845.<\/li>\n<li>Lovisa Henriksdotter B\u00e5sk (f.1781) torpare under \u00e5ren 1830-1835.<\/li>\n<li>Johan Henriksson Schr\u00f6der fr\u00e5n Tj\u00f6ck (f. 1786) och f\u00f6rsta hustrun Kajsa Johansdotter (f.1787) torpare under \u00e5ren 1830-1850 och med andra hustrun Greta Lisa Johansdotter Klemets (f.1805) torpare under \u00e5ren 1857-1866.<\/li>\n<li>Isak Jakobsson fr\u00e5n Lappfj\u00e4rd (f.1795) torpare under \u00e5ren 1828-1830 och hustrun Maria Lisa Johansdotter fr\u00e5n B\u00f6tom (f. 1796) torpare under \u00e5ren 1831-1867.<\/li>\n<li>Erik Eriksson Finne (f. 1814) och hustrun Maria Lena Mattsdotter Klemets, torpare 1835.<\/li>\n<li>Erik Henrik Josefsson B\u00e5sk (f.1808) och hustrun Greta Henriksdotter (f.1810) torpare under \u00e5ren 1840-1865.<\/li>\n<li>Johan Erik Andersson Yls\u00f6b\u00e4ck (f.1802) och hustrun Anna Greta Johansdotter Schr\u00f6der eller B\u00e5sk (f.1814) torpare under \u00e5ren 1840-1865.<\/li>\n<li>Gustav Andersson L\u00e5ng (f.1814) och hustrun Anna Maria Johansdotter Lill\u00e5ls (f.1821) torpare under \u00e5ren 1840-1865.<\/li>\n<li>Erik Andersson Finne (f. 1822) och hustrun Kajsa Henriksdotter B\u00e5sk (f.1820) torpare under \u00e5ren 1840-1865.<\/li>\n<li>Josef Andersson B\u00e5sk och hustrun Susanna, torpare under \u00e5ren 1845-1869.<\/li>\n<li>Johan Erik Eriksson Hammarberg eller L\u00e5ng (f.1816) och hustrun Anna Greta Gretasdotter fr\u00e5n Lappfj\u00e4rd (f.1812) torpare under \u00e5ren 1855-1865.<\/li>\n<li>Carl Gustav Erik Henriksson S\u00f6derholm eller Storsj\u00f6 och hustrun Anna Maria Johan Eriksdotter L\u00e5ng (f. 1827) torpare under \u00e5ren 1855-1894.<\/li>\n<li>Reinhold Andersson Finne (f.1834) och hustrun Maja Lena Eriksdotter B\u00e5sk eller Gr\u00f6ndahl (1835-1921) torpare under \u00e5ren 1858-1869, senare med\u00e5bo.<\/li>\n<li>Erik Henrik Gustavsson Hammarberg eller L\u00e5ng (1826-1865) och hustrun Greta Sofia Isaksdotter Teir (f.1833) torpare \u00e5r 1865.<\/li>\n<li>Robert Kleppfors (f.1842) och hustrun Maria (f.1845) torpare under \u00e5ren 1870-1886.<\/li>\n<li>Viktor Andersson L\u00e5ng (f.1855) och hustrun Vilhelmina (f.1855) torpare under \u00e5ren 1883-1896.<\/li>\n<li>Isak Uusitalo (f. 1857) och hustrun Anna (f.1864) torpare under \u00e5ren 1888-1894.<\/li>\n<li>Oskar Salo (f. 1866) och hustrun Aina (f. 1860) torpare under \u00e5ren 1895-1908, senare backstugusittare.<\/li>\n<li>Anders Johansson B\u00e5sk (f.1861) och hustrun Maria, torpare under \u00e5ren 1895-1906.<\/li>\n<li>Konstantin Josefsson Niemi (f.1873) och hustrun Kristina (f.1877) torpare under \u00e5ren 1905-1908.<\/li>\n<\/ol>\n","protected":false},"excerpt":{"rendered":"<p>&nbsp; Henrik Henriksson B\u00e5sk och hustrun Elisabeth Johansdotter, skriven som torpare 1798. Anders \u00c5kerberg, skriven som torpare 1809-1810- Erik Eriksson fr\u00e5n \u00c5land (f. 1791) och hustrun Lisa Mattsdotter B\u00e5sk (f.1790) torpare under \u00e5ren 1815-1840. Matts Grelsson fr\u00e5n Ulfsby (1775-1845) och <a class=\"more-link\" href=\"https:\/\/www.lassebacklund.fi\/?page_id=1246\">Forts\u00e4tt l\u00e4sa <span class=\"screen-reader-text\">  Torpare p\u00e5 B\u00e5sk nr 2.<\/span><span class=\"meta-nav\">&rarr;<\/span><\/a><\/p>\n","protected":false},"author":1,"featured_media":0,"parent":1236,"menu_order":2,"comment_status":"closed","ping_status":"closed","template":"","meta":{"footnotes":""},"class_list":["post-1246","page","type-page","status-publish","hentry"],"_links":{"self":[{"href":"https:\/\/www.lassebacklund.fi\/index.php?rest_route=\/wp\/v2\/pages\/1246","targetHints":{"allow":["GET"]}}],"collection":[{"href":"https:\/\/www.lassebacklund.fi\/index.php?rest_route=\/wp\/v2\/pages"}],"about":[{"href":"https:\/\/www.lassebacklund.fi\/index.php?rest_route=\/wp\/v2\/types\/page"}],"author":[{"embeddable":true,"href":"https:\/\/www.lassebacklund.fi\/index.php?rest_route=\/wp\/v2\/users\/1"}],"replies":[{"embeddable":true,"href":"https:\/\/www.lassebacklund.fi\/index.php?rest_route=%2Fwp%2Fv2%2Fcomments&post=1246"}],"version-history":[{"count":1,"href":"https:\/\/www.lassebacklund.fi\/index.php?rest_route=\/wp\/v2\/pages\/1246\/revisions"}],"predecessor-version":[{"id":1247,"href":"https:\/\/www.lassebacklund.fi\/index.php?rest_route=\/wp\/v2\/pages\/1246\/revisions\/1247"}],"up":[{"embeddable":true,"href":"https:\/\/www.lassebacklund.fi\/index.php?rest_route=\/wp\/v2\/pages\/1236"}],"wp:attachment":[{"href":"https:\/\/www.lassebacklund.fi\/index.php?rest_route=%2Fwp%2Fv2%2Fmedia&parent=1246"}],"curies":[{"name":"wp","href":"https:\/\/api.w.org\/{rel}","templated":true}]}}