{"id":12445,"date":"2019-05-27T23:14:33","date_gmt":"2019-05-27T20:14:33","guid":{"rendered":"http:\/\/www.lassebacklund.fi\/?page_id=12445"},"modified":"2024-10-14T23:03:38","modified_gmt":"2024-10-14T20:03:38","slug":"slaktnamn-som-borjar-pa-j","status":"publish","type":"page","link":"https:\/\/www.lassebacklund.fi\/?page_id=12445","title":{"rendered":"Sl\u00e4ktnamn som b\u00f6rjar p\u00e5 J."},"content":{"rendered":"<p><img loading=\"lazy\" decoding=\"async\" class=\"alignnone size-full wp-image-23235\" src=\"https:\/\/www.lassebacklund.fi\/wp-content\/uploads\/2024\/10\/Jossandt-Johannes.jpg\" alt=\"\" width=\"780\" height=\"514\" srcset=\"https:\/\/www.lassebacklund.fi\/wp-content\/uploads\/2024\/10\/Jossandt-Johannes.jpg 780w, https:\/\/www.lassebacklund.fi\/wp-content\/uploads\/2024\/10\/Jossandt-Johannes-300x198.jpg 300w, https:\/\/www.lassebacklund.fi\/wp-content\/uploads\/2024\/10\/Jossandt-Johannes-768x506.jpg 768w\" sizes=\"auto, (max-width: 780px) 100vw, 780px\" \/> <img loading=\"lazy\" decoding=\"async\" class=\"alignnone size-full wp-image-23236\" src=\"https:\/\/www.lassebacklund.fi\/wp-content\/uploads\/2024\/10\/Jossandt-Maria.jpg\" alt=\"\" width=\"1124\" height=\"529\" srcset=\"https:\/\/www.lassebacklund.fi\/wp-content\/uploads\/2024\/10\/Jossandt-Maria.jpg 1124w, https:\/\/www.lassebacklund.fi\/wp-content\/uploads\/2024\/10\/Jossandt-Maria-300x141.jpg 300w, https:\/\/www.lassebacklund.fi\/wp-content\/uploads\/2024\/10\/Jossandt-Maria-1024x482.jpg 1024w, https:\/\/www.lassebacklund.fi\/wp-content\/uploads\/2024\/10\/Jossandt-Maria-768x361.jpg 768w\" sizes=\"auto, (max-width: 1124px) 100vw, 1124px\" \/><\/p>\n<p><img loading=\"lazy\" decoding=\"async\" class=\"alignnone size-full wp-image-12443\" src=\"http:\/\/www.lassebacklund.fi\/wp-content\/uploads\/2019\/05\/J\u00e4rvel\u00e4-Erik-Henrik.jpg\" alt=\"\" width=\"923\" height=\"474\" srcset=\"https:\/\/www.lassebacklund.fi\/wp-content\/uploads\/2019\/05\/J\u00e4rvel\u00e4-Erik-Henrik.jpg 923w, https:\/\/www.lassebacklund.fi\/wp-content\/uploads\/2019\/05\/J\u00e4rvel\u00e4-Erik-Henrik-300x154.jpg 300w, https:\/\/www.lassebacklund.fi\/wp-content\/uploads\/2019\/05\/J\u00e4rvel\u00e4-Erik-Henrik-768x394.jpg 768w\" sizes=\"auto, (max-width: 923px) 100vw, 923px\" \/><\/p>\n<p><img loading=\"lazy\" decoding=\"async\" class=\"alignnone size-full wp-image-12764\" src=\"http:\/\/www.lassebacklund.fi\/wp-content\/uploads\/2019\/06\/J\u00e4rvel\u00e4-Jansson-Viktor-med-kors.jpg\" alt=\"\" width=\"695\" height=\"538\" srcset=\"https:\/\/www.lassebacklund.fi\/wp-content\/uploads\/2019\/06\/J\u00e4rvel\u00e4-Jansson-Viktor-med-kors.jpg 695w, https:\/\/www.lassebacklund.fi\/wp-content\/uploads\/2019\/06\/J\u00e4rvel\u00e4-Jansson-Viktor-med-kors-300x232.jpg 300w\" sizes=\"auto, (max-width: 695px) 100vw, 695px\" \/><\/p>\n<p>Viktor Jansson J\u00e4rvel\u00e4 (f. 16.9.1875, d. 17.4.1929) var gift med Selma Elina Eriksdotter (f. 1887 p\u00e5 hemmanet Nissander i Starr\u00e4ngen) och de fick sonen &#8221;J\u00e4rvel\u00e4 Ville&#8221; Vilhelm \u00e5r 1923. \u00c5r 1930 gifte Selma om sig med Fabian Vihtori Rajala (f\u00f6dd i Jurva \u00e5r 1876, d\u00f6d i Korsb\u00e4ck 1935). De hade inga gemensamma barn.<\/p>\n<p>&nbsp;<\/p>\n","protected":false},"excerpt":{"rendered":"<p>Viktor Jansson J\u00e4rvel\u00e4 (f. 16.9.1875, d. 17.4.1929) var gift med Selma Elina Eriksdotter (f. 1887 p\u00e5 hemmanet Nissander i Starr\u00e4ngen) och de fick sonen &#8221;J\u00e4rvel\u00e4 Ville&#8221; Vilhelm \u00e5r 1923. \u00c5r 1930 gifte Selma om sig med Fabian Vihtori Rajala (f\u00f6dd <a class=\"more-link\" href=\"https:\/\/www.lassebacklund.fi\/?page_id=12445\">Forts\u00e4tt l\u00e4sa <span class=\"screen-reader-text\">  Sl\u00e4ktnamn som b\u00f6rjar p\u00e5 J.<\/span><span class=\"meta-nav\">&rarr;<\/span><\/a><\/p>\n","protected":false},"author":1,"featured_media":0,"parent":27,"menu_order":10,"comment_status":"closed","ping_status":"closed","template":"","meta":{"footnotes":""},"class_list":["post-12445","page","type-page","status-publish","hentry"],"_links":{"self":[{"href":"https:\/\/www.lassebacklund.fi\/index.php?rest_route=\/wp\/v2\/pages\/12445","targetHints":{"allow":["GET"]}}],"collection":[{"href":"https:\/\/www.lassebacklund.fi\/index.php?rest_route=\/wp\/v2\/pages"}],"about":[{"href":"https:\/\/www.lassebacklund.fi\/index.php?rest_route=\/wp\/v2\/types\/page"}],"author":[{"embeddable":true,"href":"https:\/\/www.lassebacklund.fi\/index.php?rest_route=\/wp\/v2\/users\/1"}],"replies":[{"embeddable":true,"href":"https:\/\/www.lassebacklund.fi\/index.php?rest_route=%2Fwp%2Fv2%2Fcomments&post=12445"}],"version-history":[{"count":6,"href":"https:\/\/www.lassebacklund.fi\/index.php?rest_route=\/wp\/v2\/pages\/12445\/revisions"}],"predecessor-version":[{"id":23237,"href":"https:\/\/www.lassebacklund.fi\/index.php?rest_route=\/wp\/v2\/pages\/12445\/revisions\/23237"}],"up":[{"embeddable":true,"href":"https:\/\/www.lassebacklund.fi\/index.php?rest_route=\/wp\/v2\/pages\/27"}],"wp:attachment":[{"href":"https:\/\/www.lassebacklund.fi\/index.php?rest_route=%2Fwp%2Fv2%2Fmedia&parent=12445"}],"curies":[{"name":"wp","href":"https:\/\/api.w.org\/{rel}","templated":true}]}}