{"id":12416,"date":"2019-05-24T19:48:05","date_gmt":"2019-05-24T16:48:05","guid":{"rendered":"http:\/\/www.lassebacklund.fi\/?page_id=12416"},"modified":"2019-06-02T17:17:33","modified_gmt":"2019-06-02T14:17:33","slug":"tidningsartiklar-fran-1940","status":"publish","type":"page","link":"https:\/\/www.lassebacklund.fi\/?page_id=12416","title":{"rendered":"Tidningsartiklar fr\u00e5n 1940."},"content":{"rendered":"<p><span style=\"margin: 0px; color: #000080; font-family: 'Helvetica','sans-serif';\">Syd-\u00d6sterbotten 3.1.1940:<\/span><\/p>\n<p><span style=\"margin: 0px; font-family: 'Helvetica','sans-serif';\"><span style=\"color: #000000;\">Fortsatt befolkningsminskning.<\/span><\/span><\/p>\n<p><span style=\"margin: 0px; font-family: 'Helvetica','sans-serif';\"><span style=\"color: #000000;\">I Lappfj\u00e4rds f\u00f6rsamling f\u00f6ddes under \u00e5r 1939 117 barn, av dem 10 utanf\u00f6r \u00e4ktenskapet. Under \u00e5ret hade 78 personer avlidit, den \u00e4ldsta mannen var 88 \u00e5r och den \u00e4ldsta kvinnan var 93 \u00e5r. 17 personer hade avlidit i lungsot. 87 personer hade flyttat till f\u00f6rsamlingen och 184 hade flyttat bort. 32 par hade gift sig, 18 \u00e4ktenskap hade uppl\u00f6sts, av dessa 16 genom d\u00f6dsfall och 2 genom skilsm\u00e4ssa. Befolkningen minskade med 52 personer och uppgick vid \u00e5rsskiftet till 6\u00a0225.<\/span><\/span><\/p>\n<p><span style=\"margin: 0px; font-family: 'Helvetica','sans-serif';\"><span style=\"color: #000000;\">I Kristinestad minskade befolkning med 35 personer till 3\u00a0135. 34 Barn f\u00f6ddes under \u00e5ret medan 35 personer avled. 91 personer hade flyttat till staden medan 124 hade flyttat bort. 13 \u00e4ktenskap ingicks och 9 uppl\u00f6stes genom d\u00f6dsfall.<\/span><\/span><\/p>\n<p><span style=\"margin: 0px; font-family: 'Helvetica','sans-serif';\"><span style=\"color: #000000;\">I Tj\u00f6ck var minskningen endast 4 personer och uppgick vid \u00e5rsskiftet till 1\u00a0528 personer. 16 barn f\u00f6ddes och 17 personer hade avlidit.<\/span><\/span><\/p>\n<p><span style=\"margin: 0px; color: #000080; font-family: 'Helvetica','sans-serif';\">Syd-\u00d6sterbotten 3.1.1940:<\/span><\/p>\n<p><span style=\"margin: 0px; font-family: 'Helvetica','sans-serif';\"><span style=\"color: #000000;\">Ny hj\u00e4ltegrav i Lappfj\u00e4rd.<\/span><\/span><\/p>\n<p><span style=\"margin: 0px; font-family: 'Helvetica','sans-serif';\"><span style=\"color: #000000;\">De kyrkliga myndigheterna har beslutit att uppl\u00e5ta plats f\u00f6r en ny hj\u00e4ltegrav p\u00e5 gravg\u00e5rden invid kyrkan, t\u00e4tt \u00f6ster om hj\u00e4ltegraven fr\u00e5n 1918. Be b\u00e5da gravarna kommer att skiljas \u00e5t genom en fyra meter bred g\u00e5ng. I denna nya hj\u00e4ltegrav kommer stoftet av den stupade korpralen Gunnar Kronman att jordas i morgon kl. 9.30.<\/span><\/span><\/p>\n<p><span style=\"margin: 0px; font-family: 'Helvetica','sans-serif';\"><span style=\"color: #000000;\">I sinom tid kommer sj\u00e4lvfallet fr\u00e5gan om en minnesv\u00e5rd \u00e4ven p\u00e5 den nya hj\u00e4ltegraven att bli aktuell. P\u00e5 grund av allm\u00e4nt uttalat intresse har man d\u00e4rf\u00f6r beslutit att grunda en minnesfond ben\u00e4mnd \u201dFonden f\u00f6r de stupades minnesv\u00e5rd i Lappfj\u00e4rd\u201d, till vilken inbetalningar f\u00f6r att hedra avlidnas och fr\u00e4mst stupades minne kunna g\u00f6ras. Kass\u00f6r f\u00f6r fonden \u00e4r bankdirekt\u00f6r Einar Krook.<\/span><\/span><\/p>\n<p><span style=\"margin: 0px; color: #000080; font-family: 'Helvetica','sans-serif';\">Syd-\u00d6sterbotten 6.1.1940:<\/span><\/p>\n<p><strong><span style=\"margin: 0px; font-family: 'Helvetica','sans-serif';\"><span style=\"color: #000000;\">Fallna f\u00f6r fosterlandet.<\/span><\/span><\/strong><\/p>\n<p><span style=\"margin: 0px; font-family: 'Helvetica','sans-serif';\"><span style=\"color: #000000;\">Bondsonen Bertel Krook fr\u00e5n Dagsmark, f\u00f6dd den 23 februari 1914, stupade den 23 december. Han efterl\u00e4mnar hustru. Han var en ivrig skyddsk\u00e5rist och god skytt. Jordf\u00e4stningen f\u00f6rsigg\u00e5r tisdagen den 9 januari kl.10 i Lappfj\u00e4rds kyrka. <span style=\"color: #000080;\">(tidningen k\u00e4nde tydligen inte till att Bertel Krook ocks\u00e5 efterl\u00e4mnade en liten son. Lasses kommentar).<\/span><\/span><\/span><\/p>\n<p><span style=\"margin: 0px; color: #000080; font-family: 'Helvetica','sans-serif';\">Syd-\u00d6sterbotten 17.2.1940:<\/span><\/p>\n<p><span style=\"margin: 0px; font-family: 'Helvetica','sans-serif';\"><span style=\"color: #000000;\"><strong>Dagsmark lantmannagille<\/strong> h\u00f6ll \u00e5rsm\u00f6te senaste s\u00f6ndag. Sedan \u00e5rsber\u00e4ttelsen och \u00e5rsredovisningen f\u00f6redragits, beviljades styrelsen ansvarsfrihet. Valet av styrelse gick i \u00e5tervalets tecken. S\u00e5lunda \u00e5tervaldes till ordf\u00f6rande och sekreterare \u00a0Frans Storkull, till viceordf\u00f6rande Erik Anders Klemets. Till kass\u00f6r \u00e5tervaldes Frans Agn\u00e4s, likas\u00e5 styrelseledam\u00f6terna Erland Norrg\u00e5rd och Otto Bj\u00f6rklund, suppleanter blev Axel Forslin och Erik Englund. Revisorerna J. V. Bj\u00f6rklund och Johan Lillkull \u00e5tervaldes, med Einar Lind som suppleant.<\/span><\/span><\/p>\n<p><span style=\"margin: 0px; font-family: 'Helvetica','sans-serif';\"><span style=\"color: #000000;\">Att v\u00e5rda gillets maskiner \u00e5tervaldes Otto Bj\u00f6rklund. Till v\u00e4xtrapport\u00f6r uts\u00e5gs Erik Anders Klemets. Premieringen av veteodlingen skulle \u00e4ven i \u00e5r forts\u00e4tta, likas\u00e5 \u00e4rtodlingen. Prisn\u00e4mnden gick f\u00f6ljande sammans\u00e4ttning: Erland Norrg\u00e5rd till ordf\u00f6rande, ledam\u00f6ter Johan Lillkull och Otto Bj\u00f6rklund. Anm\u00e4lan om deltagande i t\u00e4vlingen b\u00f6r g\u00f6ras f\u00f6re 1 juni till Erland Norrg\u00e5rd.<\/span><\/span><\/p>\n<p><span style=\"margin: 0px; color: #000080; font-family: 'Helvetica','sans-serif';\">Under vinterkrigets g\u00e5ng skickades via tidningen Syd-\u00d6sterbotten &#8221;Soldath\u00e4lsningar till Dagsmark&#8221; och h\u00e4lsningar till fronterna.<\/span><\/p>\n<p><span style=\"margin: 0px; font-family: 'Helvetica','sans-serif';\"><span style=\"color: #000000;\">2.1.1940 skickades h\u00e4lsningar av Sigvald Gr\u00f6nlund, Selim Hammarberg, Hemming Nyholm, Bertel Lindroos, Einar H\u00e4gglund, Hemming Prunnila, Elis Sten och Lennart Nystr\u00f6m. I maj 1940 skickade Selim L\u00e5ng och Valter Rosenlund h\u00e4lsningar till hembygden. \u00c4nnu den 18 juni skickade Eskil Norrg\u00e5rd, Eskil Storkull och Birger Granlund h\u00e4lsningar via Syd-\u00d6sterbotten till hembyn.<\/span><\/span><\/p>\n<p><span style=\"margin: 0px; font-family: 'Helvetica','sans-serif';\"><span style=\"color: #000000;\">Den 6 februari 1940 h\u00f6ll Dagsmark lantmannagille m\u00f6te p\u00e5 folkskolan och besl\u00f6t att s\u00e4nda varma h\u00e4lsningar till hembygdens m\u00e4n vid fronterna.<\/span><\/span><\/p>\n<p><span style=\"margin: 0px; font-family: 'Helvetica','sans-serif';\"><span style=\"color: #000000;\">I Syd-\u00d6sterbotten 22.2.1940 hade Dagsmark ungdomsf\u00f6rening en annons d\u00e4r de skickar h\u00e4lsningar till fronten: Dagsmark ungdomsf\u00f6rening f\u00f6rsamlad till \u00e5rsm\u00f6te s\u00f6ndagen den 18 februari s\u00e4nder h\u00e4rmed varma h\u00e4lsningar till f\u00f6reningsmedlemmar vid fronterna. Trots m\u00f6rka tider skall ljusare omsider randas.<\/span><\/span><\/p>\n<p><span style=\"margin: 0px; font-family: 'Helvetica','sans-serif';\"><span style=\"color: #000000;\">I Syd-\u00d6sterbotten den 2.3.1940 hade Lappfj\u00e4rds kommun en annons d\u00e4r de skickar h\u00e4lsningar till samtliga i milit\u00e4rtj\u00e4nst inkallade. \u201dF\u00f6ljande med aktning och v\u00f6rdnad eder hj\u00e4lteg\u00e4rning f\u00f6r Finlands frihet, s\u00e4nder kommunalfullm\u00e4ktige sitt varma tack och sin hj\u00e4rtliga h\u00e4lsning\u201d.<\/span><\/span><\/p>\n<p><span style=\"margin: 0px; color: #000080; font-family: 'Helvetica','sans-serif';\">Syd-\u00d6sterbotten 8.6.1940:<\/span><\/p>\n<p><strong><span style=\"margin: 0px; font-family: 'Helvetica','sans-serif';\"><span style=\"color: #000000;\">Olycksh\u00e4ndelse i H\u00f6g\u00e5sbacken.<\/span><\/span><\/strong><\/p>\n<p><span style=\"margin: 0px; font-family: 'Helvetica','sans-serif';\"><span style=\"color: #000000;\">I torsdags p\u00e5 eftermiddagen intr\u00e4ffade vid H\u00f6g\u00e5sbacken en r\u00e4tt allvarlig olycksh\u00e4ndelse. Bonden Anselm Nyg\u00e5rd fr\u00e5n Korsb\u00e4ck i Dagsmark, som var p\u00e5 hemv\u00e4g med cykel, r\u00e5kade i den l\u00f6sa sanden k\u00f6ra omkull, varvid han i fallet slog huvudet mot v\u00e4gbanan. Han blev liggande en stund och f\u00f6rdes av tillskyndande personer till stadens sjukhus, d\u00e4r man konstaterade att han spr\u00e4ckt skallen. En operation m\u00e5ste omedelbart f\u00f6retagas. Vid en f\u00f6rfr\u00e5gan i g\u00e5r kv\u00e4ll hos stadsl\u00e4karen meddelade denne att fallet anses r\u00e4tt allvarligt.<\/span><\/span><\/p>\n<p><span style=\"margin: 0px; color: #000080; font-family: 'Helvetica','sans-serif';\">Syd-\u00d6sterbotten 13.6.1940:<\/span><\/p>\n<p><span style=\"margin: 0px; font-family: 'Helvetica','sans-serif';\"><span style=\"color: #000000;\">Senaste s\u00f6ndag kl. 14 anordnades i Dagsmark ungdomshem en fest f\u00f6r hemv\u00e4ndande reservister. S\u00e5som v\u00e4rdar fungerade ungdomsf\u00f6reningen, lantmannagillet och Martaf\u00f6reningen. Efter en unison s\u00e5ng h\u00e4lsade hr Mattson de n\u00e4rvarande reservisterna v\u00e4lkomna hem. Under folkskoll\u00e4rarinnan Linnea Linds ledning sj\u00f6ngs en kvinnlig kvartett ett par vackra s\u00e5nger, varp\u00e5 pastor A. G. Stjernberg h\u00f6ll ett tal. Sedan psalmen Bevara Gud v\u00e5rt fosterland sjungits bj\u00f6ds de n\u00e4rvarande p\u00e5 f\u00f6rfriskningar.<\/span><\/span><\/p>\n<p><span style=\"margin: 0px; color: #000080; font-family: 'Helvetica','sans-serif';\">Syd-\u00d6sterbotten 13.6.1940:<\/span><\/p>\n<p><span style=\"margin: 0px; font-family: 'Helvetica','sans-serif';\"><span style=\"color: #000000;\">60 \u00e5r fyller i morgon Erik Englund i Dagsmark. Som intresserad och kunnig jordbrukare \u00e4r han till det goda f\u00f6red\u00f6me, som alltid beh\u00f6vs f\u00f6r jordbrukets utveckling. Erik Englund \u00e4r en av dem som envar i sin trakt of\u00f6rm\u00e4rkt men \u00e4ndock p\u00e5tagligast visar den praktiskt framkomliga v\u00e4gen f\u00f6r v\u00e5r modern\u00e4ring.<\/span><\/span><\/p>\n<p><span style=\"margin: 0px; font-family: 'Helvetica','sans-serif';\"><span style=\"color: #000000;\">Hans m\u00e5ngsidiga insikter och sakliga arbetss\u00e4tt har f\u00f6r honom till m\u00e5nga f\u00f6rtroendeuppdrag inom hemkommunen och hembyn. S\u00e5lunda var han den ledande kraften d\u00e5 Dagsmark andelsmejeri planerades och startades, samt hade det ansvarfulla uppdraget som dess f\u00f6rsta styrelseordf\u00f6rande. Han blev \u00e4ven ordf\u00f6rande i Dagsmark andelskassa d\u00e5 denna startades och \u00e4r det fortfarande. Vidare har han innehaft ordf\u00f6randeposten i hembyns lantmannagille och skoldirektion och i kommunala v\u00e4rv varit anlitad som ledamot bl.a. i kommunaln\u00e4mnden, taxeringsn\u00e4mnden och h\u00e4lsov\u00e5rdsn\u00e4mnden.<\/span><\/span><\/p>\n<p><span style=\"color: #000000; font-family: Calibri;\">\u00a0<\/span><\/p>\n<p><span style=\"color: #000000; font-family: Calibri;\">\u00a0<\/span><\/p>\n","protected":false},"excerpt":{"rendered":"<p>Syd-\u00d6sterbotten 3.1.1940: Fortsatt befolkningsminskning. I Lappfj\u00e4rds f\u00f6rsamling f\u00f6ddes under \u00e5r 1939 117 barn, av dem 10 utanf\u00f6r \u00e4ktenskapet. Under \u00e5ret hade 78 personer avlidit, den \u00e4ldsta mannen var 88 \u00e5r och den \u00e4ldsta kvinnan var 93 \u00e5r. 17 personer hade <a class=\"more-link\" href=\"https:\/\/www.lassebacklund.fi\/?page_id=12416\">Forts\u00e4tt l\u00e4sa <span class=\"screen-reader-text\">  Tidningsartiklar fr\u00e5n 1940.<\/span><span class=\"meta-nav\">&rarr;<\/span><\/a><\/p>\n","protected":false},"author":1,"featured_media":0,"parent":7136,"menu_order":1940,"comment_status":"closed","ping_status":"closed","template":"","meta":{"footnotes":""},"class_list":["post-12416","page","type-page","status-publish","hentry"],"_links":{"self":[{"href":"https:\/\/www.lassebacklund.fi\/index.php?rest_route=\/wp\/v2\/pages\/12416","targetHints":{"allow":["GET"]}}],"collection":[{"href":"https:\/\/www.lassebacklund.fi\/index.php?rest_route=\/wp\/v2\/pages"}],"about":[{"href":"https:\/\/www.lassebacklund.fi\/index.php?rest_route=\/wp\/v2\/types\/page"}],"author":[{"embeddable":true,"href":"https:\/\/www.lassebacklund.fi\/index.php?rest_route=\/wp\/v2\/users\/1"}],"replies":[{"embeddable":true,"href":"https:\/\/www.lassebacklund.fi\/index.php?rest_route=%2Fwp%2Fv2%2Fcomments&post=12416"}],"version-history":[{"count":11,"href":"https:\/\/www.lassebacklund.fi\/index.php?rest_route=\/wp\/v2\/pages\/12416\/revisions"}],"predecessor-version":[{"id":12600,"href":"https:\/\/www.lassebacklund.fi\/index.php?rest_route=\/wp\/v2\/pages\/12416\/revisions\/12600"}],"up":[{"embeddable":true,"href":"https:\/\/www.lassebacklund.fi\/index.php?rest_route=\/wp\/v2\/pages\/7136"}],"wp:attachment":[{"href":"https:\/\/www.lassebacklund.fi\/index.php?rest_route=%2Fwp%2Fv2%2Fmedia&parent=12416"}],"curies":[{"name":"wp","href":"https:\/\/api.w.org\/{rel}","templated":true}]}}