{"id":1240,"date":"2016-10-18T19:24:34","date_gmt":"2016-10-18T17:24:34","guid":{"rendered":"http:\/\/www.lassebacklund.fi\/?page_id=1240"},"modified":"2016-10-18T19:29:03","modified_gmt":"2016-10-18T17:29:03","slug":"landbonde-i-dagsmark","status":"publish","type":"page","link":"https:\/\/www.lassebacklund.fi\/?page_id=1240","title":{"rendered":"Landbonde i Dagsmark."},"content":{"rendered":"<p>Landbonde (p\u00e5 finska Lampuoti) kallades f\u00f6rr i tiden en person som arrenderade ett hemman under en viss tid. I motsats till en torpare som vanligtvis brukade endast en del av ett hemman s\u00e5 arrenderade och brukade landbonden hela hemmanet. Varken torparen eller landbonden betalade n\u00e5gon skatt till kronan utan det var hemmans\u00e4garen som gjorde det.<\/p>\n<p>F\u00f6rr i tiden, till exempel n\u00e4r en bonde dog ung och nog hade \u00e5tminstone en son men denne inte var myndig och kunde inte \u00f6verta hemmanet, s\u00e5 utarrenderades hemmanet p\u00e5 s\u00e5 l\u00e5ng tid att sonen blev myndig och kunde ta \u00f6ver. Den som d\u00e5 tillf\u00e4lligt arrenderade hemmanet kallades f\u00f6r landbonde och d\u00e5 uppgjordes ett Landbokontrakt som fastst\u00e4llde villkoren f\u00f6r arrendet. P\u00e5 1600-talet var det s\u00e5 gott som f\u00f6rbjudet att dela eller klyva hemman eftersom Kronan ans\u00e5g att deras m\u00f6jligheter att betala skatt minskade med f\u00f6r sm\u00e5 hemman. \u00a0Det finns i dag relativt lite uppgifter om landb\u00f6nder, desto mera uppgifter finns ju om torpare, parcell\u00e4gare, backstugusittare och inhysingar.<\/p>\n<p>H\u00e4r nedan finns ett exempel p\u00e5 ett gammalt Landbokontrakt fr\u00e5n Dagsmark, fr\u00e5n \u00e5r 1840:<\/p>\n<p><em><strong>Landbo Contrackt<\/strong><\/em><\/p>\n<p><span style=\"color: #000080;\"><em>S\u00e5vida ingen i f\u00f6rsamlingen infann sig enligt efter kung\u00f6relse att \u00e5taga sig till Landbonde eller arrendera B\u00e5sk 1\/16 mantal skattehemman och avgiva sytning till den omyndiga sonen Josef Josefsson B\u00e5sk, s\u00e5 antager f\u00f6rmyndaren Johan Henriksson B\u00e5sk den omyndigas moder Bonde\u00e4nkan Britta Christina Andersdotter B\u00e5sk till landbonde p\u00e5 bem\u00e4lte B\u00e5sk 1\/16 mantal skattehemman uti fyra \u00e5rs tid, r\u00e4knat fr\u00e5n Mickelsm\u00e4sstiden detta \u00e5r 1840 till samma tid \u00e5r 1844.<\/em><\/span><\/p>\n<ol>\n<li><span style=\"color: #000080;\"><em>\u00c5l\u00e4gger Landbonden att h\u00e5lla alla byggnader vid n\u00e5got v\u00e4l h\u00e5llna och h\u00e4gna \u00e4gorna, samt vid arrendetidens slut till mig \u00e5terl\u00e4mna hemmanet i samma st\u00e5nd som det emot togs.<\/em><\/span><\/li>\n<li><span style=\"color: #000080;\"><em>F\u00e5r Landbonden alla p\u00e5 hemmanet befintliga gr\u00f6dor, som \u00e4r spannm\u00e5l, h\u00f6, halm \u2013 agnar, vilket Landbonden skall p\u00e5 lika s\u00e4tt avl\u00e4mna hemmanet vid avtr\u00e4dandet, varemot hon b\u00f6r till H\u00f6ga Kronan betala alla fr\u00e5n hemmansdelen utg\u00e5ende utskylder, \u00e4ven som betalas Kapptagare och \u00f6vriga utgifter, samt ansvara f\u00f6r den sytning f\u00f6rra v\u00e4rdinnan Maria Mickelsdotter d\u00e4rifr\u00e5n tillkommer, samt p\u00e5 beh\u00f6rigt s\u00e4tt uppfostra den omyndiga med kl\u00e4der och f\u00f6da under arrendetiden men skulle sytnings\u00e4garen d\u00f6 inom n\u00e4mnda tid s\u00e5 skall Landbonden \u00e5rligen betala en tunna korn s\u00e5som arrende f\u00f6r den omyndigas r\u00e4kning.<\/em><\/span><\/li>\n<li><span style=\"color: #000080;\"><em>Timmer till n\u00f6diga reparationer, samt till vedbrand fyra tre alns famnar ved \u00e5rligen men ej till avsalu vidare \u00e4n vad som finns p\u00e5 \u00e4ngsmarken.<\/em><\/span><\/li>\n<\/ol>\n<p><span style=\"color: #000080;\"><em>Detta kontrakt hava vi till st\u00f6rre vishet i nedan skrivna, d\u00e4rf\u00f6re i tillkallade vittnens n\u00e4rvaro bekr\u00e4ftad av Dagsmark by den 10 november 1840.<\/em><\/span><\/p>\n<p>&nbsp;<\/p>\n<p><span style=\"color: #000080;\"><em>Johan Henriksson B\u00e5sk (bom\u00e4rke) f\u00f6rmyndare<\/em><\/span><\/p>\n<p>&nbsp;<\/p>\n<p><span style=\"color: #000080;\"><em>Med f\u00f6reg\u00e5ende finner jag mig n\u00f6jd, dag som ovan<\/em><\/span><\/p>\n<p>&nbsp;<\/p>\n<p><em><span style=\"color: #000080;\">Britta Christina Andersdotter B\u00e5sk (bom\u00e4rke)<\/span> <\/em><\/p>\n<p>&nbsp;<\/p>\n<p>Kontraktet \u00e4r bevittnat av 2 dr\u00e4ngar, som jag tyder till Johan Henrik Bj\u00f6rk och Gustav Schr\u00f6der. F\u00f6r att s\u00e4kerst\u00e4lla att Landbonden skulle uppfylla de 3 villkoren i kontraktet s\u00e5 gav tv\u00e5 personer borgen \u00e5t f\u00f6rmyndaren Johan Henriksson B\u00e5sk. Borgen \u00e4r skrivet p\u00e5 baksidan av kontraktet och lyder ungef\u00e4r s\u00e5 h\u00e4r:<\/p>\n<p>&nbsp;<\/p>\n<p><span style=\"color: #000080;\"><em>P\u00e5 andra sidan st\u00e5ende Landbokontrakt till att uppfylla all fullg\u00f6rande, vad som f\u00f6reskrivits s\u00e5 g\u00e5r vi undertecknade en f\u00f6r b\u00e4gge och b\u00e4gge f\u00f6r en full proprieborgen.<\/em><\/span><\/p>\n<p><span style=\"color: #000080;\"><em>Tid och ort som p\u00e5 andra sidan.<\/em><\/span><\/p>\n<p><span style=\"color: #000080;\"><em>Johan Eriksson Lillkull (bom\u00e4rke) bonde \u00a0\u00a0\u00a0\u00a0\u00a0\u00a0\u00a0\u00a0\u00a0\u00a0\u00a0\u00a0\u00a0\u00a0\u00a0\u00a0\u00a0\u00a0\u00a0\u00a0Henrik Mickelsson Str\u00f6mberg (bom\u00e4rke) torpare<\/em><\/span><\/p>\n<p><span style=\"color: #000080;\"><em>Ocks\u00e5 detta bevittnades som p\u00e5 andra sidan.<\/em><\/span><\/p>\n","protected":false},"excerpt":{"rendered":"<p>Landbonde (p\u00e5 finska Lampuoti) kallades f\u00f6rr i tiden en person som arrenderade ett hemman under en viss tid. I motsats till en torpare som vanligtvis brukade endast en del av ett hemman s\u00e5 arrenderade och brukade landbonden hela hemmanet. Varken <a class=\"more-link\" href=\"https:\/\/www.lassebacklund.fi\/?page_id=1240\">Forts\u00e4tt l\u00e4sa <span class=\"screen-reader-text\">  Landbonde i Dagsmark.<\/span><span class=\"meta-nav\">&rarr;<\/span><\/a><\/p>\n","protected":false},"author":1,"featured_media":0,"parent":1236,"menu_order":0,"comment_status":"closed","ping_status":"closed","template":"","meta":{"footnotes":""},"class_list":["post-1240","page","type-page","status-publish","hentry"],"_links":{"self":[{"href":"https:\/\/www.lassebacklund.fi\/index.php?rest_route=\/wp\/v2\/pages\/1240","targetHints":{"allow":["GET"]}}],"collection":[{"href":"https:\/\/www.lassebacklund.fi\/index.php?rest_route=\/wp\/v2\/pages"}],"about":[{"href":"https:\/\/www.lassebacklund.fi\/index.php?rest_route=\/wp\/v2\/types\/page"}],"author":[{"embeddable":true,"href":"https:\/\/www.lassebacklund.fi\/index.php?rest_route=\/wp\/v2\/users\/1"}],"replies":[{"embeddable":true,"href":"https:\/\/www.lassebacklund.fi\/index.php?rest_route=%2Fwp%2Fv2%2Fcomments&post=1240"}],"version-history":[{"count":1,"href":"https:\/\/www.lassebacklund.fi\/index.php?rest_route=\/wp\/v2\/pages\/1240\/revisions"}],"predecessor-version":[{"id":1241,"href":"https:\/\/www.lassebacklund.fi\/index.php?rest_route=\/wp\/v2\/pages\/1240\/revisions\/1241"}],"up":[{"embeddable":true,"href":"https:\/\/www.lassebacklund.fi\/index.php?rest_route=\/wp\/v2\/pages\/1236"}],"wp:attachment":[{"href":"https:\/\/www.lassebacklund.fi\/index.php?rest_route=%2Fwp%2Fv2%2Fmedia&parent=1240"}],"curies":[{"name":"wp","href":"https:\/\/api.w.org\/{rel}","templated":true}]}}