{"id":1236,"date":"2016-10-18T19:10:15","date_gmt":"2016-10-18T17:10:15","guid":{"rendered":"http:\/\/www.lassebacklund.fi\/?page_id=1236"},"modified":"2025-04-17T23:19:30","modified_gmt":"2025-04-17T20:19:30","slug":"torpare-i-dagsmark","status":"publish","type":"page","link":"https:\/\/www.lassebacklund.fi\/?page_id=1236","title":{"rendered":"Torpare i Dagsmark"},"content":{"rendered":"<p><strong><span style=\"color: #000080;\">Uppgjort av Lasse Backlund \u00e5r 2016. Vissa uppgifter \u00e4r tagna ur Herbert Lindahls bok om torpare i \u00d6sterbotten. Herbert som \u00e4r fr\u00e5n Jungsund i Korsholm har ocks\u00e5 gjort listorna p\u00e5 alla torpare i Dagsmark och dessa listor finns arkiverade p\u00e5 Landsarkivet i Vasa. Inga-Lill Sandstr\u00f6m fr\u00e5n Vasa har hj\u00e4lpt till med utredningen, fr\u00e4mst med H\u00e4ggas och Stoas torp.<\/span><\/strong><\/p>\n<p>Nu n\u00e4r det snart \u00e4r 100 \u00e5r sedan torparlagen stiftades som gjorde slut p\u00e5 torpen, s\u00e5 \u00e4r det kanske p\u00e5 sin plats att redog\u00f6ra f\u00f6r vad en torpare var och hur l\u00e4get var i Dagsmark. Torpare hade funnits i det svenska riket redan p\u00e5 1600-talet men det var f\u00f6rst i den senare h\u00e4lften p\u00e5 1700-talet som de blev vanliga.<\/p>\n<p>F\u00f6rsamlingarna som var stora mark\u00e4gare, var de f\u00f6rsta som b\u00f6rjade bjuda ut sm\u00e5 omr\u00e5den \u00e5t s\u00e5dana som inte \u00e4gde n\u00e5gon mark. De h\u00e4r omr\u00e5dena som bj\u00f6ds ut var f\u00f6r det mesta avl\u00e4gsna och var sv\u00e5rsk\u00f6tta och det gjordes fr\u00e4mst f\u00f6r att f\u00f6rsamlingarna beh\u00f6vde gratis arbetskraft f\u00f6r att sk\u00f6ta de stora \u00e4gorna. Till exempel pr\u00e4stg\u00e5rden B\u00e4ckelund i Lappfj\u00e4rd hade torpare redan p\u00e5 1700-talet och de hade mer \u00e4n 25 torpare och de sista torparkontrakten gjordes i b\u00f6rjan p\u00e5 1900-talet.<\/p>\n<p>Genom att bjuda ut sm\u00e5 omr\u00e5den och i geng\u00e4ld kr\u00e4va att torparna skulle arbeta gratis \u00e5t f\u00f6rsamlingarna slogs det s\u00e5 att s\u00e4ga tv\u00e5 flugor i en sm\u00e4ll. T\u00e4nkbara torpare fanns det gott om eftersom de jord\u00e4gande b\u00f6nderna ofta hade stora familjer, som p\u00e5 inget s\u00e4tt kunde f\u00f6rs\u00f6rjas p\u00e5 det i flera fall lilla hemmanet. Till p\u00e5 k\u00f6pet s\u00e5 var det en regel att ett hemman gick i arv till den \u00e4ldsta sonen, vilket betydde att syskonen blev utan eller kanske fick n\u00f6ja sig med ett litet utl\u00f6sen.<\/p>\n<p>I Dagsmark fanns det inte m\u00e5nga torpare p\u00e5 1700-talet men desto fler p\u00e5 1800-talet. Alla st\u00f6rre b\u00f6nder gav sm\u00e5 omr\u00e5den i utkanterna av hemmanet \u00e5t torparfamiljer och torparna skulle vanligtvis betala f\u00f6r detta genom att g\u00f6ra dagsverken \u00e5t hemmans\u00e4gare. Antal dagsverken som torparen skulle g\u00f6ra \u00e5t hemmans\u00e4garen varierade kraftigt, det kunde vara fr\u00e5n en dag i \u00e5ret till ett par dagar i veckan. Storleken p\u00e5 torpet och sl\u00e4ktskapet mellan parterna var f\u00f6rst\u00e5s tv\u00e5 faktorer som best\u00e4mde antalet dagsverken.<\/p>\n<p>M\u00e5nga torpare i Dagsmark var n\u00e4ra sl\u00e4kt med hemmans\u00e4garen. I flera fall var det fadern som gav ett torp \u00e5t n\u00e5got av sina barn eller s\u00e5 gjordes torparavtal mellan syskonen. Sj\u00e4lva omr\u00e5det som torparen fick att bo p\u00e5 och sk\u00f6ta om var i regel ganska litet men det fanns utrymme f\u00f6r en torpstuga och n\u00e5got tunnland med mark att odla upp. Hemmans\u00e4garen och torparen best\u00e4mde alltid hur l\u00e4nge ett torparkontrakt g\u00e4llde, i de flesta fall g\u00e4llde de bara under torparparets livstid eller i femtio \u00e5rs tid. Efter att b\u00e5da makarna avlidit s\u00e5 skulle torpet ges tillbaka till hemmans\u00e4garen, vilket betydde att deras barn m\u00e5ste f\u00f6rs\u00f6rja sig p\u00e5 annat s\u00e4tt. Flera kontrakt gjordes dock p\u00e5 l\u00e4ngre tid, till och med i \u201dv\u00e4rdliga tider, barn efter barn\u201d som gav torparen st\u00f6rre trygghet.<\/p>\n<p>En torpare \u00e4gde allts\u00e5 ingenting utan man kan s\u00e4ga att torparen bara arrenderade marken och betalade arrendet genom att g\u00f6ra dagsverken. Han betalade ingen skatt utan det var hemmans\u00e4garen som betalade skatt f\u00f6r hemmanet enligt hur stort mantalet var.<\/p>\n<p>De flesta torparavtalen gjordes skriftligt men de kunde ocks\u00e5 g\u00f6ras muntligt, vilket medf\u00f6rde tolkningsproblem med vad som avtalats. Sj\u00e4lva avtalet skrevs av sockenskrivaren eller en skrivkunnig byaskrivare f\u00f6r l\u00e4skunnigheten var obefintlig hos de flesta hemmans\u00e4gare och torparna. Efter att avtalet var skrivet, s\u00e5 uppl\u00e4stes det av skrivaren och sedan undertecknades det med parternas bom\u00e4rken och sedan skulle det finnas vittnen som med sina bom\u00e4rken intygade att avtalet var riktigt gjort.<\/p>\n<h3><strong>Landbonde.<\/strong><\/h3>\n<p>I Dagsmark var de flesta torpare s\u00e5 kallades dagsverkstorpare men det fanns ocks\u00e5 andra liknade torpare. En landbonde var en person som p\u00e5 en viss tid tog \u00f6ver eller arrenderade ett helt hemman, inneh\u00e5llande b\u00e5de g\u00e5rden och marken.<\/p>\n<p>(Vill du l\u00e4sa mera om vad en landbonde \u00e4r och se ett exempel p\u00e5 ett landbokontrakt, klicka d\u00e5 <strong><a href=\"http:\/\/www.lassebacklund.fi\/?page_id=1240\"><u>h\u00e4r<\/u><\/a><\/strong>).<\/p>\n<h3><strong>Backstugusittare.<\/strong><\/h3>\n<p>Backstugusittaren var ocks\u00e5 en typ av torpare men denne arrenderade bara sj\u00e4lva tomten d\u00e4r den lilla stugan stod. En backstugusittare var ofta hantverkare, skomakare, skr\u00e4ddare, slaktare eller n\u00e5got annat. Sedan fanns det rikligt med inhysingar som inte \u00e4gde n\u00e5gonting, utan de fick bo i n\u00e5gon liten koja eller lillstuga. P\u00e5 1800-talet var det med andra ord en verklig klasskillnad mellan dessa obesuttna och de jord\u00e4gande b\u00f6nderna. \u00a0En torpare var denna tid inte mycket v\u00e4rd och han hade inte ens r\u00f6str\u00e4tt i lantdagsvalen eller p\u00e5 kommunalst\u00e4mman, som ju var den instans som best\u00e4mde \u00f6ver kommunens sk\u00f6tsel.<\/p>\n<h3><strong>Torpare p\u00e5 de olika hemmanen i Dagsmark.<\/strong><\/h3>\n<p>I Dagsmark har det funnits relativt m\u00e5nga torpare, \u00f6ver 250 stycken. Genom att klicka p\u00e5 hemmansnamnet s\u00e5 hittar du en f\u00f6rteckning av torparna:<\/p>\n<p>Klemets hemman 50 st, klicka <strong><a href=\"http:\/\/www.lassebacklund.fi\/?page_id=1243\"><u>h\u00e4r<\/u><\/a><\/strong>!<\/p>\n<p>B\u00e5sk hemman 25 st, klicka <strong><a href=\"http:\/\/www.lassebacklund.fi\/?page_id=1246\"><u>h\u00e4r<\/u><\/a><\/strong>!<\/p>\n<p>Finne eller Rosenback hemman 26 st, klicka <strong><a href=\"http:\/\/www.lassebacklund.fi\/?page_id=1249\"><u>h\u00e4r<\/u><\/a><\/strong><a href=\"http:\/\/www.lassebacklund.fi\/serif\/finnetorp.html\"><u>!<\/u><\/a><\/p>\n<p>L\u00e5ng hemman 25 st, klicka <strong><a href=\"http:\/\/www.lassebacklund.fi\/?page_id=1252\"><u>h\u00e4r<\/u><\/a><\/strong>!<\/p>\n<p>Lillkull hemman 30 st, klicka <strong><a href=\"http:\/\/www.lassebacklund.fi\/?page_id=1254\"><u>h\u00e4r<\/u><\/a><\/strong>!<\/p>\n<p>Storkull hemman 29 st, klicka <strong><a href=\"http:\/\/www.lassebacklund.fi\/?page_id=1257\"><u>h\u00e4r<\/u><\/a><\/strong>!<\/p>\n<p>Korsb\u00e4ck hemman 24 st, klicka <strong><a href=\"http:\/\/www.lassebacklund.fi\/?page_id=1260\"><u>h\u00e4r<\/u><\/a><\/strong>!<\/p>\n<p>Riarb\u00e4ck hemman 16 st, klicka <strong><a href=\"http:\/\/www.lassebacklund.fi\/?page_id=1262\"><u>h\u00e4r<\/u><\/a><\/strong>!<\/p>\n<p>Lillsj\u00f6 hemman 25 st, klicka <strong><a href=\"http:\/\/www.lassebacklund.fi\/?page_id=1264\"><u>h\u00e4r<\/u><\/a><\/strong>!<\/p>\n<p>Dessutom fanns det 2 oklara torpare, n\u00e4mligen Erik Andersson och Margareta Persdotter, som var skrivna som torpare \u00e5r 1787 och Johan och Maria Schr\u00f6der , torpare 1811.<\/p>\n<h3><strong>Torparkontrakten.<\/strong><\/h3>\n<p>Vill du se n\u00e5gra exempel p\u00e5 olika torparkontrakt fr\u00e5n Dagsmark, s\u00e5 finns det n\u00e5gra renskrivna exempel h\u00e4r:<\/p>\n<p>&#8211; Pelas Josipas kontrakt med Mokkelin, klicka <strong><a href=\"http:\/\/www.lassebacklund.fi\/?page_id=1272\"><u>h\u00e4r<\/u><\/a><\/strong>!<\/p>\n<p>&#8211; anna Hansd\u00e5tter klemets avtal \u00a0med Dr\u00e4ngen Johan Gustaf H\u00e4ggblom, klicka <strong><a href=\"http:\/\/www.lassebacklund.fi\/?page_id=1275\"><u>h\u00e4r<\/u><\/a><\/strong>!<\/p>\n<p>&#8211; Pelas Viktors avtal med torparedottern Anna Kajsa Eriksdotter Lillkull, klicka <strong><a href=\"http:\/\/www.lassebacklund.fi\/?page_id=1278\"><u>h\u00e4r<\/u><\/a><\/strong>!<\/p>\n<p>&#8211; Carl Carlsson L\u00e5ngs avtal med sin \u00e4ldste son Karl Carlsson och dennes hustru Britta Rebecka, allts\u00e5 den Rebecka som gav namn \u00e5t sl\u00e4kten \u201dB\u00e4ckas\u201d, klicka <strong><a href=\"http:\/\/www.lassebacklund.fi\/?page_id=1287\"><u>h\u00e4r<\/u><\/a><\/strong>!<\/p>\n<p>&#8211; Johan Johansson L\u00e5ngs kontrakt med sin yngsta dotter Cajsa Johansdotter och hennes Blefvande man, klicka <strong><a href=\"http:\/\/www.lassebacklund.fi\/?page_id=1290\"><u>h\u00e4r<\/u><\/a><\/strong>!<\/p>\n<p>-eric ericssons kontrakt med torparen Korsb\u00e4ck, klicka <strong><a href=\"http:\/\/www.lassebacklund.fi\/?page_id=1293\"><u>h\u00e4r<\/u><\/a><\/strong>!<\/p>\n<h3><strong>Tv\u00e5 torp i Lillsj\u00f6 p\u00e5 Berg\u00e5ssidan.<\/strong><\/h3>\n<figure id=\"attachment_1238\" aria-describedby=\"caption-attachment-1238\" style=\"width: 1386px\" class=\"wp-caption aligncenter\"><img loading=\"lazy\" decoding=\"async\" class=\"size-full wp-image-1238\" src=\"http:\/\/www.lassebacklund.fi\/wp-content\/uploads\/2016\/10\/Torp-i-Lillsj\u00f6.png\" alt=\"H\u00e4r p\u00e5 storskifteskartan s\u00e5 ser vi var Stoas och H\u00e4ggas torp l\u00e5g i Lillsj\u00f6.\" width=\"1386\" height=\"768\" srcset=\"https:\/\/www.lassebacklund.fi\/wp-content\/uploads\/2016\/10\/Torp-i-Lillsj\u00f6.png 1386w, https:\/\/www.lassebacklund.fi\/wp-content\/uploads\/2016\/10\/Torp-i-Lillsj\u00f6-300x166.png 300w, https:\/\/www.lassebacklund.fi\/wp-content\/uploads\/2016\/10\/Torp-i-Lillsj\u00f6-768x426.png 768w, https:\/\/www.lassebacklund.fi\/wp-content\/uploads\/2016\/10\/Torp-i-Lillsj\u00f6-1024x567.png 1024w\" sizes=\"auto, (max-width: 1386px) 100vw, 1386px\" \/><figcaption id=\"caption-attachment-1238\" class=\"wp-caption-text\">H\u00e4r p\u00e5 storskifteskartan s\u00e5 ser vi var Stoas och H\u00e4ggas torp l\u00e5g i Lillsj\u00f6.<\/figcaption><\/figure>\n<p>P\u00e5 storskifteskartan fr\u00e5n b\u00f6rjan p\u00e5 1900-talet s\u00e5 finns flera torp utm\u00e4rkta. P\u00e5 kartan h\u00e4r ovan s\u00e5 syns Lillsj\u00f6 p\u00e5 \u00f6stra sidan om Lill\u00e5n och p\u00e5 den v\u00e4stra sidan syns b\u00e5de H\u00e4ggas och Stoas torp, p\u00e5 de omr\u00e5den som i dag kallas f\u00f6r Kalax eller Kionas. B\u00e5da torpen l\u00e5g p\u00e5 Lillsj\u00f6 hemman nr 9 som inte delades vid storskiftet.<\/p>\n<p>Vill du l\u00e4sa mera om H\u00e4ggas torp och vilka som bodde d\u00e4r, s\u00e5 klicka <strong><a href=\"http:\/\/www.lassebacklund.fi\/?page_id=1296\"><u>h\u00e4r<\/u><\/a><\/strong>!<\/p>\n<p>Vill du l\u00e4sa mera om Stoas torp och vilka som bodde d\u00e4r, s\u00e5 klicka <strong><a href=\"http:\/\/www.lassebacklund.fi\/?page_id=1299\"><u>h\u00e4r<\/u><\/a><\/strong>!<\/p>\n<h3><strong>Slutet p\u00e5 torpartiden.<\/strong><\/h3>\n<p>I b\u00f6rjan p\u00e5 1900-talet s\u00e5 blev det klart f\u00f6r de flesta att systemet med jord\u00e4gare och torpare inte fungerade och det var m\u00e5nga tvister och br\u00e5k. En del torpar-kontrakt var muntligt uppgjorda och jord\u00e4garna f\u00f6rs\u00f6kte genom hot om vr\u00e4kning \u00e4ndra och f\u00f6rs\u00e4mra legovillkoren. Till och med strejker f\u00f6rekom runt om i landet och redan \u00e5r 1909 s\u00e5 stiftades en lag som skulle ge dr\u00e4gligare m\u00f6jligheter \u00e5t torparna. \u00a0Alla kommuner m\u00e5ste tills\u00e4tta en legon\u00e4mnd men trots att det stiftades lagar om inl\u00f6sen av legoomr\u00e5den, s\u00e5 h\u00e4nde inte riktigt mycket.<\/p>\n<p>Legon\u00e4mndens uppgift blev n\u00e4rmast att kontrollera att torparkontrakten var lagliga och sk\u00e4liga. F\u00f6rsta v\u00e4rldskriget som br\u00f6t ut 1914 stoppade inl\u00f6sningsprocessen tillf\u00e4lligt, d\u00e5 de styrande i Finland och i moderlandet Ryssland hade annat att t\u00e4nka p\u00e5.<\/p>\n<p>Alla dessa mots\u00e4ttningar mellan jord\u00e4garna och de obesuttna ledde sedan fram till inb\u00f6rdeskriget i b\u00f6rjan p\u00e5 \u00e5r 1918. Finland hade ju l\u00f6sgjort sig fr\u00e5n moderlandet Ryssland i december 1917 och en av orsakerna till inb\u00f6rdeskriget var just dessa oklara torparfr\u00e5gor. En kort tid efter inb\u00f6rdeskrigets slut, i juli 1918 stiftades s\u00e5 den nya torparlagen som gav alla torpare och backstugusittare r\u00e4tt att inl\u00f6sa sina omr\u00e5den. F\u00f6ljande \u00e5r utvidgades lagen s\u00e5 att ocks\u00e5 landbotorparna kunde k\u00f6pa sig sitt hemman och i b\u00f6rjan p\u00e5 1920-talet s\u00e5 best\u00e4mdes att ocks\u00e5 torpare p\u00e5 pr\u00e4st- och klockarbolen kunde inl\u00f6sa torpen.<\/p>\n<p>Under de kommande \u00e5ren var det hela 46\u00a0000 torpare och 45\u00a0000 backstugusittare i landet som fick egna hemman och tomter.<\/p>\n<p>Riktigt enkelt var det nog inte f\u00f6r torparna att l\u00f6sa in sina torp. I de flesta fall hade torparen gjort f\u00f6rb\u00e4ttringar p\u00e5 torpen, som han d\u00e5 ville ha ers\u00e4ttning f\u00f6r. S\u00e5 gott som alla hade brutit upp mark och odlad upp \u00e5krar genom att dika ut dessa. Flera byggnader kunde ocks\u00e5 finnas p\u00e5 torpen som denne ocks\u00e5 ville ha ers\u00e4ttning f\u00f6r. Regeringen var aktivt med och st\u00f6dde denna inl\u00f6sningsprocess och s\u00e5g till att kommunerna bildade legon\u00e4mnder best\u00e5ende av 3 personer: en ordf\u00f6rande, en representant f\u00f6r legotagarna och en f\u00f6r legogivarna.<\/p>\n<p>Legon\u00e4mnderna som bildades av kommunerna \u00e5r 1918 ombildades sedan till kolonisationsn\u00e4mnder och Johan \u201dPelas-J\u00e5han\u201d Lillkull fr\u00e5n A-sidon i Dagsmark var aktivt med i b\u00e5da. Han var en tid b\u00e5de ordf\u00f6rande och sekreterare i kolonisationsn\u00e4mnden. De sista torpen i Finland avvecklades p\u00e5 30-talet men i Dagsmark avvecklades de flesta torp redan i b\u00f6rjan p\u00e5 1900-talet i och med storskiftesprocessen 1900-1912. De senaste inl\u00f6sningarna i Dagsmark gjordes runt 1920.<\/p>\n<p>Kolonisationsn\u00e4mnderna fortsatte med sin verksamhet genom att ge f\u00f6rm\u00e5nliga l\u00e5n \u00e5t inv\u00e5narna f\u00f6r att f\u00f6rb\u00e4ttra och utveckla hemmanen.<\/p>\n","protected":false},"excerpt":{"rendered":"<p>Uppgjort av Lasse Backlund \u00e5r 2016. Vissa uppgifter \u00e4r tagna ur Herbert Lindahls bok om torpare i \u00d6sterbotten. Herbert som \u00e4r fr\u00e5n Jungsund i Korsholm har ocks\u00e5 gjort listorna p\u00e5 alla torpare i Dagsmark och dessa listor finns arkiverade p\u00e5 <a class=\"more-link\" href=\"https:\/\/www.lassebacklund.fi\/?page_id=1236\">Forts\u00e4tt l\u00e4sa <span class=\"screen-reader-text\">  Torpare i Dagsmark<\/span><span class=\"meta-nav\">&rarr;<\/span><\/a><\/p>\n","protected":false},"author":1,"featured_media":0,"parent":17,"menu_order":15,"comment_status":"closed","ping_status":"closed","template":"","meta":{"footnotes":""},"class_list":["post-1236","page","type-page","status-publish","hentry"],"_links":{"self":[{"href":"https:\/\/www.lassebacklund.fi\/index.php?rest_route=\/wp\/v2\/pages\/1236","targetHints":{"allow":["GET"]}}],"collection":[{"href":"https:\/\/www.lassebacklund.fi\/index.php?rest_route=\/wp\/v2\/pages"}],"about":[{"href":"https:\/\/www.lassebacklund.fi\/index.php?rest_route=\/wp\/v2\/types\/page"}],"author":[{"embeddable":true,"href":"https:\/\/www.lassebacklund.fi\/index.php?rest_route=\/wp\/v2\/users\/1"}],"replies":[{"embeddable":true,"href":"https:\/\/www.lassebacklund.fi\/index.php?rest_route=%2Fwp%2Fv2%2Fcomments&post=1236"}],"version-history":[{"count":18,"href":"https:\/\/www.lassebacklund.fi\/index.php?rest_route=\/wp\/v2\/pages\/1236\/revisions"}],"predecessor-version":[{"id":23919,"href":"https:\/\/www.lassebacklund.fi\/index.php?rest_route=\/wp\/v2\/pages\/1236\/revisions\/23919"}],"up":[{"embeddable":true,"href":"https:\/\/www.lassebacklund.fi\/index.php?rest_route=\/wp\/v2\/pages\/17"}],"wp:attachment":[{"href":"https:\/\/www.lassebacklund.fi\/index.php?rest_route=%2Fwp%2Fv2%2Fmedia&parent=1236"}],"curies":[{"name":"wp","href":"https:\/\/api.w.org\/{rel}","templated":true}]}}