{"id":12351,"date":"2019-05-22T23:37:06","date_gmt":"2019-05-22T20:37:06","guid":{"rendered":"http:\/\/www.lassebacklund.fi\/?page_id=12351"},"modified":"2026-03-02T20:32:38","modified_gmt":"2026-03-02T18:32:38","slug":"abro-hemmanets-historia","status":"publish","type":"page","link":"https:\/\/www.lassebacklund.fi\/?page_id=12351","title":{"rendered":"\u00c5bro hemmanets historia"},"content":{"rendered":"<p><strong><span style=\"color: #000080;\">Sammanst\u00e4llt av Lasse Backlund i maj 2019, med hj\u00e4lp av Inga-Lill Sandstr\u00f6m i Vasa.<\/span><\/strong><\/p>\n<p><b><\/b>Viktor och Maria L\u00e5ng, som sedan bytte namn till Eklund f\u00f6rv\u00e4rvade \u00c5bro hemmanet p\u00e5 B\u00e5sk p\u00e5 1\/16 mantal \u00e5r 1890. H\u00f6gst troligt var det h\u00e4r Marias hemman f\u00f6r hon var dotter till Karl Erik B\u00e5sk (1844-1910) som senare bytte namn till Nybond. Maria v\u00e4xte upp i Nybond g\u00e5rden som f\u00f6re storskiftet l\u00e5g bakom Christer Kl\u00e5vus g\u00e5rd p\u00e5 Sebasbackan.<\/p>\n<p>Vid storskiftet 1900-1912 blev detta hemman flyttat till Palon. Viktor Eklund, som kallades \u201dK\u00e5rk Viktor\u201d protesterade mot denna placering och han f\u00f6reslog andra st\u00e4llen. Helst skulle han ha velat ha \u00c5bro hemmanet n\u00e4ra sitt andra hemman Eklund som placerades p\u00e5 Brobackan och l\u00e4ngs Lillsj\u00f6v\u00e4gen n\u00e4ra Lill\u00e5n.<\/p>\n<p>Viktor Eklund besv\u00e4rade sig till \u00e4godelningsr\u00e4tten, bland annat skrev han s\u00e5 h\u00e4r:<\/p>\n<p><em>\u201dTill Egodelningsr\u00e4tten i Dagsmark.<\/em><\/p>\n<p><em>V\u00f6rdsamt f\u00e5r vi undertecknade h\u00e4r med framh\u00e5lla v\u00e5rt missn\u00f6je \u00f6fver utplaseringen af v\u00e5ra tomtplatser och hemmansegor som af Kommisjonslantmetaren Sten Nilson den 11 Desember 1905 \u00e5 sammantr\u00e4det f\u00f6rordnat oss att enligt hans f\u00f6rslag utflykta v\u00e5ra tomtplatser till i n\u00e4rheten af B\u00f6tom r\u00e5 der fr\u00e5stbarhet och andra olegenheter fr\u00e5n urminnes tid och allt framgent legger hinder i vegen f\u00f6r sedes odlingen hvarigenom v\u00e5ra hemman totalt eventyras der tillkomme vi att sakna sundt lege jemte bekvem \u00e5tkomst till skolor och Kyrka dessutom saknar vi veg att utf\u00f6ra v\u00e5ra kreatur till skogen som oss blivitt f\u00f6re visat p\u00e5 den s\u00e5 kallade Drag\u00e5sen der v\u00e5rt mullbete af \u00e5lder varit emedan den d\u00e5 skulle bli f\u00f6r oss belegen bakom andra mark och tv\u00e5 \u00e5nar.\u201d<\/em><\/p>\n<p>Hans f\u00f6rslag godk\u00e4ndes inte, utan lantm\u00e4tarens f\u00f6rslag fastst\u00e4lldes av r\u00e4tten.<\/p>\n<figure id=\"attachment_12350\" aria-describedby=\"caption-attachment-12350\" style=\"width: 936px\" class=\"wp-caption alignnone\"><img loading=\"lazy\" decoding=\"async\" class=\"size-full wp-image-12350\" src=\"http:\/\/www.lassebacklund.fi\/wp-content\/uploads\/2019\/05\/Karta.jpg\" alt=\"\" width=\"936\" height=\"856\" srcset=\"https:\/\/www.lassebacklund.fi\/wp-content\/uploads\/2019\/05\/Karta.jpg 936w, https:\/\/www.lassebacklund.fi\/wp-content\/uploads\/2019\/05\/Karta-300x274.jpg 300w, https:\/\/www.lassebacklund.fi\/wp-content\/uploads\/2019\/05\/Karta-768x702.jpg 768w\" sizes=\"auto, (max-width: 936px) 100vw, 936px\" \/><figcaption id=\"caption-attachment-12350\" class=\"wp-caption-text\">\u00c5bro hemmanet i Palon str\u00e4ckte sig \u00f6ver \u00c4nikoskmossen \u00e4nda till Lappfj\u00e4rds \u00e5 n\u00e4ra Tuimala. Hemmanet var v\u00e4l samlat i ett enda skifte p\u00e5 \u00f6ver 80 hektar. Hemmanet v\u00e4ster och s\u00f6der om \u00c5bro tillh\u00f6rde Alfred Nordberg och omr\u00e5det ner mot \u00e5n \u00e4gdes av &#8221;Pala Viktor&#8221; H\u00e4gglund.<\/figcaption><\/figure>\n<p>\u00c5bro hemmanet 2:9 var v\u00e4l samlat i ett enda skifte bakom Alfred Nordbergs hemman. Viktor Eklund b\u00f6rjade 1914 timra en g\u00e5rd som var avsedd f\u00f6r hans son Emil Eklund. F\u00f6re taket hann s\u00e4ttas p\u00e5 s\u00e5 s\u00e5lde Viktor och Maria Eklund hela hemmanet med den halvf\u00e4rdiga byggnaden \u00e5t hemmanshandlaren Jussi Gr\u00f6nlund fr\u00e5n Vanhakyl\u00e4. Jussi var den tiden en k\u00e4nd aff\u00e4rsman som ofta k\u00f6pte hemman, antingen ensam eller tillsammans med Axel Lilltr\u00e4sk i Lappfj\u00e4rd. K\u00f6pebrevet undertecknades 20 juli 1916 och efter precis ett \u00e5r s\u00e5lde Jussi hemmanet vidare \u00e5t Nestori och Alina Koskenniska.<\/p>\n<p>Efter 3 m\u00e5nader s\u00e5lde de nya \u00e4garna Koskenniska en del av hemmanet \u00e5t Paulus och Matilda Haaramo. I mars 1918 s\u00e5lde Koskenniska en annan del av hemmanet \u00e5t bagaren Josef och Sofia Lillsj\u00f6. I juli 1918 s\u00e5lde Koskenniska den sista delen \u00e5t b\u00f6nderna Erik Englund och Alfred Nordberg.<\/p>\n<p><strong>I augusti 1918<\/strong> s\u00e5lde Erik Englund och Alfred Nordberg sin hemmansdel \u00e5t \u201dBroback\u201d Frans Andersson. I samma veva s\u00e5lde ocks\u00e5 Paulus och Matilda Haaramo sin hemmansdel \u00e5t samma \u201dBroback Frans\u201d.<\/p>\n<p><strong>Redan \u00e5r 1919, den 19 april<\/strong> s\u00e5lde Frans och Matilda Andersson ett omr\u00e5de n\u00e4ra \u00c4nikoskmossen p\u00e5 n\u00e4rmare 10 ha \u00e5t bonden Erland Krook f\u00f6r 10 000 mark. Erland i sin tur delade p\u00e5 detta omr\u00e5de \u00e5r 1948 \u00e5t sina barn Ingeborg Lindblad och Verna L\u00e5ngfors. Verna s\u00e5lde sin andel av l\u00e4genheten Bok p\u00e5 5 ha \u00e5t sin sv\u00e4gerska Adele och hennes man Selim Eklund. Paret Eklund s\u00e5lde den 8 november 1956 l\u00e4genheten Bok 2:76 \u00e5t Eero Myll\u00e4ri, som sedan i sin tur s\u00e5lde markerna \u00e5t Egil Norrvik den 22 april 1968. Ingeborg s\u00e5lde sin lika stora del \u00e5t Hemberg. Samuel och Tilda s\u00e5lde ocks\u00e5 ett omr\u00e5de p\u00e5 4,5 ha \u00e5t Karl Hemberg och det l\u00e5g \u00f6ster om det omr\u00e5de som de s\u00e5lde \u00e5t Erland Krook, gr\u00e4nsande till den skog som familjen fortfarande \u00e4ger.<\/p>\n<p><strong>I mars 1920<\/strong> s\u00e5lde \u201dBroback\u201d Frans Andersson sina resterande hemmansdelar \u00e5t bagaren Josef och Sofia Lillsj\u00f6.<\/p>\n<p><strong>I september 1921<\/strong> s\u00e5lde Josef och Sofia Lillsj\u00f6 hela hemmanet och den fortfarande halvf\u00e4rdiga g\u00e5rden \u00e5t Samuel och Matilda Yliheikkil\u00e4. Samuel, som kallades Samppa var f\u00f6dd i Kauhajoki \u00e5r 1878 och \u00e5r 1917 gifte han sig med Matilda Vilhelmina Mannila, som var f\u00f6dd 1874 i Stor\u00e5 och kallades f\u00f6r Tilda. Samuel och Matilda var barnl\u00f6sa men fr\u00e5n sitt tidigare \u00e4ktenskap med Frans Mannila hade Tilda s\u00f6nerna Viljami f. 1896 och V\u00e4in\u00f6, f. 1898.<\/p>\n<p>Samuel och Matilda byggde g\u00e5rden f\u00e4rdig och flyttade dit och blev d\u00e5 b\u00f6nder p\u00e5 \u00c5bro hemmanet.<\/p>\n<figure id=\"attachment_21390\" aria-describedby=\"caption-attachment-21390\" style=\"width: 428px\" class=\"wp-caption alignnone\"><img loading=\"lazy\" decoding=\"async\" class=\"size-full wp-image-21390\" src=\"https:\/\/www.lassebacklund.fi\/wp-content\/uploads\/2021\/10\/19170804-Samuel-saljer-hemman-i-Heikkila.jpg\" alt=\"\" width=\"428\" height=\"416\" srcset=\"https:\/\/www.lassebacklund.fi\/wp-content\/uploads\/2021\/10\/19170804-Samuel-saljer-hemman-i-Heikkila.jpg 428w, https:\/\/www.lassebacklund.fi\/wp-content\/uploads\/2021\/10\/19170804-Samuel-saljer-hemman-i-Heikkila-300x292.jpg 300w\" sizes=\"auto, (max-width: 428px) 100vw, 428px\" \/><figcaption id=\"caption-attachment-21390\" class=\"wp-caption-text\">I juli 1917 bjuder Samuel Yli-Heikkil\u00e4 ut hemmanets l\u00f6segendom i Heikkil\u00e4 by i Stor\u00e5. Annonsen i Syd-\u00d6sterbotten.<\/figcaption><\/figure>\n<p>I b\u00f6rjan p\u00e5 mars 1936 s\u00e5lde Samuel och Matilda \u00c5bro hemmanet och g\u00e5rden \u00e5t Matildas son V\u00e4in\u00f6 Mannila, f\u00f6dd 1898 som en m\u00e5nad tidigare hade gift sig med Elna Hirsim\u00e4ki, f\u00f6dd 1914. Sedan 1936 \u00e4r g\u00e5rden i familjen Mannilas \u00e4go. Alla \u00e5krar som h\u00f6rde till hemmanet har p\u00e5 2000-talet s\u00e5lts \u00e5t Hemberg medan skogen p\u00e5 R\u00e4v\u00e5sen fortfarande \u00e4r i familjens \u00e4go.<\/p>\n","protected":false},"excerpt":{"rendered":"<p>Sammanst\u00e4llt av Lasse Backlund i maj 2019, med hj\u00e4lp av Inga-Lill Sandstr\u00f6m i Vasa. Viktor och Maria L\u00e5ng, som sedan bytte namn till Eklund f\u00f6rv\u00e4rvade \u00c5bro hemmanet p\u00e5 B\u00e5sk p\u00e5 1\/16 mantal \u00e5r 1890. H\u00f6gst troligt var det h\u00e4r Marias <a class=\"more-link\" href=\"https:\/\/www.lassebacklund.fi\/?page_id=12351\">Forts\u00e4tt l\u00e4sa <span class=\"screen-reader-text\">  \u00c5bro hemmanets historia<\/span><span class=\"meta-nav\">&rarr;<\/span><\/a><\/p>\n","protected":false},"author":1,"featured_media":0,"parent":12346,"menu_order":0,"comment_status":"closed","ping_status":"closed","template":"","meta":{"footnotes":""},"class_list":["post-12351","page","type-page","status-publish","hentry"],"_links":{"self":[{"href":"https:\/\/www.lassebacklund.fi\/index.php?rest_route=\/wp\/v2\/pages\/12351","targetHints":{"allow":["GET"]}}],"collection":[{"href":"https:\/\/www.lassebacklund.fi\/index.php?rest_route=\/wp\/v2\/pages"}],"about":[{"href":"https:\/\/www.lassebacklund.fi\/index.php?rest_route=\/wp\/v2\/types\/page"}],"author":[{"embeddable":true,"href":"https:\/\/www.lassebacklund.fi\/index.php?rest_route=\/wp\/v2\/users\/1"}],"replies":[{"embeddable":true,"href":"https:\/\/www.lassebacklund.fi\/index.php?rest_route=%2Fwp%2Fv2%2Fcomments&post=12351"}],"version-history":[{"count":11,"href":"https:\/\/www.lassebacklund.fi\/index.php?rest_route=\/wp\/v2\/pages\/12351\/revisions"}],"predecessor-version":[{"id":25654,"href":"https:\/\/www.lassebacklund.fi\/index.php?rest_route=\/wp\/v2\/pages\/12351\/revisions\/25654"}],"up":[{"embeddable":true,"href":"https:\/\/www.lassebacklund.fi\/index.php?rest_route=\/wp\/v2\/pages\/12346"}],"wp:attachment":[{"href":"https:\/\/www.lassebacklund.fi\/index.php?rest_route=%2Fwp%2Fv2%2Fmedia&parent=12351"}],"curies":[{"name":"wp","href":"https:\/\/api.w.org\/{rel}","templated":true}]}}