{"id":12102,"date":"2019-04-21T00:09:13","date_gmt":"2019-04-20T21:09:13","guid":{"rendered":"http:\/\/www.lassebacklund.fi\/?page_id=12102"},"modified":"2019-04-21T00:09:13","modified_gmt":"2019-04-20T21:09:13","slug":"fru-ida-wadstrom-dod","status":"publish","type":"page","link":"https:\/\/www.lassebacklund.fi\/?page_id=12102","title":{"rendered":"Fru Ida Wadstr\u00f6m d\u00f6d."},"content":{"rendered":"<p><span style=\"margin: 0px; color: #000080; font-family: 'Helvetica','sans-serif';\">Syd-\u00d6sterbotten 12.2.1938:<\/span><\/p>\n<p><span style=\"margin: 0px; font-family: 'Helvetica','sans-serif';\"><span style=\"color: #000000;\">I g\u00e5r kl.12 avled i sitt hem i Lappfj\u00e4rd fru Ida Wadstr\u00f6m, f\u00f6dd Br\u00e4nn och sedan i maj i fjol \u00e4nka efter ekonomidirekt\u00f6ren J. J. Wadstr\u00f6m. Hon hade redan i flera \u00e5rs tid lidit av nedsatt h\u00e4lsa, men d\u00f6den kom dock helt ov\u00e4ntat till f\u00f6ljd av hj\u00e4rtslag.<\/span><\/span><\/p>\n<p><span style=\"margin: 0px; font-family: 'Helvetica','sans-serif';\"><span style=\"color: #000000;\">Fru Wadstr\u00f6m var f\u00f6dd 1872 i Lappfj\u00e4rd. Redan vid 17 \u00e5rs \u00e5lder ingick hon \u00e4ktenskap med d\u00e5varande folkskoll\u00e4raren i Dagsmark, J. J. Wadstr\u00f6m. N\u00e5got \u00e5r efter frihetskriget flyttade familjen till Lappfj\u00e4rd kyrkby, d\u00e4r herr Wadstr\u00f6m blev direkt\u00f6r f\u00f6r Unionsbankens filialkontor. \u00d6verallt vann fru Wadstr\u00f6m uppskattning och anseende som en god maka och ypperlig husmor i ett m\u00f6nsterhem. Hon var g\u00e4stfri och v\u00e4nlig och den stora v\u00e4nkretsen hade ofta anledning att prisa hennes djupa insikter i kokkonstens mysterier. Dessa insikter hade hon bland annat skaffat sig vid en fackskola i Helsingfors. <\/span><\/span><\/p>\n<p><span style=\"margin: 0px; font-family: 'Helvetica','sans-serif';\"><span style=\"color: #000000;\">Liksom sin man var fru Wadstr\u00f6m mycket intresserad av tr\u00e4dg\u00e5rdsodling och hon hade i detta avseende en skapande f\u00f6rm\u00e5ga, som m\u00e5ngen skolad tr\u00e4dg\u00e5rdsarkitekt kunnat avundas henne. H\u00e4rom vittnar de av fru Wadstr\u00f6m planerade tr\u00e4dg\u00e5rdarna vid Dagsmark folkskola, p\u00e5 nuvarande Helsingfors banks fastighet i Lappfj\u00e4rd, samt makarnas eget \u00e5lderdomshem. Att fru Wadstr\u00f6m var en av de mest verksamma inom Lappfj\u00e4rd martaf\u00f6rening, var f\u00f6r henne en sj\u00e4lvklar sak och hela det omfattande tr\u00e4dg\u00e5rdsintresset i socknen bottnar i sista hand p\u00e5 hennes insats.<\/span><\/span><\/p>\n<p><span style=\"margin: 0px; font-family: 'Helvetica','sans-serif';\"><span style=\"color: #000000;\">N\u00e4rmast s\u00f6rjande vid fru Ida Wadstr\u00f6ms b\u00e5r st\u00e5r en son och en dotter, samt tre styvbarn.<\/span><\/span><\/p>\n","protected":false},"excerpt":{"rendered":"<p>Syd-\u00d6sterbotten 12.2.1938: I g\u00e5r kl.12 avled i sitt hem i Lappfj\u00e4rd fru Ida Wadstr\u00f6m, f\u00f6dd Br\u00e4nn och sedan i maj i fjol \u00e4nka efter ekonomidirekt\u00f6ren J. J. Wadstr\u00f6m. Hon hade redan i flera \u00e5rs tid lidit av nedsatt h\u00e4lsa, men <a class=\"more-link\" href=\"https:\/\/www.lassebacklund.fi\/?page_id=12102\">Forts\u00e4tt l\u00e4sa <span class=\"screen-reader-text\">  Fru Ida Wadstr\u00f6m d\u00f6d.<\/span><span class=\"meta-nav\">&rarr;<\/span><\/a><\/p>\n","protected":false},"author":1,"featured_media":0,"parent":781,"menu_order":0,"comment_status":"closed","ping_status":"closed","template":"","meta":{"footnotes":""},"class_list":["post-12102","page","type-page","status-publish","hentry"],"_links":{"self":[{"href":"https:\/\/www.lassebacklund.fi\/index.php?rest_route=\/wp\/v2\/pages\/12102","targetHints":{"allow":["GET"]}}],"collection":[{"href":"https:\/\/www.lassebacklund.fi\/index.php?rest_route=\/wp\/v2\/pages"}],"about":[{"href":"https:\/\/www.lassebacklund.fi\/index.php?rest_route=\/wp\/v2\/types\/page"}],"author":[{"embeddable":true,"href":"https:\/\/www.lassebacklund.fi\/index.php?rest_route=\/wp\/v2\/users\/1"}],"replies":[{"embeddable":true,"href":"https:\/\/www.lassebacklund.fi\/index.php?rest_route=%2Fwp%2Fv2%2Fcomments&post=12102"}],"version-history":[{"count":1,"href":"https:\/\/www.lassebacklund.fi\/index.php?rest_route=\/wp\/v2\/pages\/12102\/revisions"}],"predecessor-version":[{"id":12103,"href":"https:\/\/www.lassebacklund.fi\/index.php?rest_route=\/wp\/v2\/pages\/12102\/revisions\/12103"}],"up":[{"embeddable":true,"href":"https:\/\/www.lassebacklund.fi\/index.php?rest_route=\/wp\/v2\/pages\/781"}],"wp:attachment":[{"href":"https:\/\/www.lassebacklund.fi\/index.php?rest_route=%2Fwp%2Fv2%2Fmedia&parent=12102"}],"curies":[{"name":"wp","href":"https:\/\/api.w.org\/{rel}","templated":true}]}}