{"id":12098,"date":"2019-04-20T16:29:46","date_gmt":"2019-04-20T13:29:46","guid":{"rendered":"http:\/\/www.lassebacklund.fi\/?page_id=12098"},"modified":"2025-01-29T11:56:45","modified_gmt":"2025-01-29T09:56:45","slug":"mordet-pa-josef-rosenlund","status":"publish","type":"page","link":"https:\/\/www.lassebacklund.fi\/?page_id=12098","title":{"rendered":"Mordet p\u00e5 Josef Rosenlund."},"content":{"rendered":"<p><span style=\"color: #000080;\"><b>Nedtecknat av Lasse Backlund i april 2019, enligt uppgifter ur tidningen Syd-\u00d6sterbotten.<\/b><\/span><\/p>\n<p><b><\/b>Den 6 november 1921 firade man br\u00f6llop hemma hos Josef Rosenlund i Perus d\u00e5 hans dotter Selma gifte sig med Antti Aittom\u00e4ki fr\u00e5n Lappfj\u00e4rd, men f\u00f6dd i Honkajoki. Dottern Selma hade inte bott hos sin far, utan hon hade v\u00e4xt upp hos sin farfar, som kallades \u201dGam\u00e4l Ullarin\u201d, som bodde endast ett par hundra meter fr\u00e5n Josefs torp.<\/p>\n<p>P\u00e5 br\u00f6llopet blev det br\u00e5k mellan Josef och nya m\u00e5gen Antti, eftersom det hade framkommit att \u201dGam\u00e4l Ullarin\u201d som \u00e4gde torpmarken d\u00e4r Josef bodde t\u00e4nkte testamentera all sin egendom \u00e5t barnbarnet Selma och hennes man Antti. Genom detta gifterm\u00e5l skulle Josef allts\u00e5 g\u00e5 miste om sitt r\u00e4ttm\u00e4tiga arv. Som brukligt var p\u00e5 br\u00f6llopen s\u00e5 f\u00f6rt\u00e4rdes det mycket br\u00e4nnvin och under rusets inverkan fortsatte br\u00e5ket. N\u00e5gra v\u00e4rre skador blev det \u00e4nd\u00e5 inte under sj\u00e4lva festen.<\/p>\n<p>N\u00e4r br\u00f6llopsg\u00e4sterna hade avl\u00e4gsnat sig, hittades Josef liggande p\u00e5 landsv\u00e4gen vid g\u00e5rdsgrinden med ett kross\u00e5r i huvudet. Han levde \u00e4nnu men i medvetsl\u00f6st skick f\u00f6rdes han till sjukhuset i Kristinestad d\u00e4r han avled dagen d\u00e4rp\u00e5.<\/p>\n<p>Vid polisunders\u00f6kningen fann man ingen g\u00e4rningsman. B\u00e5de Antti Aittom\u00e4ki och Selmas bror Emil Rosenlund var en tid h\u00e4ktade som skyldiga men frigavs efter en tid i brist p\u00e5 bevis. N\u00e5gra vittnen till mordet fanns inte men fr\u00e5n f\u00f6nstret hos \u201dGam\u00e4l Ullarin\u201d dit de nygifta hade begivit sig hade de sett att ett par ok\u00e4nda m\u00e4n hade tr\u00e4ffat Josef p\u00e5 landsv\u00e4gen och att dessa \u00f6verfallit och d\u00f6dat Josef.<\/p>\n<p>N\u00e5gra m\u00f6rdare hittades allts\u00e5 inte och fallet lades d\u00e5 ned i brist p\u00e5 bevis.<\/p>\n<p>16 \u00e5r senare, i slutet av \u00e5r 1937 togs fallet upp p\u00e5 nytt d\u00e5 en kommissarie Frostell hade hittat en ny misst\u00e4nkt som han hade anh\u00e5llit. Det var Antti Aittom\u00e4kis bror Ville som i f\u00f6rh\u00f6ren trasslat in sig i mots\u00e4gelser. Trots det n\u00e4ra sl\u00e4ktskapet hade han inte varit inbjuden till br\u00f6llopet men vittnen visste att han nog hade uppeh\u00e5llit sig i n\u00e4rheten. Eftersom det har g\u00e5tt s\u00e5 m\u00e5nga \u00e5r efter mordet s\u00e5 hade alla inblandade personer avlidit, endast Ville var i livet. Han led dessutom av l\u00e5ngt framskriden lungsot men trots det f\u00f6rpassades han till l\u00e4nsf\u00e4ngelset i v\u00e4ntan p\u00e5 r\u00e4tteg\u00e5ng.<\/p>\n<p>Under r\u00e4tteg\u00e5ngen i b\u00f6rjan p\u00e5 december 1937 erk\u00e4nde Ville att han nog varit med och med knytn\u00e4ven slagit Josef i v\u00e4nstra sidan p\u00e5 br\u00f6stet men att det var den senare avlidna brodern Antti som hade utdelat det d\u00f6dande slaget.<\/p>\n<p>I utslaget fr\u00e5n tinget s\u00e5 s\u00e4gs det att indicierna mot Ville \u00e4r graverande men eftersom han nekar till brottet, s\u00e5 g\u00e5r det inte att ge en f\u00e4llande dom, utan \u00e5talet f\u00f6rkastas. Men det besl\u00f6ts att hovr\u00e4tten i Vasa skall f\u00e5 ta sig an fallet och d\u00e4rf\u00f6r skall Ville fortfarande h\u00e5llas h\u00e4ktad. Han \u00e5terf\u00f6rpassades med andra ord till f\u00e4ngelset i Vasa.<\/p>\n<p>I februari 1938 gav hovr\u00e4tten i Vasa ett f\u00e4llande utslag. Hovr\u00e4tten ans\u00e5g att Ville Aittom\u00e4ki upps\u00e5tligen, dock utan avsikt att d\u00f6da, misshandlat Rosenlund med den p\u00e5f\u00f6ljd att han hade avlidit dagen d\u00e4rp\u00e5. Ville d\u00f6mdes till 6 \u00e5rs tukthus.<\/p>\n<p>H\u00f6gsta domstolen som behandlade m\u00e5let i juni 1938 \u00f6verraskade de flesta genom att frik\u00e4nna Ville fr\u00e5n mord\u00e5talet och han f\u00f6rsattes direkt p\u00e5 fri fot. H\u00f6gsta domstolen ans\u00e5g inte att tillr\u00e4ckliga bevis hade funnits f\u00f6r en f\u00e4llande dom.<\/p>\n","protected":false},"excerpt":{"rendered":"<p>Nedtecknat av Lasse Backlund i april 2019, enligt uppgifter ur tidningen Syd-\u00d6sterbotten. Den 6 november 1921 firade man br\u00f6llop hemma hos Josef Rosenlund i Perus d\u00e5 hans dotter Selma gifte sig med Antti Aittom\u00e4ki fr\u00e5n Lappfj\u00e4rd, men f\u00f6dd i Honkajoki. <a class=\"more-link\" href=\"https:\/\/www.lassebacklund.fi\/?page_id=12098\">Forts\u00e4tt l\u00e4sa <span class=\"screen-reader-text\">  Mordet p\u00e5 Josef Rosenlund.<\/span><span class=\"meta-nav\">&rarr;<\/span><\/a><\/p>\n","protected":false},"author":1,"featured_media":0,"parent":688,"menu_order":0,"comment_status":"closed","ping_status":"closed","template":"","meta":{"footnotes":""},"class_list":["post-12098","page","type-page","status-publish","hentry"],"_links":{"self":[{"href":"https:\/\/www.lassebacklund.fi\/index.php?rest_route=\/wp\/v2\/pages\/12098","targetHints":{"allow":["GET"]}}],"collection":[{"href":"https:\/\/www.lassebacklund.fi\/index.php?rest_route=\/wp\/v2\/pages"}],"about":[{"href":"https:\/\/www.lassebacklund.fi\/index.php?rest_route=\/wp\/v2\/types\/page"}],"author":[{"embeddable":true,"href":"https:\/\/www.lassebacklund.fi\/index.php?rest_route=\/wp\/v2\/users\/1"}],"replies":[{"embeddable":true,"href":"https:\/\/www.lassebacklund.fi\/index.php?rest_route=%2Fwp%2Fv2%2Fcomments&post=12098"}],"version-history":[{"count":7,"href":"https:\/\/www.lassebacklund.fi\/index.php?rest_route=\/wp\/v2\/pages\/12098\/revisions"}],"predecessor-version":[{"id":23594,"href":"https:\/\/www.lassebacklund.fi\/index.php?rest_route=\/wp\/v2\/pages\/12098\/revisions\/23594"}],"up":[{"embeddable":true,"href":"https:\/\/www.lassebacklund.fi\/index.php?rest_route=\/wp\/v2\/pages\/688"}],"wp:attachment":[{"href":"https:\/\/www.lassebacklund.fi\/index.php?rest_route=%2Fwp%2Fv2%2Fmedia&parent=12098"}],"curies":[{"name":"wp","href":"https:\/\/api.w.org\/{rel}","templated":true}]}}