{"id":11908,"date":"2019-03-30T00:10:31","date_gmt":"2019-03-29T22:10:31","guid":{"rendered":"http:\/\/www.lassebacklund.fi\/?page_id=11908"},"modified":"2019-04-01T17:39:12","modified_gmt":"2019-04-01T14:39:12","slug":"torparen-karl-rebeck-kalle-gustafsson-lillkull","status":"publish","type":"page","link":"https:\/\/www.lassebacklund.fi\/?page_id=11908","title":{"rendered":"Torparen Karl \u201dRebeck-Kalle\u201d Gustafsson Lillkull."},"content":{"rendered":"<p>Den 19 februari 1864 \u00f6vertog Kalle och hans hustru Maja 1\/3 av fadern Gustaf Andersson Lillkulls torp p\u00e5 Sunnantillv\u00e4gen.\u00a0 Som bostadstomt fick han ett omr\u00e5de i V\u00e4ster\u00e5kern, v\u00e4sterut fr\u00e5n den gamla g\u00e5rden och i n\u00e4rheten fick han 8 tegar \u00e5kermark. Han fick ocks\u00e5 h\u00e4lften av \u00c5back\u00e5kern, och h\u00e4lften av s\u00f6dra \u00e5kern invid Lillsj\u00f6 tr\u00e4sk. \u00c4ngar fick han p\u00e5 den v\u00e4stra sidan om Lillsj\u00f6 tr\u00e4sk, 1 \u00bd lott uti tillandningen uti Lillsj\u00f6 tr\u00e4sk och en tredjedel av torpets tillh\u00f6riga skogsmark.<\/p>\n<p>F\u00f6r att erh\u00e5lla detta m\u00e5ste Rebeck-Kalle \u00f6verta en tredjedel av torpets skulder och i utl\u00f6sen \u00e5t sin syster ge 100 mark silver. Ett sytningskontrakt uppgjordes\u00a0 samma dag som k\u00f6pebrevet skrevs. I k\u00f6pebrevet fanns ocks\u00e5 villkoret att om Kalle t\u00e4nker s\u00e4lja sin torpandel, s\u00e5 har hans arvingar r\u00e4tt att inl\u00f6sa det f\u00f6r 600 silvermark.<\/p>\n<p>Kalle skulle ocks\u00e5 betala en tredjedel av torpets onera och utskylder, allts\u00e5 skatter och avgifter, enligt det torparkontrakt som Gustaf Andersson hade gjort 22 januari 1846. Kalle fick tilltr\u00e4de till torpandelen f\u00f6rst till h\u00f6sten 1864.<\/p>\n<p>Den 10 oktober 1877 k\u00f6pte Rebeck-Kalle och Maja ett Lillkull hemman p\u00e5 5\/224 mantal av Edla Karolina Eriksdotter Lillkull, med sin man Adrian Mickelssons samtycke. Detta hemman hade Edla f\u00e5tt i arv \u00e5r 1865 efter sin far &#8221;Pelas-Erk&#8221;\u00a0 Erik Henriksson Lillkull. Hemmanet kostade 1\u00a0500 mark, inga byggnader ingick f\u00f6rutom en halv ria. Det h\u00e4r k\u00f6pebrevet var undertecknat i H\u00e4rkmeri och bevittnat av tv\u00e5 herrar Grannas.<\/p>\n<h4><strong>Vem var denna Edla Karolina Lillkull?<\/strong><\/h4>\n<p><span style=\"margin: 0px; font-family: 'Helvetica','sans-serif';\"><span style=\"color: #000000;\">Edla Karolina Lillkull (1847-1883) var dotter till &#8221;Pelas Erk&#8221; (f.1808) som var bonde i Kiaskroken. Hon var f\u00f6rsta g\u00e5ngen gift med Johan Reinhold Sjuls fr\u00e5n H\u00e4rkmeri (1843-1874).\u00a0 Johan for till Amerika redan 1872 och dog d\u00e4r 1874. De fick barnen:<\/span><\/span><\/p>\n<p><span style=\"margin: 0px; font-family: 'Helvetica','sans-serif';\"><span style=\"color: #000000;\">-Amanda (f.1866) som flyttade till Sideby.<\/span><\/span><\/p>\n<p><span style=\"margin: 0px; font-family: 'Helvetica','sans-serif';\"><span style=\"color: #000000;\">-Edla (f.1869) gifte sig med Josef Isaksson Berg (f.1857 i Uttermossa).<\/span><\/span><\/p>\n<p><span style=\"margin: 0px; font-family: 'Helvetica','sans-serif';\"><span style=\"color: #000000;\">-Karl Johan var fosterson i Lillsj\u00f6 hos Carl Viktor Mattsson (f. 1840) och Albertina Johan Henriksdotter (f.1841). Karl Johan for till Amerika \u00e5r 1890.<\/span><\/span><\/p>\n<p><span style=\"margin: 0px; font-family: 'Helvetica','sans-serif';\"><span style=\"color: #000000;\">Efter Johan Reinholds d\u00f6d gifte Edla Karolina om sig med Adrian Mickelsson Hukrelius (1849-1901) fr\u00e5n Pjelax och de fick tv\u00e5 s\u00f6ner:<\/span><\/span><\/p>\n<p><span style=\"margin: 0px; font-family: 'Helvetica','sans-serif';\"><span style=\"color: #000000;\">-Adrian (1877-1886).<\/span><\/span><\/p>\n<p><span style=\"margin: 0px; font-family: 'Helvetica','sans-serif';\"><span style=\"color: #000000;\">-Johannes (f. 1880) \u201drymde\u201d till Amerika \u00e5r 1900.<\/span><\/span><\/p>\n<p><span style=\"margin: 0px; font-family: 'Helvetica','sans-serif';\"><span style=\"color: #000000;\">Edla Karolina dog i barns\u00e4ng \u00e5r 1883. Hennes andra man Adrian, som enligt kyrkboken var slagr\u00f6rd och lam dog i Dagsmark i mars 1901.<\/span><\/span><\/p>\n<p><span style=\"margin: 0px; font-family: 'Helvetica','sans-serif';\"><span style=\"color: #000000;\">Inga \u00e4ttlingar \u00e4r allts\u00e5 bosatta i Dagsmark.<\/span><\/span><\/p>\n","protected":false},"excerpt":{"rendered":"<p>Den 19 februari 1864 \u00f6vertog Kalle och hans hustru Maja 1\/3 av fadern Gustaf Andersson Lillkulls torp p\u00e5 Sunnantillv\u00e4gen.\u00a0 Som bostadstomt fick han ett omr\u00e5de i V\u00e4ster\u00e5kern, v\u00e4sterut fr\u00e5n den gamla g\u00e5rden och i n\u00e4rheten fick han 8 tegar \u00e5kermark. <a class=\"more-link\" href=\"https:\/\/www.lassebacklund.fi\/?page_id=11908\">Forts\u00e4tt l\u00e4sa <span class=\"screen-reader-text\">  Torparen Karl \u201dRebeck-Kalle\u201d Gustafsson Lillkull.<\/span><span class=\"meta-nav\">&rarr;<\/span><\/a><\/p>\n","protected":false},"author":1,"featured_media":0,"parent":2213,"menu_order":0,"comment_status":"closed","ping_status":"closed","template":"","meta":{"footnotes":""},"class_list":["post-11908","page","type-page","status-publish","hentry"],"_links":{"self":[{"href":"https:\/\/www.lassebacklund.fi\/index.php?rest_route=\/wp\/v2\/pages\/11908","targetHints":{"allow":["GET"]}}],"collection":[{"href":"https:\/\/www.lassebacklund.fi\/index.php?rest_route=\/wp\/v2\/pages"}],"about":[{"href":"https:\/\/www.lassebacklund.fi\/index.php?rest_route=\/wp\/v2\/types\/page"}],"author":[{"embeddable":true,"href":"https:\/\/www.lassebacklund.fi\/index.php?rest_route=\/wp\/v2\/users\/1"}],"replies":[{"embeddable":true,"href":"https:\/\/www.lassebacklund.fi\/index.php?rest_route=%2Fwp%2Fv2%2Fcomments&post=11908"}],"version-history":[{"count":6,"href":"https:\/\/www.lassebacklund.fi\/index.php?rest_route=\/wp\/v2\/pages\/11908\/revisions"}],"predecessor-version":[{"id":11925,"href":"https:\/\/www.lassebacklund.fi\/index.php?rest_route=\/wp\/v2\/pages\/11908\/revisions\/11925"}],"up":[{"embeddable":true,"href":"https:\/\/www.lassebacklund.fi\/index.php?rest_route=\/wp\/v2\/pages\/2213"}],"wp:attachment":[{"href":"https:\/\/www.lassebacklund.fi\/index.php?rest_route=%2Fwp%2Fv2%2Fmedia&parent=11908"}],"curies":[{"name":"wp","href":"https:\/\/api.w.org\/{rel}","templated":true}]}}