{"id":11892,"date":"2019-03-28T18:46:10","date_gmt":"2019-03-28T16:46:10","guid":{"rendered":"http:\/\/www.lassebacklund.fi\/?page_id=11892"},"modified":"2019-03-28T18:47:15","modified_gmt":"2019-03-28T16:47:15","slug":"ekonomiedirektor-j-j-wadstroms-jordfastning","status":"publish","type":"page","link":"https:\/\/www.lassebacklund.fi\/?page_id=11892","title":{"rendered":"Ekonomiedirekt\u00f6r J. J. Wadstr\u00f6ms jordf\u00e4stning."},"content":{"rendered":"<p><span style=\"color: #000080; font-family: 'Helvetica','sans-serif';\">Artikel i Syd-\u00d6sterbotten tisdagen den 25 maj 1937:<\/span><\/p>\n<p><span style=\"margin: 0px; font-family: 'Helvetica','sans-serif';\"><span style=\"color: #000000;\">Den \u00e4gde rum under stort deltagande och mycket solenna former i Lappfj\u00e4rds kyrka i s\u00f6ndags kl.12.<\/span><\/span><\/p>\n<p><span style=\"margin: 0px; font-family: 'Helvetica','sans-serif';\"><span style=\"color: #000000;\">Sedan sorget\u00e5get anl\u00e4nt till kyrkan fr\u00e5n den avlidnes hem, sj\u00f6ngs psalmen 92. Prosten Rancken talade \u00f6ver texten \u201dJag \u00e4r uppst\u00e5ndelsen och livet\u201d, tr\u00f6stens ord till de s\u00f6rjande, samt f\u00f6rr\u00e4ttade jordf\u00e4stningen. Kantor Eskil Erickson sj\u00f6ng ett ansl\u00e5ende solo och Lappfj\u00e4rds kyrkok\u00f6r sj\u00f6ng en psalm.<\/span><\/span><\/p>\n<p><span style=\"margin: 0px; font-family: 'Helvetica','sans-serif';\"><span style=\"color: #000000;\">H\u00e4rp\u00e5 vidtog en riklig blomsterhyllning, som v\u00e4ltaligt vittnade om den uppskattning som den avlidne vunnit. Sedan de anh\u00f6riga nedlagt sina kransar, framtr\u00e4dde prosten Rancken, kyrkov\u00e4rden Karl Knus och ledamoten Erland Bj\u00f6rkman och nedlade en praktfull krans p\u00e5 kyrkor\u00e5dets och kyrkofullm\u00e4ktiges v\u00e4gnar, varvid prosten Rancken talade varmt till den avlidnes minne.<\/span><\/span><\/p>\n<p><span style=\"margin: 0px; font-family: 'Helvetica','sans-serif';\"><span style=\"color: #000000;\">Kommunalfullm\u00e4ktiges krans nedlades d\u00e4rp\u00e5 av ordf\u00f6rande Johan Lillkull och kommunaln\u00e4mndsordf\u00f6rande Viktor Rosenstedt, varvid den senare tackade den avlidne f\u00f6r of\u00f6rtrutet arbete till hembygdens fromma. Lappfj\u00e4rds kommuns l\u00e4rarinnors och l\u00e4rares nedlades av l\u00e4rarna Selim Knus och Henrik Rosenback. Syd\u00f6sterbottens l\u00e4rarkrets nedlade en krans gemom l\u00e4rarna K. E. Mattfolk och J. A. Brommels, varvid den sistn\u00e4mnda h\u00f6ll ett ansl\u00e5ende tal.<\/span><\/span><\/p>\n<p><span style=\"margin: 0px; font-family: 'Helvetica','sans-serif';\"><span style=\"color: #000000;\">Vidare nedlades kransar fr\u00e5n Dagsmark lantmannagille genom Frans Storkull, Dagsmark ungdomsf\u00f6rening genom fr\u00f6ken Storkull, Lappfj\u00e4rds skyddsk\u00e5r genom lokalchef Selim Bj\u00f6rses, ingenj\u00f6r Molander och bankdirekt\u00f6r H. Boije, Syd-\u00d6sterbottens redaktion genom fil.mag. J. R. af H\u00e4llstr\u00f6m, forna elever i Dagsmark, Helsingfors aktiebank, familjerna Molander, Teir, Lev\u00e1n, Gunnar Grankull, Rancken, Stjernberg, Boije, Lilja, Nylund, Starcke, Bergroth, W. Ulfves, Sj\u00f6blad, St\u00e5hlberg, fr\u00f6knarna Bast och Andersson, fru Maria Hummelg\u00e5rd, l\u00e4rare R. Heikfolk, samt Daga och V. Hinds. Rektor Joh. Nyquist h\u00f6ll ett ansl\u00e5ende tal och meddelade, att vid Lappfj\u00e4rds folkh\u00f6gskola bildats Ekonomidirekt\u00f6r J. J. Wadstr\u00f6ms minnes- och hyllningsfond, varvid bidrag l\u00e4mnats av Lappfj\u00e4rds folkh\u00f6gskola, samt familjerna Nyquist, af H\u00e4llstr\u00f6m, Hannus, Heikfolk, l\u00e4rare A. Gullans, kantor E. Erickson och fr\u00f6ken Hulda Blomberg.<\/span><\/span><\/p>\n<p><span style=\"margin: 0px; font-family: 'Helvetica','sans-serif';\"><span style=\"color: #000000;\">L\u00e4rare Einar Lind meddelade att en enahanda fond bildats vid Dagsmark folkskola. Genom andra fonder hyllades den avlidnes minne bl.a. av fru Maja Ingman, l\u00e4rare J. A. S\u00f6dergrann samt fruar Holmstr\u00f6m och Rehnb\u00e4ck. Ett flertal buketter nedlades \u00e4ven.<\/span><\/span><\/p>\n<p><span style=\"margin: 0px; font-family: 'Helvetica','sans-serif';\"><span style=\"color: #000000;\">S\u00e5 sj\u00f6ngs psalmen 161, varmed jordf\u00e4stningsakten var slut. Gravl\u00e4ggningen skedde d\u00e4rp\u00e5 p\u00e5 gravg\u00e5rden invid kyrkan.<\/span><\/span><\/p>\n","protected":false},"excerpt":{"rendered":"<p>Artikel i Syd-\u00d6sterbotten tisdagen den 25 maj 1937: Den \u00e4gde rum under stort deltagande och mycket solenna former i Lappfj\u00e4rds kyrka i s\u00f6ndags kl.12. Sedan sorget\u00e5get anl\u00e4nt till kyrkan fr\u00e5n den avlidnes hem, sj\u00f6ngs psalmen 92. Prosten Rancken talade \u00f6ver <a class=\"more-link\" href=\"https:\/\/www.lassebacklund.fi\/?page_id=11892\">Forts\u00e4tt l\u00e4sa <span class=\"screen-reader-text\">  Ekonomiedirekt\u00f6r J. J. Wadstr\u00f6ms jordf\u00e4stning.<\/span><span class=\"meta-nav\">&rarr;<\/span><\/a><\/p>\n","protected":false},"author":1,"featured_media":0,"parent":781,"menu_order":0,"comment_status":"closed","ping_status":"closed","template":"","meta":{"footnotes":""},"class_list":["post-11892","page","type-page","status-publish","hentry"],"_links":{"self":[{"href":"https:\/\/www.lassebacklund.fi\/index.php?rest_route=\/wp\/v2\/pages\/11892","targetHints":{"allow":["GET"]}}],"collection":[{"href":"https:\/\/www.lassebacklund.fi\/index.php?rest_route=\/wp\/v2\/pages"}],"about":[{"href":"https:\/\/www.lassebacklund.fi\/index.php?rest_route=\/wp\/v2\/types\/page"}],"author":[{"embeddable":true,"href":"https:\/\/www.lassebacklund.fi\/index.php?rest_route=\/wp\/v2\/users\/1"}],"replies":[{"embeddable":true,"href":"https:\/\/www.lassebacklund.fi\/index.php?rest_route=%2Fwp%2Fv2%2Fcomments&post=11892"}],"version-history":[{"count":2,"href":"https:\/\/www.lassebacklund.fi\/index.php?rest_route=\/wp\/v2\/pages\/11892\/revisions"}],"predecessor-version":[{"id":11894,"href":"https:\/\/www.lassebacklund.fi\/index.php?rest_route=\/wp\/v2\/pages\/11892\/revisions\/11894"}],"up":[{"embeddable":true,"href":"https:\/\/www.lassebacklund.fi\/index.php?rest_route=\/wp\/v2\/pages\/781"}],"wp:attachment":[{"href":"https:\/\/www.lassebacklund.fi\/index.php?rest_route=%2Fwp%2Fv2%2Fmedia&parent=11892"}],"curies":[{"name":"wp","href":"https:\/\/api.w.org\/{rel}","templated":true}]}}