{"id":11681,"date":"2019-03-17T23:49:53","date_gmt":"2019-03-17T21:49:53","guid":{"rendered":"http:\/\/www.lassebacklund.fi\/?page_id=11681"},"modified":"2019-03-17T23:58:17","modified_gmt":"2019-03-17T21:58:17","slug":"erik-anders-bokforing","status":"publish","type":"page","link":"https:\/\/www.lassebacklund.fi\/?page_id=11681","title":{"rendered":"Erik Anders\u00b4 bokf\u00f6ring."},"content":{"rendered":"<p>Erik Anders Klemets hade g\u00e5tt i den frivilliga folkskolan i Dagsmark och kunde d\u00e4rf\u00f6r b\u00e5de skriva och r\u00e4kna. De h\u00e4r kunskaperna anv\u00e4nde han n\u00e4r han bokf\u00f6rde utgifter och inkomster fr\u00e5n sitt hemman. \u00d6sterbottens Svenska Lantbrukss\u00e4llskap st\u00f6dde denna bokf\u00f6ring med att f\u00f6rm\u00e5nligt s\u00e4lja bokf\u00f6ringsb\u00f6cker, som var gjorda speciellt f\u00f6r jordbrukare. Erik Anders tog i bruk bokf\u00f6ringsboken \u00e5r 1907.<\/p>\n<figure id=\"attachment_11683\" aria-describedby=\"caption-attachment-11683\" style=\"width: 472px\" class=\"wp-caption alignnone\"><img loading=\"lazy\" decoding=\"async\" class=\" wp-image-11683\" src=\"http:\/\/www.lassebacklund.fi\/wp-content\/uploads\/2019\/03\/20-Kassabok-p\u00e4rm.jpg\" alt=\"\" width=\"472\" height=\"730\" srcset=\"https:\/\/www.lassebacklund.fi\/wp-content\/uploads\/2019\/03\/20-Kassabok-p\u00e4rm.jpg 1095w, https:\/\/www.lassebacklund.fi\/wp-content\/uploads\/2019\/03\/20-Kassabok-p\u00e4rm-194x300.jpg 194w, https:\/\/www.lassebacklund.fi\/wp-content\/uploads\/2019\/03\/20-Kassabok-p\u00e4rm-768x1187.jpg 768w, https:\/\/www.lassebacklund.fi\/wp-content\/uploads\/2019\/03\/20-Kassabok-p\u00e4rm-662x1024.jpg 662w\" sizes=\"auto, (max-width: 472px) 100vw, 472px\" \/><figcaption id=\"caption-attachment-11683\" class=\"wp-caption-text\">Den h\u00e4r bokf\u00f6ringsboken hade kostat 1 mark 25 p, plus 30 penni i postporto och kunde best\u00e4llas av sekreteraren O. W. Sl\u00e4tis p\u00e5 \u00d6sterbottens Svenska Lantbrukss\u00e4llskap.<\/figcaption><\/figure>\n<p>P\u00e5 f\u00f6rsta sidan skrev han att hemmanet var 5\/144 mantal stort, markerna v\u00e4rderades till 8\u00a0000 mark och byggnaderna till 3\u00a0300 mark. Det fanns p\u00e5 hemmanet 1 h\u00e4st, 3 kor, 2 kvigor, 6 f\u00e5r, 3 lamm och till och med 2 svin. Han var ocks\u00e5 del\u00e4gare i Tjurf\u00f6reningens tjur och s\u00e5 fanns det stor m\u00e4ngd potatis, h\u00f6 och spannm\u00e5l i f\u00f6rr\u00e5den.<\/p>\n<p>Det fanns skulder p\u00e5 7\u00a0525 mark, tillg\u00e5ngarna v\u00e4rderades till totalt 26\u00a0815, vilket gjorde en f\u00f6rm\u00f6genhet p\u00e5 19\u00a0290 mark.<\/p>\n<p>Erik Anders Klemets hemman Sundblom var vid storskiftet p\u00e5 totalt 33 hektar och vid skiftesregleringen fick han ers\u00e4ttning f\u00f6r odlingskostnader 414 mark och i skogslikvid 160 mark. Han \u00e4gde ocks\u00e5 1\/144 mantal av Gr\u00f6nroos hemman, som utgjordes av \u00e5ker 2,5 ha, \u00e4ngar i Stormyran 1,5 ha \u201dbr\u00e4d i vardera \u00e4ndan 48 meter\u201d. Skog fanns det totalt 3,8 ha p\u00e5 tv\u00e5 st\u00e4llen, i \u201dM\u00e5ssan nedan om Sundblom\u201d och \u201dfr\u00e5n \u00f6fvre \u00e4ndan\u201d och i skogslikvid hade han bekommit 127 mark.<\/p>\n<p>I slutet p\u00e5 boken hade han gjort f\u00f6ljande anteckning: <em>W\u00e5ren 1901 Jik r\u00e5gen i ax den 5 Juni men d\u00e5 intred en skarp tj\u00f6ld mellan den 9 och 12 Juni, som helt och h\u00e5llet f\u00f6rst\u00f6rde alla r\u00e5gax som var ut, samt korn och haverbr\u00e5dd, det var enda till 3 \u00bd grader k\u00f6ld tilika var en str\u00e4ng t\u00e5rka s\u00e5 det k\u00e5m inte n\u00e5got regn enda fr\u00e5n midten p\u00e5 May m\u00e5nad tills en vekka efter Mids\u00e5mmaren eller den 1 Juli.<\/em><\/p>\n<figure id=\"attachment_11684\" aria-describedby=\"caption-attachment-11684\" style=\"width: 1506px\" class=\"wp-caption alignnone\"><img loading=\"lazy\" decoding=\"async\" class=\"size-full wp-image-11684\" src=\"http:\/\/www.lassebacklund.fi\/wp-content\/uploads\/2019\/03\/21-kassabok-in.jpg\" alt=\"\" width=\"1506\" height=\"1285\" srcset=\"https:\/\/www.lassebacklund.fi\/wp-content\/uploads\/2019\/03\/21-kassabok-in.jpg 1506w, https:\/\/www.lassebacklund.fi\/wp-content\/uploads\/2019\/03\/21-kassabok-in-300x256.jpg 300w, https:\/\/www.lassebacklund.fi\/wp-content\/uploads\/2019\/03\/21-kassabok-in-768x655.jpg 768w, https:\/\/www.lassebacklund.fi\/wp-content\/uploads\/2019\/03\/21-kassabok-in-1024x874.jpg 1024w\" sizes=\"auto, (max-width: 1506px) 100vw, 1506px\" \/><figcaption id=\"caption-attachment-11684\" class=\"wp-caption-text\">Inkomster och utgifter bokf\u00f6rdes utf\u00f6rligt av bonden Erik Anders Klemets, som sedan bytte namn till Sundblom.<\/figcaption><\/figure>\n","protected":false},"excerpt":{"rendered":"<p>Erik Anders Klemets hade g\u00e5tt i den frivilliga folkskolan i Dagsmark och kunde d\u00e4rf\u00f6r b\u00e5de skriva och r\u00e4kna. De h\u00e4r kunskaperna anv\u00e4nde han n\u00e4r han bokf\u00f6rde utgifter och inkomster fr\u00e5n sitt hemman. \u00d6sterbottens Svenska Lantbrukss\u00e4llskap st\u00f6dde denna bokf\u00f6ring med att <a class=\"more-link\" href=\"https:\/\/www.lassebacklund.fi\/?page_id=11681\">Forts\u00e4tt l\u00e4sa <span class=\"screen-reader-text\">  Erik Anders\u00b4 bokf\u00f6ring.<\/span><span class=\"meta-nav\">&rarr;<\/span><\/a><\/p>\n","protected":false},"author":1,"featured_media":0,"parent":2370,"menu_order":0,"comment_status":"closed","ping_status":"closed","template":"","meta":{"footnotes":""},"class_list":["post-11681","page","type-page","status-publish","hentry"],"_links":{"self":[{"href":"https:\/\/www.lassebacklund.fi\/index.php?rest_route=\/wp\/v2\/pages\/11681","targetHints":{"allow":["GET"]}}],"collection":[{"href":"https:\/\/www.lassebacklund.fi\/index.php?rest_route=\/wp\/v2\/pages"}],"about":[{"href":"https:\/\/www.lassebacklund.fi\/index.php?rest_route=\/wp\/v2\/types\/page"}],"author":[{"embeddable":true,"href":"https:\/\/www.lassebacklund.fi\/index.php?rest_route=\/wp\/v2\/users\/1"}],"replies":[{"embeddable":true,"href":"https:\/\/www.lassebacklund.fi\/index.php?rest_route=%2Fwp%2Fv2%2Fcomments&post=11681"}],"version-history":[{"count":3,"href":"https:\/\/www.lassebacklund.fi\/index.php?rest_route=\/wp\/v2\/pages\/11681\/revisions"}],"predecessor-version":[{"id":11686,"href":"https:\/\/www.lassebacklund.fi\/index.php?rest_route=\/wp\/v2\/pages\/11681\/revisions\/11686"}],"up":[{"embeddable":true,"href":"https:\/\/www.lassebacklund.fi\/index.php?rest_route=\/wp\/v2\/pages\/2370"}],"wp:attachment":[{"href":"https:\/\/www.lassebacklund.fi\/index.php?rest_route=%2Fwp%2Fv2%2Fmedia&parent=11681"}],"curies":[{"name":"wp","href":"https:\/\/api.w.org\/{rel}","templated":true}]}}