{"id":11629,"date":"2019-03-16T00:17:04","date_gmt":"2019-03-15T22:17:04","guid":{"rendered":"http:\/\/www.lassebacklund.fi\/?page_id=11629"},"modified":"2025-12-28T17:50:22","modified_gmt":"2025-12-28T15:50:22","slug":"ronnqvists-pa-dagsmarkvagen-292","status":"publish","type":"page","link":"https:\/\/www.lassebacklund.fi\/?page_id=11629","title":{"rendered":"R\u00f6nnqvists p\u00e5 Dagsmarkv\u00e4gen 292"},"content":{"rendered":"<figure id=\"attachment_11371\" aria-describedby=\"caption-attachment-11371\" style=\"width: 1820px\" class=\"wp-caption alignnone\"><img loading=\"lazy\" decoding=\"async\" class=\"wp-image-11371 size-full\" src=\"http:\/\/www.lassebacklund.fi\/wp-content\/uploads\/2019\/02\/31-Rajam\u00e4ki-g\u00e5rden.jpg\" alt=\"\" width=\"1820\" height=\"1358\" srcset=\"https:\/\/www.lassebacklund.fi\/wp-content\/uploads\/2019\/02\/31-Rajam\u00e4ki-g\u00e5rden.jpg 1820w, https:\/\/www.lassebacklund.fi\/wp-content\/uploads\/2019\/02\/31-Rajam\u00e4ki-g\u00e5rden-300x224.jpg 300w, https:\/\/www.lassebacklund.fi\/wp-content\/uploads\/2019\/02\/31-Rajam\u00e4ki-g\u00e5rden-768x573.jpg 768w, https:\/\/www.lassebacklund.fi\/wp-content\/uploads\/2019\/02\/31-Rajam\u00e4ki-g\u00e5rden-1024x764.jpg 1024w\" sizes=\"auto, (max-width: 1820px) 100vw, 1820px\" \/><figcaption id=\"caption-attachment-11371\" class=\"wp-caption-text\">Den h\u00e4r gamla g\u00e5rden byggdes i slutet av 1800-talet av bonden Viktor Andersson Klemets, senare R\u00f6nnqvist och hans hustru Aurora Johansdotter (f. Rosenback). G\u00e5rden som stod n\u00e4ra Elof Lindells snickeri har under \u00e5ren haft m\u00e5nga \u00e4gare. Fotot \u00e4r taget fr\u00e5n s\u00f6der.<\/figcaption><\/figure>\n<p><strong><span style=\"color: #000080;\">Sammanst\u00e4llt av Lasse Backlund i mars 2019.<\/span> <span style=\"color: #000080;\">Flera fotografier \u00e4r l\u00e5nade av Ingmar Roseng\u00e5rd.<\/span><\/strong><\/p>\n<h3><strong>G\u00e5rdens historia<\/strong><\/h3>\n<p>Viktor R\u00f6nnqvist (1858-1944) var son till gamla bonden p\u00e5 \u201dAndersas\u201d Anders Henrik Klemets (1818-1884) och Maria Helena (1818-1906).<\/p>\n<p>Viktor R\u00f6nnqvist hade \u00e4rvt detta hemman av sina f\u00f6r\u00e4ldrar. Hans mor i sin tur hade f\u00f6rv\u00e4rvat denna hemmansdel av sin bror Erik Klemets, som kallades &#8221;Klemes Erk&#8221;. Eriks hemman hade funnits p\u00e5 nuvarande Majbo tomt men p\u00e5 grund av missbruk hade Erik hamnat under f\u00f6rmynderskap \u00e5r 1859. Halva hemmanet s\u00e5ldes d\u00e5 \u00e5t systern Maria Helena och hennes man Anders Klemets (1818-1884). Efter Anders\u00b4 d\u00f6d \u00f6vertog sonen Viktor hemmanet och \u00e5r 1884 fick han fastebrev p\u00e5 detta hemman omfattande 1\/24 mantal av Klemets hemman.<\/p>\n<p><strong>\u00c5r 1887<\/strong> gifte sig Viktor med Rora, som p\u00e5 riktigt hette Aurora Rosenback (1870-1940) och var dotter till bonden, g\u00e4stgivaren och h\u00e4radsn\u00e4mndemannen Johan \u201dSebbin\u201d Rosenback eller Finne (1817-1883), som bodde p\u00e5 Sebasbackan. \u00a0Auroras mor var Sebbins andra hustru Mathilda Waxlax (f. i Mustasaari 1838-1927). Viktor kallades i folkmun f\u00f6r \u201dRooraas Viktor\u201d.<\/p>\n<p>Mellan \u00e5ren 1889 till 1901 fick Viktor R\u00f6nnqvist och Aurora fem barn, som alla dog i unga \u00e5r. I mars 1904 invaldes Viktor i kommunens brandstodsbolag eftersom den tidigare ledamoten Josef Lillkull hade emigrerat till Syd-Afrika.<\/p>\n<h4><strong>Viktor R\u00f6nnqvist s\u00e4ljer hemmanet \u00e5t Emil Nyberg och Viktor L\u00e5ngqvist.<\/strong><\/h4>\n<p>I storskiftet 1900-1912 fick Viktor R\u00f6nnqvist sitt hemman R\u00f6nnkvist 1:7 p\u00e5 30 hektar v\u00e4l samlat i ett skifte runt hemg\u00e5rden, medan skogen fanns p\u00e5 By\u00e5sen, Svartmossen, Bymossen och Stormyron.<\/p>\n<p>Omkring \u00e5r 1930 s\u00e5lde Viktor och Rora en del av hemmanet \u00e5t Emil Nyberg, s\u00e5 att de blev kvar med 1\/24 dels mtl. Ett omr\u00e5de de s\u00e5lde var p\u00e5 0,8 ha och l\u00e5g i Klemets\u00e4ndan i r\u00e5n mot hemmanet Vesterg\u00e5rd och p\u00e5 denna l\u00e4genhet finns i dag en s\u00e5ganl\u00e4ggning. Ett annat st\u00f6rre omr\u00e5de p\u00e5 11 ha fanns upp i Bymossan och st\u00f6rsta delen av det var skog. Viktor R\u00f6nnqvist var bonde p\u00e5 resten av hemmanet fram till 8 maj1936 d\u00e5 han s\u00e5lde den resterande delen av hemmanet p\u00e5 1\/24 mtl f\u00f6r 75 000 mark &#8221;Lillk\u00e5rk&#8221; Viktor L\u00e5ngkvist. Viktor L\u00e5ngqvist, som var \u00e4nkling var f\u00f6dd \u00e5r 1880 och hade varit gift tv\u00e5 g\u00e5nger och hade sonen Gunnar.<\/p>\n<p>I k\u00f6pet ingick hela hemmanet, till och med en h\u00e4st och en sl\u00e5maskin men inte ett 1 hektar stort omr\u00e5de n\u00e4ra Kv\u00e4\u00e4n-Josip Guss, mellan Emil Nybergs r\u00e5 och ett utfallsdike. P\u00e5 det h\u00e4r omr\u00e5det byggde Viktor och Aurora en sytningsstuga, d\u00e4r de bodde s\u00e5 l\u00e4nge de levde. Efter Viktors d\u00f6d 1944 s\u00e5 \u00f6vertogs den tomten och huset av bonden Emil Backlund, som sedan gav det vidare \u00e5t sin dotter Ethel som var gift med mj\u00f6lnaren Veli Kangas, som efter en tid byggde en ny g\u00e5rd p\u00e5 samma tomt.<\/p>\n<figure id=\"attachment_11628\" aria-describedby=\"caption-attachment-11628\" style=\"width: 989px\" class=\"wp-caption alignnone\"><img loading=\"lazy\" decoding=\"async\" class=\"size-full wp-image-11628\" src=\"http:\/\/www.lassebacklund.fi\/wp-content\/uploads\/2019\/03\/7-R\u00f6nnkvist-karta.jpg\" alt=\"\" width=\"989\" height=\"913\" srcset=\"https:\/\/www.lassebacklund.fi\/wp-content\/uploads\/2019\/03\/7-R\u00f6nnkvist-karta.jpg 989w, https:\/\/www.lassebacklund.fi\/wp-content\/uploads\/2019\/03\/7-R\u00f6nnkvist-karta-300x277.jpg 300w, https:\/\/www.lassebacklund.fi\/wp-content\/uploads\/2019\/03\/7-R\u00f6nnkvist-karta-768x709.jpg 768w\" sizes=\"auto, (max-width: 989px) 100vw, 989px\" \/><figcaption id=\"caption-attachment-11628\" class=\"wp-caption-text\">Hemmanet R\u00f6nnkvist nr 1:7 var v\u00e4l samlat och den r\u00f6da pilen visar p\u00e5 sj\u00e4lva g\u00e5rden och uthusen. N\u00e4rmare landsv\u00e4gen stod i tiderna en g\u00e5rd, d\u00e4r &#8221;J\u00e5ssas Erik J\u00e5han&#8221; har bott, vem nu det \u00e4r. Mitt p\u00e5 skiftet s\u00e5 finns en g\u00e5rd utritad och det kan mycket v\u00e4l vara den g\u00e5rd som Emil och Hulda L\u00f6fgren flyttade upp till Korsb\u00e4ckv\u00e4gen 38, n\u00e4r de gifte sig.<\/figcaption><\/figure>\n<figure id=\"attachment_11975\" aria-describedby=\"caption-attachment-11975\" style=\"width: 592px\" class=\"wp-caption alignnone\"><img loading=\"lazy\" decoding=\"async\" class=\"size-full wp-image-11975\" src=\"http:\/\/www.lassebacklund.fi\/wp-content\/uploads\/2019\/04\/Viktor-och-Aurora-R\u00f6nnkvist.jpg\" alt=\"\" width=\"592\" height=\"356\" srcset=\"https:\/\/www.lassebacklund.fi\/wp-content\/uploads\/2019\/04\/Viktor-och-Aurora-R\u00f6nnkvist.jpg 592w, https:\/\/www.lassebacklund.fi\/wp-content\/uploads\/2019\/04\/Viktor-och-Aurora-R\u00f6nnkvist-300x180.jpg 300w\" sizes=\"auto, (max-width: 592px) 100vw, 592px\" \/><figcaption id=\"caption-attachment-11975\" class=\"wp-caption-text\">Viktor och Aurora R\u00f6nnqvist utanf\u00f6r sin sytningsstuga, som de byggde d\u00e5 de s\u00e5lde hemmanet och huvudbyggnaden \u00e5t Viktor L\u00e5ngkvist.<\/figcaption><\/figure>\n<h4><strong>Viktor L\u00e5ngqvist s\u00e4ljer hemmanet \u00e5t olika k\u00f6pare<\/strong><\/h4>\n<p>Direkt efter k\u00f6pet b\u00f6rjade Viktor L\u00e5ngqvist s\u00e4lja ut hemmanet i delar \u00e5t olika k\u00f6pare. K\u00f6parna skulle f\u00f6rutom k\u00f6peskillingen, \u00e5rligen ge sytning \u00e5t f\u00f6rra \u00e4garen Viktor och Aurora R\u00f6nnqvist.<\/p>\n<p><strong>\u00c5r 1936, den 8 maj<\/strong> s\u00e5lde L\u00e5ngqvist 2 tunnland mark i den v\u00e4stra r\u00e5n \u00e5t Viktor och Aurora R\u00f6nnqvist f\u00f6r 5 000 mark. R\u00f6nnqvist br\u00f6t ut omr\u00e5det, som fick namnet R\u00f6nn 1:74.<\/p>\n<p><strong>\u00c5r 1936, den 29 juni<\/strong> s\u00e5lde L\u00e5ngqvist ett markomr\u00e5de v\u00e4ster om hemskiftet \u00e5t Valter och Jenny Lindell f\u00f6r 29 000 mark. Omr\u00e5det p\u00e5 2 ha fick namnet \u00c4rosmossen 1:73 och anv\u00e4nds idag som odlingsmark.<\/p>\n<p><strong>\u00c5r 1936, den 29 juni<\/strong> s\u00e5lde L\u00e5ngqvist ett markomr\u00e5de v\u00e4ster om hemskiftet \u00e5t Arthur och Hulda Lindell f\u00f6r 29 000 mark. Omr\u00e5det p\u00e5 2 ha fick namnet Alros 1:74.\u00a0allts\u00e5 det omr\u00e5de d\u00e4r deras dotter Gunhild och hennes man Helmer 10 \u00e5r senare byggde sitt hem. Av detta Alros l\u00e4genhet s\u00e5lde Artur Lindell i april 1945 ett litet omr\u00e5de \u00e5t skomakaren Artur L\u00f6vholm, dit han hade flyttat en g\u00e5rd fr\u00e5n Nystad.<\/p>\n<p><strong>\u00c5r 1936, den 23 juli<\/strong> s\u00e5lde L\u00e5ngqvist byggnaderna och hemskiftet \u00e5t Niilo och Alma Hakala f\u00f6r 45 000 mark. I k\u00f6pet ingick skogarna p\u00e5 Drag\u00e5sen och Ris\u00e5sen. Den 3 november s\u00e5lde Hakala skogen p\u00e5 Drag\u00e5sen \u00e5t Nikolai Ojanper\u00e4 och Aarne Mannila fr\u00e5n Stor\u00e5..<\/p>\n<p><strong>Den 12 november samma \u00e5r<\/strong> s\u00e5lde L\u00e5ngqvist skogen p\u00e5 Bymossen \u00e5t Hakala f\u00f6r 9 000 mark. Niilo vad f\u00f6dd 1904 i Lappfj\u00e4rd och \u00e5r 1923 hade han gift sig med Alma Matintyt\u00e4r Koskenkorva, f\u00f6dd 1896. Den h\u00e4r tiden fanns det starka svenska krafter som motsatte sig hemmansf\u00f6rs\u00e4ljningar \u00e5t finnar. Tidningen Syd-\u00d6sterbotten fick nys om detta och skrev s\u00e5 h\u00e4r nedl\u00e5tande om aff\u00e4ren:<\/p>\n<h5><em><strong>Svensk jord i finska h\u00e4nder.<\/strong><\/em><\/h5>\n<p><em>I Dagsmark har avslutats ett hemmansk\u00f6p som v\u00e4ckt allm\u00e4n f\u00f6rtrytelse bland ortsbefolkningen. R\u00f6nnkvist l\u00e4genhet som i hundratals \u00e5r \u00e4gts och brukats av svenskar har nyligen \u00f6verg\u00e5tt i finskt \u00e4go. Hemmanet har enligt bybornas utsago senaste v\u00e5r ink\u00f6pts i spekulationssyfte, och ser det \u00e4ven nu ut som om k\u00e4rleken till Mammon genom framom allt annat. Vi skulle inte s\u00e4ga n\u00e5got ifall svenska spekulanter inte hade funnits men l\u00e4r det inte ha varit brist p\u00e5 s\u00e5dana.<\/em><\/p>\n<p><strong>\u00c5r 1936, den 20 augusti<\/strong> s\u00e5lde L\u00e5ngqvist \u00e4ngar och skog n\u00e4rmare Bymossen f\u00f6r 4 000 mark \u00e5t br\u00f6derna Gunnar och Eskil Guss. Omr\u00e5det var p\u00e5 7,5 ha och fick namnet Stormyr.<\/p>\n<h4><strong>Hakala s\u00e4ljer g\u00e5rden \u00e5t Rajam\u00e4ki.<\/strong><\/h4>\n<p>Under kriget \u00e5r 1942 k\u00f6pte Heikki och Martta Rajam\u00e4ki hemmanet av familjen Hakala. Familjen bestod av:<\/p>\n<p>-fadern \u201dHeikki\u201d eller Henrik Hjalmar (f.1897 i Merikarvia) och modern Martta (f.1903 i Kajana), samt barnen Reino (f.1928), Pekka (f.1935), Pirkko (f.1937), Sointu Karin (f.1937), alla f\u00f6dda i Rovaniemi, Terttu (f.1939 i Merikarvia) och V\u00e4in\u00f6 (f. 1942 i Dagsmark).<\/p>\n<p>Enligt mantalsl\u00e4ngden 1948 s\u00e5 bodde ocks\u00e5 karelarfamiljen Muikku i Rajam\u00e4kis g\u00e5rd. Fadern var arbetaren Antti Muikku fr\u00e5n Pielisj\u00e4rvi och modern hette Anne Maria (f. Haakana i Jaakkima) och s\u00e5 hade de fem barn f\u00f6dda \u00e5ren 1936 &#8211; 1945.<\/p>\n<h4><strong>Rajam\u00e4ki s\u00e4ljer g\u00e5rden \u00e5t Onni Heini\u00f6.<\/strong><\/h4>\n<p>I september 1954 k\u00f6pte Onni Heini\u00f6 R\u00f6nnkvist hemman av Rajam\u00e4kis men Onni och Tyyne bodde inte alls d\u00e4r utan de hyrde ut g\u00e5rden \u00e5t Algot och Margit Roseng\u00e5rd, som hade bott i g\u00e5rden p\u00e5 hyra sedan 1950.<\/p>\n<h4><strong>Heini\u00f6 s\u00e4ljer g\u00e5rden \u00e5t Paavo Enberg.<\/strong><\/h4>\n<p>\u00c5r 1955, den 23 juni s\u00e5lde Onni och Tyyne Heini\u00f6 den den gamla g\u00e5rden och ett jordomr\u00e5de p\u00e5 ca 1,1 ha f\u00f6r 380 000 mark \u00e5t minder\u00e5riga Antti Enberg (f.1938) med godk\u00e4nnande av f\u00f6rmyndaren Paavo Enberg. Enbergs familj hade i 2-3 \u00e5rs tid bott i <a href=\"https:\/\/www.lassebacklund.fi\/?page_id=11146\">Skomakas-Viktor Rosenlunds<\/a> g\u00e5rd p\u00e5 Sunnantillv\u00e4gen. Familjen Roseng\u00e5rd hade \u00e5ret innan flyttat till <a href=\"http:\/\/www.lassebacklund.fi\/?page_id=3082\">\u00c5backv\u00e4gen 14<\/a> i byns centrum d\u00e5 Enbergs flyttade till g\u00e5rden \u00e5r 1955.<\/p>\n<p>Vill du l\u00e4sa mera om familjen Enberg, s\u00e5 skall du klicka <a href=\"http:\/\/www.lassebacklund.fi\/?page_id=11372\"><span style=\"text-decoration: underline;\"><span style=\"color: #000080;\"><strong>H\u00c4R!<\/strong><\/span><\/span><\/a><\/p>\n<h4><strong>Enberg s\u00e4ljer g\u00e5rden \u00e5t Ernst och Greta Lindell.<\/strong><\/h4>\n<p>Familjen Enberg flyttade till Lerviken i Kristinestad \u00e5r 1963 och efter det har ingen bott i g\u00e5rden. \u00c5r 1964, den 11 januari s\u00e5lde Antti Enberg den obebodda g\u00e5rden och tomten p\u00e5 1,1 ha f\u00f6r 3 000 mark \u00e5t chauff\u00f6ren Ernst Lindell och hans hustru Greta.<\/p>\n<p>Sj\u00e4lva g\u00e5rden revs i mitten p\u00e5 1960-talet och av stockarna hyvlades byggnadsvirke till Hans och Gunlis Lindells g\u00e5rd p\u00e5 Dagsmarkv\u00e4gen 316.<\/p>\n<h4><strong>Foton.<\/strong><\/h4>\n<figure id=\"attachment_11640\" aria-describedby=\"caption-attachment-11640\" style=\"width: 1709px\" class=\"wp-caption alignnone\"><img loading=\"lazy\" decoding=\"async\" class=\"size-full wp-image-11640\" src=\"http:\/\/www.lassebacklund.fi\/wp-content\/uploads\/2019\/03\/Rajam\u00e4kis-g\u00e5rd-1965.-Ingmar-bodde-d\u00e4r-1950-1954..jpg\" alt=\"\" width=\"1709\" height=\"882\" srcset=\"https:\/\/www.lassebacklund.fi\/wp-content\/uploads\/2019\/03\/Rajam\u00e4kis-g\u00e5rd-1965.-Ingmar-bodde-d\u00e4r-1950-1954..jpg 1709w, https:\/\/www.lassebacklund.fi\/wp-content\/uploads\/2019\/03\/Rajam\u00e4kis-g\u00e5rd-1965.-Ingmar-bodde-d\u00e4r-1950-1954.-300x155.jpg 300w, https:\/\/www.lassebacklund.fi\/wp-content\/uploads\/2019\/03\/Rajam\u00e4kis-g\u00e5rd-1965.-Ingmar-bodde-d\u00e4r-1950-1954.-768x396.jpg 768w, https:\/\/www.lassebacklund.fi\/wp-content\/uploads\/2019\/03\/Rajam\u00e4kis-g\u00e5rd-1965.-Ingmar-bodde-d\u00e4r-1950-1954.-1024x528.jpg 1024w\" sizes=\"auto, (max-width: 1709px) 100vw, 1709px\" \/><figcaption id=\"caption-attachment-11640\" class=\"wp-caption-text\">G\u00e5rden fotograferad fr\u00e5n s\u00f6der \u00e5r 1965, allts\u00e5 n\u00e5got \u00e5r f\u00f6re den revs.<\/figcaption><\/figure>\n<figure id=\"attachment_11638\" aria-describedby=\"caption-attachment-11638\" style=\"width: 940px\" class=\"wp-caption alignnone\"><img loading=\"lazy\" decoding=\"async\" class=\"size-full wp-image-11638\" src=\"http:\/\/www.lassebacklund.fi\/wp-content\/uploads\/2019\/03\/Ingmar-och-Bjarne-framf\u00f6r-Rajam\u00e4kis-g\u00e5rd.jpg\" alt=\"\" width=\"940\" height=\"631\" srcset=\"https:\/\/www.lassebacklund.fi\/wp-content\/uploads\/2019\/03\/Ingmar-och-Bjarne-framf\u00f6r-Rajam\u00e4kis-g\u00e5rd.jpg 940w, https:\/\/www.lassebacklund.fi\/wp-content\/uploads\/2019\/03\/Ingmar-och-Bjarne-framf\u00f6r-Rajam\u00e4kis-g\u00e5rd-300x201.jpg 300w, https:\/\/www.lassebacklund.fi\/wp-content\/uploads\/2019\/03\/Ingmar-och-Bjarne-framf\u00f6r-Rajam\u00e4kis-g\u00e5rd-768x516.jpg 768w\" sizes=\"auto, (max-width: 940px) 100vw, 940px\" \/><figcaption id=\"caption-attachment-11638\" class=\"wp-caption-text\">Br\u00f6derna Ingmar och Bjarne Roseng\u00e5rd framf\u00f6r g\u00e5rden i b\u00f6rjan av 1950-talet.<\/figcaption><\/figure>\n<figure id=\"attachment_11639\" aria-describedby=\"caption-attachment-11639\" style=\"width: 647px\" class=\"wp-caption alignnone\"><img loading=\"lazy\" decoding=\"async\" class=\"size-full wp-image-11639\" src=\"http:\/\/www.lassebacklund.fi\/wp-content\/uploads\/2019\/03\/Ingmar-Olavi-Annel-Grans-och-Anna-Lisa-Lindell-med-Enbergas-g\u00e5rden-tv.jpg\" alt=\"\" width=\"647\" height=\"406\" srcset=\"https:\/\/www.lassebacklund.fi\/wp-content\/uploads\/2019\/03\/Ingmar-Olavi-Annel-Grans-och-Anna-Lisa-Lindell-med-Enbergas-g\u00e5rden-tv.jpg 647w, https:\/\/www.lassebacklund.fi\/wp-content\/uploads\/2019\/03\/Ingmar-Olavi-Annel-Grans-och-Anna-Lisa-Lindell-med-Enbergas-g\u00e5rden-tv-300x188.jpg 300w\" sizes=\"auto, (max-width: 647px) 100vw, 647px\" \/><figcaption id=\"caption-attachment-11639\" class=\"wp-caption-text\">Ingmar Roseng\u00e5rd, Olavi Niemi, Annel Grans och Anna-Lisa Lindell med Rajam\u00e4kis g\u00e5rd till v\u00e4nster. Olavi Niemi bodde hos mormor och morfar i L\u00f6vholms g\u00e5rd, som finns till v\u00e4nster om fotografen. \u00c5ret \u00e4r 1952.<\/figcaption><\/figure>\n","protected":false},"excerpt":{"rendered":"<p>Sammanst\u00e4llt av Lasse Backlund i mars 2019. Flera fotografier \u00e4r l\u00e5nade av Ingmar Roseng\u00e5rd. G\u00e5rdens historia Viktor R\u00f6nnqvist (1858-1944) var son till gamla bonden p\u00e5 \u201dAndersas\u201d Anders Henrik Klemets (1818-1884) och Maria Helena (1818-1906). Viktor R\u00f6nnqvist hade \u00e4rvt detta hemman <a class=\"more-link\" href=\"https:\/\/www.lassebacklund.fi\/?page_id=11629\">Forts\u00e4tt l\u00e4sa <span class=\"screen-reader-text\">  R\u00f6nnqvists p\u00e5 Dagsmarkv\u00e4gen 292<\/span><span class=\"meta-nav\">&rarr;<\/span><\/a><\/p>\n","protected":false},"author":1,"featured_media":0,"parent":61,"menu_order":292,"comment_status":"closed","ping_status":"closed","template":"","meta":{"footnotes":""},"class_list":["post-11629","page","type-page","status-publish","hentry"],"_links":{"self":[{"href":"https:\/\/www.lassebacklund.fi\/index.php?rest_route=\/wp\/v2\/pages\/11629","targetHints":{"allow":["GET"]}}],"collection":[{"href":"https:\/\/www.lassebacklund.fi\/index.php?rest_route=\/wp\/v2\/pages"}],"about":[{"href":"https:\/\/www.lassebacklund.fi\/index.php?rest_route=\/wp\/v2\/types\/page"}],"author":[{"embeddable":true,"href":"https:\/\/www.lassebacklund.fi\/index.php?rest_route=\/wp\/v2\/users\/1"}],"replies":[{"embeddable":true,"href":"https:\/\/www.lassebacklund.fi\/index.php?rest_route=%2Fwp%2Fv2%2Fcomments&post=11629"}],"version-history":[{"count":27,"href":"https:\/\/www.lassebacklund.fi\/index.php?rest_route=\/wp\/v2\/pages\/11629\/revisions"}],"predecessor-version":[{"id":25266,"href":"https:\/\/www.lassebacklund.fi\/index.php?rest_route=\/wp\/v2\/pages\/11629\/revisions\/25266"}],"up":[{"embeddable":true,"href":"https:\/\/www.lassebacklund.fi\/index.php?rest_route=\/wp\/v2\/pages\/61"}],"wp:attachment":[{"href":"https:\/\/www.lassebacklund.fi\/index.php?rest_route=%2Fwp%2Fv2%2Fmedia&parent=11629"}],"curies":[{"name":"wp","href":"https:\/\/api.w.org\/{rel}","templated":true}]}}