{"id":11612,"date":"2019-03-13T00:03:20","date_gmt":"2019-03-12T22:03:20","guid":{"rendered":"http:\/\/www.lassebacklund.fi\/?page_id=11612"},"modified":"2020-09-29T18:05:03","modified_gmt":"2020-09-29T15:05:03","slug":"add-ivar-westerbacks-bakgrund","status":"publish","type":"page","link":"https:\/\/www.lassebacklund.fi\/?page_id=11612","title":{"rendered":"\u201d\u00c5dd-Ivar\u201d Westerbacks bakgrund."},"content":{"rendered":"<p><span style=\"color: #000080;\"><span style=\"font-family: 'Helvetica','sans-serif';\">Nedtecknat av Lasse Backlund i mars 2019, med hj\u00e4lp av Erik Andtfolks sl\u00e4ktutredning.<\/span><\/span><\/p>\n<p><span style=\"margin: 0px; font-family: 'Helvetica','sans-serif';\"><span style=\"color: #000000;\">Han f\u00f6ddes som <strong>Johan <u>Ivar<\/u> Karlsson Mangs<\/strong> 12 december 1860 i K\u00e4rjenkoski i Stor\u00e5. Hans far var Karl Johan Karlsson \u00d6sterling (f\u00f6dd i Sideby 1829, d\u00f6d i Kasab\u00f6le i Sastmola 1867) och hans mor var Anna Sofia Eriksdotter L\u00e5ng (f\u00f6dd i Dagsmark 1832, d\u00f6d i Dagsmark 1918).<\/span><\/span><\/p>\n<p><span style=\"margin: 0px; font-family: 'Helvetica','sans-serif';\"><span style=\"color: #000000;\">Paret \u00d6sterling \u00f6vertog \u00e5r 1852 ett Mangs hemman i Lappfj\u00e4rd efter Karl Johans far Karl Fredrik Mattsson \u00d6sterling och de bytte d\u00e5 sl\u00e4ktnamn till Mangs. Redan 1856 s\u00e5lde de hemmanet Mangs och flyttade till K\u00e4rjenkoski, d\u00e4r de k\u00f6pte ett hemman av Kankaanp\u00e4\u00e4 skattehemman. S\u00e4ljare h\u00e4r var Matts Johansson Uljens och under tiden som de bodde i K\u00e4rjenkoski anv\u00e4nde de sl\u00e4ktnamnet Kankaanp\u00e4\u00e4. Efter en tid delade Karl Johan hemmanet med sin bror Anders Henrik \u00d6sterling och denne flyttade ocks\u00e5 dit. \u00c5r 1863 blev han tvungen att s\u00e4lja ocks\u00e5 den andra delen av hemmanet, denna g\u00e5ng \u00e5t Matts Isaksson Korvenala.<\/span><\/span><\/p>\n<p><span style=\"margin: 0px; font-family: 'Helvetica','sans-serif';\"><span style=\"color: #000000;\">\u00c5r 1864 flyttade Karl Johan och Anna Sofia Mangs eller Kankaanp\u00e4\u00e4 till Kasab\u00f6le i Sastmola, d\u00e4r Karl Johan fick arbete som dr\u00e4ng p\u00e5 Ingi hemman. De bytte sl\u00e4ktnamn till Ingi och Karl Johan dog d\u00e4r \u00e5r 1867. \u00c4nkan Anna Sofia flyttade d\u00e5 tillbaka till Dagsmark med en del av barnen, bland annat Ivar som fortfarande anv\u00e4nde namnet Ingi. \u00c5r 1887 gifte Anna Sofia om sig med torparen Josef Johan Eriksson S\u00f6derholm och levde som torpare p\u00e5 L\u00e5ng tills hon dog \u00e5r 1918.<\/span><\/span><\/p>\n<p><span style=\"margin: 0px; font-family: 'Helvetica','sans-serif';\"><span style=\"color: #000000;\">Karl Johan och Anna Sofia fick flera barn, under tiden i Lappfj\u00e4rd fick de:<\/span><\/span><\/p>\n<p><span style=\"margin: 0px; font-family: 'Helvetica','sans-serif';\"><span style=\"color: #000000;\">&#8211;<strong>Johan Viktor Mangs<\/strong> (1852-1854)<\/span><\/span><\/p>\n<p><span style=\"margin: 0px; font-family: 'Helvetica','sans-serif';\"><span style=\"color: #000000;\">&#8211;<strong>Sofia Vilhelmina<\/strong> (f. 1854) som gifte sig med Josef Vikter Klemets (1852-1928) fr\u00e5n Dagsmark. De flyttade sedan till H\u00e4rkmeri och de fick m\u00e5nga barn och har d\u00e4rf\u00f6r ett stort antal \u00e4ttlingar d\u00e4r.<\/span><\/span><\/p>\n<p><span style=\"margin: 0px; font-family: 'Helvetica','sans-serif';\"><span style=\"color: #000000;\">&#8211;<strong>Karl Viktor (<\/strong>f. 1856, d\u00f6d 1885 i Dagsmark, ogift och barnl\u00f6s.)<\/span><\/span><\/p>\n<p><span style=\"margin: 0px; font-family: 'Helvetica','sans-serif';\"><span style=\"color: #000000;\">Under vistelsen i K\u00e4rjenkoski f\u00f6ddes:<\/span><\/span><\/p>\n<p><span style=\"margin: 0px; font-family: 'Helvetica','sans-serif';\"><span style=\"color: #000000;\"><strong>-Frans Henrik<\/strong> (f. 1858 och hans vidare \u00f6den \u00e4r ok\u00e4nda)<\/span><\/span><\/p>\n<p><span style=\"margin: 0px; font-family: 'Helvetica','sans-serif';\"><span style=\"color: #000000;\"><strong>-Johan <u>Ivar<\/u> <\/strong>(f. 1860), flyttade med familjen till Kasab\u00f6le och vidare till Dagsmark, d\u00e4r han togs till fosterson av sin morbror, bonden Josef Eriksson L\u00e5ng och hans hustru Maja Lena. De var b\u00f6nder p\u00e5 L\u00e5ng hemmanet p\u00e5 Brobackan och de var barnl\u00f6sa. D\u00e4rf\u00f6r passade det bra att ta systersonen till fosterson och blivande hemmans\u00e4gare. Ivar bytte namn till Westerback d\u00e5 han gifte sig.<\/span><\/span><\/p>\n<p><span style=\"margin: 0px; font-family: 'Helvetica','sans-serif';\"><span style=\"color: #000000;\">I Kasab\u00f6le f\u00f6ddes <strong>Olga Josefina \u00e5r 1863<\/strong> och hon f\u00f6ljde ocks\u00e5 med till Dagsmark. Hon gifte sig d\u00e4r med Karl Erik S\u00f6derholm (f. 1864, d\u00f6d i Amerika \u00e5r 1941). Olga blev parcell\u00e4gare n\u00e4ra Korsb\u00e4ckv\u00e4gen och vill du l\u00e4sa mera om detta skall du klicka <a href=\"http:\/\/www.lassebacklund.fi\/?page_id=1037\"><span style=\"text-decoration: underline;\"><span style=\"color: #000080;\"><strong>H\u00c4R!<\/strong><\/span><\/span><\/a><\/span><\/span><\/p>\n","protected":false},"excerpt":{"rendered":"<p>Nedtecknat av Lasse Backlund i mars 2019, med hj\u00e4lp av Erik Andtfolks sl\u00e4ktutredning. Han f\u00f6ddes som Johan Ivar Karlsson Mangs 12 december 1860 i K\u00e4rjenkoski i Stor\u00e5. Hans far var Karl Johan Karlsson \u00d6sterling (f\u00f6dd i Sideby 1829, d\u00f6d i <a class=\"more-link\" href=\"https:\/\/www.lassebacklund.fi\/?page_id=11612\">Forts\u00e4tt l\u00e4sa <span class=\"screen-reader-text\">  \u201d\u00c5dd-Ivar\u201d Westerbacks bakgrund.<\/span><span class=\"meta-nav\">&rarr;<\/span><\/a><\/p>\n","protected":false},"author":1,"featured_media":0,"parent":676,"menu_order":0,"comment_status":"closed","ping_status":"closed","template":"","meta":{"footnotes":""},"class_list":["post-11612","page","type-page","status-publish","hentry"],"_links":{"self":[{"href":"https:\/\/www.lassebacklund.fi\/index.php?rest_route=\/wp\/v2\/pages\/11612","targetHints":{"allow":["GET"]}}],"collection":[{"href":"https:\/\/www.lassebacklund.fi\/index.php?rest_route=\/wp\/v2\/pages"}],"about":[{"href":"https:\/\/www.lassebacklund.fi\/index.php?rest_route=\/wp\/v2\/types\/page"}],"author":[{"embeddable":true,"href":"https:\/\/www.lassebacklund.fi\/index.php?rest_route=\/wp\/v2\/users\/1"}],"replies":[{"embeddable":true,"href":"https:\/\/www.lassebacklund.fi\/index.php?rest_route=%2Fwp%2Fv2%2Fcomments&post=11612"}],"version-history":[{"count":4,"href":"https:\/\/www.lassebacklund.fi\/index.php?rest_route=\/wp\/v2\/pages\/11612\/revisions"}],"predecessor-version":[{"id":11618,"href":"https:\/\/www.lassebacklund.fi\/index.php?rest_route=\/wp\/v2\/pages\/11612\/revisions\/11618"}],"up":[{"embeddable":true,"href":"https:\/\/www.lassebacklund.fi\/index.php?rest_route=\/wp\/v2\/pages\/676"}],"wp:attachment":[{"href":"https:\/\/www.lassebacklund.fi\/index.php?rest_route=%2Fwp%2Fv2%2Fmedia&parent=11612"}],"curies":[{"name":"wp","href":"https:\/\/api.w.org\/{rel}","templated":true}]}}