{"id":11513,"date":"2019-03-05T22:57:42","date_gmt":"2019-03-05T20:57:42","guid":{"rendered":"http:\/\/www.lassebacklund.fi\/?page_id=11513"},"modified":"2025-12-26T18:56:38","modified_gmt":"2025-12-26T16:56:38","slug":"josef-henrik-andersson-lang-senare-storkull","status":"publish","type":"page","link":"https:\/\/www.lassebacklund.fi\/?page_id=11513","title":{"rendered":"Josef Andersson L\u00e5ng, senare Storkull"},"content":{"rendered":"<p><strong><span style=\"color: #000080;\">Nedtecknat av Lasse Backlund, enligt uppgifter ur Erik Andtfolks sl\u00e4ktbok.<\/span><\/strong><\/p>\n<p><b><\/b><span style=\"text-decoration: underline;\">Josef<\/span> Henrik var f\u00f6dd i Dagsmark 1870 och \u00e5r 1896 gifte han sig med Maria Vilhelmina Johansdotter Storkull (1865-1913). Han kom som m\u00e5g till Storkull hemmanet d\u00e5 han gifte sig och han tog d\u00e5 namnet Storkull. \u00c5r 1911 s\u00e5lde de hemmanet och blev torpare och senare parcell\u00e4gare och enligt bouppteckningen efter Marias d\u00f6d 1913, s\u00e5 var de v\u00e4lb\u00e4rgade med mycket egendomar. Josef och Maria fick en son Josef Emil (1897-1980) och han fick sedan tv\u00e5 barn som levde till vuxen \u00e5lder.<\/p>\n<p><strong>\u00c5r 1916<\/strong> gifte Josef om sig med bonde\u00e4nkan \u201dMina\u201d Vilhelmina Blomkvist (1874-1954). Hon hade tidigare varit gift med Karl Blomqvist, som avled \u00e5r 1909 och hade med honom sonen Selim (1904-1947). Josef och hans son bytte d\u00e5 sl\u00e4ktnamn till Blomkvist.<\/p>\n<p><strong>\u00c5r 1917, den 7 februari<\/strong> skrev makarna Josef Henrik och Wilhelmina Blomqvist ett inb\u00f6rdes testamente, som best\u00e4mde:<\/p>\n<p>-om mannen Josef Henrik avlider f\u00f6re Wilhelmina, s\u00e5 skall Josef Henriks son fr\u00e5n f\u00f6rsta giftet Josef Emil f\u00e5 500 mark i arv, plus en hyvelb\u00e4nk och alla snickarverktyg. Resten av egendomen skall i s\u00e5 fall tillfalla \u00e4nkan Wilhelmina.<\/p>\n<p>-om hustrun Wilhelmina avlider f\u00f6re maken Josef Henrik, s\u00e5 skall hennes son fr\u00e5n f\u00f6rsta giftet Selim f\u00e5 500 mark i arv, plus en s\u00e4ng med alla s\u00e4ngkl\u00e4der. Resten av egendomen skall i s\u00e5 fall tillfalla \u00e4nklingen Josef Henrik.<\/p>\n<p>Josef och Mina fick inga barn och han dog i hennes hem 14 maj 1920. Wilhelmina bevakade sedan testamentet p\u00e5 tinget i Lappfj\u00e4rd.<\/p>\n<h4><strong>Josef\u00a0 f\u00f6r\u00e4ldrar.<\/strong><\/h4>\n<p>Josef\u00a0 var son till<span style=\"text-decoration: underline;\"> Anders<\/span> Henric Gustafsson L\u00e5ng (1829-1874) bosatt p\u00e5 L\u00e5ng hemman i Dagsmark. Anders gifte sig \u00e5r 1856 med Lena Eriksdotter B\u00e5sk (1829-1920) fr\u00e5n Dagsmark. Anders och Lena fick 5 barn, varav 3 dog i unga \u00e5r. Dottern Anna Kajsa Andersdotter (1857-1930) gifte sig med Karl Viktor S\u00f6derlund fr\u00e5n H\u00e4rkmeri men de fick inga barn. Det var allts\u00e5 endast sonen Josef Henrik som fick en son.<\/p>\n<h4><strong>Anders Henrics f\u00f6r\u00e4ldrar.<\/strong><\/h4>\n<p>Anders Henric Gustafsson L\u00e5ng var son till Gustaf Adolph Mattson \u00d6sterling (1802-1846) fr\u00e5n Henriksdal. Gustav Adolph gifte sig 1828 med \u00e4nkan Brita Lena Eriksdotter L\u00e5ng (1798-1857) fr\u00e5n Dagsmark. Brita Lena hade en dotter Maja Lena L\u00e5ng (f.1824) fr\u00e5n det tidigare \u00e4ktenskapet. Gustaf Adolph kom som m\u00e5g till L\u00e5ng hemman och blev bonde d\u00e4r och de fick flera barn:<\/p>\n<p>-Anders Henric (1829-1874) se ovan.<\/p>\n<p>-Greta Stina (1834-1888) gift med Erik Henrik Gullmes fr\u00e5n Lappfj\u00e4rd. De fick 4 barn men inga barnbarn.<\/p>\n<p>-Anna Kajsa (1837-1866) gift med Mickel Johansson Stormals fr\u00e5n Tj\u00f6ck. Inga barn.<\/p>\n<p>-Josef (f. 1840, d\u00f6df\u00f6rklarad 1921) ogift och barnl\u00f6s.<\/p>\n<p>Gustaf Adolph dog i slaganfall som 44-\u00e5ring \u00e5r 1846. Efter hans d\u00f6d blev en r\u00e4ttstvist om arvet och h\u00e4radsr\u00e4tten ans\u00e5g att varken Brita eller Gustaf hade n\u00e5gon arvsr\u00e4tt till hemmanet, utan det till dottern Maja Lena L\u00e5ng.<\/p>\n<h4><strong>Gustaf Adolphs f\u00f6r\u00e4ldrar.<\/strong><\/h4>\n<p>Gustaf Adolphs \u00d6sterlings far hette Matts Eriksson \u00d6sterling fr\u00e5n Sideby. Hans mor hette Lovisa Sofia Ehrenforss (1779-1837) och hon var dotter till \u201dHerr pedagogen Henric Ehrenforss och hans hustru madam Lovisa Mexberg\u201d. Henric Ehrenforss var l\u00e4rare under n\u00e5gra \u00e5r i Kristinestad men sedan blev han \u00e5r 1750 nybyggare p\u00e5 ett Skaftunghemman, som han gav namnet Henriksdal.<\/p>\n<p>Den Josef Henrik som 1916 gifte sig med \u201dBlomkvistas Mina\u201d hade allts\u00e5 sin farfars morfar som nybyggare i Henriksdal.<\/p>\n","protected":false},"excerpt":{"rendered":"<p>Nedtecknat av Lasse Backlund, enligt uppgifter ur Erik Andtfolks sl\u00e4ktbok. Josef Henrik var f\u00f6dd i Dagsmark 1870 och \u00e5r 1896 gifte han sig med Maria Vilhelmina Johansdotter Storkull (1865-1913). Han kom som m\u00e5g till Storkull hemmanet d\u00e5 han gifte sig <a class=\"more-link\" href=\"https:\/\/www.lassebacklund.fi\/?page_id=11513\">Forts\u00e4tt l\u00e4sa <span class=\"screen-reader-text\">  Josef Andersson L\u00e5ng, senare Storkull<\/span><span class=\"meta-nav\">&rarr;<\/span><\/a><\/p>\n","protected":false},"author":1,"featured_media":0,"parent":518,"menu_order":0,"comment_status":"closed","ping_status":"closed","template":"","meta":{"footnotes":""},"class_list":["post-11513","page","type-page","status-publish","hentry"],"_links":{"self":[{"href":"https:\/\/www.lassebacklund.fi\/index.php?rest_route=\/wp\/v2\/pages\/11513","targetHints":{"allow":["GET"]}}],"collection":[{"href":"https:\/\/www.lassebacklund.fi\/index.php?rest_route=\/wp\/v2\/pages"}],"about":[{"href":"https:\/\/www.lassebacklund.fi\/index.php?rest_route=\/wp\/v2\/types\/page"}],"author":[{"embeddable":true,"href":"https:\/\/www.lassebacklund.fi\/index.php?rest_route=\/wp\/v2\/users\/1"}],"replies":[{"embeddable":true,"href":"https:\/\/www.lassebacklund.fi\/index.php?rest_route=%2Fwp%2Fv2%2Fcomments&post=11513"}],"version-history":[{"count":4,"href":"https:\/\/www.lassebacklund.fi\/index.php?rest_route=\/wp\/v2\/pages\/11513\/revisions"}],"predecessor-version":[{"id":25254,"href":"https:\/\/www.lassebacklund.fi\/index.php?rest_route=\/wp\/v2\/pages\/11513\/revisions\/25254"}],"up":[{"embeddable":true,"href":"https:\/\/www.lassebacklund.fi\/index.php?rest_route=\/wp\/v2\/pages\/518"}],"wp:attachment":[{"href":"https:\/\/www.lassebacklund.fi\/index.php?rest_route=%2Fwp%2Fv2%2Fmedia&parent=11513"}],"curies":[{"name":"wp","href":"https:\/\/api.w.org\/{rel}","templated":true}]}}