{"id":11372,"date":"2019-02-20T11:07:49","date_gmt":"2019-02-20T09:07:49","guid":{"rendered":"http:\/\/www.lassebacklund.fi\/?page_id=11372"},"modified":"2026-02-16T18:36:15","modified_gmt":"2026-02-16T16:36:15","slug":"paavo-enbergs-familj-flyttar-till-dagsmark","status":"publish","type":"page","link":"https:\/\/www.lassebacklund.fi\/?page_id=11372","title":{"rendered":"Paavo Enbergs familj flyttar till Dagsmark"},"content":{"rendered":"<p><span style=\"color: #000080;\"><strong>Nedtecknat av Lasse Backlund i februari 2019, med hj\u00e4lp av Sirkka-Liisa Saarela och Jorma Enberg.<\/strong><\/span><\/p>\n<p><b><\/b>Paavo och Aune Enberg bodde fram till 1952 i Sammi by i Siikainen. Sammi ligger 15 kilometer fr\u00e5n Siikainen mot Kankaanp\u00e4\u00e4 och d\u00e4r arbetade Paavo som slaktare, uppk\u00f6pare av djur och s\u00e5 hade han ett tegelslageri.<\/p>\n<figure id=\"attachment_11370\" aria-describedby=\"caption-attachment-11370\" style=\"width: 1174px\" class=\"wp-caption alignnone\"><img loading=\"lazy\" decoding=\"async\" class=\"size-full wp-image-11370\" src=\"http:\/\/www.lassebacklund.fi\/wp-content\/uploads\/2019\/02\/30-Enbergs-gamla-g\u00e5rd-i-Sammi-i-Siikainen.jpg\" alt=\"\" width=\"1174\" height=\"852\" srcset=\"https:\/\/www.lassebacklund.fi\/wp-content\/uploads\/2019\/02\/30-Enbergs-gamla-g\u00e5rd-i-Sammi-i-Siikainen.jpg 1174w, https:\/\/www.lassebacklund.fi\/wp-content\/uploads\/2019\/02\/30-Enbergs-gamla-g\u00e5rd-i-Sammi-i-Siikainen-300x218.jpg 300w, https:\/\/www.lassebacklund.fi\/wp-content\/uploads\/2019\/02\/30-Enbergs-gamla-g\u00e5rd-i-Sammi-i-Siikainen-768x557.jpg 768w, https:\/\/www.lassebacklund.fi\/wp-content\/uploads\/2019\/02\/30-Enbergs-gamla-g\u00e5rd-i-Sammi-i-Siikainen-1024x743.jpg 1024w\" sizes=\"auto, (max-width: 1174px) 100vw, 1174px\" \/><figcaption id=\"caption-attachment-11370\" class=\"wp-caption-text\">I den h\u00e4r stugan i Siikainen bodde Paavo och Aune f\u00f6re de flyttade till Dagsmark \u00e5r 1952. En av Paavos d\u00f6ttrar har gjort \u00e4ndringar p\u00e5 huset och anv\u00e4nder det numera som fritidsbostad.<\/figcaption><\/figure>\n<figure id=\"attachment_11363\" aria-describedby=\"caption-attachment-11363\" style=\"width: 1878px\" class=\"wp-caption alignnone\"><img loading=\"lazy\" decoding=\"async\" class=\"size-full wp-image-11363\" src=\"http:\/\/www.lassebacklund.fi\/wp-content\/uploads\/2019\/02\/31-1950-i-Siikainen.-Paavo-med-Jorma-Aune-med-Sirkka-Liisa-pojke-l\u00e4ngst-bak-Antti-Eero-och-nere-Veikko-med-\u00e4pple.jpg\" alt=\"\" width=\"1878\" height=\"1334\" srcset=\"https:\/\/www.lassebacklund.fi\/wp-content\/uploads\/2019\/02\/31-1950-i-Siikainen.-Paavo-med-Jorma-Aune-med-Sirkka-Liisa-pojke-l\u00e4ngst-bak-Antti-Eero-och-nere-Veikko-med-\u00e4pple.jpg 1878w, https:\/\/www.lassebacklund.fi\/wp-content\/uploads\/2019\/02\/31-1950-i-Siikainen.-Paavo-med-Jorma-Aune-med-Sirkka-Liisa-pojke-l\u00e4ngst-bak-Antti-Eero-och-nere-Veikko-med-\u00e4pple-300x213.jpg 300w, https:\/\/www.lassebacklund.fi\/wp-content\/uploads\/2019\/02\/31-1950-i-Siikainen.-Paavo-med-Jorma-Aune-med-Sirkka-Liisa-pojke-l\u00e4ngst-bak-Antti-Eero-och-nere-Veikko-med-\u00e4pple-768x546.jpg 768w, https:\/\/www.lassebacklund.fi\/wp-content\/uploads\/2019\/02\/31-1950-i-Siikainen.-Paavo-med-Jorma-Aune-med-Sirkka-Liisa-pojke-l\u00e4ngst-bak-Antti-Eero-och-nere-Veikko-med-\u00e4pple-1024x727.jpg 1024w\" sizes=\"auto, (max-width: 1878px) 100vw, 1878px\" \/><figcaption id=\"caption-attachment-11363\" class=\"wp-caption-text\">P\u00e5 fotot fr\u00e5n Siikainen \u00e5r 1950 sitter Paavo med Jorma i famnen och Aune st\u00e5r med Sirkka-Liisa i famnen. L\u00e4ngst bak till h\u00f6ger st\u00e5r Antti och framf\u00f6r honom Eero. Den lilla pojken nere i mitten \u00e4r Veikko, Hannu var inte \u00e4nnu f\u00f6dd.<\/figcaption><\/figure>\n<p>Paavo var f\u00f6dd \u00e5r 1918 i Siikainen och hans hustru Aune Emilia (f. Lammi 1915 i Merikarvia) och de hade flera barn som alla \u00e4r f\u00f6dda i Siikainen: Antti (f. 1939), Eero (f. 1943), Veikko (f. 1946), Jorma (f.1948), Sirkka-Liisa (f.1949) och Hannu Matias (24.10.1951 &#8211; 7.4.1957).<\/p>\n<p>Paavo var fr\u00e5n tidigare bekant med hemmanshandlarna Lankoski, Viitala och M\u00e4ki-Kantti som i januari 1952 hade k\u00f6pt 2 stora hemman i Dagsmark av syskonen Konrad Rosenlund och Julia Norrman. Det var troligen de stora skogarna som lockade och deras aff\u00e4rsid\u00e9 gick ut p\u00e5 att hugga skogarna och sedan s\u00e4lja ut hemmanet i mindre delar.<\/p>\n<figure id=\"attachment_11278\" aria-describedby=\"caption-attachment-11278\" style=\"width: 1782px\" class=\"wp-caption alignnone\"><img loading=\"lazy\" decoding=\"async\" class=\"size-full wp-image-11278\" src=\"http:\/\/www.lassebacklund.fi\/wp-content\/uploads\/2019\/02\/Enberg-Paavo-och-Aune.jpg\" alt=\"\" width=\"1782\" height=\"1114\" srcset=\"https:\/\/www.lassebacklund.fi\/wp-content\/uploads\/2019\/02\/Enberg-Paavo-och-Aune.jpg 1782w, https:\/\/www.lassebacklund.fi\/wp-content\/uploads\/2019\/02\/Enberg-Paavo-och-Aune-300x188.jpg 300w, https:\/\/www.lassebacklund.fi\/wp-content\/uploads\/2019\/02\/Enberg-Paavo-och-Aune-768x480.jpg 768w, https:\/\/www.lassebacklund.fi\/wp-content\/uploads\/2019\/02\/Enberg-Paavo-och-Aune-1024x640.jpg 1024w\" sizes=\"auto, (max-width: 1782px) 100vw, 1782px\" \/><figcaption id=\"caption-attachment-11278\" class=\"wp-caption-text\">Aune, f\u00f6dd Lammi och Paavo Enberg som bodde i Sammi by i Siikainen.<\/figcaption><\/figure>\n<p>Det var d\u00e5 som Paavo och Auno slog till och k\u00f6pte den hemmansdel p\u00e5 ungef\u00e4r 10 hektar, som hade tillh\u00f6rt Julia Norrman. Hemmanet l\u00e5g till st\u00f6rsta delen mellan Sunnantillv\u00e4gen och Lappfj\u00e4rds \u00e5. Till k\u00f6pet h\u00f6rde ocks\u00e5 hennes g\u00e5rd, den som pappa Viktor Rosenlund hade byggt efter storskiftet, m\u00f6jligtvis p\u00e5 1920-talet. Ocks\u00e5 lite skog ingick i k\u00f6pet och de flyttade genast till nya g\u00e5rden med alla barn. Paavo hade avl\u00e4gsna sl\u00e4ktingar som hade bott i trakterna runt Dagsmark, s\u00e5 omr\u00e5det var inte helt obekant men \u00e4nd\u00e5 var det nog en stor omst\u00e4llning att flytta till en fr\u00e4mmande ort.<\/p>\n<p>Eftersom familjen var finskspr\u00e5kig b\u00f6rjade de barn som var i skol\u00e5ldern i den finska folkskolan p\u00e5 \u00c5backan, dit avst\u00e5ndet var ungef\u00e4r 5 km. Barnen l\u00e4rde sig \u00e4nd\u00e5 snabbt svenska, eftersom familjerna i granng\u00e5rdarna var helt svenskspr\u00e5kiga. Paavos dotter Sirkka-Liisa gick ett \u00e5r i den svenska folkskolan med l\u00e4rarinnan Elvi Rosenback men flyttade sedan till den finska folkskolan d\u00e4r hennes br\u00f6der gick.<\/p>\n<p>\u00c5r 1953 s\u00e5lde hemmanshandlarna det hemman som Konrad Rosenlund hade \u00e4gt \u00e5t Elma och Vilho Toivonen fr\u00e5n Lappfj\u00e4rd. Familjen Toivonen flyttade tillf\u00e4lligt in i ena \u00e4ndan av g\u00e5rden som Enberg hade k\u00f6pt och de bodde d\u00e4r ungef\u00e4r ett halv\u00e5r medan pappa Vilho Toivonen byggde ett nytt hus p\u00e5 det nya hemmanet, som l\u00e5g p\u00e5 s\u00f6dra sidan av Sunnantillv\u00e4gen.<\/p>\n<figure id=\"attachment_11279\" aria-describedby=\"caption-attachment-11279\" style=\"width: 1621px\" class=\"wp-caption alignnone\"><img loading=\"lazy\" decoding=\"async\" class=\"size-full wp-image-11279\" src=\"http:\/\/www.lassebacklund.fi\/wp-content\/uploads\/2019\/02\/Skomakas-p\u00e5-1950-talet.jpg\" alt=\"\" width=\"1621\" height=\"1040\" srcset=\"https:\/\/www.lassebacklund.fi\/wp-content\/uploads\/2019\/02\/Skomakas-p\u00e5-1950-talet.jpg 1621w, https:\/\/www.lassebacklund.fi\/wp-content\/uploads\/2019\/02\/Skomakas-p\u00e5-1950-talet-300x192.jpg 300w, https:\/\/www.lassebacklund.fi\/wp-content\/uploads\/2019\/02\/Skomakas-p\u00e5-1950-talet-768x493.jpg 768w, https:\/\/www.lassebacklund.fi\/wp-content\/uploads\/2019\/02\/Skomakas-p\u00e5-1950-talet-1024x657.jpg 1024w\" sizes=\"auto, (max-width: 1621px) 100vw, 1621px\" \/><figcaption id=\"caption-attachment-11279\" class=\"wp-caption-text\">Hit till denna g\u00e5rd flyttade familjen Enberg \u00e5r 1952. Redan p\u00e5 1950-talet var g\u00e5rden helt skymd av tr\u00e4d och buskar. Fotot taget fr\u00e5n norr, \u00e5n ligger allts\u00e5 bakom fotografen.<\/figcaption><\/figure>\n<p>Paavo och Aune blev nu b\u00f6nder p\u00e5 Sunnantill i Dagsmark. Han \u00e4gde ocks\u00e5 ett hemman i H\u00e4rkmeri, d\u00e4r det fanns skog som han tillsammans med sin bror b\u00f6rjade hugga. Han s\u00e5lde virket \u00e5t en handlare som gick i konkurs, f\u00f6re Paavo hann f\u00e5 n\u00e5gra pengar.<\/p>\n<p>Enbergs blev nu tvungen att s\u00e4lja hemmanet i Dagsmark \u00e5t Aunes bror, Eero Lammi. Denne \u00f6vertog all jordbruksmark och Enbergs blev kvar endast med Trastskogen p\u00e5 Kol\u00e4ngen. Trots att Paavo Enberg med sin familj flyttade till R\u00f6nnqvist g\u00e5rd p\u00e5 andra sidan \u00e5n, s\u00e5 flyttade ingen in i g\u00e5rden p\u00e5 Sunnantill. Lammi anv\u00e4nde den sporadiskt n\u00e4r han var i Dagsmark f\u00f6r att sk\u00f6ta hemmanet. Familjen Lammi \u00e4r fortfarande \u00e4gare till hemmanet men sj\u00e4lva huvudbyggnaden f\u00f6rst\u00f6rdes i en brand.<\/p>\n<p>S\u00e5 redan 1955 flyttade Enbergs till en gammal bondg\u00e5rd som stod p\u00e5 andra sidan \u00e5n. Den hade i tiderna byggts av bonden \u201dRoraas-Viktor\u201d allts\u00e5 Viktor R\u00f6nnqvist men hade efter flera \u00e4gobyten \u00f6vertagits av Onni Heini\u00f6. \u00c5ret innan hade Algot Roseng\u00e5rd och hans familj flyttat d\u00e4rifr\u00e5n upp till centrum i Dagsmark.<\/p>\n<figure id=\"attachment_11371\" aria-describedby=\"caption-attachment-11371\" style=\"width: 1820px\" class=\"wp-caption alignnone\"><img loading=\"lazy\" decoding=\"async\" class=\"size-full wp-image-11371\" src=\"http:\/\/www.lassebacklund.fi\/wp-content\/uploads\/2019\/02\/31-Rajam\u00e4ki-g\u00e5rden.jpg\" alt=\"\" width=\"1820\" height=\"1358\" srcset=\"https:\/\/www.lassebacklund.fi\/wp-content\/uploads\/2019\/02\/31-Rajam\u00e4ki-g\u00e5rden.jpg 1820w, https:\/\/www.lassebacklund.fi\/wp-content\/uploads\/2019\/02\/31-Rajam\u00e4ki-g\u00e5rden-300x224.jpg 300w, https:\/\/www.lassebacklund.fi\/wp-content\/uploads\/2019\/02\/31-Rajam\u00e4ki-g\u00e5rden-768x573.jpg 768w, https:\/\/www.lassebacklund.fi\/wp-content\/uploads\/2019\/02\/31-Rajam\u00e4ki-g\u00e5rden-1024x764.jpg 1024w\" sizes=\"auto, (max-width: 1820px) 100vw, 1820px\" \/><figcaption id=\"caption-attachment-11371\" class=\"wp-caption-text\">Det var till den h\u00e4r g\u00e5rden i Klemets\u00e4ndan som familjen Enberg flyttade 1955. Den var gammal och d\u00e4r hade bland annat familjerna Rajam\u00e4ki och Roseng\u00e5rd bott, sedan Viktor R\u00f6nnqvist s\u00e5lde den 1936. \u00c4nklingen Viktor R\u00f6nnqvist s\u00e5lde g\u00e5rden 1936 \u00e5t Viktor L\u00e5ngkvist, som samma \u00e5r s\u00e5lde den vidare \u00e5t en finsk k\u00f6pare.<\/figcaption><\/figure>\n<p>Paavo som var k\u00e4nd som en stor humorist och historieber\u00e4ttare, arbetade p\u00e5 olika st\u00e4llen efter flytten till R\u00f6nnqvists g\u00e5rd. Han arbetade fr\u00e4mst i skogen men ocks\u00e5 p\u00e5 Kangas s\u00e5g och flera andra st\u00e4llen. \u00c5r 1957 r\u00e5kade familjen ut f\u00f6r en stor tragedi, d\u00e5 den yngsta sonen Hannu dog d\u00e5 han var 5 \u00bd \u00e5r gammal. Det var p\u00e5 v\u00e5ren och han lekte p\u00e5 s\u00e5gbacken vid Kangas s\u00e5g tillsammans med Claes Kangas och Olavi Niemi. Sn\u00f6n under en plankhop hade b\u00f6rjat sm\u00e4lta och den b\u00f6rjade luta s\u00e5 pass att n\u00e5gra plankor f\u00f6ll ned p\u00e5 Hannu med den p\u00e5f\u00f6ljd att han dog av skadorna. Tidningen <span style=\"margin: 0px; font-family: 'Helvetica','sans-serif';\"><span style=\"color: #000000;\">Syd-\u00d6sterbotten skrev den 9.4.1957 om olyckan s\u00e5 h\u00e4r kort:<\/span><\/span><\/p>\n<p><em><span style=\"margin: 0px; font-family: 'Helvetica','sans-serif';\"><span style=\"color: #000000;\"><strong>Fem\u00e5ring i Dagsmark omkom under plankhop.<\/strong> I s\u00f6ndags vid 17.30 tiden d\u00e5 5-\u00e5riga Hannu, son till arbetaren Paavo Enberg i Dagsmark, med n\u00e5gra kamrater lekte vid Klemets s\u00e5ginr\u00e4ttning, rasade ett knippe med plankor och gossen krossades till d\u00f6ds. L\u00e4kare tillkallades men kunde han endast konstatera att d\u00f6den varit \u00f6gonblicklig.<\/span><\/span><\/em><\/p>\n<p>\u00c5r 1963 flyttade hela familjen till Lerviken i Kristinestad, d\u00e4r de k\u00f6pte en betydligt nyare g\u00e5rd av V. Ojanper\u00e4. Paavo arrenderade 11,5 ha mark av staden p\u00e5 Tegelbruksbacken, d\u00e4r han kunde ha b\u00e5de kor och h\u00f6ns. Arrendemarken gav han tillbaka till staden i maj 1974. Tillsammans med s\u00f6nerna bildade han ocks\u00e5\u00a0 Kristinestads Skrot och Bilskrotning, som k\u00f6pte upp skrot, avfallspapper- och kartong och lump. G\u00e5rden i Lerviken st\u00e5r fortfarande kvar men s\u00e5ldes \u00e5t utomst\u00e5ende.<\/p>\n<p>Av Enbergs barn bor tre fortfarande i Kristinestad, en bor i Laihela och en i Molpe. Tv\u00e5 br\u00f6der i Kristinestad k\u00f6pte \u00e5r 1970 en traktor f\u00f6rsedd med en t\u00f6mningstank av aff\u00e4rsmannen Lars Ingves konkursbo. Med denna b\u00f6rjade de t\u00f6mma slambrunnar i Kristinestad och i grannkommunerna. De utvecklade f\u00f6retaget Renh\u00e5llning Enberg hela tiden, s\u00e5 att de som mest hade 5 lastbilar och 3 \u2013 4 anst\u00e4llda. F\u00f6retaget s\u00e5ldes sedan \u00e5t utomst\u00e5ende.<\/p>\n<h4><strong>Foton.<\/strong><\/h4>\n<figure id=\"attachment_11132\" aria-describedby=\"caption-attachment-11132\" style=\"width: 1518px\" class=\"wp-caption alignnone\"><img loading=\"lazy\" decoding=\"async\" class=\"size-full wp-image-11132\" src=\"http:\/\/www.lassebacklund.fi\/wp-content\/uploads\/2019\/02\/1-.jpg\" alt=\"\" width=\"1518\" height=\"1138\" srcset=\"https:\/\/www.lassebacklund.fi\/wp-content\/uploads\/2019\/02\/1-.jpg 1518w, https:\/\/www.lassebacklund.fi\/wp-content\/uploads\/2019\/02\/1--300x225.jpg 300w, https:\/\/www.lassebacklund.fi\/wp-content\/uploads\/2019\/02\/1--768x576.jpg 768w, https:\/\/www.lassebacklund.fi\/wp-content\/uploads\/2019\/02\/1--1024x768.jpg 1024w\" sizes=\"auto, (max-width: 1518px) 100vw, 1518px\" \/><figcaption id=\"caption-attachment-11132\" class=\"wp-caption-text\">Viktor Rosenlunds g\u00e5rd fotograferad av Gun-Lis Grans eller L\u00e5ngfors fr\u00e5n andra sidan \u00e5n p\u00e5 1950-talet.<\/figcaption><\/figure>\n<figure id=\"attachment_11364\" aria-describedby=\"caption-attachment-11364\" style=\"width: 1381px\" class=\"wp-caption alignnone\"><img loading=\"lazy\" decoding=\"async\" class=\"size-full wp-image-11364\" src=\"http:\/\/www.lassebacklund.fi\/wp-content\/uploads\/2019\/02\/32-1960-Antti-med-sonen-Markku-sedan-Veikko-Sirkka-liisa-och-Jorma.-Nere-Auno-och-Paavo-Enberg.jpg\" alt=\"\" width=\"1381\" height=\"1343\" srcset=\"https:\/\/www.lassebacklund.fi\/wp-content\/uploads\/2019\/02\/32-1960-Antti-med-sonen-Markku-sedan-Veikko-Sirkka-liisa-och-Jorma.-Nere-Auno-och-Paavo-Enberg.jpg 1381w, https:\/\/www.lassebacklund.fi\/wp-content\/uploads\/2019\/02\/32-1960-Antti-med-sonen-Markku-sedan-Veikko-Sirkka-liisa-och-Jorma.-Nere-Auno-och-Paavo-Enberg-300x292.jpg 300w, https:\/\/www.lassebacklund.fi\/wp-content\/uploads\/2019\/02\/32-1960-Antti-med-sonen-Markku-sedan-Veikko-Sirkka-liisa-och-Jorma.-Nere-Auno-och-Paavo-Enberg-768x747.jpg 768w, https:\/\/www.lassebacklund.fi\/wp-content\/uploads\/2019\/02\/32-1960-Antti-med-sonen-Markku-sedan-Veikko-Sirkka-liisa-och-Jorma.-Nere-Auno-och-Paavo-Enberg-1024x996.jpg 1024w\" sizes=\"auto, (max-width: 1381px) 100vw, 1381px\" \/><figcaption id=\"caption-attachment-11364\" class=\"wp-caption-text\">\u00c5r 1960 i R\u00f6nnqvists g\u00e5rd i Klemets\u00e4ndan. Till v\u00e4nster Antti med sonen Markku, sedan Veikko, Sirkka-Liisa och Jorma. Sittande Aune och Paavo Enberg.<\/figcaption><\/figure>\n<figure id=\"attachment_11365\" aria-describedby=\"caption-attachment-11365\" style=\"width: 2132px\" class=\"wp-caption alignnone\"><img loading=\"lazy\" decoding=\"async\" class=\"size-full wp-image-11365\" src=\"http:\/\/www.lassebacklund.fi\/wp-content\/uploads\/2019\/02\/33-Eero-nere-Sirkka-Liisa-och-th-Veikko-Enberg-bakom-st\u00e5r-kusin-Sirkku.jpg\" alt=\"\" width=\"2132\" height=\"1381\" srcset=\"https:\/\/www.lassebacklund.fi\/wp-content\/uploads\/2019\/02\/33-Eero-nere-Sirkka-Liisa-och-th-Veikko-Enberg-bakom-st\u00e5r-kusin-Sirkku.jpg 2132w, https:\/\/www.lassebacklund.fi\/wp-content\/uploads\/2019\/02\/33-Eero-nere-Sirkka-Liisa-och-th-Veikko-Enberg-bakom-st\u00e5r-kusin-Sirkku-300x194.jpg 300w, https:\/\/www.lassebacklund.fi\/wp-content\/uploads\/2019\/02\/33-Eero-nere-Sirkka-Liisa-och-th-Veikko-Enberg-bakom-st\u00e5r-kusin-Sirkku-768x497.jpg 768w, https:\/\/www.lassebacklund.fi\/wp-content\/uploads\/2019\/02\/33-Eero-nere-Sirkka-Liisa-och-th-Veikko-Enberg-bakom-st\u00e5r-kusin-Sirkku-1024x663.jpg 1024w\" sizes=\"auto, (max-width: 2132px) 100vw, 2132px\" \/><figcaption id=\"caption-attachment-11365\" class=\"wp-caption-text\">Till v\u00e4nster Eero, nere Sirkka-Liisa och till h\u00f6ger Veikko Enberg, bakom st\u00e5r kusin Sirkku. I bakgrunden syns R\u00f6nnqvist gamla g\u00e5rd, som Enbergs k\u00f6pte 1955. D\u00e5 de flyttade till Kristinestad \u00e5r 1963, s\u00e5 s\u00e5lde de g\u00e5rden \u00e5t Ernst och Greta Lindell. Ernsts bror Hans Lindell rev ner g\u00e5rden och anv\u00e4nde timret d\u00e5 han byggde sin nya g\u00e5rd.<\/figcaption><\/figure>\n<figure id=\"attachment_11366\" aria-describedby=\"caption-attachment-11366\" style=\"width: 1217px\" class=\"wp-caption alignnone\"><img loading=\"lazy\" decoding=\"async\" class=\"size-full wp-image-11366\" src=\"http:\/\/www.lassebacklund.fi\/wp-content\/uploads\/2019\/02\/34-Sirkka-Liisa-utanf\u00f6r-Rajam\u00e4kis-g\u00e5rd.jpg\" alt=\"\" width=\"1217\" height=\"1864\" srcset=\"https:\/\/www.lassebacklund.fi\/wp-content\/uploads\/2019\/02\/34-Sirkka-Liisa-utanf\u00f6r-Rajam\u00e4kis-g\u00e5rd.jpg 1217w, https:\/\/www.lassebacklund.fi\/wp-content\/uploads\/2019\/02\/34-Sirkka-Liisa-utanf\u00f6r-Rajam\u00e4kis-g\u00e5rd-196x300.jpg 196w, https:\/\/www.lassebacklund.fi\/wp-content\/uploads\/2019\/02\/34-Sirkka-Liisa-utanf\u00f6r-Rajam\u00e4kis-g\u00e5rd-768x1176.jpg 768w, https:\/\/www.lassebacklund.fi\/wp-content\/uploads\/2019\/02\/34-Sirkka-Liisa-utanf\u00f6r-Rajam\u00e4kis-g\u00e5rd-669x1024.jpg 669w\" sizes=\"auto, (max-width: 1217px) 100vw, 1217px\" \/><figcaption id=\"caption-attachment-11366\" class=\"wp-caption-text\">Sirkka-Liisa Enberg utanf\u00f6r R\u00f6nnqvists g\u00e5rd, som ocks\u00e5 kallades f\u00f6r Rajam\u00e4kis, eftersom familjen Rajam\u00e4ki bodde h\u00e4r fr\u00e5n 1942 till 1950.<\/figcaption><\/figure>\n<figure id=\"attachment_11367\" aria-describedby=\"caption-attachment-11367\" style=\"width: 1137px\" class=\"wp-caption alignnone\"><img loading=\"lazy\" decoding=\"async\" class=\"size-full wp-image-11367\" src=\"http:\/\/www.lassebacklund.fi\/wp-content\/uploads\/2019\/02\/35-Sirkka-Liisa-Maj-Britt-Holmqvist-Rita-Kangas-och-Claes-Kangas.jpg\" alt=\"\" width=\"1137\" height=\"771\" srcset=\"https:\/\/www.lassebacklund.fi\/wp-content\/uploads\/2019\/02\/35-Sirkka-Liisa-Maj-Britt-Holmqvist-Rita-Kangas-och-Claes-Kangas.jpg 1137w, https:\/\/www.lassebacklund.fi\/wp-content\/uploads\/2019\/02\/35-Sirkka-Liisa-Maj-Britt-Holmqvist-Rita-Kangas-och-Claes-Kangas-300x203.jpg 300w, https:\/\/www.lassebacklund.fi\/wp-content\/uploads\/2019\/02\/35-Sirkka-Liisa-Maj-Britt-Holmqvist-Rita-Kangas-och-Claes-Kangas-768x521.jpg 768w, https:\/\/www.lassebacklund.fi\/wp-content\/uploads\/2019\/02\/35-Sirkka-Liisa-Maj-Britt-Holmqvist-Rita-Kangas-och-Claes-Kangas-1024x694.jpg 1024w\" sizes=\"auto, (max-width: 1137px) 100vw, 1137px\" \/><figcaption id=\"caption-attachment-11367\" class=\"wp-caption-text\">Sirkka-Liisa Enberg, Maj-Britt Holmqvist, Rita Kangas och Claes Kangas, utanf\u00f6r den g\u00e5rd som Voitto Kangas byggde i mitten p\u00e5 50-talet. Voittos tomt hade i tiderna tillh\u00f6rt &#8221;Skomakas-Kondrad&#8221;, allts\u00e5 Konrad Rosenlund.<\/figcaption><\/figure>\n<figure id=\"attachment_11368\" aria-describedby=\"caption-attachment-11368\" style=\"width: 959px\" class=\"wp-caption alignnone\"><img loading=\"lazy\" decoding=\"async\" class=\"size-full wp-image-11368\" src=\"http:\/\/www.lassebacklund.fi\/wp-content\/uploads\/2019\/02\/36-Sirkka-Liisa-och-Eero-Enberg.jpg\" alt=\"\" width=\"959\" height=\"1424\" srcset=\"https:\/\/www.lassebacklund.fi\/wp-content\/uploads\/2019\/02\/36-Sirkka-Liisa-och-Eero-Enberg.jpg 959w, https:\/\/www.lassebacklund.fi\/wp-content\/uploads\/2019\/02\/36-Sirkka-Liisa-och-Eero-Enberg-202x300.jpg 202w, https:\/\/www.lassebacklund.fi\/wp-content\/uploads\/2019\/02\/36-Sirkka-Liisa-och-Eero-Enberg-768x1140.jpg 768w, https:\/\/www.lassebacklund.fi\/wp-content\/uploads\/2019\/02\/36-Sirkka-Liisa-och-Eero-Enberg-690x1024.jpg 690w\" sizes=\"auto, (max-width: 959px) 100vw, 959px\" \/><figcaption id=\"caption-attachment-11368\" class=\"wp-caption-text\">Syskonen Sirkka-Liisa och Eero Enberg i Lerviken.<\/figcaption><\/figure>\n<figure id=\"attachment_11369\" aria-describedby=\"caption-attachment-11369\" style=\"width: 1588px\" class=\"wp-caption alignnone\"><img loading=\"lazy\" decoding=\"async\" class=\"size-full wp-image-11369\" src=\"http:\/\/www.lassebacklund.fi\/wp-content\/uploads\/2019\/02\/37-Sirkka-Liisa-Hannu-Veikko-och-Jorma-d\u00e4r-Skomakas-ca-1954.jpg\" alt=\"\" width=\"1588\" height=\"969\" srcset=\"https:\/\/www.lassebacklund.fi\/wp-content\/uploads\/2019\/02\/37-Sirkka-Liisa-Hannu-Veikko-och-Jorma-d\u00e4r-Skomakas-ca-1954.jpg 1588w, https:\/\/www.lassebacklund.fi\/wp-content\/uploads\/2019\/02\/37-Sirkka-Liisa-Hannu-Veikko-och-Jorma-d\u00e4r-Skomakas-ca-1954-300x183.jpg 300w, https:\/\/www.lassebacklund.fi\/wp-content\/uploads\/2019\/02\/37-Sirkka-Liisa-Hannu-Veikko-och-Jorma-d\u00e4r-Skomakas-ca-1954-768x469.jpg 768w, https:\/\/www.lassebacklund.fi\/wp-content\/uploads\/2019\/02\/37-Sirkka-Liisa-Hannu-Veikko-och-Jorma-d\u00e4r-Skomakas-ca-1954-1024x625.jpg 1024w\" sizes=\"auto, (max-width: 1588px) 100vw, 1588px\" \/><figcaption id=\"caption-attachment-11369\" class=\"wp-caption-text\">Fotot \u00e4r otydligt men det enda d\u00e4r ocks\u00e5 Hannu \u00e4r med. Fr\u00e5n v\u00e4nster Sirkka-Liisa, Hannu, Veikko och Jorma d\u00e4r Skomakas p\u00e5 Sunnantillv\u00e4gen ca 1954.<\/figcaption><\/figure>\n","protected":false},"excerpt":{"rendered":"<p>Nedtecknat av Lasse Backlund i februari 2019, med hj\u00e4lp av Sirkka-Liisa Saarela och Jorma Enberg. Paavo och Aune Enberg bodde fram till 1952 i Sammi by i Siikainen. Sammi ligger 15 kilometer fr\u00e5n Siikainen mot Kankaanp\u00e4\u00e4 och d\u00e4r arbetade Paavo <a class=\"more-link\" href=\"https:\/\/www.lassebacklund.fi\/?page_id=11372\">Forts\u00e4tt l\u00e4sa <span class=\"screen-reader-text\">  Paavo Enbergs familj flyttar till Dagsmark<\/span><span class=\"meta-nav\">&rarr;<\/span><\/a><\/p>\n","protected":false},"author":1,"featured_media":0,"parent":11146,"menu_order":10,"comment_status":"closed","ping_status":"closed","template":"","meta":{"footnotes":""},"class_list":["post-11372","page","type-page","status-publish","hentry"],"_links":{"self":[{"href":"https:\/\/www.lassebacklund.fi\/index.php?rest_route=\/wp\/v2\/pages\/11372","targetHints":{"allow":["GET"]}}],"collection":[{"href":"https:\/\/www.lassebacklund.fi\/index.php?rest_route=\/wp\/v2\/pages"}],"about":[{"href":"https:\/\/www.lassebacklund.fi\/index.php?rest_route=\/wp\/v2\/types\/page"}],"author":[{"embeddable":true,"href":"https:\/\/www.lassebacklund.fi\/index.php?rest_route=\/wp\/v2\/users\/1"}],"replies":[{"embeddable":true,"href":"https:\/\/www.lassebacklund.fi\/index.php?rest_route=%2Fwp%2Fv2%2Fcomments&post=11372"}],"version-history":[{"count":12,"href":"https:\/\/www.lassebacklund.fi\/index.php?rest_route=\/wp\/v2\/pages\/11372\/revisions"}],"predecessor-version":[{"id":25602,"href":"https:\/\/www.lassebacklund.fi\/index.php?rest_route=\/wp\/v2\/pages\/11372\/revisions\/25602"}],"up":[{"embeddable":true,"href":"https:\/\/www.lassebacklund.fi\/index.php?rest_route=\/wp\/v2\/pages\/11146"}],"wp:attachment":[{"href":"https:\/\/www.lassebacklund.fi\/index.php?rest_route=%2Fwp%2Fv2%2Fmedia&parent=11372"}],"curies":[{"name":"wp","href":"https:\/\/api.w.org\/{rel}","templated":true}]}}