{"id":11359,"date":"2019-02-19T21:56:39","date_gmt":"2019-02-19T19:56:39","guid":{"rendered":"http:\/\/www.lassebacklund.fi\/?page_id=11359"},"modified":"2025-08-26T08:46:49","modified_gmt":"2025-08-26T05:46:49","slug":"johannes-sjoblads-nekrolog","status":"publish","type":"page","link":"https:\/\/www.lassebacklund.fi\/?page_id=11359","title":{"rendered":"Johannes Sj\u00f6blads nekrolog"},"content":{"rendered":"<p><strong><span style=\"margin: 0px; color: #000080; font-family: 'Helvetica','sans-serif';\">Syd-\u00d6sterbotten torsdagen den 19.1.1956:<\/span><\/strong><\/p>\n<p><span style=\"margin: 0px; font-family: 'Helvetica','sans-serif';\"><span style=\"color: #000000;\">I m\u00e5ndags p\u00e5 morgonen avled i Vasa f.d. f\u00f6rest\u00e5ndaren f\u00f6r Evangeliska folkh\u00f6gskolan Johannes Sj\u00f6blad.<\/span><\/span><\/p>\n<p><span style=\"margin: 0px; font-family: 'Helvetica','sans-serif';\"><span style=\"color: #000000;\">Johannes Sj\u00f6blad var f\u00f6dd i Lapptr\u00e4sk 1879. Efter avslutad skolg\u00e5ng arbetade han f\u00f6rst n\u00e5gon tid som m\u00e5larl\u00e4rling och \u00e5ren 1899-1900 genomgick han centralskolan f\u00f6r konstflit i Helsingfors. Senare drogs han dock till l\u00e4rarbanan och vann intr\u00e4de vid Nykarleby seminarium, varifr\u00e5n han dimitterades 1906. Under sina f\u00f6rsta \u00e5r som l\u00e4rare studerade han ivrigt vidare och tog vitsord i pedagogik, konsthistoria, nordisk filologi samt dogmatik och etik vid Helsingfors universitet. \u00c5ren 1906 \u2013 1928 hade han tj\u00e4nst vid olika folkskolor, bland annat i Malax, Korsn\u00e4s och i Dagsmark.<\/span><\/span><\/p>\n<p><span style=\"margin: 0px; font-family: 'Helvetica','sans-serif';\"><span style=\"color: #000000;\">Uppvuxen i ett evangeliskt p\u00e5verkat hem, intresserade sig Johannes Sj\u00f6blad tidigt f\u00f6r kristligt ungdomsarbete och predikoverksamhet. \u00c5r 1910 erh\u00f6ll han av domkapitlet den s\u00e5 kallade \u201dvenia concionandi\u201d, det vill s\u00e4ga r\u00e4tt att tala i kyrkorna.<\/span><\/span><\/p>\n<p><span style=\"margin: 0px; font-family: 'Helvetica','sans-serif';\"><span style=\"color: #000000;\">D\u00e5 folkh\u00f6gskolan \u00e5r 1926 inledde sin verksamhet i Dagsmark var den under de tv\u00e5 f\u00f6rsta \u00e5ren inrymd i Dagsmarks b\u00f6nehus. Johannes Sj\u00f6blad blev d\u00e5 dess f\u00f6rsta f\u00f6rest\u00e5ndare. Det var ocks\u00e5 han som bar den st\u00f6rsta b\u00f6rdan under skolans f\u00f6rsta tid och lotsade den fram till dess nuvarande position. N\u00e4r han \u00e5r 1952 avgick med pension fr\u00e5n f\u00f6rest\u00e5ndarbefattningen kunde han ocks\u00e5 blicka tillbaka p\u00e5 en 46-\u00e5rig l\u00e4rarverksamhet, varav 26 som f\u00f6rest\u00e5ndare f\u00f6r folkh\u00f6gskolan, ett gott resultat av sitt arbete.<\/span><\/span><\/p>\n<p><span style=\"margin: 0px; font-family: 'Helvetica','sans-serif';\"><span style=\"color: #000000;\">Under de senaste \u00e5ren \u00e4gnade sig Johannes Sj\u00f6blad fr\u00e4mst \u00e5t sina konst- och kyrkohistoriska intressen. Johannes var gift med Hanna (1893-1965) fr\u00e5n Malax. N\u00e4rmast s\u00f6rjande \u00e4r maka, en son och tv\u00e5 d\u00f6ttrar.<\/span><\/span><\/p>\n","protected":false},"excerpt":{"rendered":"<p>Syd-\u00d6sterbotten torsdagen den 19.1.1956: I m\u00e5ndags p\u00e5 morgonen avled i Vasa f.d. f\u00f6rest\u00e5ndaren f\u00f6r Evangeliska folkh\u00f6gskolan Johannes Sj\u00f6blad. Johannes Sj\u00f6blad var f\u00f6dd i Lapptr\u00e4sk 1879. Efter avslutad skolg\u00e5ng arbetade han f\u00f6rst n\u00e5gon tid som m\u00e5larl\u00e4rling och \u00e5ren 1899-1900 genomgick han <a class=\"more-link\" href=\"https:\/\/www.lassebacklund.fi\/?page_id=11359\">Forts\u00e4tt l\u00e4sa <span class=\"screen-reader-text\">  Johannes Sj\u00f6blads nekrolog<\/span><span class=\"meta-nav\">&rarr;<\/span><\/a><\/p>\n","protected":false},"author":1,"featured_media":0,"parent":1928,"menu_order":100,"comment_status":"closed","ping_status":"closed","template":"","meta":{"footnotes":""},"class_list":["post-11359","page","type-page","status-publish","hentry"],"_links":{"self":[{"href":"https:\/\/www.lassebacklund.fi\/index.php?rest_route=\/wp\/v2\/pages\/11359","targetHints":{"allow":["GET"]}}],"collection":[{"href":"https:\/\/www.lassebacklund.fi\/index.php?rest_route=\/wp\/v2\/pages"}],"about":[{"href":"https:\/\/www.lassebacklund.fi\/index.php?rest_route=\/wp\/v2\/types\/page"}],"author":[{"embeddable":true,"href":"https:\/\/www.lassebacklund.fi\/index.php?rest_route=\/wp\/v2\/users\/1"}],"replies":[{"embeddable":true,"href":"https:\/\/www.lassebacklund.fi\/index.php?rest_route=%2Fwp%2Fv2%2Fcomments&post=11359"}],"version-history":[{"count":3,"href":"https:\/\/www.lassebacklund.fi\/index.php?rest_route=\/wp\/v2\/pages\/11359\/revisions"}],"predecessor-version":[{"id":22276,"href":"https:\/\/www.lassebacklund.fi\/index.php?rest_route=\/wp\/v2\/pages\/11359\/revisions\/22276"}],"up":[{"embeddable":true,"href":"https:\/\/www.lassebacklund.fi\/index.php?rest_route=\/wp\/v2\/pages\/1928"}],"wp:attachment":[{"href":"https:\/\/www.lassebacklund.fi\/index.php?rest_route=%2Fwp%2Fv2%2Fmedia&parent=11359"}],"curies":[{"name":"wp","href":"https:\/\/api.w.org\/{rel}","templated":true}]}}