{"id":11308,"date":"2019-02-14T22:43:39","date_gmt":"2019-02-14T20:43:39","guid":{"rendered":"http:\/\/www.lassebacklund.fi\/?page_id=11308"},"modified":"2019-02-14T22:43:39","modified_gmt":"2019-02-14T20:43:39","slug":"forsaljningen-av-mejeriskogen","status":"publish","type":"page","link":"https:\/\/www.lassebacklund.fi\/?page_id=11308","title":{"rendered":"F\u00f6rs\u00e4ljningen av Mejeriskogen."},"content":{"rendered":"<p><span style=\"margin: 0px; font-family: 'Helvetica','sans-serif';\"><span style=\"color: #000000;\">P\u00e5 ett m\u00f6te den 28 augusti 1952 besl\u00f6t medlemmarna enh\u00e4lligt att s\u00e4lja den s\u00e5 kallade Mejeriskogen som mejeriet hade k\u00f6pt n\u00e5gra \u00e5r tidigare. Med p\u00e5 m\u00f6tet fanns mejerimedlemmarna Frans Storkull, Emil Nybond, Anselm Lillkull, Sigurd L\u00f6vgren, Gunnar L\u00e5ngkvist, Frans Nyg\u00e5rd, Verner R\u00f6nnlund, Erik Anders Klemets, Johan Lillkull, Evert Gr\u00f6ndahl, Valdemar Rosengren, Karl Hemberg, Axel Forslin, Josef Granlund, Otto Bj\u00f6rklund, Frans Lindfors, Lennart Nystr\u00f6m, Emil L\u00f6vgren, Gunnar Lillkull, Emil Norrg\u00e5rd, Anselm Storkull, Alfred Storkull, Emil Kl\u00e5vus, Karl Henrik Vesterback och Nils Eklund. Dessutom fanns Elis Nygren, Johannes Gr\u00f6ndahl och Einar Lind med p\u00e5 m\u00f6tet fanns de inte var medlemmar. Frans Storkull valdes till m\u00f6tesordf\u00f6rande och Einar Lind till sekreterare.<\/span><\/span><\/p>\n<p><span style=\"margin: 0px; font-family: 'Helvetica','sans-serif';\"><span style=\"color: #000000;\">I fj\u00e4rde paragrafen st\u00e5r det \u201dEfter diskussion besl\u00f6ts enh\u00e4lligt att omedelbart f\u00f6rs\u00e4lja andelslagets skogsskifte, den s.k. Mejeriskogen och gavs i uppdrag \u00e5t Valdemar Rosengren och Erik Anders Klemets att verkst\u00e4lla f\u00f6rs\u00e4ljningen och att p\u00e5 andelslagets v\u00e4gnar underteckna \u00f6verl\u00e5telsehandlingarna.\u201d<\/span><\/span><\/p>\n<p><span style=\"margin: 0px; font-family: 'Helvetica','sans-serif';\"><span style=\"color: #000000;\">Tre dagar senare, allts\u00e5 den 31 augusti 1952 skrevs k\u00f6pekontrakt med bonden Karl Hemberg som k\u00f6pte skogen, som ligger p\u00e5 Ivars hemman i Lappfj\u00e4rds by. K\u00f6pesumman 276,000 mark betalades kontant. Hemberg fick tilltr\u00e4de till skiftet f\u00f6rst vid \u00e5rsskiftet 1952-1953 och fram till den tiden fick andelslagets medlemmar k\u00f6ra bort de tr\u00e4d som de redan hade hunnit f\u00e4lla. Det var ju s\u00e5 att Dagsmark ungdomsf\u00f6rening just d\u00e5 h\u00f6ll p\u00e5 att bygga den nya lokalen och Andelsmejeriet l\u00e4t f\u00f6reningsmedlemmarna hugga stockar i skogen, f\u00f6r att anv\u00e4ndas vid bygget. Skogen var helt uthuggen p\u00e5 stocktr\u00e4d, s\u00e5 det ans\u00e5gs att den skog som Karl k\u00f6pte inte var s\u00e4rdeles v\u00e4rdefull.<\/span><\/span><\/p>\n<p><span style=\"margin: 0px; font-family: 'Helvetica','sans-serif';\"><span style=\"color: #000000;\">K\u00f6pebrevet skrevs hemma hos kommunalmannen Johan Lillkull och undertecknades av alla parter och Johans hustru Ida som bevittnare. Mejeriskogen \u00e4r fortfarande i sl\u00e4kten Hembergs \u00e4go.<\/span><\/span><\/p>\n","protected":false},"excerpt":{"rendered":"<p>P\u00e5 ett m\u00f6te den 28 augusti 1952 besl\u00f6t medlemmarna enh\u00e4lligt att s\u00e4lja den s\u00e5 kallade Mejeriskogen som mejeriet hade k\u00f6pt n\u00e5gra \u00e5r tidigare. Med p\u00e5 m\u00f6tet fanns mejerimedlemmarna Frans Storkull, Emil Nybond, Anselm Lillkull, Sigurd L\u00f6vgren, Gunnar L\u00e5ngkvist, Frans Nyg\u00e5rd, <a class=\"more-link\" href=\"https:\/\/www.lassebacklund.fi\/?page_id=11308\">Forts\u00e4tt l\u00e4sa <span class=\"screen-reader-text\">  F\u00f6rs\u00e4ljningen av Mejeriskogen.<\/span><span class=\"meta-nav\">&rarr;<\/span><\/a><\/p>\n","protected":false},"author":1,"featured_media":0,"parent":1332,"menu_order":0,"comment_status":"closed","ping_status":"closed","template":"","meta":{"footnotes":""},"class_list":["post-11308","page","type-page","status-publish","hentry"],"_links":{"self":[{"href":"https:\/\/www.lassebacklund.fi\/index.php?rest_route=\/wp\/v2\/pages\/11308","targetHints":{"allow":["GET"]}}],"collection":[{"href":"https:\/\/www.lassebacklund.fi\/index.php?rest_route=\/wp\/v2\/pages"}],"about":[{"href":"https:\/\/www.lassebacklund.fi\/index.php?rest_route=\/wp\/v2\/types\/page"}],"author":[{"embeddable":true,"href":"https:\/\/www.lassebacklund.fi\/index.php?rest_route=\/wp\/v2\/users\/1"}],"replies":[{"embeddable":true,"href":"https:\/\/www.lassebacklund.fi\/index.php?rest_route=%2Fwp%2Fv2%2Fcomments&post=11308"}],"version-history":[{"count":1,"href":"https:\/\/www.lassebacklund.fi\/index.php?rest_route=\/wp\/v2\/pages\/11308\/revisions"}],"predecessor-version":[{"id":11309,"href":"https:\/\/www.lassebacklund.fi\/index.php?rest_route=\/wp\/v2\/pages\/11308\/revisions\/11309"}],"up":[{"embeddable":true,"href":"https:\/\/www.lassebacklund.fi\/index.php?rest_route=\/wp\/v2\/pages\/1332"}],"wp:attachment":[{"href":"https:\/\/www.lassebacklund.fi\/index.php?rest_route=%2Fwp%2Fv2%2Fmedia&parent=11308"}],"curies":[{"name":"wp","href":"https:\/\/api.w.org\/{rel}","templated":true}]}}