{"id":11177,"date":"2019-02-08T19:07:04","date_gmt":"2019-02-08T17:07:04","guid":{"rendered":"http:\/\/www.lassebacklund.fi\/?page_id=11177"},"modified":"2025-04-06T08:22:21","modified_gmt":"2025-04-06T05:22:21","slug":"brollopsfoton","status":"publish","type":"page","link":"https:\/\/www.lassebacklund.fi\/?page_id=11177","title":{"rendered":"Br\u00f6llopsfoton"},"content":{"rendered":"<figure id=\"attachment_11158\" aria-describedby=\"caption-attachment-11158\" style=\"width: 1495px\" class=\"wp-caption alignnone\"><img loading=\"lazy\" decoding=\"async\" class=\"size-full wp-image-11158\" src=\"http:\/\/www.lassebacklund.fi\/wp-content\/uploads\/2019\/02\/Artur-och-Julandas-br\u00f6llop-1927.jpg\" alt=\"\" width=\"1495\" height=\"940\" srcset=\"https:\/\/www.lassebacklund.fi\/wp-content\/uploads\/2019\/02\/Artur-och-Julandas-br\u00f6llop-1927.jpg 1495w, https:\/\/www.lassebacklund.fi\/wp-content\/uploads\/2019\/02\/Artur-och-Julandas-br\u00f6llop-1927-300x189.jpg 300w, https:\/\/www.lassebacklund.fi\/wp-content\/uploads\/2019\/02\/Artur-och-Julandas-br\u00f6llop-1927-768x483.jpg 768w, https:\/\/www.lassebacklund.fi\/wp-content\/uploads\/2019\/02\/Artur-och-Julandas-br\u00f6llop-1927-1024x644.jpg 1024w\" sizes=\"auto, (max-width: 1495px) 100vw, 1495px\" \/><figcaption id=\"caption-attachment-11158\" class=\"wp-caption-text\">\u00c5r 1927 gifte sig Julanda Nyroos fr\u00e5n \u00c5backan med Artur Mitts fr\u00e5n Lappfj\u00e4rd. I bakgrunden Mitts g\u00e5rd n\u00e4ra Flottbroen.<\/figcaption><\/figure>\n<figure id=\"attachment_11161\" aria-describedby=\"caption-attachment-11161\" style=\"width: 1550px\" class=\"wp-caption alignnone\"><img loading=\"lazy\" decoding=\"async\" class=\"size-full wp-image-11161\" src=\"http:\/\/www.lassebacklund.fi\/wp-content\/uploads\/2019\/02\/Br\u00f6llop-Emil-o-Hulda-Hammarberg-1931-hos-Leander-Nyholm.jpg\" alt=\"\" width=\"1550\" height=\"969\" srcset=\"https:\/\/www.lassebacklund.fi\/wp-content\/uploads\/2019\/02\/Br\u00f6llop-Emil-o-Hulda-Hammarberg-1931-hos-Leander-Nyholm.jpg 1550w, https:\/\/www.lassebacklund.fi\/wp-content\/uploads\/2019\/02\/Br\u00f6llop-Emil-o-Hulda-Hammarberg-1931-hos-Leander-Nyholm-300x188.jpg 300w, https:\/\/www.lassebacklund.fi\/wp-content\/uploads\/2019\/02\/Br\u00f6llop-Emil-o-Hulda-Hammarberg-1931-hos-Leander-Nyholm-768x480.jpg 768w, https:\/\/www.lassebacklund.fi\/wp-content\/uploads\/2019\/02\/Br\u00f6llop-Emil-o-Hulda-Hammarberg-1931-hos-Leander-Nyholm-1024x640.jpg 1024w\" sizes=\"auto, (max-width: 1550px) 100vw, 1550px\" \/><figcaption id=\"caption-attachment-11161\" class=\"wp-caption-text\">\u00c5r 1931 gifte sig Emil och Hulda Hammarberg. Br\u00f6llopet h\u00f6lls i Leander Nyholm g\u00e5rd i Kvarn\u00e5.<\/figcaption><\/figure>\n<figure id=\"attachment_11162\" aria-describedby=\"caption-attachment-11162\" style=\"width: 1497px\" class=\"wp-caption alignnone\"><img loading=\"lazy\" decoding=\"async\" class=\"size-full wp-image-11162\" src=\"http:\/\/www.lassebacklund.fi\/wp-content\/uploads\/2019\/02\/Br\u00f6llopsbild-Elna-och-Eero-Myll\u00e4ri-d\u00e4r-Jantunenas-1928.jpg\" alt=\"\" width=\"1497\" height=\"844\" srcset=\"https:\/\/www.lassebacklund.fi\/wp-content\/uploads\/2019\/02\/Br\u00f6llopsbild-Elna-och-Eero-Myll\u00e4ri-d\u00e4r-Jantunenas-1928.jpg 1497w, https:\/\/www.lassebacklund.fi\/wp-content\/uploads\/2019\/02\/Br\u00f6llopsbild-Elna-och-Eero-Myll\u00e4ri-d\u00e4r-Jantunenas-1928-300x169.jpg 300w, https:\/\/www.lassebacklund.fi\/wp-content\/uploads\/2019\/02\/Br\u00f6llopsbild-Elna-och-Eero-Myll\u00e4ri-d\u00e4r-Jantunenas-1928-768x433.jpg 768w, https:\/\/www.lassebacklund.fi\/wp-content\/uploads\/2019\/02\/Br\u00f6llopsbild-Elna-och-Eero-Myll\u00e4ri-d\u00e4r-Jantunenas-1928-1024x577.jpg 1024w\" sizes=\"auto, (max-width: 1497px) 100vw, 1497px\" \/><figcaption id=\"caption-attachment-11162\" class=\"wp-caption-text\">\u00c5r 1928 gifte sig Eero och Elna Myll\u00e4ri. Br\u00f6llopet h\u00f6lls &#8221;d\u00e4r K\u00e5rk Erk J\u00e5hanas&#8221; eller Jantunens g\u00e5rd i Palon. Bredvid Eero st\u00e5r g\u00e5rds\u00e4gare K\u00e5rk Erk J\u00e5han.<\/figcaption><\/figure>\n<figure id=\"attachment_11163\" aria-describedby=\"caption-attachment-11163\" style=\"width: 1496px\" class=\"wp-caption alignnone\"><img loading=\"lazy\" decoding=\"async\" class=\"size-full wp-image-11163\" src=\"http:\/\/www.lassebacklund.fi\/wp-content\/uploads\/2019\/02\/Br\u00f6llopsfoto-Elin-Lillkull-och-Sigfrid-Landg\u00e4rds-1927.jpg\" alt=\"\" width=\"1496\" height=\"735\" srcset=\"https:\/\/www.lassebacklund.fi\/wp-content\/uploads\/2019\/02\/Br\u00f6llopsfoto-Elin-Lillkull-och-Sigfrid-Landg\u00e4rds-1927.jpg 1496w, https:\/\/www.lassebacklund.fi\/wp-content\/uploads\/2019\/02\/Br\u00f6llopsfoto-Elin-Lillkull-och-Sigfrid-Landg\u00e4rds-1927-300x147.jpg 300w, https:\/\/www.lassebacklund.fi\/wp-content\/uploads\/2019\/02\/Br\u00f6llopsfoto-Elin-Lillkull-och-Sigfrid-Landg\u00e4rds-1927-768x377.jpg 768w, https:\/\/www.lassebacklund.fi\/wp-content\/uploads\/2019\/02\/Br\u00f6llopsfoto-Elin-Lillkull-och-Sigfrid-Landg\u00e4rds-1927-1024x503.jpg 1024w\" sizes=\"auto, (max-width: 1496px) 100vw, 1496px\" \/><figcaption id=\"caption-attachment-11163\" class=\"wp-caption-text\">\u00c5r 1927 poserar brudparet Elin Lillkull och Sigfrid Landg\u00e4rds tillsammans med spelm\u00e4n och n\u00e4rmaste sl\u00e4ktingar.<\/figcaption><\/figure>\n<figure id=\"attachment_11164\" aria-describedby=\"caption-attachment-11164\" style=\"width: 1593px\" class=\"wp-caption alignnone\"><img loading=\"lazy\" decoding=\"async\" class=\"size-full wp-image-11164\" src=\"http:\/\/www.lassebacklund.fi\/wp-content\/uploads\/2019\/02\/Br\u00f6llopsfoto-Julia-Lillkull-och-Bertel-L\u00e5ngfors.jpg\" alt=\"\" width=\"1593\" height=\"929\" srcset=\"https:\/\/www.lassebacklund.fi\/wp-content\/uploads\/2019\/02\/Br\u00f6llopsfoto-Julia-Lillkull-och-Bertel-L\u00e5ngfors.jpg 1593w, https:\/\/www.lassebacklund.fi\/wp-content\/uploads\/2019\/02\/Br\u00f6llopsfoto-Julia-Lillkull-och-Bertel-L\u00e5ngfors-300x175.jpg 300w, https:\/\/www.lassebacklund.fi\/wp-content\/uploads\/2019\/02\/Br\u00f6llopsfoto-Julia-Lillkull-och-Bertel-L\u00e5ngfors-768x448.jpg 768w, https:\/\/www.lassebacklund.fi\/wp-content\/uploads\/2019\/02\/Br\u00f6llopsfoto-Julia-Lillkull-och-Bertel-L\u00e5ngfors-1024x597.jpg 1024w\" sizes=\"auto, (max-width: 1593px) 100vw, 1593px\" \/><figcaption id=\"caption-attachment-11164\" class=\"wp-caption-text\">\u00c5r 1934 gifte sig Bertel L\u00e5ngfors med Julia Lillkull, som var dotter till Johan Lillkull. Br\u00f6llopet h\u00f6lls p\u00e5 Sunnantillv\u00e4gen &#8221;d\u00e4r Pelas-J\u00e5hanas&#8221;.<\/figcaption><\/figure>\n<figure id=\"attachment_11166\" aria-describedby=\"caption-attachment-11166\" style=\"width: 1498px\" class=\"wp-caption alignnone\"><img loading=\"lazy\" decoding=\"async\" class=\"size-full wp-image-11166\" src=\"http:\/\/www.lassebacklund.fi\/wp-content\/uploads\/2019\/02\/Br\u00f6llopsfoto-Signe-Lindroos-och-Lennart-Nystr\u00f6m-\u00e5r-1932.jpg\" alt=\"\" width=\"1498\" height=\"886\" srcset=\"https:\/\/www.lassebacklund.fi\/wp-content\/uploads\/2019\/02\/Br\u00f6llopsfoto-Signe-Lindroos-och-Lennart-Nystr\u00f6m-\u00e5r-1932.jpg 1498w, https:\/\/www.lassebacklund.fi\/wp-content\/uploads\/2019\/02\/Br\u00f6llopsfoto-Signe-Lindroos-och-Lennart-Nystr\u00f6m-\u00e5r-1932-300x177.jpg 300w, https:\/\/www.lassebacklund.fi\/wp-content\/uploads\/2019\/02\/Br\u00f6llopsfoto-Signe-Lindroos-och-Lennart-Nystr\u00f6m-\u00e5r-1932-768x454.jpg 768w, https:\/\/www.lassebacklund.fi\/wp-content\/uploads\/2019\/02\/Br\u00f6llopsfoto-Signe-Lindroos-och-Lennart-Nystr\u00f6m-\u00e5r-1932-1024x606.jpg 1024w\" sizes=\"auto, (max-width: 1498px) 100vw, 1498px\" \/><figcaption id=\"caption-attachment-11166\" class=\"wp-caption-text\">\u00c5r 1932 gifte sig Signe Lindroos fr\u00e5n Kvarn\u00e5 med Lennart Nystr\u00f6m. Br\u00f6llopet h\u00f6lls d\u00e4r Nystr\u00f6mas.<\/figcaption><\/figure>\n<figure id=\"attachment_11165\" aria-describedby=\"caption-attachment-11165\" style=\"width: 1495px\" class=\"wp-caption alignnone\"><img loading=\"lazy\" decoding=\"async\" class=\"size-full wp-image-11165\" src=\"http:\/\/www.lassebacklund.fi\/wp-content\/uploads\/2019\/02\/Br\u00f6llopsfoto-Runar-Roseng\u00e5rd-och-M\u00e4rta-Viklund-\u00e5r-1935.jpg\" alt=\"\" width=\"1495\" height=\"949\" srcset=\"https:\/\/www.lassebacklund.fi\/wp-content\/uploads\/2019\/02\/Br\u00f6llopsfoto-Runar-Roseng\u00e5rd-och-M\u00e4rta-Viklund-\u00e5r-1935.jpg 1495w, https:\/\/www.lassebacklund.fi\/wp-content\/uploads\/2019\/02\/Br\u00f6llopsfoto-Runar-Roseng\u00e5rd-och-M\u00e4rta-Viklund-\u00e5r-1935-300x190.jpg 300w, https:\/\/www.lassebacklund.fi\/wp-content\/uploads\/2019\/02\/Br\u00f6llopsfoto-Runar-Roseng\u00e5rd-och-M\u00e4rta-Viklund-\u00e5r-1935-768x488.jpg 768w, https:\/\/www.lassebacklund.fi\/wp-content\/uploads\/2019\/02\/Br\u00f6llopsfoto-Runar-Roseng\u00e5rd-och-M\u00e4rta-Viklund-\u00e5r-1935-1024x650.jpg 1024w\" sizes=\"auto, (max-width: 1495px) 100vw, 1495px\" \/><figcaption id=\"caption-attachment-11165\" class=\"wp-caption-text\">\u00c5r 1935 gifte sig Runar Roseng\u00e5rd med M\u00e4rta Viklund. Br\u00f6llopet h\u00f6lls hos &#8221;Erikas-Almas&#8221; i Klemets\u00e4ndan.<\/figcaption><\/figure>\n<figure id=\"attachment_11167\" aria-describedby=\"caption-attachment-11167\" style=\"width: 1499px\" class=\"wp-caption alignnone\"><img loading=\"lazy\" decoding=\"async\" class=\"size-full wp-image-11167\" src=\"http:\/\/www.lassebacklund.fi\/wp-content\/uploads\/2019\/02\/Br\u00f6llopsfoto-Svea-och-Gunnar-Norrg\u00e5rd-1941.jpg\" alt=\"\" width=\"1499\" height=\"950\" srcset=\"https:\/\/www.lassebacklund.fi\/wp-content\/uploads\/2019\/02\/Br\u00f6llopsfoto-Svea-och-Gunnar-Norrg\u00e5rd-1941.jpg 1499w, https:\/\/www.lassebacklund.fi\/wp-content\/uploads\/2019\/02\/Br\u00f6llopsfoto-Svea-och-Gunnar-Norrg\u00e5rd-1941-300x190.jpg 300w, https:\/\/www.lassebacklund.fi\/wp-content\/uploads\/2019\/02\/Br\u00f6llopsfoto-Svea-och-Gunnar-Norrg\u00e5rd-1941-768x487.jpg 768w, https:\/\/www.lassebacklund.fi\/wp-content\/uploads\/2019\/02\/Br\u00f6llopsfoto-Svea-och-Gunnar-Norrg\u00e5rd-1941-1024x649.jpg 1024w\" sizes=\"auto, (max-width: 1499px) 100vw, 1499px\" \/><figcaption id=\"caption-attachment-11167\" class=\"wp-caption-text\">\u00c5r 1941 gifte sig Svea Norrg\u00e5rd med grannen Gunnar Guss. Fotot taget d\u00e4r Norrg\u00e5rds.<\/figcaption><\/figure>\n<figure id=\"attachment_11168\" aria-describedby=\"caption-attachment-11168\" style=\"width: 3231px\" class=\"wp-caption alignnone\"><img loading=\"lazy\" decoding=\"async\" class=\"size-full wp-image-11168\" src=\"http:\/\/www.lassebacklund.fi\/wp-content\/uploads\/2019\/02\/Elin-Lillkull-och-Sigfrid-Landg\u00e4rds-br\u00f6llop-1927.jpg\" alt=\"\" width=\"3231\" height=\"1980\" srcset=\"https:\/\/www.lassebacklund.fi\/wp-content\/uploads\/2019\/02\/Elin-Lillkull-och-Sigfrid-Landg\u00e4rds-br\u00f6llop-1927.jpg 3231w, https:\/\/www.lassebacklund.fi\/wp-content\/uploads\/2019\/02\/Elin-Lillkull-och-Sigfrid-Landg\u00e4rds-br\u00f6llop-1927-300x184.jpg 300w, https:\/\/www.lassebacklund.fi\/wp-content\/uploads\/2019\/02\/Elin-Lillkull-och-Sigfrid-Landg\u00e4rds-br\u00f6llop-1927-768x471.jpg 768w, https:\/\/www.lassebacklund.fi\/wp-content\/uploads\/2019\/02\/Elin-Lillkull-och-Sigfrid-Landg\u00e4rds-br\u00f6llop-1927-1024x628.jpg 1024w\" sizes=\"auto, (max-width: 3231px) 100vw, 3231px\" \/><figcaption id=\"caption-attachment-11168\" class=\"wp-caption-text\">Kommunalmannen Johan Lillkulls dotter Elin gifte sig \u00e5r 1927 med Sigfrid Landg\u00e4rds fr\u00e5n Lappfj\u00e4rd.<\/figcaption><\/figure>\n<figure id=\"attachment_11169\" aria-describedby=\"caption-attachment-11169\" style=\"width: 1811px\" class=\"wp-caption alignnone\"><img loading=\"lazy\" decoding=\"async\" class=\"size-full wp-image-11169\" src=\"http:\/\/www.lassebacklund.fi\/wp-content\/uploads\/2019\/02\/Guss-Eskils-och-Elvis-br\u00f6llopsbild-fr\u00e5n-Norrviken-1947.jpg\" alt=\"\" width=\"1811\" height=\"940\" srcset=\"https:\/\/www.lassebacklund.fi\/wp-content\/uploads\/2019\/02\/Guss-Eskils-och-Elvis-br\u00f6llopsbild-fr\u00e5n-Norrviken-1947.jpg 1811w, https:\/\/www.lassebacklund.fi\/wp-content\/uploads\/2019\/02\/Guss-Eskils-och-Elvis-br\u00f6llopsbild-fr\u00e5n-Norrviken-1947-300x156.jpg 300w, https:\/\/www.lassebacklund.fi\/wp-content\/uploads\/2019\/02\/Guss-Eskils-och-Elvis-br\u00f6llopsbild-fr\u00e5n-Norrviken-1947-768x399.jpg 768w, https:\/\/www.lassebacklund.fi\/wp-content\/uploads\/2019\/02\/Guss-Eskils-och-Elvis-br\u00f6llopsbild-fr\u00e5n-Norrviken-1947-1024x532.jpg 1024w\" sizes=\"auto, (max-width: 1811px) 100vw, 1811px\" \/><figcaption id=\"caption-attachment-11169\" class=\"wp-caption-text\">\u00c5r 1947 gifte sig Eskil Guss med Elvi \u00d6ist fr\u00e5n Norrviken, d\u00e4r fotot \u00e4r taget.<\/figcaption><\/figure>\n<figure id=\"attachment_11170\" aria-describedby=\"caption-attachment-11170\" style=\"width: 1549px\" class=\"wp-caption alignnone\"><img loading=\"lazy\" decoding=\"async\" class=\"size-full wp-image-11170\" src=\"http:\/\/www.lassebacklund.fi\/wp-content\/uploads\/2019\/02\/Hammarberg-Selim-och-Elnas-br\u00f6llop-\u00e5r-1931.jpg\" alt=\"\" width=\"1549\" height=\"948\" srcset=\"https:\/\/www.lassebacklund.fi\/wp-content\/uploads\/2019\/02\/Hammarberg-Selim-och-Elnas-br\u00f6llop-\u00e5r-1931.jpg 1549w, https:\/\/www.lassebacklund.fi\/wp-content\/uploads\/2019\/02\/Hammarberg-Selim-och-Elnas-br\u00f6llop-\u00e5r-1931-300x184.jpg 300w, https:\/\/www.lassebacklund.fi\/wp-content\/uploads\/2019\/02\/Hammarberg-Selim-och-Elnas-br\u00f6llop-\u00e5r-1931-768x470.jpg 768w, https:\/\/www.lassebacklund.fi\/wp-content\/uploads\/2019\/02\/Hammarberg-Selim-och-Elnas-br\u00f6llop-\u00e5r-1931-1024x627.jpg 1024w\" sizes=\"auto, (max-width: 1549px) 100vw, 1549px\" \/><figcaption id=\"caption-attachment-11170\" class=\"wp-caption-text\">\u00c5r 1931 gifte sig Selim Hammarberg med Elna.<\/figcaption><\/figure>\n<figure id=\"attachment_11171\" aria-describedby=\"caption-attachment-11171\" style=\"width: 1494px\" class=\"wp-caption alignnone\"><img loading=\"lazy\" decoding=\"async\" class=\"size-full wp-image-11171\" src=\"http:\/\/www.lassebacklund.fi\/wp-content\/uploads\/2019\/02\/Nyg\u00e5rd-Anselm-och-Fanny-1930.jpg\" alt=\"\" width=\"1494\" height=\"932\" srcset=\"https:\/\/www.lassebacklund.fi\/wp-content\/uploads\/2019\/02\/Nyg\u00e5rd-Anselm-och-Fanny-1930.jpg 1494w, https:\/\/www.lassebacklund.fi\/wp-content\/uploads\/2019\/02\/Nyg\u00e5rd-Anselm-och-Fanny-1930-300x187.jpg 300w, https:\/\/www.lassebacklund.fi\/wp-content\/uploads\/2019\/02\/Nyg\u00e5rd-Anselm-och-Fanny-1930-768x479.jpg 768w, https:\/\/www.lassebacklund.fi\/wp-content\/uploads\/2019\/02\/Nyg\u00e5rd-Anselm-och-Fanny-1930-1024x639.jpg 1024w\" sizes=\"auto, (max-width: 1494px) 100vw, 1494px\" \/><figcaption id=\"caption-attachment-11171\" class=\"wp-caption-text\">\u00c5r 1930 gifte sig Fanny Klemets fr\u00e5n Br\u00e4nninas med Anselm Nyg\u00e5rd fr\u00e5n Korsb\u00e4ck.<\/figcaption><\/figure>\n<p><img loading=\"lazy\" decoding=\"async\" class=\"alignnone size-full wp-image-11172\" src=\"http:\/\/www.lassebacklund.fi\/wp-content\/uploads\/2019\/02\/Ok\u00e4nt-br\u00f6llopsfoto.jpg\" alt=\"\" width=\"1593\" height=\"1402\" srcset=\"https:\/\/www.lassebacklund.fi\/wp-content\/uploads\/2019\/02\/Ok\u00e4nt-br\u00f6llopsfoto.jpg 1593w, https:\/\/www.lassebacklund.fi\/wp-content\/uploads\/2019\/02\/Ok\u00e4nt-br\u00f6llopsfoto-300x264.jpg 300w, https:\/\/www.lassebacklund.fi\/wp-content\/uploads\/2019\/02\/Ok\u00e4nt-br\u00f6llopsfoto-768x676.jpg 768w, https:\/\/www.lassebacklund.fi\/wp-content\/uploads\/2019\/02\/Ok\u00e4nt-br\u00f6llopsfoto-1024x901.jpg 1024w\" sizes=\"auto, (max-width: 1593px) 100vw, 1593px\" \/><\/p>\n<figure id=\"attachment_11173\" aria-describedby=\"caption-attachment-11173\" style=\"width: 1593px\" class=\"wp-caption alignnone\"><img loading=\"lazy\" decoding=\"async\" class=\"size-full wp-image-11173\" src=\"http:\/\/www.lassebacklund.fi\/wp-content\/uploads\/2019\/02\/Selim-och-Julanda-Norrviks-br\u00f6llop-1924.jpg\" alt=\"\" width=\"1593\" height=\"820\" srcset=\"https:\/\/www.lassebacklund.fi\/wp-content\/uploads\/2019\/02\/Selim-och-Julanda-Norrviks-br\u00f6llop-1924.jpg 1593w, https:\/\/www.lassebacklund.fi\/wp-content\/uploads\/2019\/02\/Selim-och-Julanda-Norrviks-br\u00f6llop-1924-300x154.jpg 300w, https:\/\/www.lassebacklund.fi\/wp-content\/uploads\/2019\/02\/Selim-och-Julanda-Norrviks-br\u00f6llop-1924-768x395.jpg 768w, https:\/\/www.lassebacklund.fi\/wp-content\/uploads\/2019\/02\/Selim-och-Julanda-Norrviks-br\u00f6llop-1924-1024x527.jpg 1024w\" sizes=\"auto, (max-width: 1593px) 100vw, 1593px\" \/><figcaption id=\"caption-attachment-11173\" class=\"wp-caption-text\">\u00c5r 1924 gifte sig Selim Norrvik med Julanda Rosenback, som var dotter till &#8221;Eljasas-Viktor&#8221; som var f\u00f6dd p\u00e5 Sebbasbackan<\/figcaption><\/figure>\n<figure id=\"attachment_11174\" aria-describedby=\"caption-attachment-11174\" style=\"width: 1496px\" class=\"wp-caption alignnone\"><img loading=\"lazy\" decoding=\"async\" class=\"size-full wp-image-11174\" src=\"http:\/\/www.lassebacklund.fi\/wp-content\/uploads\/2019\/02\/Valdemar-Rosengren-och-Hilma-Agn\u00e4s-br\u00f6llop-1927.jpg\" alt=\"\" width=\"1496\" height=\"960\" srcset=\"https:\/\/www.lassebacklund.fi\/wp-content\/uploads\/2019\/02\/Valdemar-Rosengren-och-Hilma-Agn\u00e4s-br\u00f6llop-1927.jpg 1496w, https:\/\/www.lassebacklund.fi\/wp-content\/uploads\/2019\/02\/Valdemar-Rosengren-och-Hilma-Agn\u00e4s-br\u00f6llop-1927-300x193.jpg 300w, https:\/\/www.lassebacklund.fi\/wp-content\/uploads\/2019\/02\/Valdemar-Rosengren-och-Hilma-Agn\u00e4s-br\u00f6llop-1927-768x493.jpg 768w, https:\/\/www.lassebacklund.fi\/wp-content\/uploads\/2019\/02\/Valdemar-Rosengren-och-Hilma-Agn\u00e4s-br\u00f6llop-1927-1024x657.jpg 1024w\" sizes=\"auto, (max-width: 1496px) 100vw, 1496px\" \/><figcaption id=\"caption-attachment-11174\" class=\"wp-caption-text\">Valdemar Rosengren och Hilma Agn\u00e4s med de n\u00e4rmaste sl\u00e4ktingarna och v\u00e4nnerna.<\/figcaption><\/figure>\n<figure id=\"attachment_11160\" aria-describedby=\"caption-attachment-11160\" style=\"width: 944px\" class=\"wp-caption alignnone\"><img loading=\"lazy\" decoding=\"async\" class=\"size-full wp-image-11160\" src=\"http:\/\/www.lassebacklund.fi\/wp-content\/uploads\/2019\/02\/Br\u00f6llop-hos-Norrviks-Fageli-Norrvik-och-Elgot-Berg-\u00e5r-1959..jpg\" alt=\"\" width=\"944\" height=\"646\" srcset=\"https:\/\/www.lassebacklund.fi\/wp-content\/uploads\/2019\/02\/Br\u00f6llop-hos-Norrviks-Fageli-Norrvik-och-Elgot-Berg-\u00e5r-1959..jpg 944w, https:\/\/www.lassebacklund.fi\/wp-content\/uploads\/2019\/02\/Br\u00f6llop-hos-Norrviks-Fageli-Norrvik-och-Elgot-Berg-\u00e5r-1959.-300x205.jpg 300w, https:\/\/www.lassebacklund.fi\/wp-content\/uploads\/2019\/02\/Br\u00f6llop-hos-Norrviks-Fageli-Norrvik-och-Elgot-Berg-\u00e5r-1959.-768x526.jpg 768w\" sizes=\"auto, (max-width: 944px) 100vw, 944px\" \/><figcaption id=\"caption-attachment-11160\" class=\"wp-caption-text\">\u00c5r 1959 gifte sig Fageli Norrvik med Elgot Berg.<\/figcaption><\/figure>\n<figure id=\"attachment_11175\" aria-describedby=\"caption-attachment-11175\" style=\"width: 1496px\" class=\"wp-caption alignnone\"><img loading=\"lazy\" decoding=\"async\" class=\"size-full wp-image-11175\" src=\"http:\/\/www.lassebacklund.fi\/wp-content\/uploads\/2019\/02\/Valdemars-och-Hilmas-br\u00f6llop-1927.jpg\" alt=\"\" width=\"1496\" height=\"738\" srcset=\"https:\/\/www.lassebacklund.fi\/wp-content\/uploads\/2019\/02\/Valdemars-och-Hilmas-br\u00f6llop-1927.jpg 1496w, https:\/\/www.lassebacklund.fi\/wp-content\/uploads\/2019\/02\/Valdemars-och-Hilmas-br\u00f6llop-1927-300x148.jpg 300w, https:\/\/www.lassebacklund.fi\/wp-content\/uploads\/2019\/02\/Valdemars-och-Hilmas-br\u00f6llop-1927-768x379.jpg 768w, https:\/\/www.lassebacklund.fi\/wp-content\/uploads\/2019\/02\/Valdemars-och-Hilmas-br\u00f6llop-1927-1024x505.jpg 1024w\" sizes=\"auto, (max-width: 1496px) 100vw, 1496px\" \/><figcaption id=\"caption-attachment-11175\" class=\"wp-caption-text\">\u00c5r 1927 gifte sig Valdemar Rosengren p\u00e5 \u00c5backan med Hilma Agn\u00e4s fr\u00e5n Sebasbackan.<\/figcaption><\/figure>\n","protected":false},"excerpt":{"rendered":"","protected":false},"author":1,"featured_media":0,"parent":47,"menu_order":0,"comment_status":"closed","ping_status":"closed","template":"","meta":{"footnotes":""},"class_list":["post-11177","page","type-page","status-publish","hentry"],"_links":{"self":[{"href":"https:\/\/www.lassebacklund.fi\/index.php?rest_route=\/wp\/v2\/pages\/11177","targetHints":{"allow":["GET"]}}],"collection":[{"href":"https:\/\/www.lassebacklund.fi\/index.php?rest_route=\/wp\/v2\/pages"}],"about":[{"href":"https:\/\/www.lassebacklund.fi\/index.php?rest_route=\/wp\/v2\/types\/page"}],"author":[{"embeddable":true,"href":"https:\/\/www.lassebacklund.fi\/index.php?rest_route=\/wp\/v2\/users\/1"}],"replies":[{"embeddable":true,"href":"https:\/\/www.lassebacklund.fi\/index.php?rest_route=%2Fwp%2Fv2%2Fcomments&post=11177"}],"version-history":[{"count":4,"href":"https:\/\/www.lassebacklund.fi\/index.php?rest_route=\/wp\/v2\/pages\/11177\/revisions"}],"predecessor-version":[{"id":23863,"href":"https:\/\/www.lassebacklund.fi\/index.php?rest_route=\/wp\/v2\/pages\/11177\/revisions\/23863"}],"up":[{"embeddable":true,"href":"https:\/\/www.lassebacklund.fi\/index.php?rest_route=\/wp\/v2\/pages\/47"}],"wp:attachment":[{"href":"https:\/\/www.lassebacklund.fi\/index.php?rest_route=%2Fwp%2Fv2%2Fmedia&parent=11177"}],"curies":[{"name":"wp","href":"https:\/\/api.w.org\/{rel}","templated":true}]}}