{"id":11113,"date":"2019-02-06T19:10:20","date_gmt":"2019-02-06T17:10:20","guid":{"rendered":"http:\/\/www.lassebacklund.fi\/?page_id=11113"},"modified":"2025-06-15T23:13:52","modified_gmt":"2025-06-15T20:13:52","slug":"langfors-bertels-gard-pa-dagsmarkvagen-136","status":"publish","type":"page","link":"https:\/\/www.lassebacklund.fi\/?page_id=11113","title":{"rendered":"L\u00e5ngfors Bertels g\u00e5rd p\u00e5 Dagsmarkv\u00e4gen 136"},"content":{"rendered":"<figure id=\"attachment_24176\" aria-describedby=\"caption-attachment-24176\" style=\"width: 2304px\" class=\"wp-caption alignnone\"><img loading=\"lazy\" decoding=\"async\" class=\"wp-image-24176 size-full\" src=\"https:\/\/www.lassebacklund.fi\/wp-content\/uploads\/2025\/06\/Bertelas-2025.jpg\" alt=\"\" width=\"2304\" height=\"1402\" srcset=\"https:\/\/www.lassebacklund.fi\/wp-content\/uploads\/2025\/06\/Bertelas-2025.jpg 2304w, https:\/\/www.lassebacklund.fi\/wp-content\/uploads\/2025\/06\/Bertelas-2025-300x183.jpg 300w, https:\/\/www.lassebacklund.fi\/wp-content\/uploads\/2025\/06\/Bertelas-2025-1024x623.jpg 1024w, https:\/\/www.lassebacklund.fi\/wp-content\/uploads\/2025\/06\/Bertelas-2025-768x467.jpg 768w, https:\/\/www.lassebacklund.fi\/wp-content\/uploads\/2025\/06\/Bertelas-2025-1536x935.jpg 1536w, https:\/\/www.lassebacklund.fi\/wp-content\/uploads\/2025\/06\/Bertelas-2025-2048x1246.jpg 2048w\" sizes=\"auto, (max-width: 2304px) 100vw, 2304px\" \/><figcaption id=\"caption-attachment-24176\" class=\"wp-caption-text\">Den h\u00e4r g\u00e5rden byggde Bertel och Julia L\u00e5ngfors \u00e5r 1938 p\u00e5 Dagsmarkv\u00e4gen 136. Fotot taget sommaren 2025.<\/figcaption><\/figure>\n<div class=\"mceTemp\"><\/div>\n<p><span style=\"margin: 0px; font-family: 'Helvetica','sans-serif';\"><span style=\"color: #000000;\">Bertel L\u00e5ngfors (1911-2002) var son till \u201dKlemes Emel\u201d, allts\u00e5<a href=\"http:\/\/www.lassebacklund.fi\/?page_id=401\"> Emil L\u00e5ngfors<\/a> som var f\u00f6dd p\u00e5 Klemets n\u00e4ra <a href=\"http:\/\/www.lassebacklund.fi\/?page_id=750\">folkskolan<\/a> men som vid storskiftet flyttade sin g\u00e5rd till Klemets\u00e4ndan och bytte namn fr\u00e5n Klemets till L\u00e5ngfors. Emil var gift med Amanda Klemets, som var dotter till <a href=\"http:\/\/www.lassebacklund.fi\/?page_id=2034\">Viktor och Vilhelmina Nyberg<\/a> fr\u00e5n Sunnantillv\u00e4gen. Bertel var gift med Julia Lillkull (1914-2008) som var dotter till bonden och kommunalmannen <a href=\"http:\/\/www.lassebacklund.fi\/?page_id=2266\">\u201dPelas-J\u00e5han\u201d, allts\u00e5 Johan Lillkull och Ida,<\/a> som bodde p\u00e5 A-sidon.<\/span><\/span><\/p>\n<figure id=\"attachment_11122\" aria-describedby=\"caption-attachment-11122\" style=\"width: 1494px\" class=\"wp-caption aligncenter\"><img loading=\"lazy\" decoding=\"async\" class=\"size-full wp-image-11122\" src=\"http:\/\/www.lassebacklund.fi\/wp-content\/uploads\/2019\/02\/31-L\u00e5ngfors-Bertel-och-Julia-Lillkull.jpg\" alt=\"\" width=\"1494\" height=\"893\" srcset=\"https:\/\/www.lassebacklund.fi\/wp-content\/uploads\/2019\/02\/31-L\u00e5ngfors-Bertel-och-Julia-Lillkull.jpg 1494w, https:\/\/www.lassebacklund.fi\/wp-content\/uploads\/2019\/02\/31-L\u00e5ngfors-Bertel-och-Julia-Lillkull-300x179.jpg 300w, https:\/\/www.lassebacklund.fi\/wp-content\/uploads\/2019\/02\/31-L\u00e5ngfors-Bertel-och-Julia-Lillkull-768x459.jpg 768w, https:\/\/www.lassebacklund.fi\/wp-content\/uploads\/2019\/02\/31-L\u00e5ngfors-Bertel-och-Julia-Lillkull-1024x612.jpg 1024w\" sizes=\"auto, (max-width: 1494px) 100vw, 1494px\" \/><figcaption id=\"caption-attachment-11122\" class=\"wp-caption-text\">\u00c5r 1933 gifte sig Bertel L\u00e5ngfors med Julia Lillkull.<\/figcaption><\/figure>\n<p><span style=\"margin: 0px; color: #373737; font-family: 'Helvetica','sans-serif';\">Bertel h\u00f6rde till de som inkallades i krigstj\u00e4nst i v\u00e5ra krig och han \u00e5terv\u00e4nde oskadd. Han blev sm\u00e5brukare men arbetade ocks\u00e5 som murare. Otaliga \u00e4r de g\u00e5rdar och skorstenar som han murat i sina dagar. \u00c5r 1938 byggde de sig en egen g\u00e5rd, n\u00e4stan mitt emot Bertels barndomshem.<\/span><\/p>\n<p><span style=\"margin: 0px; color: #373737; font-family: 'Helvetica','sans-serif';\">Bertel var sm\u00e5brukare men han arbetade hela tiden som murare. Otaliga \u00e4r de skorstenar och f\u00e4hus som han har murat.<\/span><\/p>\n<p><span style=\"margin: 0px; color: #373737; font-family: 'Helvetica','sans-serif';\">Bertel och Julia fick 6 barn, av dessa bor 2 i Finland och de \u00f6vriga bor i Sverige.<\/span><\/p>\n<h3><strong>Foton och \u00f6vrigt<\/strong><\/h3>\n<figure id=\"attachment_384\" aria-describedby=\"caption-attachment-384\" style=\"width: 1600px\" class=\"wp-caption alignnone\"><img loading=\"lazy\" decoding=\"async\" class=\"size-full wp-image-384\" src=\"https:\/\/www.lassebacklund.fi\/wp-content\/uploads\/2016\/09\/10.jpg\" alt=\"\" width=\"1600\" height=\"1200\" srcset=\"https:\/\/www.lassebacklund.fi\/wp-content\/uploads\/2016\/09\/10.jpg 1600w, https:\/\/www.lassebacklund.fi\/wp-content\/uploads\/2016\/09\/10-300x225.jpg 300w, https:\/\/www.lassebacklund.fi\/wp-content\/uploads\/2016\/09\/10-768x576.jpg 768w, https:\/\/www.lassebacklund.fi\/wp-content\/uploads\/2016\/09\/10-1024x768.jpg 1024w\" sizes=\"auto, (max-width: 1600px) 100vw, 1600px\" \/><figcaption id=\"caption-attachment-384\" class=\"wp-caption-text\">Fotot av Bertel och Julias g\u00e5rd \u00e4r taget fr\u00e5n landsv\u00e4gen \u00e5r 2004.<\/figcaption><\/figure>\n<figure id=\"attachment_2277\" aria-describedby=\"caption-attachment-2277\" style=\"width: 2112px\" class=\"wp-caption aligncenter\"><img loading=\"lazy\" decoding=\"async\" class=\"size-full wp-image-2277\" src=\"http:\/\/www.lassebacklund.fi\/wp-content\/uploads\/2016\/12\/Bertels-ritning-.jpg\" alt=\"\" width=\"2112\" height=\"1632\" srcset=\"https:\/\/www.lassebacklund.fi\/wp-content\/uploads\/2016\/12\/Bertels-ritning-.jpg 2112w, https:\/\/www.lassebacklund.fi\/wp-content\/uploads\/2016\/12\/Bertels-ritning--300x232.jpg 300w, https:\/\/www.lassebacklund.fi\/wp-content\/uploads\/2016\/12\/Bertels-ritning--768x593.jpg 768w, https:\/\/www.lassebacklund.fi\/wp-content\/uploads\/2016\/12\/Bertels-ritning--1024x791.jpg 1024w\" sizes=\"auto, (max-width: 2112px) 100vw, 2112px\" \/><figcaption id=\"caption-attachment-2277\" class=\"wp-caption-text\">S\u00e5 h\u00e4r fin ritning gjordes \u00e5r 1938 d\u00e5 L\u00e5ngfors nya g\u00e5rd skulle byggas.<\/figcaption><\/figure>\n<figure id=\"attachment_2278\" aria-describedby=\"caption-attachment-2278\" style=\"width: 2025px\" class=\"wp-caption aligncenter\"><img loading=\"lazy\" decoding=\"async\" class=\"size-full wp-image-2278\" src=\"http:\/\/www.lassebacklund.fi\/wp-content\/uploads\/2016\/12\/Bertels-uthus-.jpg\" alt=\"\" width=\"2025\" height=\"1250\" srcset=\"https:\/\/www.lassebacklund.fi\/wp-content\/uploads\/2016\/12\/Bertels-uthus-.jpg 2025w, https:\/\/www.lassebacklund.fi\/wp-content\/uploads\/2016\/12\/Bertels-uthus--300x185.jpg 300w, https:\/\/www.lassebacklund.fi\/wp-content\/uploads\/2016\/12\/Bertels-uthus--768x474.jpg 768w, https:\/\/www.lassebacklund.fi\/wp-content\/uploads\/2016\/12\/Bertels-uthus--1024x632.jpg 1024w\" sizes=\"auto, (max-width: 2025px) 100vw, 2025px\" \/><figcaption id=\"caption-attachment-2278\" class=\"wp-caption-text\">\u00c5r 1948 gjordes denna ritning p\u00e5 uthuset skulle byggas till med ett tr\u00f6skhus p\u00e5 baksidan.<\/figcaption><\/figure>\n<figure id=\"attachment_11123\" aria-describedby=\"caption-attachment-11123\" style=\"width: 1299px\" class=\"wp-caption aligncenter\"><img loading=\"lazy\" decoding=\"async\" class=\"size-full wp-image-11123\" src=\"http:\/\/www.lassebacklund.fi\/wp-content\/uploads\/2019\/02\/32-L\u00e5ngfors-Bertels-g\u00e5rd-av-Jarl.jpg\" alt=\"\" width=\"1299\" height=\"1500\" srcset=\"https:\/\/www.lassebacklund.fi\/wp-content\/uploads\/2019\/02\/32-L\u00e5ngfors-Bertels-g\u00e5rd-av-Jarl.jpg 1299w, https:\/\/www.lassebacklund.fi\/wp-content\/uploads\/2019\/02\/32-L\u00e5ngfors-Bertels-g\u00e5rd-av-Jarl-260x300.jpg 260w, https:\/\/www.lassebacklund.fi\/wp-content\/uploads\/2019\/02\/32-L\u00e5ngfors-Bertels-g\u00e5rd-av-Jarl-768x887.jpg 768w, https:\/\/www.lassebacklund.fi\/wp-content\/uploads\/2019\/02\/32-L\u00e5ngfors-Bertels-g\u00e5rd-av-Jarl-887x1024.jpg 887w\" sizes=\"auto, (max-width: 1299px) 100vw, 1299px\" \/><figcaption id=\"caption-attachment-11123\" class=\"wp-caption-text\">Den h\u00e4r tydliga ritningen av hemg\u00e5rden ritade Jarl L\u00e5ngfors \u00e5r 1951 som skolarbete. S\u00e5 gott som alla elever gjorde samma typ av ritningar p\u00e5 Einar Linds lektioner.<\/figcaption><\/figure>\n<figure id=\"attachment_11121\" aria-describedby=\"caption-attachment-11121\" style=\"width: 1497px\" class=\"wp-caption aligncenter\"><img loading=\"lazy\" decoding=\"async\" class=\"size-full wp-image-11121\" src=\"http:\/\/www.lassebacklund.fi\/wp-content\/uploads\/2019\/02\/30-Bertel-L\u00e5ngfors-och-familj-p\u00e5-Majbo.jpg\" alt=\"\" width=\"1497\" height=\"1025\" srcset=\"https:\/\/www.lassebacklund.fi\/wp-content\/uploads\/2019\/02\/30-Bertel-L\u00e5ngfors-och-familj-p\u00e5-Majbo.jpg 1497w, https:\/\/www.lassebacklund.fi\/wp-content\/uploads\/2019\/02\/30-Bertel-L\u00e5ngfors-och-familj-p\u00e5-Majbo-300x205.jpg 300w, https:\/\/www.lassebacklund.fi\/wp-content\/uploads\/2019\/02\/30-Bertel-L\u00e5ngfors-och-familj-p\u00e5-Majbo-768x526.jpg 768w, https:\/\/www.lassebacklund.fi\/wp-content\/uploads\/2019\/02\/30-Bertel-L\u00e5ngfors-och-familj-p\u00e5-Majbo-1024x701.jpg 1024w\" sizes=\"auto, (max-width: 1497px) 100vw, 1497px\" \/><figcaption id=\"caption-attachment-11121\" class=\"wp-caption-text\">Bertel och Julia L\u00e5ngfors p\u00e5 Majbotrappan med en stor del av sin familj runt omkring sig.<\/figcaption><\/figure>\n<figure id=\"attachment_11115\" aria-describedby=\"caption-attachment-11115\" style=\"width: 1531px\" class=\"wp-caption aligncenter\"><img loading=\"lazy\" decoding=\"async\" class=\"size-full wp-image-11115\" src=\"http:\/\/www.lassebacklund.fi\/wp-content\/uploads\/2019\/02\/Bertel-L\u00e5ngfors-med-en-del-av-familjen.jpg\" alt=\"\" width=\"1531\" height=\"1001\" srcset=\"https:\/\/www.lassebacklund.fi\/wp-content\/uploads\/2019\/02\/Bertel-L\u00e5ngfors-med-en-del-av-familjen.jpg 1531w, https:\/\/www.lassebacklund.fi\/wp-content\/uploads\/2019\/02\/Bertel-L\u00e5ngfors-med-en-del-av-familjen-300x196.jpg 300w, https:\/\/www.lassebacklund.fi\/wp-content\/uploads\/2019\/02\/Bertel-L\u00e5ngfors-med-en-del-av-familjen-768x502.jpg 768w, https:\/\/www.lassebacklund.fi\/wp-content\/uploads\/2019\/02\/Bertel-L\u00e5ngfors-med-en-del-av-familjen-1024x670.jpg 1024w\" sizes=\"auto, (max-width: 1531px) 100vw, 1531px\" \/><figcaption id=\"caption-attachment-11115\" class=\"wp-caption-text\">Bertel L\u00e5ngfors sitter i mitten med en del av sin familj runt omkring sig.<\/figcaption><\/figure>\n<figure id=\"attachment_13521\" aria-describedby=\"caption-attachment-13521\" style=\"width: 1327px\" class=\"wp-caption alignnone\"><img loading=\"lazy\" decoding=\"async\" class=\"size-full wp-image-13521\" src=\"http:\/\/www.lassebacklund.fi\/wp-content\/uploads\/2019\/08\/33-Bertel-och-Julia-med-sin-familj.jpg\" alt=\"\" width=\"1327\" height=\"984\" srcset=\"https:\/\/www.lassebacklund.fi\/wp-content\/uploads\/2019\/08\/33-Bertel-och-Julia-med-sin-familj.jpg 1327w, https:\/\/www.lassebacklund.fi\/wp-content\/uploads\/2019\/08\/33-Bertel-och-Julia-med-sin-familj-300x222.jpg 300w, https:\/\/www.lassebacklund.fi\/wp-content\/uploads\/2019\/08\/33-Bertel-och-Julia-med-sin-familj-768x569.jpg 768w, https:\/\/www.lassebacklund.fi\/wp-content\/uploads\/2019\/08\/33-Bertel-och-Julia-med-sin-familj-1024x759.jpg 1024w\" sizes=\"auto, (max-width: 1327px) 100vw, 1327px\" \/><figcaption id=\"caption-attachment-13521\" class=\"wp-caption-text\">Bertel och Julia med 5 barn.<\/figcaption><\/figure>\n<figure id=\"attachment_13526\" aria-describedby=\"caption-attachment-13526\" style=\"width: 1731px\" class=\"wp-caption alignnone\"><img loading=\"lazy\" decoding=\"async\" class=\"size-full wp-image-13526\" src=\"http:\/\/www.lassebacklund.fi\/wp-content\/uploads\/2019\/08\/54-IMG-6216-Lillkulls-syskon.jpg\" alt=\"\" width=\"1731\" height=\"1179\" srcset=\"https:\/\/www.lassebacklund.fi\/wp-content\/uploads\/2019\/08\/54-IMG-6216-Lillkulls-syskon.jpg 1731w, https:\/\/www.lassebacklund.fi\/wp-content\/uploads\/2019\/08\/54-IMG-6216-Lillkulls-syskon-300x204.jpg 300w, https:\/\/www.lassebacklund.fi\/wp-content\/uploads\/2019\/08\/54-IMG-6216-Lillkulls-syskon-768x523.jpg 768w, https:\/\/www.lassebacklund.fi\/wp-content\/uploads\/2019\/08\/54-IMG-6216-Lillkulls-syskon-1024x697.jpg 1024w\" sizes=\"auto, (max-width: 1731px) 100vw, 1731px\" \/><figcaption id=\"caption-attachment-13526\" class=\"wp-caption-text\">D\u00e5 Hulda L\u00f6vgren i mitten fyllde 75 \u00e5r s\u00e5 m\u00f6tte alla syskonen upp, fr\u00e5n v\u00e4nster Gunnar Lillkull, Julia L\u00e5ngfors, f\u00f6delsedagsbarnet Hulda, Karl Lillkull och Elin Landg\u00e4rds.<\/figcaption><\/figure>\n<figure id=\"attachment_2250\" aria-describedby=\"caption-attachment-2250\" style=\"width: 1301px\" class=\"wp-caption alignnone\"><img loading=\"lazy\" decoding=\"async\" class=\"size-full wp-image-2250\" src=\"http:\/\/www.lassebacklund.fi\/wp-content\/uploads\/2016\/12\/25.jpg\" alt=\"\" width=\"1301\" height=\"864\" srcset=\"https:\/\/www.lassebacklund.fi\/wp-content\/uploads\/2016\/12\/25.jpg 1301w, https:\/\/www.lassebacklund.fi\/wp-content\/uploads\/2016\/12\/25-300x199.jpg 300w, https:\/\/www.lassebacklund.fi\/wp-content\/uploads\/2016\/12\/25-768x510.jpg 768w, https:\/\/www.lassebacklund.fi\/wp-content\/uploads\/2016\/12\/25-1024x680.jpg 1024w\" sizes=\"auto, (max-width: 1301px) 100vw, 1301px\" \/><figcaption id=\"caption-attachment-2250\" class=\"wp-caption-text\">P\u00e5 fotot som Niklas Enlund tagit p\u00e5 en sl\u00e4kttr\u00e4ff \u00e5r 2015 s\u00e5 ser vi en stor del av Johans och Ida Lillkulls \u00e4ttlingar.<\/figcaption><\/figure>\n<figure id=\"attachment_2236\" aria-describedby=\"caption-attachment-2236\" style=\"width: 916px\" class=\"wp-caption alignnone\"><img loading=\"lazy\" decoding=\"async\" class=\"size-full wp-image-2236\" src=\"http:\/\/www.lassebacklund.fi\/wp-content\/uploads\/2016\/12\/11.jpg\" alt=\"\" width=\"916\" height=\"614\" srcset=\"https:\/\/www.lassebacklund.fi\/wp-content\/uploads\/2016\/12\/11.jpg 916w, https:\/\/www.lassebacklund.fi\/wp-content\/uploads\/2016\/12\/11-300x201.jpg 300w, https:\/\/www.lassebacklund.fi\/wp-content\/uploads\/2016\/12\/11-768x515.jpg 768w\" sizes=\"auto, (max-width: 916px) 100vw, 916px\" \/><figcaption id=\"caption-attachment-2236\" class=\"wp-caption-text\">Julias f\u00f6r\u00e4drar Ida och Johan Lillkull.<\/figcaption><\/figure>\n<figure id=\"attachment_385\" aria-describedby=\"caption-attachment-385\" style=\"width: 1381px\" class=\"wp-caption aligncenter\"><img loading=\"lazy\" decoding=\"async\" class=\"size-full wp-image-385\" src=\"http:\/\/www.lassebacklund.fi\/wp-content\/uploads\/2016\/09\/11.jpg\" alt=\"\" width=\"1381\" height=\"712\" srcset=\"https:\/\/www.lassebacklund.fi\/wp-content\/uploads\/2016\/09\/11.jpg 1381w, https:\/\/www.lassebacklund.fi\/wp-content\/uploads\/2016\/09\/11-300x155.jpg 300w, https:\/\/www.lassebacklund.fi\/wp-content\/uploads\/2016\/09\/11-768x396.jpg 768w, https:\/\/www.lassebacklund.fi\/wp-content\/uploads\/2016\/09\/11-1024x528.jpg 1024w\" sizes=\"auto, (max-width: 1381px) 100vw, 1381px\" \/><figcaption id=\"caption-attachment-385\" class=\"wp-caption-text\">Till v\u00e4nster: Bertel p\u00e5 30-talet. Till h\u00f6ger: Bertel i mitten, t.v. sm\u00e5kusinen Einar B\u00e5sk fr\u00e5n Helsingfors och t.h. brodern Ragnar.<\/figcaption><\/figure>\n<figure id=\"attachment_5536\" aria-describedby=\"caption-attachment-5536\" style=\"width: 913px\" class=\"wp-caption aligncenter\"><img loading=\"lazy\" decoding=\"async\" class=\"size-full wp-image-5536\" src=\"http:\/\/www.lassebacklund.fi\/wp-content\/uploads\/2017\/08\/12.jpg\" alt=\"\" width=\"913\" height=\"571\" srcset=\"https:\/\/www.lassebacklund.fi\/wp-content\/uploads\/2017\/08\/12.jpg 913w, https:\/\/www.lassebacklund.fi\/wp-content\/uploads\/2017\/08\/12-300x188.jpg 300w, https:\/\/www.lassebacklund.fi\/wp-content\/uploads\/2017\/08\/12-768x480.jpg 768w\" sizes=\"auto, (max-width: 913px) 100vw, 913px\" \/><figcaption id=\"caption-attachment-5536\" class=\"wp-caption-text\">H\u00e4r \u00e4r Gunnar Guss p\u00e5 v\u00e4g f\u00f6r att h\u00e4mta bruden tillsammans med spelm\u00e4n och br\u00f6llopsg\u00e4ster. Mannen med hatten bredvid Gunnar \u00e4r Bertel L\u00e5ngfors.<\/figcaption><\/figure>\n<figure id=\"attachment_5537\" aria-describedby=\"caption-attachment-5537\" style=\"width: 908px\" class=\"wp-caption aligncenter\"><img loading=\"lazy\" decoding=\"async\" class=\"size-full wp-image-5537\" src=\"http:\/\/www.lassebacklund.fi\/wp-content\/uploads\/2017\/08\/13.jpg\" alt=\"\" width=\"908\" height=\"667\" srcset=\"https:\/\/www.lassebacklund.fi\/wp-content\/uploads\/2017\/08\/13.jpg 908w, https:\/\/www.lassebacklund.fi\/wp-content\/uploads\/2017\/08\/13-300x220.jpg 300w, https:\/\/www.lassebacklund.fi\/wp-content\/uploads\/2017\/08\/13-768x564.jpg 768w\" sizes=\"auto, (max-width: 908px) 100vw, 908px\" \/><figcaption id=\"caption-attachment-5537\" class=\"wp-caption-text\">Till v\u00e4nster Gunnar Guss tillsammans med bestmannen Bertel L\u00e5ngfors.<\/figcaption><\/figure>\n<figure id=\"attachment_5545\" aria-describedby=\"caption-attachment-5545\" style=\"width: 1242px\" class=\"wp-caption aligncenter\"><img loading=\"lazy\" decoding=\"async\" class=\"size-full wp-image-5545\" src=\"http:\/\/www.lassebacklund.fi\/wp-content\/uploads\/2017\/08\/21.jpg\" alt=\"\" width=\"1242\" height=\"857\" srcset=\"https:\/\/www.lassebacklund.fi\/wp-content\/uploads\/2017\/08\/21.jpg 1242w, https:\/\/www.lassebacklund.fi\/wp-content\/uploads\/2017\/08\/21-300x207.jpg 300w, https:\/\/www.lassebacklund.fi\/wp-content\/uploads\/2017\/08\/21-768x530.jpg 768w, https:\/\/www.lassebacklund.fi\/wp-content\/uploads\/2017\/08\/21-1024x707.jpg 1024w\" sizes=\"auto, (max-width: 1242px) 100vw, 1242px\" \/><figcaption id=\"caption-attachment-5545\" class=\"wp-caption-text\">Till h\u00f6ger sitter Gunnar Norrg\u00e5rd d\u00e5 han \u00e4r och h\u00e4lsar p\u00e5 sin granne Bertel L\u00e5ngfors. Bakom st\u00e5r Bertels hustru Julia med dottern Gretel till v\u00e4nster.<\/figcaption><\/figure>\n<figure id=\"attachment_11293\" aria-describedby=\"caption-attachment-11293\" style=\"width: 1043px\" class=\"wp-caption aligncenter\"><img loading=\"lazy\" decoding=\"async\" class=\"size-full wp-image-11293\" src=\"http:\/\/www.lassebacklund.fi\/wp-content\/uploads\/2019\/02\/L\u00e5ngfors-Bertel-i-l\u00e4nstol.jpg\" alt=\"\" width=\"1043\" height=\"1401\" srcset=\"https:\/\/www.lassebacklund.fi\/wp-content\/uploads\/2019\/02\/L\u00e5ngfors-Bertel-i-l\u00e4nstol.jpg 1043w, https:\/\/www.lassebacklund.fi\/wp-content\/uploads\/2019\/02\/L\u00e5ngfors-Bertel-i-l\u00e4nstol-223x300.jpg 223w, https:\/\/www.lassebacklund.fi\/wp-content\/uploads\/2019\/02\/L\u00e5ngfors-Bertel-i-l\u00e4nstol-768x1032.jpg 768w, https:\/\/www.lassebacklund.fi\/wp-content\/uploads\/2019\/02\/L\u00e5ngfors-Bertel-i-l\u00e4nstol-762x1024.jpg 762w\" sizes=\"auto, (max-width: 1043px) 100vw, 1043px\" \/><figcaption id=\"caption-attachment-11293\" class=\"wp-caption-text\">L\u00e5ngfors Bertel p\u00e5 \u00e4ldre dar.<\/figcaption><\/figure>\n","protected":false},"excerpt":{"rendered":"<p>Bertel L\u00e5ngfors (1911-2002) var son till \u201dKlemes Emel\u201d, allts\u00e5 Emil L\u00e5ngfors som var f\u00f6dd p\u00e5 Klemets n\u00e4ra folkskolan men som vid storskiftet flyttade sin g\u00e5rd till Klemets\u00e4ndan och bytte namn fr\u00e5n Klemets till L\u00e5ngfors. Emil var gift med Amanda Klemets, <a class=\"more-link\" href=\"https:\/\/www.lassebacklund.fi\/?page_id=11113\">Forts\u00e4tt l\u00e4sa <span class=\"screen-reader-text\">  L\u00e5ngfors Bertels g\u00e5rd p\u00e5 Dagsmarkv\u00e4gen 136<\/span><span class=\"meta-nav\">&rarr;<\/span><\/a><\/p>\n","protected":false},"author":1,"featured_media":0,"parent":61,"menu_order":136,"comment_status":"closed","ping_status":"closed","template":"","meta":{"footnotes":""},"class_list":["post-11113","page","type-page","status-publish","hentry"],"_links":{"self":[{"href":"https:\/\/www.lassebacklund.fi\/index.php?rest_route=\/wp\/v2\/pages\/11113","targetHints":{"allow":["GET"]}}],"collection":[{"href":"https:\/\/www.lassebacklund.fi\/index.php?rest_route=\/wp\/v2\/pages"}],"about":[{"href":"https:\/\/www.lassebacklund.fi\/index.php?rest_route=\/wp\/v2\/types\/page"}],"author":[{"embeddable":true,"href":"https:\/\/www.lassebacklund.fi\/index.php?rest_route=\/wp\/v2\/users\/1"}],"replies":[{"embeddable":true,"href":"https:\/\/www.lassebacklund.fi\/index.php?rest_route=%2Fwp%2Fv2%2Fcomments&post=11113"}],"version-history":[{"count":11,"href":"https:\/\/www.lassebacklund.fi\/index.php?rest_route=\/wp\/v2\/pages\/11113\/revisions"}],"predecessor-version":[{"id":24178,"href":"https:\/\/www.lassebacklund.fi\/index.php?rest_route=\/wp\/v2\/pages\/11113\/revisions\/24178"}],"up":[{"embeddable":true,"href":"https:\/\/www.lassebacklund.fi\/index.php?rest_route=\/wp\/v2\/pages\/61"}],"wp:attachment":[{"href":"https:\/\/www.lassebacklund.fi\/index.php?rest_route=%2Fwp%2Fv2%2Fmedia&parent=11113"}],"curies":[{"name":"wp","href":"https:\/\/api.w.org\/{rel}","templated":true}]}}