{"id":11017,"date":"2019-01-16T22:11:38","date_gmt":"2019-01-16T21:11:38","guid":{"rendered":"http:\/\/www.lassebacklund.fi\/?page_id=11017"},"modified":"2019-01-16T22:43:05","modified_gmt":"2019-01-16T21:43:05","slug":"tidningsurklipp-fran-ar-1924","status":"publish","type":"page","link":"https:\/\/www.lassebacklund.fi\/?page_id=11017","title":{"rendered":"Tidningsurklipp fr\u00e5n \u00e5r 1924."},"content":{"rendered":"<p><span style=\"margin: 0px; font-family: 'Helvetica','sans-serif';\"><span style=\"color: #000000;\">Folkm\u00e4ngden i Kristinestad har under det g\u00e5ngna \u00e5ret minskat med 59 personer till 3\u00a0473. I landsf\u00f6rsamlingen, allts\u00e5 i Tj\u00f6ck har befolkningen d\u00e4remot \u00f6kat med 14 personer till 1\u00a0607. I Lappfj\u00e4rd f\u00f6ddes det under 1923 hela 180 barn, medan 115 personer hade avlidit. Av de som avlidit var 2 personer \u00f6ver 90 \u00e5r och 17 var \u00f6ver 80 \u00e5r. Folkm\u00e4ngden i Lappfj\u00e4rd hade \u00f6kat med 22 personer till 7\u00a0571. I N\u00e4rpes bodde det nu 11\u00a0522 personer, i P\u00f6rtom 3\u00a0452, i Korsn\u00e4s 5\u00a0511 och i \u00d6vermark 3\u00a0592.<\/span><\/span><\/p>\n<p><span style=\"margin: 0px; font-family: 'Helvetica','sans-serif';\"><span style=\"color: #000000;\">Lungsoten var en sv\u00e5r sjukdom som sk\u00f6rdade m\u00e5nga offer i v\u00e5rt land. Till exempel p\u00e5 1910-talet s\u00e5 var det i Lappfj\u00e4rd 47 % av alla d\u00f6dsfall som berodde p\u00e5 lungsoten. Petalax hade den l\u00e4gsta procenten d\u00f6dligheten i lungsot, endast 30 %. Jeppo hade den h\u00f6gsta procenten, hela 59 %.<\/span><\/span><\/p>\n<p><span style=\"color: #000080;\">Wasa-Posten 2.2.1924:<\/span><\/p>\n<p>Instruktrisen Blondina R\u00f6nnholm giver f\u00f6r n\u00e4rvarande en av sina omtyckta tv\u00e5veckors kurser i praktisk kreaturssk\u00f6tsel i Dagsmark by av Lappfj\u00e4rds socken. Kursen h\u00e5lls hos Viktor Nylund.<\/p>\n<p><span style=\"color: #000080;\">Syd-\u00d6sterbotten 16.7.1924:<\/span><\/p>\n<p><strong>Avskedssamkv\u00e4m<\/strong> f\u00f6r l\u00e4rarinnan Tilda Ahlskog, som erh\u00e5llit pension och l\u00e4mnar sin tj\u00e4nst vid Dagsmark h\u00f6gre folkskola, h\u00f6lls p\u00e5 ungdomshemmet d\u00e4rst\u00e4des i s\u00f6ndags kl. 8 e .m. Festlokalen var tillf\u00e4llet till \u00e4ra vackert dekorerad. Programmet inleddes med s\u00e5ng, varefter s\u00e5g\u00e4gare Viktor Nylund h\u00f6ll tal och \u00f6verl\u00e4mnade till fr\u00f6ken Ahlskog som en erk\u00e4nsla och ett minne fr\u00e5n ungdomsf\u00f6reningen och flera andra dagsmarkbor ett guldarmband med ur. Av Hoppets h\u00e4r p\u00e5 orten erh\u00f6ll hon \u00e4ven en g\u00e5va, som \u00f6verl\u00e4mnades av en liten flicka. F\u00f6r den storartade festligheten och de ov\u00e4ntade v\u00e4rdefulla g\u00e5vorna uttalade fr\u00f6ken Ahlskog djupt r\u00f6rd sin hj\u00e4rtligaste tacks\u00e4gelse och riktade hon sig till sist i ett allvarligt avskedstal till de talrikt f\u00f6rsamlade byborna.<\/p>\n<p>Fr\u00f6ken Ahlskog har varit l\u00e4rarinna vid Dagsmark folkskola sedan 1905.<\/p>\n<p><span style=\"color: #000080;\">Kask\u00f6 Tidning 2.8.1924:<\/span><\/p>\n<p><strong>Ett \u201dhongrom\u00e5l\u201c och dess f\u00f6ljder<\/strong>. Lassk\u00f6rare fr\u00e5n inlandet pl\u00e4ga vid resa genom Lappfj\u00e4rd vara f\u00f6rsedd med lie, med vilken de avb\u00e4rga gr\u00e4s \u00e5t sina h\u00e4star, d\u00e4r de f\u00f6r gott finna. Nyligen gjordes en s\u00e5dan tjuvb\u00e4rgning p\u00e5 ett frodigt kl\u00f6verf\u00e4lt, varefter den utsvultna h\u00e4sten fick ett s\u00e5 gott m\u00e5l att han dog redan innan man hunnit genom Dagsmark.<\/p>\n<p><span style=\"color: #000080;\">Syd-\u00d6sterbotten 6.8.1924:<\/span><\/p>\n<p><strong>Dagsmark lantmannagille<\/strong> har under denna sommar f\u00f6ranstaltat t\u00e4vlan i s\u00e4rskilda grenar av jordbruket, bl.a. i v\u00e4lsk\u00f6tt tr\u00e4da, v\u00e4lsk\u00f6tta rotfruktsland och gr\u00f6nfoder odling. Vid den syn p\u00e5 \u00e4gorna, som f\u00f6rr\u00e4ttades den 3 augusti blev f\u00f6ljande personer tilldelade pris.<\/p>\n<p>F\u00f6r v\u00e4lsk\u00f6tt tr\u00e4da: I pris Niklas Nystr\u00f6m, II pris Erik Englund, III pris Erik Anders Rosengren och Viktor L\u00e5ngkvist. F\u00f6r v\u00e4lsk\u00f6tta rotfruktsland: I pris Erik Anders Klemets, II pris Erik Englund, III pris Josef Granlund och Niklas Nystr\u00f6m. F\u00f6r gr\u00f6nfoderodling: I pris Josef Granlund II pris Erik Anders Rosengren.<\/p>\n<p><span style=\"color: #000080;\">Detta brev i Syd-\u00d6sterbotten 29.10.1924 torde vara skrivet av folkskoll\u00e4rare Byman:<\/span><\/p>\n<p><strong>Brev fr\u00e5n Korsb\u00e4ck.<\/strong><\/p>\n<p>Det torde vara r\u00e4tt s\u00e4llan n\u00e5got nytt fr\u00e5n de mindre centrala orterna inom kommunen n\u00e5r den stora allm\u00e4nheten. Och det finns v\u00e4l inte heller alltid n\u00e5got s\u00e4rskilt att omtala. Denna g\u00e5ng skall dock ett och annat f\u00f6rt\u00e4ljas fr\u00e5n en mera undanskymd men natursk\u00f6n skogsby, som ligger n\u00e5gra km s\u00f6derut fr\u00e5n Dagsmark. Korsb\u00e4ck by, som torde vara \u00e4ldsta boplatsen i Lappfj\u00e4rd och d\u00e4r man nu och d\u00e5 finner n\u00e5got f\u00f6rem\u00e5l fr\u00e5n sten\u00e5ldern, \u00e4r bel\u00e4gen kring det s.k. Storsj\u00f6 tr\u00e4sk och f\u00f6reter en vacker naturbild, vilken mycket p\u00e5minner om Nylands backar och h\u00f6jder. En duktig fram\u00e5tstr\u00e4vande befolkning med sm\u00e5 v\u00e4lsk\u00f6tta hemman bygger och bor h\u00e4r, en k\u00e4rnfrisk bondestam som \u00e4r fullst\u00e4ndigt fri fr\u00e5n den annorst\u00e4des i \u00d6sterbotten h\u00e4rjande lungsoten.<\/p>\n<p>Ehuru r\u00e4tt avsides bel\u00e4gen, har byn sedan flera \u00e5r tillbaka elektrisk belysning. N\u00e5got som orten hittills saknat \u00e4r telefon, men s\u00e5dan inr\u00e4ttas, trots ganska stora kostnader, som b\u00e4st. Ett bevis f\u00f6r korsb\u00e4ckbornas stora bildningsintresse och offervilja \u00e4r, att egen h\u00f6gre folkskola h\u00e4r f\u00f6r ett \u00e5r sedan kunde inr\u00e4ttas tack vare ortsbornas villighet att ikl\u00e4da sig stora kostnader f\u00f6r tillbyggande av sm\u00e5skollokalen. Skolan, vilken tillsvidare verkar som folkskola med f\u00f6rkortad l\u00e4rokurs har i \u00e5r 25 elever. Som ett bevis f\u00f6r ungdomens p\u00e5 orten andliga vakenhet m\u00e5 n\u00e4mnas att nyligen, p\u00e5 initiativ av l\u00e4raren Byman, bildats en sammanslutning, vilken arbetar f\u00f6r \u00e5stadkommandet av ett allm\u00e4nt l\u00e5nebibliotek. Anslutningen fr\u00e5n de ungas sida har varit gl\u00e4djande stor, och str\u00e4vandena ha redan kr\u00f6nts med s\u00e5dan framg\u00e5ng, att en mindre boksamling kunnat ink\u00f6pas. Intresset f\u00f6r l\u00e4sning av b\u00f6cker och tidningar synes vara allm\u00e4nt p\u00e5 orten.<\/p>\n<p><span style=\"color: #000080;\">Ins\u00e4ndare i Syd-\u00d6sterbotten 11.10.1924, skriven av en &#8221;bondpojke fr\u00e5n Lappfj\u00e4rd, som nyligen tj\u00e4nat sin v\u00e4rnplikt&#8221;:<\/span><\/p>\n<h3><strong>Lappfj\u00e4rdsborna och deras skyddsk\u00e5r.<\/strong><\/h3>\n<p>Lappfj\u00e4rd kyrkoby \u00e4r en av de st\u00f6rre sl\u00e4tterna i svenska \u00d6sterbotten. Den \u00e4r omkring 7 km l\u00e5ng och 3 km bred. Till Lappfj\u00e4rd kommun h\u00f6r \u00e4nnu tre st\u00f6rre byar H\u00e4rkmeri, Dagsmark och M\u00f6rtmark, vilka med en god jordm\u00e5n giva goda sk\u00f6rdar. Det \u00e4r d\u00e4rf\u00f6r icke heller att undra \u00f6ver att lappfj\u00e4rdsborna \u00e4r jordbrukare, som med stolthet ser ut \u00f6ver sina svajande \u00e5kerf\u00e4lt. Den \u00f6ppna vida sl\u00e4tten har dock icke s\u00e5 starkt tryckt sin pr\u00e4gel p\u00e5 alla lappfj\u00e4rdsbor. D\u00e4r finns \u00e4ven aff\u00e4rsm\u00e4n, som hedra sin hembygd med att idka aff\u00e4rsr\u00f6relse med utl\u00e4nningar s\u00e5 att n\u00e5gon stundom g\u00e5r fr\u00e5n g\u00e5rd och grund. Andra tappar d\u00e4rf\u00f6r icke modet utan b\u00f6rjar om igen.<\/p>\n<p>Till sin natur anser lappfj\u00e4rdsbon sig sj\u00e4lv och har \u00e4ven varit ansedd av andra som en av de stoltaste och friaste bland svensk\u00f6sterbottningar. Han \u00e4r n\u00e5got otillg\u00e4nglig, men den, som en g\u00e5ng vunnit hans f\u00f6rtroende, har d\u00e4rigenom ocks\u00e5 vunnit en trofast v\u00e4nskap. I Lappfj\u00e4rd har mycket gott fr\u00e5n svunna tider bibeh\u00e5llit sig till v\u00e5ra dagar. Den utomordentligt vackra kvinnodr\u00e4kten \u00e4r \u00e4nnu i fullt bruk. En vackrare allmogebild kan man knappast se \u00e4n de till sitt utseende vackra lappfj\u00e4rdsflickorna, n\u00e4r de kl\u00e4dda i sin bygdedr\u00e4kt \u00e4r samlade till sina ungdomsm\u00f6ten.<\/p>\n<p>Lappfj\u00e4rdsborna satt inte heller i k\u00e4llaren med laddad lodb\u00f6ssa 1918, utan de varmed i de fr\u00e4msta leden vid Finlands reng\u00f6ring under frihetskriget. Och efter Finlands frihetskrig var Lappfj\u00e4rds skyddsk\u00e5r \u00e4ven en av de b\u00e4sta och s\u00e4kraste skyddsk\u00e5rerna i \u00d6sterbotten. Men nu i brist p\u00e5 tillr\u00e4ckligt energisk lokalchef har Lappfj\u00e4rds skyddsk\u00e5r i n\u00e5gon m\u00e5n g\u00e5tt tillbaka. Eller har Lappfj\u00e4rds hj\u00e4ltar satt sin tro till Finlands milit\u00e4r? Har man gl\u00f6mt att milit\u00e4ren blir dyr, om Finlands v\u00e4rn skall st\u00f6da sig p\u00e5 den. D\u00e4rf\u00f6r b\u00f6r var och en yrka p\u00e5, att milit\u00e4ren b\u00f6r grunda sig p\u00e5 allm\u00e4nt folkv\u00e4rn. Och \u00e5r skyddsk\u00e5rsinstitutionen hos oss den naturligaste formen d\u00e4rf\u00f6r. S\u00e5 l\u00e4nge allm\u00e4n v\u00e4rnplikt till\u00e4mpas, b\u00f6r tj\u00e4nstetiden g\u00f6ras m\u00f6jligast kort. Gl\u00f6m d\u00e4rf\u00f6r inte heller att frihetskrigets vinningar kan bli i fara, och att skyddsk\u00e5rernas fosterl\u00e4ndska storverk kan bli hotat. R\u00f6da och bolsjevikiska orosm\u00e4n f\u00f6rs\u00f6ker allt \u00e4nnu undergr\u00e4va Finlands frihet och samh\u00e4llsordning. Skyddsk\u00e5rerna vill de uppl\u00f6sa, f\u00f6r att sedan f\u00e5 h\u00e4rja med mord, brand och allsk\u00f6ns \u00f6verv\u00e5ld.<\/p>\n<p>Vad har vi Lappf\u00e4rdsbor gjort d\u00e5 f\u00f6r att f\u00f6rhindra samh\u00e4llets uppl\u00f6sning? Tillh\u00f6r vi alla Lappfj\u00e4rdsbor skyddsk\u00e5ren och varf\u00f6r underst\u00f6der inte alla skyddsk\u00e5ren? Inte t\u00e4nker vi v\u00e4l sitta med h\u00e4nderna i kors, n\u00e4r Finlands v\u00e4lf\u00e4rd st\u00e5r p\u00e5 spel. S\u00e5 g\u00f6r inte en, som \u00e4r fr\u00e5n \u00d6sterbotten.<\/p>\n<p>Stora v\u00e4l\u00f6vade och starka skyddsk\u00e5rer skall h\u00e5lla alla r\u00f6da oroselement och hemmabolsjeviker i styr. Till skyddsk\u00e5rerna h\u00f6r d\u00e4rf\u00f6r en var, som vill skapa \u00e5t v\u00e5rt land en lycklig och god framtid. V\u00e5rt land har inte r\u00e5d att f\u00f6rlora en enda skyddsk\u00e5rist, \u00e4n mindre flera. Finlands frihet och samh\u00e4llslugn \u00e4r skyddsk\u00e5rernas verk, och deras vilja \u00e4r, att det verket skall best\u00e5.<\/p>\n<p><span style=\"color: #000080;\">Artikel i Syd-\u00d6sterbotten den 10.12.1924 efter det medborgarm\u00f6te som h\u00e5llits p\u00e5 gamla Majbo:<\/span><\/p>\n<figure id=\"attachment_7699\" aria-describedby=\"caption-attachment-7699\" style=\"width: 267px\" class=\"wp-caption alignnone\"><img loading=\"lazy\" decoding=\"async\" class=\"wp-image-7699 size-full\" src=\"http:\/\/www.lassebacklund.fi\/wp-content\/uploads\/2018\/03\/19241206-Medborgarm\u00f6te-om-missbruk.jpg\" alt=\"19241206 Medborgarm\u00f6te om missbruk\" width=\"267\" height=\"130\" \/><figcaption id=\"caption-attachment-7699\" class=\"wp-caption-text\"><span style=\"display: inline !important; float: none; background-color: transparent; color: #373737; cursor: text; font-family: 'Helvetica Neue',Helvetica,Arial,sans-serif; font-size: 15px; font-style: normal; font-variant: normal; font-weight: 300; letter-spacing: normal; orphans: 2; text-align: left; text-decoration: none; text-indent: 0px; text-transform: none; -webkit-text-stroke-width: 0px; white-space: normal; word-spacing: 0px;\"> Kallelse till m\u00f6te den 6.12.1924.<\/span><\/figcaption><\/figure>\n<p>EFTERF\u00d6LJANSV\u00c4RT.<\/p>\n<p>Medborgarm\u00f6te hade anordnats i Dagsmark senaste s\u00f6ndag \u00e5 ungdomshemmet.<\/p>\n<p>Fr\u00e5gan om spritfloden i bygden diskuterades livligt, och man uttalade den skarpaste protest mot alla spritjobbare, som f\u00f6rsumpa bygden med sitt omoraliska hantverk.<\/p>\n<p>M\u00f6tet besl\u00f6t v\u00e4nda sig till landsh\u00f6vdingen med anh\u00e5llan cm att denne s\u00e4nder en nykterhetsdetektiv under minst sex m\u00e5naders tid till Lappfj\u00e4rd kommun. Sagda detektiv skulle, trodde man, kunna p\u00e5 ett mycket effektivt s\u00e4tt hj\u00e4lpa ordningsmakten, som nu har att k\u00e4mpa mot stora sv\u00e5righeter och vidriga f\u00f6rh\u00e5llanden. F\u00f6r Dagsmark valdes en nykterhetsn\u00e4mnd p\u00e5 20 personer, som skulle st\u00e5 ordningsmakten bi och tillika vara ett moraliskt st\u00f6d f\u00f6r en blivande detektiv av den icke underm\u00e5liga sorten.<\/p>\n<p><span style=\"color: #000080;\">Syd-\u00d6sterbotten 31.12.1924:<\/span><\/p>\n<p>80 \u00e5r fyllde i l\u00f6rdags sytnings\u00e4nkan Anna Greta Englund i Dagsmark. \u00c4nkan Englund, som \u00e4r ovanligt kry och rask f\u00f6r s\u00e5 h\u00f6g \u00e5lder, blev p\u00e5 m\u00e4rkesdagen varmt hyllad av barn och barnbarn, sl\u00e4ktingar och v\u00e4nner. (Anna Greta, som tidigare hette Storkull var mor till Viktor Nylund, J.H. Storkull, Erland Nor\u00e9n och Erik Anders Englund)<\/p>\n","protected":false},"excerpt":{"rendered":"<p>Folkm\u00e4ngden i Kristinestad har under det g\u00e5ngna \u00e5ret minskat med 59 personer till 3\u00a0473. I landsf\u00f6rsamlingen, allts\u00e5 i Tj\u00f6ck har befolkningen d\u00e4remot \u00f6kat med 14 personer till 1\u00a0607. I Lappfj\u00e4rd f\u00f6ddes det under 1923 hela 180 barn, medan 115 personer <a class=\"more-link\" href=\"https:\/\/www.lassebacklund.fi\/?page_id=11017\">Forts\u00e4tt l\u00e4sa <span class=\"screen-reader-text\">  Tidningsurklipp fr\u00e5n \u00e5r 1924.<\/span><span class=\"meta-nav\">&rarr;<\/span><\/a><\/p>\n","protected":false},"author":1,"featured_media":0,"parent":7430,"menu_order":1924,"comment_status":"closed","ping_status":"closed","template":"","meta":{"footnotes":""},"class_list":["post-11017","page","type-page","status-publish","hentry"],"_links":{"self":[{"href":"https:\/\/www.lassebacklund.fi\/index.php?rest_route=\/wp\/v2\/pages\/11017","targetHints":{"allow":["GET"]}}],"collection":[{"href":"https:\/\/www.lassebacklund.fi\/index.php?rest_route=\/wp\/v2\/pages"}],"about":[{"href":"https:\/\/www.lassebacklund.fi\/index.php?rest_route=\/wp\/v2\/types\/page"}],"author":[{"embeddable":true,"href":"https:\/\/www.lassebacklund.fi\/index.php?rest_route=\/wp\/v2\/users\/1"}],"replies":[{"embeddable":true,"href":"https:\/\/www.lassebacklund.fi\/index.php?rest_route=%2Fwp%2Fv2%2Fcomments&post=11017"}],"version-history":[{"count":5,"href":"https:\/\/www.lassebacklund.fi\/index.php?rest_route=\/wp\/v2\/pages\/11017\/revisions"}],"predecessor-version":[{"id":11037,"href":"https:\/\/www.lassebacklund.fi\/index.php?rest_route=\/wp\/v2\/pages\/11017\/revisions\/11037"}],"up":[{"embeddable":true,"href":"https:\/\/www.lassebacklund.fi\/index.php?rest_route=\/wp\/v2\/pages\/7430"}],"wp:attachment":[{"href":"https:\/\/www.lassebacklund.fi\/index.php?rest_route=%2Fwp%2Fv2%2Fmedia&parent=11017"}],"curies":[{"name":"wp","href":"https:\/\/api.w.org\/{rel}","templated":true}]}}