{"id":10804,"date":"2018-12-28T16:14:28","date_gmt":"2018-12-28T15:14:28","guid":{"rendered":"http:\/\/www.lassebacklund.fi\/?page_id=10804"},"modified":"2019-10-21T20:26:46","modified_gmt":"2019-10-21T17:26:46","slug":"tidningsurklipp-fran-ar-1923","status":"publish","type":"page","link":"https:\/\/www.lassebacklund.fi\/?page_id=10804","title":{"rendered":"Tidningsurklipp fr\u00e5n \u00e5r 1923."},"content":{"rendered":"<h5><strong><span style=\"margin: 0px; font-family: 'Helvetica','sans-serif';\"><span style=\"color: #000000;\">Folkm\u00e4ngderna i Syd\u00f6sterbotten.<\/span><\/span><\/strong><\/h5>\n<p><span style=\"margin: 0px; font-family: 'Helvetica','sans-serif';\"><span style=\"color: #000000;\"><strong>I Lappfj\u00e4rd<\/strong> f\u00f6ddes under \u00e5r 1922 173 barn, varav 14 utanf\u00f6r \u00e4ktenskapet. Inom f\u00f6rsamlingen har 97 personer avlidit, av dessa 7 st i Amerika. Inflyttarnas antal var 101, medan de som flyttat fr\u00e5n orten var 68. 53 par gifte sig, medan 35 \u00e4ktenskap uppl\u00f6stes, samtliga genom ena partens d\u00f6d.<\/span><\/span><\/p>\n<p><span style=\"margin: 0px; font-family: 'Helvetica','sans-serif';\"><span style=\"color: #000000;\">Av de avlidna var en kvinna \u00f6ver 90 \u00e5r, och 13 personer var \u00f6ver 80 \u00e5r n\u00e4r de dog. Den \u00e4ldsta mannen var 88 \u00e5r och den \u00e4ldsta kvinna 93 \u00e5r. Folkm\u00e4ngden hade under \u00e5ret \u00f6kat med 109 \u00a0till 7\u00a0554 personer.<\/span><\/span><\/p>\n<p><span style=\"margin: 0px; font-family: 'Helvetica','sans-serif';\"><span style=\"color: #000000;\"><strong>I Sideby<\/strong> f\u00f6ddes under \u00e5ret 86 barn medan 52 personer hade avlidit. 16 par vigdes under \u00e5ret. Folkm\u00e4ngden hade \u00f6kat med 51 personer till 3\u00a0617.<\/span><\/span><\/p>\n<p><span style=\"margin: 0px; font-family: 'Helvetica','sans-serif';\"><span style=\"color: #000000;\"><strong>I Kristinestads stadsf\u00f6rsamling<\/strong> f\u00f6ddes det 58 barn och 47 personer hade avlidit under \u00e5r 1922. 121 personer hade flyttat bort och 106 hade flyttat till f\u00f6rsamlingen. Folkm\u00e4ngden i f\u00f6rsamlingen hade minskat med 4 personer till 3\u00a0532.<\/span><\/span><\/p>\n<p><span style=\"margin: 0px; font-family: 'Helvetica','sans-serif';\"><span style=\"color: #000000;\">I<strong> Kristinestads landsf\u00f6rsamling, allts\u00e5 Tj\u00f6ck<\/strong> hade det f\u00f6tts 40 barn medan endast 12 personer hade avlidit. Antalet inflyttade var aningen st\u00f6rre \u00e4n utflyttade, vilket betydde att folkm\u00e4ngden \u00f6kade med 34 personer till 1\u00a0590.<\/span><\/span><\/p>\n<h5><strong><span style=\"margin: 0px; font-family: 'Helvetica','sans-serif';\"><span style=\"color: #000000;\">Nya kommunalfullm\u00e4ktige i Lappfj\u00e4rd 1923 \u2013 1925.<\/span><\/span><\/strong><\/h5>\n<p><span style=\"margin: 0px; font-family: 'Helvetica','sans-serif';\"><span style=\"color: #000000;\">I kommunalfullm\u00e4ktigevalet i november 1922 valdes f\u00f6ljande personer: Erik Johan Bj\u00f6rses, Erland \u00c5back, Adrian Ojala, Robert August Grannas, Karl Knus, Erik Anders Roseng\u00e5rd, Valter Kivim\u00e4ki och Selim Porander. Till revisorer valdes Selim Knus och Erik Anders B\u00e5sk.<\/span><\/span><\/p>\n<p><span style=\"margin: 0px; font-family: 'Helvetica','sans-serif';\"><span style=\"color: #000000;\">I Dagsmark r\u00f6stade 208 personer, i Lappfj\u00e4rd s\u00f6dra distrikt 394 och i det norra 307. I H\u00e4rkmeri r\u00f6stade 219, i M\u00f6rtmark 153 och i Uttermossa 51 personer.<\/span><\/span><\/p>\n<p><span style=\"margin: 0px; font-family: 'Helvetica','sans-serif';\"><span style=\"color: #000000;\">Kommunfullm\u00e4ktige valde p\u00e5 sitt m\u00f6te i b\u00f6rjan p\u00e5 januari 1923 bonden Johan Lillkull fr\u00e5n Dagsmark till ordf\u00f6rande. Till viceordf\u00f6rande valdes Erland Mattfolk fr\u00e5n Lappfj\u00e4rd och till sekreterare valdes bankdirekt\u00f6ren, tidigare folkskoll\u00e4raren J. J. Wadstr\u00f6m. (Den finska tidningen Vaasa som beklagade att Lappfj\u00e4rds kommun endast informerade p\u00e5 svenska skrev i en kort notis att Johan Lillkull var fr\u00e5n Puskamarkku).<\/span><\/span><\/p>\n<p><span style=\"margin: 0px; font-family: 'Helvetica','sans-serif';\"><span style=\"color: #000000;\">Fullm\u00e4ktige valde ocks\u00e5 ett beredningsutskott, best\u00e5ende av ordf\u00f6rande Johan Starcke, J. J. Wadstr\u00f6m, handlanden Henrik Ingves, kommunaln\u00e4mndsordf\u00f6rande Viktor Rosenstedt, bonden K. H. Isuls och Johan Lillkull. M\u00f6tesarvodet best\u00e4mdes till 10 mark per dag, b\u00e5de f\u00f6r fullm\u00e4ktige och f\u00f6r kommunaln\u00e4mnden.<\/span><\/span><\/p>\n<p><strong>J\u00e4rnv\u00e4gen.<\/strong> <span style=\"margin: 0px; font-family: 'Helvetica','sans-serif';\"><span style=\"color: #000000;\">P\u00e5 t\u00e5gstationen i Kristinestad hade det under \u00e5r 1922 s\u00e5lts 18\u00a0701 biljetter f\u00f6r totalt 503\u00a0000 mark. Det avs\u00e4nda godset v\u00e4gde 4,6 miljoner kg medan det emot tagna v\u00e4gde hela 27,4 miljoner. Avs\u00e4nda boskap uppgick till 324. J\u00e4rnv\u00e4gsbolaget sk\u00f6tte ocks\u00e5 om en viss lokaltrafik, n\u00e4rmast p\u00e5 hamnomr\u00e5det d\u00e4r 35,6 miljoner kg tr\u00e4varor har f\u00f6rflyttats.<\/span><\/span><\/p>\n<p><span style=\"color: #000080;\">Wasa-Posten 8.2.1923:<\/span><\/p>\n<p><strong>Dagsmark nykterhetsf\u00f6rening<\/strong> hade sitt \u00e5rsm\u00f6te senaste s\u00f6ndag. Som ordf. under detta \u00e5r valdes bonden Emil B\u00e5sk, viceordf., l\u00e4rar Johannes Sj\u00f6blad, sekr. och kass\u00f6r, l\u00e4rarinnan M. Ahlskog. Revisorer: n\u00e4mndeman Viktor B\u00e5sk och bonden E. Englund. Ordf., E. B\u00e5sk, skulle representera f\u00f6reningen p\u00e5 kretsens kvartalsm\u00f6te i Kristinestad. Fr\u00f6ken M. Ahlskog uts\u00e5gs till representant vid f\u00f6rbundets \u00e5rsm\u00f6te instundande sommar. Man kunde konstatera ett varmt intresse f\u00f6r nykterhetssaken hos de n\u00e4rvarande. I synnerhet v\u00e4ckte de klart\u00e4nkta \u00bbgubbarnas\u00bb uttalanden fr\u00e4mlingens uppm\u00e4rksamhet. Skada blott, att Dagsmark nykterhetsf\u00f6rening \u00e4r s\u00e5 liten och att Dagsmarkungdomarna icke f\u00f6rst\u00e5 vikten av nykterhet inom ungdomsr\u00f6relsen. Vi \u00f6nska den lilla f\u00f6reningen framg\u00e5ng i sitt arbete. Ty det finnes minsann ej f\u00f6r mycket av nykterhet i Lappfj\u00e4rds socken. &#8211; Vems \u00e4r felet? F\u00f6rest. J. Nyquist h\u00f6ll f\u00f6redrag om \u201dVikten av ett nyktert, svenskt folk\u00bb samt om \u00bbRuneberg som religi\u00f6s diktare\u00bb. Fr\u00f6ken M. Ahlskog p\u00e5minde publiken om de tankar, som beh\u00e4rskade henne och medlemmarna vid f\u00f6reningens start f\u00f6r fjorton \u00e5r sedan: Man s\u00e5g mot framtiden. Samma g\u00e4ller \u00e4ven nu.<\/p>\n<p><span style=\"margin: 0px; color: #000080; font-family: 'Helvetica','sans-serif';\">Syd-\u00d6sterbotten onsdagen den 28.2.1923:<\/span><\/p>\n<p><span style=\"margin: 0px; font-family: 'Helvetica','sans-serif';\"><span style=\"color: #000000;\">En kreatursk\u00f6tarkurs b\u00f6rjade senaste fredag hos Viktor Nylund med 8 elever. Kursen f\u00f6rest\u00e5s av lantbrukss\u00e4llskapets instruktris fr\u00f6ken B. R\u00f6nnholm och kommer att fortg\u00e5 till onsdagen den 7 mars d\u00e5 en avslutningsfest h\u00e5lles, till vilken allm\u00e4nheten bjudes.<\/span><\/span><\/p>\n<p><span style=\"color: #000080;\">Wasa-Posten 29.3.1923:<\/span><\/p>\n<p><strong>Ungdomsf\u00f6reningen i Dagsmark<\/strong> hade f\u00f6ranstaltat fest i sin lokal p\u00e5 Palms\u00f6ndagen. Festen \u00f6ppnades med \u201dVar v\u00e4lkommen envar\u00bb. Sedan ordf. h\u00e4lsat de n\u00e4rvarande v\u00e4lkomna, h\u00f6ll folkh\u00f6gskolf\u00f6rest\u00e5ndaren Joh. Nyquist f\u00f6redrag om \u201dEuropas nya karta\u201d, och med anledning d\u00e4rav betonades s\u00e4rskilt Tysklands n\u00f6dl\u00e4ge. F\u00f6r \u00f6vrigt upptog programmet \u00bbJag \u00e4lskar min hembygd\u00bb, ber\u00e4ttelsen \u00bbAmaryllis\u00bb av Hulda Lillkull, ett litet, teaterstycke, tidning och dans. Tidningen var inneh\u00e5llsrik. S\u00e4rskilt f\u00e4ste man sig vid en klart skriven svenskhetsartikel. De tecken, som visar sig b\u00e5dar gott f\u00f6r framtiden. Att man \u00e4ven b\u00f6rjat f\u00f6rst\u00e5 nykterhetens v\u00e4rde f\u00f6r folkbildningsarbetet, \u00e4r gl\u00e4djande symptom.<\/p>\n<p>Dagsmark by har av \u00f6det och kanske av en mera vaken svenskhetsk\u00e4nsla blivit f\u00f6rskonad fr\u00e5n en st\u00f6rre finsk bos\u00e4ttning p\u00e5 orten liknande den i Lappfj\u00e4rd kyrkoby. Men \u00e4ven hit har en och annan suometarian inflyttat under senaste tid. I fjol f\u00f6rs\u00e5ldes en mj\u00f6lkvarn \u00e5t en s\u00e5dan finsk nationalist, som enligt ryktet hotat med f\u00f6rfinskning av orten p\u00e5 en viss tid. F\u00f6r Dagsmarkborna \u00e5terst\u00e5r ej annat \u00e4n att behandla s\u00e5dana individer efter f\u00f6rtj\u00e4nst. Vid behov kunna b\u00f6nderna begagna sig av kvarnar, som \u00e4r i svensk \u00e4go. St\u00f6rre vakenhet \u00e4r p\u00e5 sin plats, n\u00e4r det g\u00e4ller svenska intressen. Var svensk i handling, ej endast i ord!\u2019<\/p>\n<p><span style=\"margin: 0px; color: #000080; font-family: 'Helvetica','sans-serif';\">Syd-\u00d6sterbotten 4.4.1923:<\/span><\/p>\n<p><span style=\"margin: 0px; font-family: 'Helvetica','sans-serif';\"><span style=\"color: #000000;\">Ungdomsf\u00f6reningen i Dagsmark hade f\u00f6ranstaltat fest i sin lokal p\u00e5 Palms\u00f6ndagen. Festen \u00f6ppnades med \u201dVar v\u00e4lkommen envar\u201d. Sedan ordf\u00f6rande h\u00e4lsat de n\u00e4rvarande v\u00e4lkomna, h\u00f6ll folkh\u00f6gskoll\u00e4rare Joh. Nyquist f\u00f6redrag om \u201dEuropas nya karta\u201d och med anledning d\u00e4rav betonades s\u00e4rskilt Tysklands sv\u00e5ra l\u00e4ge. P\u00e5 programmet f\u00f6rekom ber\u00e4ttelse av Hulda Lillkull, ett litet teaterstycke, tidning och dans. Den handskrivna tidningens inneh\u00e5ll var rikt. S\u00e4rskilt f\u00e4ste man sig vid en klart skriven svenskhetsartikel. Detta b\u00e5dar gott f\u00f6r framtiden. Att man \u00e4ven b\u00f6rjat l\u00e4gga an p\u00e5 nykterheten inom f\u00f6reningen, \u00e4r goda symtom.<\/span><\/span><\/p>\n<p><span style=\"margin: 0px; color: #000080; font-family: 'Helvetica','sans-serif';\">Syd-\u00d6sterbotten 16.5.1923:<\/span><\/p>\n<p><span style=\"margin: 0px; font-family: 'Helvetica','sans-serif';\"><span style=\"color: #000000;\">Lantmannagillet hade senaste s\u00f6ndag sammantr\u00e4de p\u00e5 ungdomshemmet och de n\u00e4rvarande besl\u00f6t enligt ett formul\u00e4r fr\u00e5n \u00d6sterbottens Svenska Lantbrukss\u00e4llskap att ordna t\u00e4vlingar med premiering i olika grenar inom jordbruket inkommande sommar. Som deltagare i tr\u00e4dg\u00e5rdsbruk, innefattande dikning och pl\u00f6jning, h\u00f6odling, fr\u00f6odling, g\u00f6dselv\u00e5rd, ladug\u00e5rdsinredning och rotfruktsodling anm\u00e4lde sig f\u00f6ljande husb\u00f6nder, n\u00e4mligen: Erik Anders Rosengren, Viktor Nyroos, Emil Eklund, Erik Anders Englund, Axel Forslin, Johannes H\u00e4llback, Erik Anders Klemets, Henrik Norrgrann, Frans Holmudd, Viktor Bj\u00f6rklund, Erland Krook, Johan Lillkull, Emil Backlund, Josef Granlund och Frans Agn\u00e4s. I gr\u00f6nfoderodlingst\u00e4vlingen skulle delta b\u00f6nderna Emil Backlund och Viktor Bj\u00f6rklund, samt i tr\u00e4dg\u00e5rdssk\u00f6tsel Erland Krook och Erik Anders Klemets.<\/span><\/span><\/p>\n<p><span style=\"margin: 0px; font-family: 'Helvetica','sans-serif';\"><span style=\"color: #000000;\">Upptogs vid tillf\u00e4llet den under bearbetning varande fr\u00e5gan av en tjurf\u00f6rening p\u00e5 orten. B\u00f6nderna Axel Forslin och Erik Anders Englund inl\u00e4mnade anbud fr\u00e5n flera renrasiga avelsbes\u00e4ttningar i landet, men d\u00e5 anbuden ans\u00e5gs f\u00f6ga l\u00e4mpliga, l\u00e4mnades fr\u00e5gan vilande i avvaktan p\u00e5 att anbud p\u00e5 en renrasig avelstjur \u00e4nnu kunde yppa sig. I den blivande tjurf\u00f6reningen antecknades som b\u00f6rjan ett 50-tal kor men \u00e4r det att hoppas att allm\u00e4nheten, sedan fr\u00e5gan n\u00e5tt n\u00e4rmare sin l\u00f6sning, skall visa f\u00f6retaget st\u00f6rre intresse och anteckna flera kor.<\/span><\/span><\/p>\n<p><span style=\"color: #000080;\">Syd-\u00d6sterbotten 26.5.1923:<\/span><\/p>\n<p><strong>Konkurs.<\/strong> Vid i torsdags f\u00f6rr\u00e4ttat ting \u00f6verl\u00e4mnade handlande Erland Nor\u00e9n fr\u00e5n Dagsmark sin egendom till borgen\u00e4rernas f\u00f6rn\u00f6jande. Boets tillg\u00e5ngar bel\u00f6per sig till 108 817 mark och skulderna till 140 919 mark. Till godem\u00e4n f\u00f6rordnade r\u00e4tten hovr\u00e4ttsauskultanten Emil Ingves fr\u00e5n Kristinestad och handlanden Erik Anders Roseng\u00e5rd fr\u00e5n Dagsmark. Inst\u00e4llelsedagen utsattes till den 16 inkommande augusti.<\/p>\n<p><strong>Stipendium<\/strong>. \u00d6versk\u00f6terskan vid Pitk\u00e4niemi centralanstalt, fr\u00f6ken Aina Wadstr\u00f6m har av statsmedel tilldelats ett stipendium av 5\u00a0000 mark f\u00f6r en studieresa till Amerika.<\/p>\n<p><span style=\"color: #000080;\">Syd-\u00d6sterbotten 25.8.1923:<\/span><\/p>\n<p>S\u00e5g\u00e4garen Viktor Nylund fyllde senaste tisdag 50 \u00e5r och uppvaktades d\u00e5 i sitt hem av talrika ortsbor samt v\u00e4nner fr\u00e5n andra orter. Femtio\u00e5ringen, som fr\u00e5n m\u00e5nga h\u00e5ll hyllades med blommor och g\u00e5vor, av vilka ortens ungdomsf\u00f6rening \u00f6verl\u00e4mnade en smakfull ring, har alltid varit varmt intresserad och verksamt deltagit i allt kulturellt fram\u00e5tg\u00e5ende.<\/p>\n<p><span style=\"color: #000080;\">Syd-\u00d6sterbotten 14.11.1923:<\/span><\/p>\n<p>Nykterhetsfest h\u00f6lls i Dagsmark \u00e5 ungdomshemmet s\u00f6ndagen den 11 nov. Programmet upptog f\u00f6redrag om svenskhet och nykterhet av f\u00f6rest. Joh. Nyquist och om rusdryckernas inverkan p\u00e5 sj\u00e4lsf\u00f6rm\u00f6genheterna av l\u00e4r. Joh. Sj\u00f6blad, ber\u00e4ttelse av l\u00e4rarinnan T. Ahlskog samt tv\u00e5 ansl\u00e5ende tabl\u00e5er, i vilka barn medverkade. Festen var talrikt bes\u00f6kt och kvarl\u00e4mnade goda intryck. Det vore p\u00e5 tiden, att en uppryckning p\u00e5 nykterhetsomr\u00e5det skulle ske i alla Lappfj\u00e4rd-byar. Ett nyktert svenskt folk b\u00f6r bliva v\u00e5r l\u00f6sen.<\/p>\n<p><span style=\"color: #000080;\">Syd-\u00f6sterbotten 1.12.1923:<\/span><\/p>\n<p><span style=\"margin: 0px; font-family: 'Helvetica','sans-serif';\"><span style=\"color: #000000;\">\u00a0<\/span><\/span><span style=\"color: #000080;\">Vid kommunalvalet i Lappfj\u00e4rd i december 1923, s\u00e5 st\u00e4lldes kandidaterna upp p\u00e5 listor som partier och valmansf\u00f6reningar gjort upp. Alla grupper som st\u00e4llt upp listor med svenska kandidater, hade gjort ett valf\u00f6rbund f\u00f6r att b\u00e4ttre trygga invalet i det kommande fullm\u00e4ktige. Valet skedde under den tid f\u00f6rbudslagen g\u00e4llde och det var ingen hemlighet att den olagliga tillverkningen och handeln var allm\u00e4n och spriten fl\u00f6dade. Dessa brottsliga handlingar ledde till ytterligare brott och v\u00e5ldsamheter, som nykterhetspersonerna f\u00f6rs\u00f6kte st\u00e4vja.<\/span><\/p>\n<p><span style=\"color: #000080;\">I Dagsmark ledde detta till att en grupp nykterhetspersoner satte upp en egen vallista, som inte var i valf\u00f6rbund med de \u00f6vriga svenska listorna. I en ins\u00e4ndare i Syd-\u00d6sterbotten den 1.12.1923 skrev signaturen \u201dDagsmarkbo\u201d en f\u00f6rklaring till den nya och nyktra listan. H\u00f6gst troligt s\u00e5 \u00e4r det folkskoll\u00e4raren Johannes Sj\u00f6blad, som st\u00e5r f\u00f6r texten. S\u00e5 h\u00e4r skrev \u201dDagsmarkbon\u201d:<\/span><\/p>\n<p><em>I anledning av de stundande kommunala valen i Lappfj\u00e4rds kommun, har r\u00f6ster h\u00f6jts f\u00f6r en lista av nyktra och religi\u00f6st sinnade m\u00e4n som kandidater. Det \u00e4r med tanken p\u00e5 den spritflod och det t\u00e4tt efter i sp\u00e5ren f\u00f6ljande sedef\u00f6rd\u00e4rvet, som vill s\u00e4nka v\u00e5rt samh\u00e4lle i ett hemskt m\u00f6rker, dagsmarkbor f\u00f6retagit sig att ta detta steg och riktar med tillit inte blott till ortsborna, utan \u00e4ven till hela kommunens nyktra och kristligt sinnade befolkning en allvarlig maning. Valmansf\u00f6reningen v\u00e5gar hoppas, att alla f\u00f6r samh\u00e4llets fromma arbetande m\u00e4n och kvinnor skall visa f\u00f6rst\u00e5else f\u00f6r den grundval, som man h\u00e4rmed velat l\u00e4gga och r\u00f6sta p\u00e5 listan nr 4 den 4 december.<\/em><\/p>\n<p><span style=\"color: #000080;\">Tidningens Syd-\u00d6sterbottens redaktion som i flera nummer propagerat f\u00f6r att r\u00f6sta p\u00e5 svenska kandidater, svarar p\u00e5 ins\u00e4ndaren s\u00e5 h\u00e4r:<\/span><\/p>\n<p><em><strong>Redaktionens till\u00e4gg<\/strong>. Vi har berett plats f\u00f6r ovanst\u00e5ende, trots att vi \u00e4r av den \u00e5sikten, att alla svenskar i Lappfj\u00e4rds kommun vid det f\u00f6rest\u00e5ende valet b\u00f6r r\u00f6sta endast p\u00e5 de listor, som st\u00e5r i valf\u00f6rbund med varandra, ty endast d\u00e4rigenom kommer alla svenska r\u00f6ster svenskarna tillgodo. Och kunna vi inte nog beklaga, att de, vilka det s\u00e4rskilt \u00e5ligger \u00f6vervaka att nykterhet och goda seder r\u00e5da, s\u00e5 f\u00f6rg\u00e4ta sina plikter, att en del personer sett sig n\u00f6dsakade att framkomma med en kandidatlista utom valf\u00f6rbundet. F\u00f6r \u00f6vrigt borde ju, om vi inte \u00e4r or\u00e4tt underr\u00e4ttade, Lappfj\u00e4rd kommun ha en nykterhetsn\u00e4mnd. Vad g\u00f6r den? Arbetar den? Man har v\u00e4l inte satt bockar till tr\u00e4dg\u00e5rdsm\u00e4stare? Vi fr\u00e5gar blott och hoppas f\u00e5 svar. Till valmansf\u00f6reningen, som framst\u00e4llt listan nr 4, vill vi rikta en v\u00e4nlig v\u00e4djan: avst\u00e5 om m\u00f6jligt fr\u00e5n er lista och avge era r\u00f6ster p\u00e5 n\u00e5gon av de listor, som h\u00f6r till valf\u00f6rbundet. Men vi skall d\u00e4rf\u00f6r inte l\u00e4mna arbetet f\u00f6r nykterhet, religion och goda seder. Till ett f\u00f6ljande val skall ni ta upp fr\u00e5gan om era kandidater i god tid och \u00e4r det att hoppas, att de skall f\u00e5s in i valf\u00f6rbundet och s\u00e5 placerade, att de blir invalda i kommunalfullm\u00e4ktige. Vi kan inte tro annat \u00e4n att flertalet medborgare och medborgarinnor i Lappfj\u00e4rds kommun vill vara med om att arbete f\u00f6r nykterhet, religion och goda seder. Och till n\u00e4sta val kan vi p\u00e5 annat s\u00e4tt g\u00f6ra v\u00e5r insats i arbetet f\u00f6r nykterhet och god sed. Vi har lag och r\u00e4tt p\u00e5 v\u00e5r sida. Vi m\u00e5ste bruka lagen. \u201dDen illa g\u00f6r, han illa far\u201d, heter det.<\/em><\/p>\n<p><em>Denna tidnings spalter uppl\u00e5tas g\u00e4rna f\u00f6r diskussion och utredning av angivna sp\u00f6rsm\u00e5l. Det \u00e4r v\u00e5r plikt att v\u00e4rna och fr\u00e4mja det r\u00e4tta.<\/em><\/p>\n<p><span style=\"margin: 0px; color: #000080; font-family: 'Helvetica','sans-serif';\">Syd-\u00d6sterbotten 8.12.1923.<\/span><\/p>\n<p><span style=\"margin: 0px; font-family: 'Helvetica','sans-serif';\"><span style=\"color: #000000;\"><strong>Skolinvigning.<\/strong> Korsb\u00e4ck nyinr\u00e4ttade folkskola invigdes h\u00f6gtidligen f\u00f6r sitt \u00e4ndam\u00e5l i torsdags 6 december kl. 11 f.m. av kontraktsprosten Georg Laur\u00e9n. Vid tillf\u00e4llet h\u00f6lls tal \u00e4ven av bankdirekt\u00f6r J. J. Wadstr\u00f6m och skolans l\u00e4rarinna fr\u00f6ken Blomqvist.<\/span><\/span><\/p>\n<p>&nbsp;<\/p>\n","protected":false},"excerpt":{"rendered":"<p>Folkm\u00e4ngderna i Syd\u00f6sterbotten. I Lappfj\u00e4rd f\u00f6ddes under \u00e5r 1922 173 barn, varav 14 utanf\u00f6r \u00e4ktenskapet. Inom f\u00f6rsamlingen har 97 personer avlidit, av dessa 7 st i Amerika. Inflyttarnas antal var 101, medan de som flyttat fr\u00e5n orten var 68. 53 <a class=\"more-link\" href=\"https:\/\/www.lassebacklund.fi\/?page_id=10804\">Forts\u00e4tt l\u00e4sa <span class=\"screen-reader-text\">  Tidningsurklipp fr\u00e5n \u00e5r 1923.<\/span><span class=\"meta-nav\">&rarr;<\/span><\/a><\/p>\n","protected":false},"author":1,"featured_media":0,"parent":7430,"menu_order":1923,"comment_status":"closed","ping_status":"closed","template":"","meta":{"footnotes":""},"class_list":["post-10804","page","type-page","status-publish","hentry"],"_links":{"self":[{"href":"https:\/\/www.lassebacklund.fi\/index.php?rest_route=\/wp\/v2\/pages\/10804","targetHints":{"allow":["GET"]}}],"collection":[{"href":"https:\/\/www.lassebacklund.fi\/index.php?rest_route=\/wp\/v2\/pages"}],"about":[{"href":"https:\/\/www.lassebacklund.fi\/index.php?rest_route=\/wp\/v2\/types\/page"}],"author":[{"embeddable":true,"href":"https:\/\/www.lassebacklund.fi\/index.php?rest_route=\/wp\/v2\/users\/1"}],"replies":[{"embeddable":true,"href":"https:\/\/www.lassebacklund.fi\/index.php?rest_route=%2Fwp%2Fv2%2Fcomments&post=10804"}],"version-history":[{"count":14,"href":"https:\/\/www.lassebacklund.fi\/index.php?rest_route=\/wp\/v2\/pages\/10804\/revisions"}],"predecessor-version":[{"id":14731,"href":"https:\/\/www.lassebacklund.fi\/index.php?rest_route=\/wp\/v2\/pages\/10804\/revisions\/14731"}],"up":[{"embeddable":true,"href":"https:\/\/www.lassebacklund.fi\/index.php?rest_route=\/wp\/v2\/pages\/7430"}],"wp:attachment":[{"href":"https:\/\/www.lassebacklund.fi\/index.php?rest_route=%2Fwp%2Fv2%2Fmedia&parent=10804"}],"curies":[{"name":"wp","href":"https:\/\/api.w.org\/{rel}","templated":true}]}}