{"id":10616,"date":"2018-12-06T17:33:45","date_gmt":"2018-12-06T16:33:45","guid":{"rendered":"http:\/\/www.lassebacklund.fi\/?page_id=10616"},"modified":"2018-12-06T17:33:45","modified_gmt":"2018-12-06T16:33:45","slug":"1960-lappfjards-andelshandel-redovisar-for-rekordomsattning","status":"publish","type":"page","link":"https:\/\/www.lassebacklund.fi\/?page_id=10616","title":{"rendered":"1960, Lappfj\u00e4rds andelshandel redovisar f\u00f6r rekordoms\u00e4ttning."},"content":{"rendered":"<p><span style=\"margin: 0px; color: #000080; font-family: 'Helvetica','sans-serif';\">Syd-\u00d6sterbotten 7.4.1960:<\/span><\/p>\n<p><span style=\"margin: 0px; font-family: 'Helvetica','sans-serif';\"><span style=\"color: #000000;\">Lappfj\u00e4rds andelshandels medlemmar sammankom den 5 mars p\u00e5 ungdomshemmet i Lappfj\u00e4rd till ordinarie v\u00e5rst\u00e4mma. Runar Porander uts\u00e5gs till ordf\u00f6rande och f\u00f6rest\u00e5ndare Sandbacka till sekreterare. Sandbacka redogjorde f\u00f6r verksamheten under det g\u00e5ngna \u00e5ret och kunde konstatera att oms\u00e4ttningen utgjort 148 miljoner mark och \u00f6kningen sedan i fjol 13,3 %. Detta \u00e4r det st\u00f6rsta uppsvinget under aff\u00e4rens hela verksamhetstid. Under senaste \u00e5r k\u00f6pte andelslaget en fastighet bredvid sparbanken, d\u00e4r under sommaren 1960 en ny butik med flera avdelningar skall byggas.<\/span><\/span><\/p>\n<p><span style=\"margin: 0px; font-family: 'Helvetica','sans-serif';\"><span style=\"color: #000000;\">Medlemsk\u00e5ren har utgjorts av 628 medlemmar, av dessa h\u00f6r 79 % till den s\u00e5 kallade A-gruppen, allts\u00e5 den kundgrupp som regelbundet g\u00f6r sina uppk\u00f6p i handelslaget och som helt eller delvis inbetalat sin insats. Personalen utg\u00f6r 23 personer. F\u00f6rs\u00e4ljningen omfattar konsumtionsvaror f\u00f6r c. 99 miljoner, lantbruksf\u00f6rn\u00f6denheter 27 och lantbruksprodukter 23 miljoner. <\/span><\/span><\/p>\n<p><span style=\"margin: 0px; font-family: 'Helvetica','sans-serif';\"><span style=\"color: #000000;\">I sparkassan har insatts 3,2 miljoner mark och i slutet av fjol\u00e5ret hade ins\u00e4ttningarna till godo 6,8 miljoner.<\/span><\/span><\/p>\n<p><span style=\"margin: 0px; font-family: 'Helvetica','sans-serif';\"><span style=\"color: #000000;\">D\u00e4refter redogjorde f\u00f6rest\u00e5ndare Sandbacka f\u00f6r bokslutet och d\u00e4r framg\u00e5r bland annat att varulagret stiger till 13,6 miljoner och att l\u00e5ngfristiga l\u00e5n \u00e4nnu finns 23 miljoner. I r\u00e4ntor har erlagts 2,3 miljoner och f\u00f6resl\u00e5s att \u00f6verskottet utdelas som \u00e5terb\u00e4ring p\u00e5 gjorda ink\u00f6p 416,000 mk. Vid \u00e5rets lut uppg\u00e5r andelshandelns egna medel till 10,5 miljoner.<\/span><\/span><\/p>\n<p><span style=\"margin: 0px; font-family: 'Helvetica','sans-serif';\"><span style=\"color: #000000;\">Ansvarsfrihet beviljade och \u00e5rs\u00f6verskottet anv\u00e4nds enligt f\u00f6rslaget. Besl\u00f6ts bevilja styrelsen r\u00e4tt att s\u00e4lja f\u00f6re detta Norra butiken, j\u00e4mte tomt \u00e5t Per-Erik och Doris Rosenback. F\u00f6rest\u00e5ndare Sandbacka redogjorde f\u00f6r planerna f\u00f6r den nya Centralaff\u00e4ren som skall byggas i sommar n\u00e4ra Fenniag\u00e5rden.<\/span><\/span><\/p>\n<p><span style=\"margin: 0px; font-family: 'Helvetica','sans-serif';\"><span style=\"color: #000000;\">Efter en kaffepaus samlades allm\u00e4nheten till samkv\u00e4m. Mansk\u00f6ren upptr\u00e4dde och herrar Broo och Lillhannus upptr\u00e4dde med musik. Konsulent Mattb\u00e4ck presenterade den nya f\u00f6rs\u00e4ljningskatalogen och agronom Berger talade om timotejodling, b\u00e5de i det egna landet och utomlands. Det hela avslutades med dans.<\/span><\/span><\/p>\n","protected":false},"excerpt":{"rendered":"<p>Syd-\u00d6sterbotten 7.4.1960: Lappfj\u00e4rds andelshandels medlemmar sammankom den 5 mars p\u00e5 ungdomshemmet i Lappfj\u00e4rd till ordinarie v\u00e5rst\u00e4mma. Runar Porander uts\u00e5gs till ordf\u00f6rande och f\u00f6rest\u00e5ndare Sandbacka till sekreterare. Sandbacka redogjorde f\u00f6r verksamheten under det g\u00e5ngna \u00e5ret och kunde konstatera att oms\u00e4ttningen utgjort <a class=\"more-link\" href=\"https:\/\/www.lassebacklund.fi\/?page_id=10616\">Forts\u00e4tt l\u00e4sa <span class=\"screen-reader-text\">  1960, Lappfj\u00e4rds andelshandel redovisar f\u00f6r rekordoms\u00e4ttning.<\/span><span class=\"meta-nav\">&rarr;<\/span><\/a><\/p>\n","protected":false},"author":1,"featured_media":0,"parent":1417,"menu_order":1960,"comment_status":"closed","ping_status":"closed","template":"","meta":{"footnotes":""},"class_list":["post-10616","page","type-page","status-publish","hentry"],"_links":{"self":[{"href":"https:\/\/www.lassebacklund.fi\/index.php?rest_route=\/wp\/v2\/pages\/10616","targetHints":{"allow":["GET"]}}],"collection":[{"href":"https:\/\/www.lassebacklund.fi\/index.php?rest_route=\/wp\/v2\/pages"}],"about":[{"href":"https:\/\/www.lassebacklund.fi\/index.php?rest_route=\/wp\/v2\/types\/page"}],"author":[{"embeddable":true,"href":"https:\/\/www.lassebacklund.fi\/index.php?rest_route=\/wp\/v2\/users\/1"}],"replies":[{"embeddable":true,"href":"https:\/\/www.lassebacklund.fi\/index.php?rest_route=%2Fwp%2Fv2%2Fcomments&post=10616"}],"version-history":[{"count":1,"href":"https:\/\/www.lassebacklund.fi\/index.php?rest_route=\/wp\/v2\/pages\/10616\/revisions"}],"predecessor-version":[{"id":10617,"href":"https:\/\/www.lassebacklund.fi\/index.php?rest_route=\/wp\/v2\/pages\/10616\/revisions\/10617"}],"up":[{"embeddable":true,"href":"https:\/\/www.lassebacklund.fi\/index.php?rest_route=\/wp\/v2\/pages\/1417"}],"wp:attachment":[{"href":"https:\/\/www.lassebacklund.fi\/index.php?rest_route=%2Fwp%2Fv2%2Fmedia&parent=10616"}],"curies":[{"name":"wp","href":"https:\/\/api.w.org\/{rel}","templated":true}]}}