{"id":10602,"date":"2018-12-04T16:38:20","date_gmt":"2018-12-04T15:38:20","guid":{"rendered":"http:\/\/www.lassebacklund.fi\/?page_id=10602"},"modified":"2018-12-04T16:38:53","modified_gmt":"2018-12-04T15:38:53","slug":"lappfjards-andelshandels-stamma-1935","status":"publish","type":"page","link":"https:\/\/www.lassebacklund.fi\/?page_id=10602","title":{"rendered":"Lappfj\u00e4rds andelshandels st\u00e4mma 1935."},"content":{"rendered":"<p><span style=\"margin: 0px; color: #000080; font-family: 'Helvetica','sans-serif';\">Syd-\u00d6sterbotten 30.10.1935:<\/span><\/p>\n<p><span style=\"margin: 0px; font-family: 'Helvetica','sans-serif';\"><span style=\"color: #000000;\">Lappfj\u00e4rds andelshandel h\u00f6ll ordinarie h\u00f6stst\u00e4mma i Lappfj\u00e4rds ungdomsf\u00f6reningslokal den 23 oktober.<\/span><\/span><\/p>\n<p><span style=\"margin: 0px; font-family: 'Helvetica','sans-serif';\"><span style=\"color: #000000;\">F\u00f6rest\u00e5ndare Hugo Gran\u00f6 gav en redog\u00f6relse \u00f6ver handelslagets verksamhet under \u00e5rets tio f\u00f6rsta m\u00e5nader. Lappfj\u00e4rds andelshandel hade under den tiden redog\u00f6relsen omfattar s\u00e5lt varor f\u00f6r 1,189,659 mark. J\u00e4mf\u00f6rt med f\u00f6reg\u00e5ende \u00e5r hade aff\u00e4ren en r\u00e4tt betydande \u00f6kning i varuoms\u00e4ttningen att anteckna, icke mindre \u00e4n 88,379 mk. I kassarabatter hade influtit 17,756 mk och i \u00e5rsrabatter 15,798 mk. Av ber\u00e4ttelsen framgick, att lappfj\u00e4rdsborna allt allm\u00e4nnare b\u00f6rjat ansluta sig till ortens handelslag. Medlemsantalet hade \u00f6kats med 50 nya medlemmar under innevarande \u00e5r.<\/span><\/span><\/p>\n<p><span style=\"margin: 0px; font-family: 'Helvetica','sans-serif';\"><span style=\"color: #000000;\">Ers\u00e4ttningen \u00e5t styrelsemedlemmar fastst\u00e4lldes till 15 mk per protokollf\u00f6rt sammantr\u00e4de. Styrelseordf\u00f6randen Viktor Rosenstedts \u00e5rsl\u00f6n best\u00e4mdes till 500 mk. De i tur avg\u00e5ende styrelsemedlemmarna Emil Ekman, Emil Bergmark och Selim Porander \u00e5tervaldes. Likaledes \u00e5tervaldes suppleanterna K. H. \u00c5djers, Karl Nordman och Otto Ingvesback. St\u00e4mman best\u00e4mde att revisorernas arvode utg\u00e5r enligt r\u00e4kning. Till revisorer f\u00f6r \u00e5r 1936 valdes Emil Granskog och Centrallaget. Till handelslagets representant vid centralorganisationens m\u00f6ten och st\u00e4mmor under \u00e5r 1936 valdes Hugo Gran\u00f6 med Viktor Rosenstedt som dennes ers\u00e4ttare.<\/span><\/span><\/p>\n<p><span style=\"margin: 0px; font-family: 'Helvetica','sans-serif';\"><span style=\"color: #000000;\">St\u00e4mman fattade beslut om att Lappfj\u00e4rds andelshandel skall ansluta sig till Finlands svenska andelsf\u00f6rbund.<\/span><\/span><\/p>\n<p><span style=\"margin: 0px; font-family: 'Helvetica','sans-serif';\"><span style=\"color: #000000;\">Konsulent O. E. L\u00e5ng inledde fr\u00e5gan om medlemsv\u00e4rvning och propagandaarbetet inom handelslagen. Resultatet av diskussionen blev att st\u00e4mman tillsatte en 10-manna kommitt\u00e9 f\u00f6r v\u00e4rvning av nya medlemmar i andelshandeln och fattade beslut om att ge ut en broschyr innevarande h\u00f6st. F\u00f6r detta \u00e4ndam\u00e5l tillsattes en redaktionskommitt\u00e9. Kommitt\u00e9ns ordf\u00f6rande blev dr G. Bergroth.<\/span><\/span><\/p>\n<p><span style=\"margin: 0px; font-family: 'Helvetica','sans-serif';\"><span style=\"color: #000000;\">Efter st\u00e4mmans slut f\u00f6ljde ett talrikt bes\u00f6kt samkv\u00e4m, som bj\u00f6d p\u00e5 f\u00f6redrag av rektor J. Nyquist, solos\u00e5ng av dr Bergroth, samt filmf\u00f6revisning.<\/span><\/span><\/p>\n","protected":false},"excerpt":{"rendered":"<p>Syd-\u00d6sterbotten 30.10.1935: Lappfj\u00e4rds andelshandel h\u00f6ll ordinarie h\u00f6stst\u00e4mma i Lappfj\u00e4rds ungdomsf\u00f6reningslokal den 23 oktober. F\u00f6rest\u00e5ndare Hugo Gran\u00f6 gav en redog\u00f6relse \u00f6ver handelslagets verksamhet under \u00e5rets tio f\u00f6rsta m\u00e5nader. Lappfj\u00e4rds andelshandel hade under den tiden redog\u00f6relsen omfattar s\u00e5lt varor f\u00f6r 1,189,659 mark. <a class=\"more-link\" href=\"https:\/\/www.lassebacklund.fi\/?page_id=10602\">Forts\u00e4tt l\u00e4sa <span class=\"screen-reader-text\">  Lappfj\u00e4rds andelshandels st\u00e4mma 1935.<\/span><span class=\"meta-nav\">&rarr;<\/span><\/a><\/p>\n","protected":false},"author":1,"featured_media":0,"parent":1417,"menu_order":1935,"comment_status":"closed","ping_status":"closed","template":"","meta":{"footnotes":""},"class_list":["post-10602","page","type-page","status-publish","hentry"],"_links":{"self":[{"href":"https:\/\/www.lassebacklund.fi\/index.php?rest_route=\/wp\/v2\/pages\/10602","targetHints":{"allow":["GET"]}}],"collection":[{"href":"https:\/\/www.lassebacklund.fi\/index.php?rest_route=\/wp\/v2\/pages"}],"about":[{"href":"https:\/\/www.lassebacklund.fi\/index.php?rest_route=\/wp\/v2\/types\/page"}],"author":[{"embeddable":true,"href":"https:\/\/www.lassebacklund.fi\/index.php?rest_route=\/wp\/v2\/users\/1"}],"replies":[{"embeddable":true,"href":"https:\/\/www.lassebacklund.fi\/index.php?rest_route=%2Fwp%2Fv2%2Fcomments&post=10602"}],"version-history":[{"count":2,"href":"https:\/\/www.lassebacklund.fi\/index.php?rest_route=\/wp\/v2\/pages\/10602\/revisions"}],"predecessor-version":[{"id":10604,"href":"https:\/\/www.lassebacklund.fi\/index.php?rest_route=\/wp\/v2\/pages\/10602\/revisions\/10604"}],"up":[{"embeddable":true,"href":"https:\/\/www.lassebacklund.fi\/index.php?rest_route=\/wp\/v2\/pages\/1417"}],"wp:attachment":[{"href":"https:\/\/www.lassebacklund.fi\/index.php?rest_route=%2Fwp%2Fv2%2Fmedia&parent=10602"}],"curies":[{"name":"wp","href":"https:\/\/api.w.org\/{rel}","templated":true}]}}