{"id":10506,"date":"2018-11-22T20:34:59","date_gmt":"2018-11-22T19:34:59","guid":{"rendered":"http:\/\/www.lassebacklund.fi\/?page_id=10506"},"modified":"2018-11-22T21:04:51","modified_gmt":"2018-11-22T20:04:51","slug":"dagsmark-ungdomsforening-30-ar","status":"publish","type":"page","link":"https:\/\/www.lassebacklund.fi\/?page_id=10506","title":{"rendered":"Dagsmark UF:s 30 \u00e5rs historik."},"content":{"rendered":"<p><span style=\"color: #000080;\">Henrik Rosenback som var f\u00f6dd i Kvarn\u00e5, verkade som l\u00e4rare vid Lappfj\u00e4rds \u00f6stra folkskola i Perus. Han var mycket aktiv inom ungdomsr\u00f6relsen, och inom musiklivet i Perus var han en ledare av s\u00e4llan sk\u00e5dat slag. Han ledde \u00c5bygg S\u00e5ngk\u00f6r och \u00c5bygg Str\u00e5korkester och han b\u00e5de grundade och ledde Dagsmark Ungdomsf\u00f6renings S\u00e5ngk\u00f6r och ocks\u00e5 i \u00f6vrigt var han aktiv inom Dagsmark Ungdomsf\u00f6rening. Till 30-\u00e5rs jubil\u00e9et den 7 november 1926 skrev han en historik, som han sj\u00e4lv l\u00e4ste upp p\u00e5 festen. I b\u00f6rjan gick han igenom vad som hade h\u00e4nt i f\u00f6reningen under de 5 senaste \u00e5ren, vilka fester som hade ordnats och vilket program som hade framf\u00f6rts. I den andra delen av historiken, skrev han mera allm\u00e4nt, s\u00e5 h\u00e4r:<\/span><\/p>\n<p>30 \u00e5r \u00e4r en l\u00e5ng tid och knappast trodde v\u00e4l de, som var med vid ungdomsf\u00f6reningens tillkomst, att den skulle bli s\u00e5 l\u00e5nglivad och av s\u00e5 stor betydelse f\u00f6r orten, som den \u00e4nd\u00e5 har blivit. Stiftarna ans\u00e5g att de unga liv beh\u00f6vde f\u00f6r\u00e4dlas och f\u00f6rb\u00e4ttras, och detta var \u00e4ven av behovet den tiden, d\u00e5 superi och slagsm\u00e5l h\u00f6rde till ordningen och d\u00e5 de ungas upptr\u00e4danden \u00e4ven i \u00f6vrigt var mindre tillfredsst\u00e4llande.<\/p>\n<p>Granskar man utan f\u00f6rutfattad mening ungdomslivet i v\u00e5r tid och j\u00e4mf\u00f6r det med f\u00f6r 30 \u00e5r tillbaka, s\u00e5 m\u00e5ste man nog \u00e4nd\u00e5 medge, att det g\u00e5tt fram\u00e5t. Den tiden var det ju vanligt, att ungdomarna varje s\u00f6ndagskv\u00e4ll skulle ha dans i n\u00e5gon bondg\u00e5rd och d\u00e4rvid gick det sannerligen inte mycket fint och st\u00e4dat till. Jag undrar just vad de gamla, som nu blivit s\u00e5 allvarliga och f\u00f6rst\u00e5ndiga, skulle s\u00e4ga om de en vacker s\u00f6ndagseftermiddag fick en hel ungdomsskara till g\u00e5rden f\u00f6r att tigga om dans, en skara som var riktigt efterh\u00e4ngsna och inte gick ut f\u00f6rr\u00e4n den f\u00e5tt ja p\u00e5 sin beg\u00e4ran. D\u00e5 kunde nog de gamla \u00e4ven snart f\u00e5 h\u00f6ra s\u00e5dana ord som \u201dni har ju dansat sj\u00e4lv ocks\u00e5, d\u00e5 ni vara unga\u201d och m\u00e5nga andra sanningar dessutom.<\/p>\n<p>Helt s\u00e4kert skulle inte s\u00e5 m\u00e5nga vara villiga att uppl\u00e5ta sin stuga f\u00f6r byns ungdom i v\u00e5r tid. D\u00e4rf\u00f6r \u00e4r det gott och bra, att de unga har ett eget st\u00e4lle att g\u00e5 till.<\/p>\n<p>P\u00e5 senaste tid har ett skarpt klander g\u00e5tt ut \u00f6ver ungdomsr\u00f6relsen och m\u00e5nga har fr\u00e5gat, om denna r\u00f6relse alls har n\u00e5got ber\u00e4ttigande. Vi m\u00e5ste v\u00e4l medge att klandret, i viss m\u00e5n haft fog f\u00f6r sig, ty det kan inte bestridas att inte dansen och n\u00f6jet i m\u00e5nga fall f\u00e5tt alldeles f\u00f6r stort rum p\u00e5 festprogrammet. Likas\u00e5 kan det inte heller vara h\u00e4lsosamt f\u00f6r de unga att l\u00e5ta dansyran fortg\u00e5 till l\u00e5ngt in p\u00e5 morgonen, varigenom f\u00f6ljande dags arbete blir lidande och de unga k\u00e4nner sig tunga och d\u00e5siga. Detta \u00e4r dock brister, som de unga med litet sj\u00e4lvtukt och omd\u00f6mesf\u00f6rm\u00e5ga kan bortarbeta, om det blott blir en allm\u00e4n uppryckning och god vilja finnas.<\/p>\n<p>Och god vilja och h\u00e4nf\u00f6relse f\u00f6r en sak b\u00f6r v\u00e4l om n\u00e5got finnas hos de unga. Detta visas ocks\u00e5 av den iver och ih\u00e4rdighet varmed f\u00f6reningsmedlemmarna tar itu med arbetet p\u00e5 iordningsst\u00e4llande av programmets olika nummer. Med vilken drift f\u00f6rs\u00f6ker inte var och en som \u00e5tagit sig en sak, att trots of\u00f6rm\u00e5ga och svaghet utf\u00f6r vad som blivit \u00e5lagt honom. Denna ungdomens nit\u00e4lskan och arbetslust b\u00f6r man ta vara p\u00e5, ty den kunde annars bryta ut \u00e5t ett annat h\u00e5ll, som vore mindre lyckligt. De unga b\u00f6rjar ju tidigt l\u00e4ra sig att samarbeta f\u00f6r det gemensammas b\u00e4sta. Samvaron med de andra g\u00f6r de unga s\u00e4krare och m\u00e5nga olater f\u00f6rsvinner.<\/p>\n<p>Vi beh\u00f6ver blott se p\u00e5 alla dessa ungdomshem, som uppst\u00e5tt i varje by f\u00f6r att bli \u00f6vertygade om att det \u00e4r ett h\u00e4ngivet uppoffrande arbete, som ligger bakom alltsammans. Alla dessa st\u00e5tliga byggnader har ett v\u00e4rde, som uppg\u00e5r till miljoner i v\u00e5ra svenskbygder. S\u00e5 att har det varit dans, s\u00e5 nog har det varit arbete ocks\u00e5. L\u00e4ggs d\u00e4rtill det arbete p\u00e5 medlemmarnas f\u00f6r\u00e4dling genom idrott, l\u00e4sning, teater\u00f6vning, s\u00e5ng och spelning, som bedrivits i viss m\u00e5n av krafter och tillg\u00e5ngar inom varje f\u00f6rening, s\u00e5 m\u00e5ste v\u00e4l varje m\u00e4nniska med of\u00f6rvillad blick medge att r\u00f6relsen \u00e4ven f\u00f6rt mycket gott med sig.<\/p>\n<p>Det har \u00e4ven i m\u00e5n av krafter och trots brist p\u00e5 skolade ledare, arbetat p\u00e5 sina medlemmars upplysning och f\u00f6r\u00e4dling. F\u00f6reningen beh\u00f6ver inte sk\u00e4mmas \u00f6ver sitt verk. \u00c4nnu \u00e5terst\u00e5r dock mycket att utf\u00f6ra och sv\u00e5ra tider f\u00f6r stunden f\u00f6r f\u00f6reningen, men om blott h\u00e4nf\u00f6relse, iver och vilja finns f\u00f6r arbetet p\u00e5 medlemmarnas sj\u00e4lvuppfostran och v\u00e4ckelse, s\u00e5 skall \u201dtrots m\u00f6rka tider dock ljus omsider med sol g\u00e5 fram\u201d. Vi skall komma ih\u00e5g att sv\u00e5righeterna \u00e4r till f\u00f6r att \u00f6vervinnas. M\u00e5 var och en d\u00e4rf\u00f6r gripa verket an och arbeta p\u00e5 sin egen och sina kamraters f\u00f6r\u00e4dling, s\u00e5 skall klandret mot de unga snart tystna!<\/p>\n<p>(om du vill l\u00e4sa om det digra programmet som Dagsmark Ungdomsf\u00f6rening genomf\u00f6rde under \u00e5ren 1922 till 1927, s\u00e5 skall du klicka <a href=\"http:\/\/www.lassebacklund.fi\/?page_id=10496\"><span style=\"text-decoration: underline;\"><span style=\"color: #000080; text-decoration: underline;\"><strong>H\u00c4R<\/strong><\/span><\/span><\/a>!)<\/p>\n<figure id=\"attachment_10514\" aria-describedby=\"caption-attachment-10514\" style=\"width: 1954px\" class=\"wp-caption alignnone\"><img loading=\"lazy\" decoding=\"async\" class=\"size-full wp-image-10514\" src=\"http:\/\/www.lassebacklund.fi\/wp-content\/uploads\/2018\/11\/\u00c5bygg-Str\u00e5korkester.jpg\" alt=\"\" width=\"1954\" height=\"1300\" srcset=\"https:\/\/www.lassebacklund.fi\/wp-content\/uploads\/2018\/11\/\u00c5bygg-Str\u00e5korkester.jpg 1954w, https:\/\/www.lassebacklund.fi\/wp-content\/uploads\/2018\/11\/\u00c5bygg-Str\u00e5korkester-300x200.jpg 300w, https:\/\/www.lassebacklund.fi\/wp-content\/uploads\/2018\/11\/\u00c5bygg-Str\u00e5korkester-768x511.jpg 768w, https:\/\/www.lassebacklund.fi\/wp-content\/uploads\/2018\/11\/\u00c5bygg-Str\u00e5korkester-1024x681.jpg 1024w\" sizes=\"auto, (max-width: 1954px) 100vw, 1954px\" \/><figcaption id=\"caption-attachment-10514\" class=\"wp-caption-text\">\u00c5bygg str\u00e5korkester utanf\u00f6r folkskolan i Perus \u00e5r 1926. Fr\u00e5n v\u00e4nster Torsten Nyholm, Selim Lillg\u00e4ls, Artur Nyholm, Valter Kronman, Otto Storfors, Selim Kronman, Torsten P\u00e4rus, ledaren Henrik Rosenback och Selim Nyholm. Fotot l\u00e5nat av Lilli Lillkull.<\/figcaption><\/figure>\n","protected":false},"excerpt":{"rendered":"<p>Henrik Rosenback som var f\u00f6dd i Kvarn\u00e5, verkade som l\u00e4rare vid Lappfj\u00e4rds \u00f6stra folkskola i Perus. Han var mycket aktiv inom ungdomsr\u00f6relsen, och inom musiklivet i Perus var han en ledare av s\u00e4llan sk\u00e5dat slag. Han ledde \u00c5bygg S\u00e5ngk\u00f6r och <a class=\"more-link\" href=\"https:\/\/www.lassebacklund.fi\/?page_id=10506\">Forts\u00e4tt l\u00e4sa <span class=\"screen-reader-text\">  Dagsmark UF:s 30 \u00e5rs historik.<\/span><span class=\"meta-nav\">&rarr;<\/span><\/a><\/p>\n","protected":false},"author":1,"featured_media":0,"parent":7496,"menu_order":30,"comment_status":"closed","ping_status":"closed","template":"","meta":{"footnotes":""},"class_list":["post-10506","page","type-page","status-publish","hentry"],"_links":{"self":[{"href":"https:\/\/www.lassebacklund.fi\/index.php?rest_route=\/wp\/v2\/pages\/10506","targetHints":{"allow":["GET"]}}],"collection":[{"href":"https:\/\/www.lassebacklund.fi\/index.php?rest_route=\/wp\/v2\/pages"}],"about":[{"href":"https:\/\/www.lassebacklund.fi\/index.php?rest_route=\/wp\/v2\/types\/page"}],"author":[{"embeddable":true,"href":"https:\/\/www.lassebacklund.fi\/index.php?rest_route=\/wp\/v2\/users\/1"}],"replies":[{"embeddable":true,"href":"https:\/\/www.lassebacklund.fi\/index.php?rest_route=%2Fwp%2Fv2%2Fcomments&post=10506"}],"version-history":[{"count":7,"href":"https:\/\/www.lassebacklund.fi\/index.php?rest_route=\/wp\/v2\/pages\/10506\/revisions"}],"predecessor-version":[{"id":10515,"href":"https:\/\/www.lassebacklund.fi\/index.php?rest_route=\/wp\/v2\/pages\/10506\/revisions\/10515"}],"up":[{"embeddable":true,"href":"https:\/\/www.lassebacklund.fi\/index.php?rest_route=\/wp\/v2\/pages\/7496"}],"wp:attachment":[{"href":"https:\/\/www.lassebacklund.fi\/index.php?rest_route=%2Fwp%2Fv2%2Fmedia&parent=10506"}],"curies":[{"name":"wp","href":"https:\/\/api.w.org\/{rel}","templated":true}]}}