{"id":10480,"date":"2018-11-20T17:33:14","date_gmt":"2018-11-20T16:33:14","guid":{"rendered":"http:\/\/www.lassebacklund.fi\/?page_id=10480"},"modified":"2018-11-26T16:52:38","modified_gmt":"2018-11-26T15:52:38","slug":"tidningsartiklar-fran-ar-1934","status":"publish","type":"page","link":"https:\/\/www.lassebacklund.fi\/?page_id=10480","title":{"rendered":"Tidningsartiklar fr\u00e5n \u00e5r 1934."},"content":{"rendered":"<p><span style=\"color: #000080;\"><span style=\"margin: 0px; font-family: 'Helvetica','sans-serif';\">\u00a0<\/span><span style=\"margin: 0px; font-family: 'Helvetica','sans-serif';\">Syd-\u00d6sterbotten 7.4.1934:<\/span><\/span><\/p>\n<p><strong><span style=\"margin: 0px; font-family: 'Helvetica','sans-serif';\"><span style=\"color: #000000;\">Andelsst\u00e4mmor.<\/span><\/span><\/strong><\/p>\n<p><span style=\"margin: 0px; font-family: 'Helvetica','sans-serif';\"><span style=\"color: #000000;\">Onsdagen den 28 mars h\u00f6ll Dagsmark andelskassa och mejeriet gemensam st\u00e4mma p\u00e5 ungdomshemmet. Till st\u00e4mman hade infunnit sig ett 40-tal medlemmar. Av andelskassans \u00e5rsber\u00e4ttelse framgick, att kassans medlemmar numera uppg\u00e5r till 45 och att andelsinsatserna sammanlagda belopp vid \u00e5rsskiftet utgjorde 7,560 mark och reservfondens medel 5,205 samt dispositionsfonden 2,378 eller tillsammans 15,144 mark. Kassans utl\u00e5ning stiger till 427,695 mk och inl\u00e5ningen till 263,982 mk. I kassan deponerade medel utg\u00f6r 182,949 mk. 1933 \u00e5rs \u00f6verskott steg till 3,840 mk. en summa som st\u00e4mman besl\u00f6t att \u00f6verf\u00f6ra till fonderna. Under \u00e5ret har utgivits 51 l\u00e5n med en gemensam summa om 130,200 mk.<\/span><\/span><\/p>\n<p><span style=\"margin: 0px; font-family: 'Helvetica','sans-serif';\"><span style=\"color: #000000;\">Under en kortare paus, varunder de n\u00e4rvarande bj\u00f6ds p\u00e5 gratis kaffe, vidtog mejeriets f\u00f6rhandlingar. Ur \u00e5rsber\u00e4ttelsen framg\u00e5r att mj\u00f6lktillf\u00f6rseln till mejeriet v\u00e4sentligen nedg\u00e5tt, s\u00e5lunda har under 304 verksamhetsdagar inv\u00e4gts 482,249 kg mot 699,677 \u00e5ret innan. Medelmj\u00f6lkm\u00e4ngden per leveransdag utgjorde 1,586 kg och medelfettprocenten var 3,6. Av den inv\u00e4gda mj\u00f6lken har tillverkats 20,331 kg sm\u00f6r, som huvudsakligast s\u00e5lts genom Centralandelslaget Enigheten. Totalinkomsten f\u00f6r produkter stiger till 408,962 mk. F\u00f6r den mj\u00f6lk som har levererats till mejeriet, har i likvider utbetalats 301,033 mk med ett medelpris om 62,5 penni per kg. Till fonderna har \u00f6verf\u00f6rts 8,480 mk och till avskrivningar disponerades 30,000 mk. Driftkostnaderna steg till 69,063 mk. Ett \u00f6verskott av 2,145 mk besl\u00f6t st\u00e4mman \u00f6verf\u00f6ra till reservfonden. Mejeriets skuld, som under \u00e5ret avkortats med 35,000 mk, utg\u00f6r numera 220,000 mk.<\/span><\/span><\/p>\n<p><span style=\"margin: 0px; color: #000080; font-family: 'Helvetica','sans-serif';\">Syd-\u00d6sterbotten 25.4.1934:<\/span><\/p>\n<p><span style=\"margin: 0px; font-family: 'Helvetica','sans-serif';\"><span style=\"color: #000000;\"><strong>Pr\u00e4sterskapet.<\/strong> Till kapellanstj\u00e4nsten i Malax har under den andra ans\u00f6kningstiden ingen s\u00f6kande anm\u00e4lt sig. F\u00f6rsta g\u00e5ngen s\u00f6ktes tj\u00e4nsten av kyrkoherdeadjunkten i Pojo, Elmer Rosengren, b\u00f6rdig fr\u00e5n Dagsmark.<\/span><\/span><\/p>\n<p><span style=\"margin: 0px; color: #000080; font-family: 'Helvetica','sans-serif';\">Syd-\u00d6sterbotten 9.5.1934:<\/span><\/p>\n<p><strong><span style=\"margin: 0px; font-family: 'Helvetica','sans-serif';\"><span style=\"color: #000000;\">Olycksh\u00e4ndelse i Dagsmark. 4-\u00e5rig gosse faller fr\u00e5n k\u00e4rran och hamnar under hjulet.<\/span><\/span><\/strong><\/p>\n<p><span style=\"margin: 0px; font-family: 'Helvetica','sans-serif';\"><span style=\"color: #000000;\">L\u00f6rdag kv\u00e4ll h\u00e4mtades till sjukhuset i Kristinestad 4-\u00e5rige bondsonen Lars L\u00f6fgren fr\u00e5n Dagsmark. Enligt vad man kunnat utreda, hade han fallit fr\u00e5n en k\u00e4rra och d\u00e4rvid hamnat under enda hjulet, som g\u00e5tt \u00f6ver hans huvud. Vid unders\u00f6kningen konstaterades han hade ett stort s\u00e5r \u00e4nda in till benet \u00f6ver hela hj\u00e4ssan, samt mindre skrubbs\u00e5r p\u00e5 armarna och benen. Lyckligtvis hade huvudsk\u00e5len dock inte skadats. N\u00e4rmare detaljer \u00e4r inte k\u00e4nda.<\/span><\/span><\/p>\n<p><span style=\"margin: 0px; font-family: 'Helvetica','sans-serif';\"><span style=\"color: #000000;\">D\u00e5 vi i g\u00e5r kv\u00e4ll p\u00e5 sjukhuset fr\u00e5gade oss om gossens tillst\u00e5nd, erh\u00f6ll vi det beskedet, att han befinner sig p\u00e5 b\u00e4ttringsv\u00e4g, Hans skador \u00e4r visserligen r\u00e4tt allvarsamma, men n\u00e5gon livsfara f\u00f6religger dess b\u00e4ttre ej.<\/span><\/span><\/p>\n<p><span style=\"margin: 0px; color: #000080; font-family: 'Helvetica','sans-serif';\">Syd-\u00d6sterbotten 21.7.1934:<\/span><\/p>\n<p><strong><span style=\"margin: 0px; font-family: 'Helvetica','sans-serif';\"><span style=\"color: #000000;\">Idrottst\u00e4vlingar i Dagsmark.<\/span><\/span><\/strong><\/p>\n<p><span style=\"margin: 0px; font-family: 'Helvetica','sans-serif';\"><span style=\"color: #000000;\">Dagsmark Idrottsklubb hade senaste s\u00f6ndag kl. 13 arrangerat idrottst\u00e4vlingar. Seniorerna t\u00e4vlade i sexkamp om guldsmed Hellmans pokal och vanns den i \u00e5r av Urho Myllyniemi. Bertel Krook ledde \u00e4nnu till den sista t\u00e4vlingen 1500 m l\u00f6pning, d\u00e4r Myllyniemi passerade honom. Bertel Krook blev allts\u00e5 andra och Bertel Forslin blev trea.<\/span><\/span><\/p>\n<p><span style=\"margin: 0px; font-family: 'Helvetica','sans-serif';\"><span style=\"color: #000000;\">Juniorerna t\u00e4vlade i sjukamp och byn delades upp i norra sidan och s\u00f6dra sidan. S\u00f6dra sidan vann eftersom Eskil Backlund vann 5 av de 7 grenarna. <\/span><\/span><\/p>\n<p><span style=\"margin: 0px; font-family: 'Helvetica','sans-serif';\"><span style=\"color: #000000;\">Ocks\u00e5 sm\u00e5pojkarna under 15 \u00e5r t\u00e4vlade. Arne Lindblad vann 100 meter p\u00e5 tiden 14,3 sekunder, Ragnar Backlund vann l\u00e4ngdhopp med 4,06 m, Arne Lindblad vann h\u00f6jd med 140 cm och Yngve S\u00f6derkvist var b\u00e4sta p\u00e5 1\u00a0500 meter med tiden 5.07.<\/span><\/span><\/p>\n<p><span style=\"color: #000080;\"><span style=\"margin: 0px; font-family: 'Helvetica','sans-serif';\">\u00a0<\/span><span style=\"margin: 0px; font-family: 'Helvetica','sans-serif';\">Syd-\u00d6sterbotten 25.7.1934:<\/span><\/span><\/p>\n<p><span style=\"margin: 0px; font-family: 'Helvetica','sans-serif';\"><span style=\"color: #000000;\">Dagsmark ungdomsf\u00f6rening h\u00e5ller sommarfest instundande l\u00f6rdag och s\u00f6ndag. P\u00e5 l\u00f6rdagen f\u00f6rekommer p\u00e5 programmet endast det trevliga teaterstycket \u201dStor\u00f6-Lars\u201d, varefter f\u00f6ljer dans. P\u00e5 s\u00f6ndagen kl. 14 blir det friluftsfest med k\u00f6rs\u00e5ng, f\u00f6redrag och deklamation. S\u00e5 blir det dans fr\u00e5n kl. 15.30 till 18.30 och kl. 20 forts\u00e4ttes programmet inne i ungdomshemmet med tal, sk\u00e4mtnummer med mera, samt sist och slutligen naturligtvis \u00e5ter dans. F\u00f6r musiken st\u00e5r Rio-Rita.<\/span><\/span><\/p>\n<p><span style=\"color: #000080;\">Syd-\u00d6sterbotten l\u00f6rdagen 22.9.1934:<\/span><\/p>\n<p><strong>Blixtnedslag i Dagsmark.<\/strong><\/p>\n<p>Blixten h\u00e4rjade hos dir. Nylund, ingen m\u00e4nniska dock skadad.<\/p>\n<p>Tidigt i g\u00e5r p\u00e5 eftermiddagen gick ett h\u00e4ftigt \u00e5skv\u00e4der \u00e5tf\u00f6ljt av st\u00f6rtregn \u00f6ver v\u00e5ra trakter. I Dagsmark slog blixten ned hos direkt\u00f6r V. Nylund. L\u00e4ngs radioantennen, som \u00edcke var jordad, s\u00f6kte den sig till belysningsledningarna. I ett rum \u00e5stadkom den r\u00e4tt stora skador, i det att den s\u00f6ndrade 7 f\u00f6nsterrutor och rev ned tapeterna. Ingen r\u00e5kade f\u00f6r tillf\u00e4llet befinna sig i rummet. Underligt nog s\u00e5 blev radioapparaten inte skadad. En annan gren av blixten s\u00f6kte sig fr\u00e5n antennen till vajern p\u00e5 flaggst\u00e5ngen. Vajern var ungef\u00e4r en meter ovan marken lindad runt flaggst\u00e5ngen och blixten splittrade helt och h\u00e5llet den del av st\u00e5ngen, som befann sig nedanf\u00f6r detta st\u00e4lle.<\/p>\n<p>Ungef\u00e4r samtidigt slog blixten ned i Nylunds s\u00e5g, d\u00e4r en 10 kw:s elektrisk transformator s\u00f6ndrades. Skadorna bel\u00f6per sig h\u00e4r till ett tusentals mark.<\/p>\n<p><span style=\"color: #000080;\">Syd-\u00d6sterbotten onsdagen 26.9.1934:<\/span><\/p>\n<p>Det senaste \u00e5skv\u00e4drets h\u00e4rjningar i Dagsmark.<\/p>\n<p>Fredagens \u00e5skv\u00e4der synes ha varit ovanligt h\u00e4ftigt i v\u00e5ra trakter. N\u00e5gra st\u00f6rre skador ut\u00f6ver de redan n\u00e4mnda har dock lyckligtvis inte f\u00f6rorsakats.<\/p>\n<p>Det verkar som om Dagsmark och L\u00e5lby skulle ha varit v\u00e4rst utsatta f\u00f6r blixten. I v\u00e5rt senaste nummer n\u00e4mnde vi om blixtens h\u00e4rjningar hos direkt\u00f6r V. Nylund i Dagsmark. Blixten slog \u00e4ven ned i en g\u00e5rd, d\u00e4r v\u00e4rdinnan som b\u00e4st h\u00f6ll p\u00e5 att baka. Den kom ned genom bakugnsskorstenen, men l\u00e4mnade blott ett obetydligt m\u00e4rke i den av cement gjutna spisplattan. V\u00e4rdinnan som stod helt n\u00e4ra ugnen, slapp undan med blotta f\u00f6rskr\u00e4ckelsen. I byn s\u00f6ndrades ocks\u00e5 ett 10-tal telefoner och belysningsledningarna skadades allm\u00e4nt. Det var fullkomlig panikst\u00e4mning i byn, s\u00e4ger v\u00e5r meddelare, och det kan man gott f\u00f6rst\u00e5.<\/p>\n<p><span style=\"margin: 0px; color: #000080; font-family: 'Helvetica','sans-serif';\">Syd-\u00d6sterbotten 29 september 1934:<\/span><\/p>\n<p><strong><span style=\"margin: 0px; font-family: 'Helvetica','sans-serif';\"><span style=\"color: #000000;\">V\u00e4rdefull h\u00e4st d\u00f6dad av elektrisk str\u00f6m.<\/span><\/span><\/strong><\/p>\n<p><span style=\"margin: 0px; font-family: 'Helvetica','sans-serif';\"><span style=\"color: #000000;\">Under den starka stormen torsdag eftermiddag intr\u00e4ffade det, att fyra efter varandra f\u00f6ljande stolpar p\u00e5 Ab P\u00e4rus-Fors Oy:s belysningsstr\u00f6mlinje mellan n\u00e4mndeman \u00c5djers och bonden Axel Klockars g\u00e5rdar i kyrkbyn br\u00f6ts av. Bonden Anselm Gullmes\u00b4 h\u00e4st, som befann sig p\u00e5 bete i n\u00e4rheten, kom i kontakt med de nedfallna ledningarna och d\u00f6dades. H\u00e4stens n\u00f6dst\u00e4llda bel\u00e4genhet observerades nog av Gullmes, som f\u00f6rs\u00f6kte dra bort h\u00e4sten fr\u00e5n ledningarna, vilket dock inte lyckades. Gullmes h\u00f6gg d\u00e5 av ledningarna med en yxa s\u00e5 att str\u00f6mmen br\u00f6ts, men d\u00e5 var h\u00e4sten redan d\u00f6d. Den var v\u00e4rd 5\u00a0000 mark och of\u00f6rs\u00e4krad.<\/span><\/span><\/p>\n<p><span style=\"margin: 0px; font-family: 'Helvetica','sans-serif';\"><span style=\"color: #000000;\">De avbrutna stolparna befanns vid granskning vara genomruttna. Som vi torde minnas s\u00e5 blev en liten gosse i fjol illa br\u00e4nd under liknande omst\u00e4ndigheter. Man \u00e4r d\u00e4rf\u00f6r mycket uppr\u00f6rd i Lappfj\u00e4rd \u00f6ver att de elektriska ledningarna inte sk\u00f6ts b\u00e4ttre. Enligt vad vi erfarit torde saken denna g\u00e5ng klaras upp i godo.<\/span><\/span><\/p>\n<p><span style=\"margin: 0px; color: #000080; font-family: 'Helvetica','sans-serif';\">Syd-\u00d6sterbotten 13.10. 1934:<\/span><\/p>\n<p><strong><span style=\"margin: 0px; font-family: 'Helvetica','sans-serif';\"><span style=\"color: #000000;\">Ab P\u00e4rus-Fors bygger modern vetekvarn.<\/span><\/span><\/strong><\/p>\n<p><span style=\"margin: 0px; font-family: 'Helvetica','sans-serif';\"><span style=\"color: #000000;\">Som k\u00e4nt har veteodlingen de senaste \u00e5ren gjort oanade framsteg i v\u00e5r lands\u00e4nda. En del kommuner \u00e4r redan i det n\u00e4rmaste sj\u00e4lvf\u00f6rs\u00f6rjande p\u00e5 detta s\u00e4desslag. I detta nu \u00e4r intresset stort \u00f6verallt f\u00f6r denna odlingsgren.<\/span><\/span><\/p>\n<p><span style=\"margin: 0px; font-family: 'Helvetica','sans-serif';\"><span style=\"color: #000000;\">F\u00f6r att veteodlingen skall f\u00e5 n\u00e5gon st\u00f6rre ekonomisk betydelse f\u00f6r v\u00e5r landsdel fordras emellertid kvarnar, som kan bereda ett gott mj\u00f6l. S\u00f6dra \u00d6sterbotten, allts\u00e5 det b\u00e4sta veteodlingsdistriktet, har dock hittills saknat en s\u00e5dan kvarn, vilket utgjort ett allvarligt hinder f\u00f6r veteodlingens utveckling. S\u00e5v\u00e4l p\u00e5 gillesm\u00f6ten som privat har denna brist p\u00e5talats. Yttermark och N\u00e4rpes \u00f6stra lantmannagillen har tillsatt kommitt\u00e9er i saken och av allt att d\u00f6ma kommer producenternas \u00f6nskningar att villfaras.<\/span><\/span><\/p>\n<p><span style=\"margin: 0px; color: #373737; font-family: 'Helvetica','sans-serif'; font-size: 11pt;\">Ab P\u00e4rus-Fors Oy i Lappfj\u00e4rd har s\u00e5lunda redan ig\u00e5ngsatt uppf\u00f6randet av en vetekvarn, som kommer att uppfylla de h\u00f6gsta fordringar. Maskinerna till kvarnen ha ink\u00f6pts fr\u00e5n Sverige och England. Kvarnen torde bli f\u00e4rdig att emottaga m\u00e4ld redan i slutet av november m\u00e5nad. D\u00e5 avverkningen vid kvarnen blir omkring 300 kg i timmen, kan vetekvarnfr\u00e5gan f\u00f6r Lappfj\u00e4rd och angr\u00e4nsande kommuner anses vara l\u00f6st i och med detta f\u00f6retags tillkomst.<\/span><\/p>\n<p style=\"vertical-align: baseline; border-image-outset: 0; border-image-repeat: stretch; border-image-slice: 100%; border-image-source: none; border-image-width: 1; outline-color: invert; outline-style: none; outline-width: 0px; -webkit-text-stroke-width: 0px; word-spacing: 0px; margin: 0cm 0cm 22.5pt 0cm;\"><span style=\"margin: 0px; color: #373737; font-family: 'Helvetica','sans-serif'; font-size: 11pt;\">Kvarnbolaget kommer att ordna transporter mellan kvarnen och kunderna med lastbil, s\u00e5 att \u00e4ven l\u00e4ngre bort boende odlare bli i tillf\u00e4lle att f\u00f6rmala st\u00f6rre eller mindre vetepartier utan n\u00e5gra h\u00f6ga kostnader.<\/span><\/p>\n<p><span style=\"margin: 0px; color: #000080; font-family: 'Helvetica','sans-serif';\">Syd-\u00d6sterbotten 3.11.1934:<\/span><\/p>\n<p><span style=\"margin: 0px; font-family: 'Helvetica','sans-serif';\"><span style=\"color: #000000;\"><strong>Dagsmark andelsmejeri<\/strong> h\u00f6ll ordinarie h\u00f6stst\u00e4mma s\u00f6ndagen den 28 oktober. Till ordf\u00f6rande f\u00f6r st\u00e4mman uts\u00e5gs Emil Backlund och till sekreterare Frans Agn\u00e4s.<\/span><\/span><\/p>\n<p><span style=\"margin: 0px; font-family: 'Helvetica','sans-serif';\"><span style=\"color: #000000;\">Ur den av disponenten Viktor Bj\u00f6rklund f\u00f6redragna ber\u00e4ttelsen under tiden 1\/1 \u2013 30\/9 framgick bland annat att mj\u00f6lktillf\u00f6rseln katastrofalt nedg\u00e5tt sedan senaste \u00e5r. S\u00e5lunda har till mejeriet inv\u00e4gts 267,628 kg mj\u00f6lk mot 388,641 kg under motsvarande tid \u00e5r 1933. Orsaken till denna nedg\u00e5ng f\u00e5r s\u00f6kas i det l\u00e5ngvariga tryckta l\u00e4get p\u00e5 sm\u00f6rmarknaden, vilket gjort att man mera b\u00f6rjat \u00e4gna sig \u00e5t spannm\u00e5lsodling.<\/span><\/span><\/p>\n<p><span style=\"margin: 0px; font-family: 'Helvetica','sans-serif';\"><span style=\"color: #000000;\">Den inv\u00e4gda mj\u00f6lkens medelfetthalt har varit 3,77 %, mot 3,66 % senaste \u00e5r. Av den till mejeriet f\u00f6rda mj\u00f6lken har tillverkats 11,082 kg sm\u00f6r f\u00f6r ett medelpris av 18 mk 72 p. Till ett kilo sm\u00f6r har det \u00e5tg\u00e5tt 24,1 liter mj\u00f6lk. Som exportsm\u00f6r har till exportandelslaget Enigheten s\u00e5lts 10,046 kg sm\u00f6r f\u00f6r ett medelpris av 18 mk 86 p. Resten har s\u00e5lts i minut f\u00f6r ett medelpris av 20 mk 72 p. L\u00e4gsta sm\u00f6rpriset noterades i januari till 16,11 mk och h\u00f6gsta i september till 23 mk. F\u00f6r de s\u00e5lda produkterna har influtit 211,475 mk och till leverant\u00f6rerna har i likvider utbetalats 147,690 mk (\u00e5r 1933 utbetalades i likvider 236,707 mk).<\/span><\/span><\/p>\n<p><span style=\"margin: 0px; font-family: 'Helvetica','sans-serif';\"><span style=\"color: #000000;\">De i tur avg\u00e5ende styrelseledam\u00f6terna Valdemar Rosengren och Josef Granlund \u00e5tervaldes, likas\u00e5 suppleanten Erik Anders Roseng\u00e5rd. Till revisorer \u00e5tervaldes Mejerif\u00f6rbundet Enigheten, l\u00e4raren Einar Lind och bonden Johan Lillkull, \u00e4vensom suppleanterna Viktor Nyroos och Erland Norrg\u00e5rd.<\/span><\/span><\/p>\n<p><span style=\"margin: 0px; font-family: 'Helvetica','sans-serif';\"><span style=\"color: #000000;\">Liksom f\u00f6rut besl\u00f6ts att mejeriet deltar med h\u00e4lften av prenumerationspriset p\u00e5 tidskriften Lantm\u00e4n och Andelsfolk. Efter f\u00f6rhandlingarna togs paus, varunder st\u00e4mmobes\u00f6karna bj\u00f6ds p\u00e5 kaffe.<\/span><\/span><\/p>\n<p><span style=\"margin: 0px; font-family: 'Helvetica','sans-serif';\"><span style=\"color: #000000;\">Efter pausen h\u00f6ll handlanden John Spolander fr\u00e5n Kristinestad ett intressant f\u00f6redrag om h\u00e4sten, dess sk\u00f6tsel och sjukdomar. S\u00e4rskilt ber\u00f6rde f\u00f6redragsh\u00e5llaren den i v\u00e5ra trakter mycket spridda sjukdomen kvickdrag. <\/span><\/span><\/p>\n<p><span style=\"margin: 0px; font-family: 'Helvetica','sans-serif';\"><span style=\"color: #000000;\">Efter f\u00f6redraget bj\u00f6ds det igen p\u00e5 kaffe och sm\u00f6rg\u00e5sar av mejeriet. D\u00e4refter f\u00f6ljde Andelskassans h\u00f6stst\u00e4mma. Styrelseordf\u00f6randen Erik Englund p\u00e5minde med n\u00e5gra ord om att kassan denna h\u00f6st fyller 10 \u00e5r. Sedan till ordf\u00f6rande f\u00f6r st\u00e4mman valts Erik Englund till ordf\u00f6rande och Einar Lind till sekreterare, vidtog f\u00f6rhandlingarna. <\/span><\/span><\/p>\n<p><span style=\"margin: 0px; font-family: 'Helvetica','sans-serif';\"><span style=\"color: #000000;\">Kass\u00f6ren J. V. Bj\u00f6rklund delgav en detaljerad ber\u00e4ttelse \u00f6ver andelskassans tio\u00e5riga verksamhet. D\u00e4rur framgick att andelskassan fr\u00e5n en blygsam start v\u00e5ren 1925 med 13 medlemmar utvecklats i j\u00e4mnt tempo, s\u00e5 att den vid senaste \u00e5rsskifte hade 45 medlemmar och en kassabalans slutande p\u00e5 466,000 mk.<\/span><\/span><\/p>\n<p><span style=\"margin: 0px; font-family: 'Helvetica','sans-serif';\"><span style=\"color: #000000;\">Efter ber\u00e4ttelsen fastslogs in- och utl\u00e5ningsgr\u00e4nserna. Styrelsemedlemmarnas arvode best\u00e4mdes till 5 mk per bevistat sammantr\u00e4de. Revisorernas arvode utg\u00e5r enligt r\u00e4kning.<\/span><\/span><\/p>\n<p><span style=\"margin: 0px; font-family: 'Helvetica','sans-serif';\"><span style=\"color: #000000;\">De avg\u00e5ende styrelsemedlemmarna Frans Agn\u00e4s och Viktor Bj\u00f6rklund \u00e5tervaldes, likas\u00e5 suppleanten Emil L\u00e5ngfors. Ocks\u00e5 revisorerna Emil Backlund och Einar Lind \u00e5tervaldes, liksom suppleanterna Nils Nelson och Erland Norrg\u00e5rd.<\/span><\/span><\/p>\n<p><span style=\"margin: 0px; font-family: 'Helvetica','sans-serif';\"><span style=\"color: #000000;\">Kass\u00f6ren Viktor Bj\u00f6rklund f\u00f6redrog styrelsens ber\u00e4ttelse \u00f6ver l\u00e5nens anv\u00e4ndning. D\u00e4rur framgick, att andelskassan under \u00e5rets nio f\u00f6rsta m\u00e5nader utgivit 27 l\u00e5n p\u00e5 totalt 111\u00a0743 mk f\u00f6r olika \u00e4ndam\u00e5l.<\/span><\/span><\/p>\n<p><span style=\"margin: 0px; font-family: 'Helvetica','sans-serif';\"><span style=\"color: #000000;\">Sedan f\u00f6rhandlingarna avslutades, hoppades ordf\u00f6randen att andelskassans andra decennium skulle bli lika lyckligt som dess f\u00f6rsta.<\/span><\/span><\/p>\n<p><span style=\"color: #000080;\"><span style=\"margin: 0px; font-family: 'Helvetica','sans-serif';\">\u00a0<\/span>Syd-\u00d6sterbotten 24.11.1934:<\/span><\/p>\n<p><strong>Ab P\u00e4rus-Fors Oy:s vetekvarn f\u00e4rdig.<\/strong> Kvarnen har i dagarna blivit f\u00e4rdig och avprovningen sker n\u00e5gon dag i n\u00e4sta vecka, varefter den nya kvarnen kan s\u00e4tta i g\u00e5ng med verksamheten.<\/p>\n<p><span style=\"margin: 0px; color: #000080; font-family: 'Helvetica','sans-serif';\">Den \u00e5ttonde ungdomsringen bildades 1908 d\u00e5 ungdomsf\u00f6reningarna i sydligaste \u00d6sterbotten besl\u00f6t att inleda ett samarbete. L\u00e4raren Frans Teir verkade som ordf\u00f6rande och l\u00e4rarinnan Elin Andersson var sekreterare. Verksamheten var till en b\u00f6rjan livlig men s\u00e5 domnade den bort, f\u00f6r att helt avslutas \u00e5r 1918. I november 1934 \u00e5terupptogs verksamheten och det kan vi l\u00e4sa om i:<\/span><\/p>\n<p><span style=\"margin: 0px; color: #000080; font-family: 'Helvetica','sans-serif';\">Syd-\u00d6sterbotten 28.11.1934:<\/span><\/p>\n<p><strong><span style=\"margin: 0px; font-family: 'Helvetica','sans-serif';\"><span style=\"color: #000000;\">\u00c5ttonde ungdomsringen \u00e5terupptar verksamheten.<\/span><\/span><\/strong><\/p>\n<p><span style=\"margin: 0px; font-family: 'Helvetica','sans-serif';\"><span style=\"color: #000000;\">Initiativtagare till m\u00f6tet var ungdomsf\u00f6rbundets ordf\u00f6rande, rektor Johannes Nyquist, som i ett h\u00e4lsningsanf\u00f6rande p\u00e5pekade de vinningar, som ungdomsr\u00f6relsen kunde ha av en intensiv ringverksamhet. N\u00e4rvarande var ett 30-tal representanter f\u00f6r 9 organisationer. Endast tre ungdomsf\u00f6reningar var orepresenterade inom omr\u00e5det som omfattar Lappfj\u00e4rd, Kristinestad, Tj\u00f6ck, Sideby, samt M\u00f6rtmark i B\u00f6tom och Kasab\u00f6le i Sastmola.<\/span><\/span><\/p>\n<p><span style=\"margin: 0px; font-family: 'Helvetica','sans-serif';\"><span style=\"color: #000000;\">Alla talare var \u00f6verens med ordf\u00f6randen om att \u00e5teruppta verksamheten, f\u00f6r vilket \u00e4ndam\u00e5l av gammalt finnas i kassan 2,037:95. Ordf\u00f6randen tackade kass\u00f6ren, fr\u00f6ken Andersson f\u00f6r f\u00f6rvaltningen av medlen. Sedan redogjorde sjunde ringens ordf\u00f6rande H. Heikfolk f\u00f6r verksamheten i grannf\u00f6reningarna i norr.<\/span><\/span><\/p>\n<p><span style=\"margin: 0px; font-family: 'Helvetica','sans-serif';\"><span style=\"color: #000000;\">D\u00e4rp\u00e5 skreds till val av en interimsstyrelse, som skall f\u00f6rbereda verksamheten och utarbeta f\u00f6rslag till stadgar till det konstituerande m\u00f6tet i Tj\u00f6ck i februari 1935. I interimsstyrelsen invaldes Johannes Nyquist till ordf\u00f6rande och Frans Storkull fr\u00e5n Dagsmark till viceordf\u00f6rande. Styrelsemedlemmarna valdes fr\u00e5n alla f\u00f6reningar, bland annat Ragnar Skogman.<\/span><\/span><\/p>\n","protected":false},"excerpt":{"rendered":"<p>\u00a0Syd-\u00d6sterbotten 7.4.1934: Andelsst\u00e4mmor. Onsdagen den 28 mars h\u00f6ll Dagsmark andelskassa och mejeriet gemensam st\u00e4mma p\u00e5 ungdomshemmet. Till st\u00e4mman hade infunnit sig ett 40-tal medlemmar. Av andelskassans \u00e5rsber\u00e4ttelse framgick, att kassans medlemmar numera uppg\u00e5r till 45 och att andelsinsatserna sammanlagda belopp <a class=\"more-link\" href=\"https:\/\/www.lassebacklund.fi\/?page_id=10480\">Forts\u00e4tt l\u00e4sa <span class=\"screen-reader-text\">  Tidningsartiklar fr\u00e5n \u00e5r 1934.<\/span><span class=\"meta-nav\">&rarr;<\/span><\/a><\/p>\n","protected":false},"author":1,"featured_media":0,"parent":8994,"menu_order":1934,"comment_status":"closed","ping_status":"closed","template":"","meta":{"footnotes":""},"class_list":["post-10480","page","type-page","status-publish","hentry"],"_links":{"self":[{"href":"https:\/\/www.lassebacklund.fi\/index.php?rest_route=\/wp\/v2\/pages\/10480","targetHints":{"allow":["GET"]}}],"collection":[{"href":"https:\/\/www.lassebacklund.fi\/index.php?rest_route=\/wp\/v2\/pages"}],"about":[{"href":"https:\/\/www.lassebacklund.fi\/index.php?rest_route=\/wp\/v2\/types\/page"}],"author":[{"embeddable":true,"href":"https:\/\/www.lassebacklund.fi\/index.php?rest_route=\/wp\/v2\/users\/1"}],"replies":[{"embeddable":true,"href":"https:\/\/www.lassebacklund.fi\/index.php?rest_route=%2Fwp%2Fv2%2Fcomments&post=10480"}],"version-history":[{"count":12,"href":"https:\/\/www.lassebacklund.fi\/index.php?rest_route=\/wp\/v2\/pages\/10480\/revisions"}],"predecessor-version":[{"id":10539,"href":"https:\/\/www.lassebacklund.fi\/index.php?rest_route=\/wp\/v2\/pages\/10480\/revisions\/10539"}],"up":[{"embeddable":true,"href":"https:\/\/www.lassebacklund.fi\/index.php?rest_route=\/wp\/v2\/pages\/8994"}],"wp:attachment":[{"href":"https:\/\/www.lassebacklund.fi\/index.php?rest_route=%2Fwp%2Fv2%2Fmedia&parent=10480"}],"curies":[{"name":"wp","href":"https:\/\/api.w.org\/{rel}","templated":true}]}}