{"id":1046,"date":"2016-10-12T17:50:48","date_gmt":"2016-10-12T15:50:48","guid":{"rendered":"http:\/\/www.lassebacklund.fi\/?page_id=1046"},"modified":"2016-10-12T17:50:48","modified_gmt":"2016-10-12T15:50:48","slug":"josef-eriksson-langs-forsakringar","status":"publish","type":"page","link":"https:\/\/www.lassebacklund.fi\/?page_id=1046","title":{"rendered":"Josef Eriksson L\u00e5ngs f\u00f6rs\u00e4kringar."},"content":{"rendered":"<p><span style=\"color: #000080;\">Bonden Josef Eriksson L\u00e5ng var klok nog att teckna brandf\u00f6rs\u00e4kring i Lappfj\u00e4rds kommuns brandstodsf\u00f6rening och i de gamla f\u00f6rs\u00e4kringsbreven s\u00e5 st\u00e5r det vilka byggnader som fanns p\u00e5 hemmanet \u00e5r 1884, d\u00e5 f\u00f6rs\u00e4kringen togs:<\/span><\/p>\n<p>Boningsbyggnaden och framstugan, v\u00e4rderad till 250 mark.<\/p>\n<p>-byggd i tr\u00e4d med perttak, l\u00e4ngd 18, bredd 10 och h\u00f6jd till takfoten 6 alnar<\/p>\n<p>Stall med port och 2 lider, v\u00e4rderad till 50 mark<\/p>\n<p>-byggd i tr\u00e4d med perttak, l\u00e4ngd 28, bredd 8 och h\u00f6jd till takfoten 5 alnar<\/p>\n<p>F\u00e4hus med foderlada och port, v\u00e4rderad till 50 mark tillsammans med f\u00e5rhuset<\/p>\n<p>-byggd i tr\u00e4d med pert o halmtak, l\u00e4ngd 23, bredd 10 och h\u00f6jd till takfoten 5 alnar<\/p>\n<p>F\u00e5rhus<\/p>\n<p>-byggd i tr\u00e4d med n\u00e4fvert\u00e4kt, l\u00e4ngd 5, bredd 5 och h\u00f6jd till takfoten 3 alnar<\/p>\n<p>Fyra lider och en lada, v\u00e4rderade till 30 mark<\/p>\n<p>-byggd i tr\u00e4d med br\u00e4dtak, l\u00e4ngd 30, bredd 8 och h\u00f6jd till takfoten 5 alnar<\/p>\n<p>Spannm\u00e5lsboden, v\u00e4rderad till 20 mark<\/p>\n<p>-byggd i tr\u00e4d, med perttak, l\u00e4ngd 8, bredd 8 och h\u00f6jd till takfoten 5 \u00bd alnar<\/p>\n<p>D\u00e4rtill fanns f\u00f6rs\u00e4kringar p\u00e5 en \u00e4ngslada, L\u00f6segendom, gr\u00f6dan, kreatur, lillstugan och qvarnen. Kvarnen f\u00f6rs\u00e4krades f\u00f6rsta g\u00e5ngen \u00e5r 1896 till 550 mark men \u00e5r 1898 v\u00e4rderades den till hela 2\u00a0000 mark.<\/p>\n<p><strong>Fostersonen Johan <u>Ivar<\/u> Karlsson L\u00e5ng<\/strong>, som blev kallad f\u00f6r \u00c5dd-Ivar tecknade \u00e5r 1906 en ny f\u00f6rs\u00e4kring i Dagsmark bys Brandstodf\u00f6rening och f\u00f6rs\u00e4krade d\u00e5 f\u00f6ljande byggnader:<\/p>\n<p>Boningsbyggnader\u00a0\u00a0\u00a0\u00a0\u00a0\u00a0\u00a0\u00a0\u00a0\u00a0\u00a0\u00a0\u00a0\u00a0\u00a0\u00a0\u00a0\u00a0\u00a0\u00a0\u00a0\u00a0\u00a0\u00a0\u00a0\u00a0\u00a0\u00a0\u00a0\u00a0\u00a0\u00a0\u00a0\u00a0 800 mark<\/p>\n<p>Lillstugan med lider, port och stall\u00a0\u00a0\u00a0\u00a0\u00a0\u00a0\u00a0\u00a0\u00a0\u00a0\u00a0 400 mark<\/p>\n<p>F\u00e4hus med port och foderlada\u00a0\u00a0\u00a0\u00a0\u00a0\u00a0\u00a0\u00a0\u00a0\u00a0\u00a0\u00a0\u00a0\u00a0\u00a0\u00a0 80 mark<\/p>\n<p>1 mindre f\u00e4hus med port och lada\u00a0\u00a0\u00a0\u00a0\u00a0\u00a0\u00a0\u00a0\u00a0\u00a0 20 mark<\/p>\n<p>Fyra stycken lider\u00a0\u00a0\u00a0\u00a0\u00a0\u00a0\u00a0\u00a0\u00a0\u00a0\u00a0\u00a0\u00a0\u00a0\u00a0\u00a0\u00a0\u00a0\u00a0\u00a0\u00a0\u00a0\u00a0\u00a0\u00a0\u00a0\u00a0\u00a0\u00a0\u00a0\u00a0\u00a0\u00a0\u00a0\u00a0 40 mark<\/p>\n<p>Spannm\u00e5lsboden\u00a0\u00a0\u00a0\u00a0\u00a0\u00a0\u00a0\u00a0\u00a0\u00a0\u00a0\u00a0\u00a0\u00a0\u00a0\u00a0\u00a0\u00a0\u00a0\u00a0\u00a0\u00a0\u00a0\u00a0\u00a0\u00a0\u00a0\u00a0\u00a0\u00a0\u00a0\u00a0\u00a0\u00a0\u00a0\u00a0 40 mark<\/p>\n<p>Smedja\u00a0\u00a0\u00a0\u00a0\u00a0\u00a0\u00a0\u00a0\u00a0\u00a0\u00a0\u00a0\u00a0\u00a0\u00a0\u00a0\u00a0\u00a0\u00a0\u00a0\u00a0\u00a0\u00a0\u00a0\u00a0\u00a0\u00a0\u00a0\u00a0\u00a0\u00a0\u00a0\u00a0\u00a0\u00a0\u00a0\u00a0\u00a0\u00a0\u00a0\u00a0\u00a0\u00a0\u00a0\u00a0\u00a0\u00a0\u00a0\u00a0\u00a0\u00a0\u00a0 10 mark<\/p>\n<p>Badstugan\u00a0\u00a0\u00a0\u00a0\u00a0\u00a0\u00a0\u00a0\u00a0\u00a0\u00a0\u00a0\u00a0\u00a0\u00a0\u00a0\u00a0\u00a0\u00a0\u00a0\u00a0\u00a0\u00a0\u00a0\u00a0\u00a0\u00a0\u00a0\u00a0\u00a0\u00a0\u00a0\u00a0\u00a0\u00a0\u00a0\u00a0\u00a0\u00a0\u00a0\u00a0\u00a0\u00a0\u00a0\u00a0\u00a0\u00a0 10 mark<\/p>\n<p>Rian med loga och lada\u00a0\u00a0\u00a0\u00a0\u00a0\u00a0\u00a0\u00a0\u00a0\u00a0\u00a0\u00a0\u00a0\u00a0\u00a0\u00a0\u00a0\u00a0\u00a0\u00a0\u00a0\u00a0\u00a0\u00a0\u00a0\u00a0 140 mark<\/p>\n<p>1 \u00c4ngslada\u00a0\u00a0\u00a0\u00a0\u00a0\u00a0\u00a0\u00a0\u00a0\u00a0\u00a0\u00a0\u00a0\u00a0\u00a0\u00a0\u00a0\u00a0\u00a0\u00a0\u00a0\u00a0\u00a0\u00a0\u00a0\u00a0\u00a0\u00a0\u00a0\u00a0\u00a0\u00a0\u00a0\u00a0\u00a0\u00a0\u00a0\u00a0\u00a0\u00a0\u00a0\u00a0\u00a0\u00a0\u00a0\u00a0 10 mark<\/p>\n<p>Inb\u00e4rgad gr\u00f6da\u00a0\u00a0\u00a0\u00a0\u00a0\u00a0\u00a0\u00a0\u00a0\u00a0\u00a0\u00a0\u00a0\u00a0\u00a0\u00a0\u00a0\u00a0\u00a0\u00a0\u00a0\u00a0\u00a0\u00a0\u00a0\u00a0\u00a0\u00a0\u00a0\u00a0\u00a0\u00a0\u00a0\u00a0\u00a0\u00a0\u00a0\u00a0\u00a0\u00a0 150 mark<\/p>\n<p>L\u00f6segendom af alla slag\u00a0\u00a0\u00a0\u00a0\u00a0\u00a0\u00a0\u00a0\u00a0\u00a0\u00a0\u00a0\u00a0\u00a0\u00a0\u00a0\u00a0\u00a0\u00a0\u00a0\u00a0\u00a0\u00a0\u00a0\u00a0 200 mark<\/p>\n<p>Allt tillsammans\u00a0\u00a0\u00a0\u00a0\u00a0\u00a0\u00a0\u00a0\u00a0\u00a0\u00a0\u00a0\u00a0\u00a0\u00a0\u00a0\u00a0\u00a0\u00a0\u00a0\u00a0\u00a0\u00a0\u00a0\u00a0\u00a0\u00a0\u00a0\u00a0\u00a0\u00a0\u00a0\u00a0\u00a0\u00a0\u00a0\u00a0\u00a0\u00a0 1900 mark<\/p>\n","protected":false},"excerpt":{"rendered":"<p>Bonden Josef Eriksson L\u00e5ng var klok nog att teckna brandf\u00f6rs\u00e4kring i Lappfj\u00e4rds kommuns brandstodsf\u00f6rening och i de gamla f\u00f6rs\u00e4kringsbreven s\u00e5 st\u00e5r det vilka byggnader som fanns p\u00e5 hemmanet \u00e5r 1884, d\u00e5 f\u00f6rs\u00e4kringen togs: Boningsbyggnaden och framstugan, v\u00e4rderad till 250 mark. <a class=\"more-link\" href=\"https:\/\/www.lassebacklund.fi\/?page_id=1046\">Forts\u00e4tt l\u00e4sa <span class=\"screen-reader-text\">  Josef Eriksson L\u00e5ngs f\u00f6rs\u00e4kringar.<\/span><span class=\"meta-nav\">&rarr;<\/span><\/a><\/p>\n","protected":false},"author":1,"featured_media":0,"parent":676,"menu_order":0,"comment_status":"closed","ping_status":"closed","template":"","meta":{"footnotes":""},"class_list":["post-1046","page","type-page","status-publish","hentry"],"_links":{"self":[{"href":"https:\/\/www.lassebacklund.fi\/index.php?rest_route=\/wp\/v2\/pages\/1046","targetHints":{"allow":["GET"]}}],"collection":[{"href":"https:\/\/www.lassebacklund.fi\/index.php?rest_route=\/wp\/v2\/pages"}],"about":[{"href":"https:\/\/www.lassebacklund.fi\/index.php?rest_route=\/wp\/v2\/types\/page"}],"author":[{"embeddable":true,"href":"https:\/\/www.lassebacklund.fi\/index.php?rest_route=\/wp\/v2\/users\/1"}],"replies":[{"embeddable":true,"href":"https:\/\/www.lassebacklund.fi\/index.php?rest_route=%2Fwp%2Fv2%2Fcomments&post=1046"}],"version-history":[{"count":1,"href":"https:\/\/www.lassebacklund.fi\/index.php?rest_route=\/wp\/v2\/pages\/1046\/revisions"}],"predecessor-version":[{"id":1047,"href":"https:\/\/www.lassebacklund.fi\/index.php?rest_route=\/wp\/v2\/pages\/1046\/revisions\/1047"}],"up":[{"embeddable":true,"href":"https:\/\/www.lassebacklund.fi\/index.php?rest_route=\/wp\/v2\/pages\/676"}],"wp:attachment":[{"href":"https:\/\/www.lassebacklund.fi\/index.php?rest_route=%2Fwp%2Fv2%2Fmedia&parent=1046"}],"curies":[{"name":"wp","href":"https:\/\/api.w.org\/{rel}","templated":true}]}}