{"id":10383,"date":"2018-11-09T21:30:30","date_gmt":"2018-11-09T20:30:30","guid":{"rendered":"http:\/\/www.lassebacklund.fi\/?page_id=10383"},"modified":"2018-11-09T21:30:30","modified_gmt":"2018-11-09T20:30:30","slug":"andelsmejeriets-stamma-1933","status":"publish","type":"page","link":"https:\/\/www.lassebacklund.fi\/?page_id=10383","title":{"rendered":"Andelsmejeriets st\u00e4mma 1933."},"content":{"rendered":"<p><span style=\"margin: 0px; color: #000080; font-family: 'Helvetica','sans-serif';\">Syd-\u00d6sterbotten 1.4.1933:<\/span><\/p>\n<p><span style=\"margin: 0px; font-family: 'Helvetica','sans-serif';\"><span style=\"color: #000000;\">En gemensam st\u00e4mmodag med Dagsmark andelsmejeri, Andelskassa och byakassa f\u00f6ranstaltades p\u00e5 ungdomsf\u00f6reningens lokal torsdagen den 23 mars. Till f\u00f6rst behandlades andelsmejeriets l\u00f6pande \u00e4renden. Av \u00e5rsber\u00e4ttelsen framgick, att mejeriet under \u00e5r 1932 inv\u00e4gt 699.677 kg mj\u00f6lk under 305 leveransdagar, s\u00e5ledes med medelmj\u00f6lkm\u00e4ngd av 2\u00a0294 kg per dag, medelfettprocenten har varit 3,542. Av denna mj\u00f6lkm\u00e4ngd har tillverkats 29,478 kg sm\u00f6r, som till st\u00f6rsta delen har s\u00e5lts till Centralandelslaget Enigheten f\u00f6r ett medelpris av 19,12 mk per kg. Till leverant\u00f6rerna har i mj\u00f6lklikvider utbetalats 466,000 mk, medelpriset utg\u00f6r 66,6 penni per kg. Mejeriets skuld har under \u00e5ret nedg\u00e5tt med 31,000 mk utg\u00f6r den totala skulden nu vid \u00e5rsskiftet 255,000 mk. Efter f\u00f6rhandlingarnas slut bj\u00f6d mejeriet de n\u00e4rvarande p\u00e5 kaffe med br\u00f6d.<\/span><\/span><\/p>\n","protected":false},"excerpt":{"rendered":"<p>Syd-\u00d6sterbotten 1.4.1933: En gemensam st\u00e4mmodag med Dagsmark andelsmejeri, Andelskassa och byakassa f\u00f6ranstaltades p\u00e5 ungdomsf\u00f6reningens lokal torsdagen den 23 mars. Till f\u00f6rst behandlades andelsmejeriets l\u00f6pande \u00e4renden. Av \u00e5rsber\u00e4ttelsen framgick, att mejeriet under \u00e5r 1932 inv\u00e4gt 699.677 kg mj\u00f6lk under 305 leveransdagar, <a class=\"more-link\" href=\"https:\/\/www.lassebacklund.fi\/?page_id=10383\">Forts\u00e4tt l\u00e4sa <span class=\"screen-reader-text\">  Andelsmejeriets st\u00e4mma 1933.<\/span><span class=\"meta-nav\">&rarr;<\/span><\/a><\/p>\n","protected":false},"author":1,"featured_media":0,"parent":1332,"menu_order":1933,"comment_status":"closed","ping_status":"closed","template":"","meta":{"footnotes":""},"class_list":["post-10383","page","type-page","status-publish","hentry"],"_links":{"self":[{"href":"https:\/\/www.lassebacklund.fi\/index.php?rest_route=\/wp\/v2\/pages\/10383","targetHints":{"allow":["GET"]}}],"collection":[{"href":"https:\/\/www.lassebacklund.fi\/index.php?rest_route=\/wp\/v2\/pages"}],"about":[{"href":"https:\/\/www.lassebacklund.fi\/index.php?rest_route=\/wp\/v2\/types\/page"}],"author":[{"embeddable":true,"href":"https:\/\/www.lassebacklund.fi\/index.php?rest_route=\/wp\/v2\/users\/1"}],"replies":[{"embeddable":true,"href":"https:\/\/www.lassebacklund.fi\/index.php?rest_route=%2Fwp%2Fv2%2Fcomments&post=10383"}],"version-history":[{"count":1,"href":"https:\/\/www.lassebacklund.fi\/index.php?rest_route=\/wp\/v2\/pages\/10383\/revisions"}],"predecessor-version":[{"id":10384,"href":"https:\/\/www.lassebacklund.fi\/index.php?rest_route=\/wp\/v2\/pages\/10383\/revisions\/10384"}],"up":[{"embeddable":true,"href":"https:\/\/www.lassebacklund.fi\/index.php?rest_route=\/wp\/v2\/pages\/1332"}],"wp:attachment":[{"href":"https:\/\/www.lassebacklund.fi\/index.php?rest_route=%2Fwp%2Fv2%2Fmedia&parent=10383"}],"curies":[{"name":"wp","href":"https:\/\/api.w.org\/{rel}","templated":true}]}}