{"id":1037,"date":"2016-10-11T22:48:52","date_gmt":"2016-10-11T20:48:52","guid":{"rendered":"http:\/\/www.lassebacklund.fi\/?page_id=1037"},"modified":"2025-06-21T21:23:51","modified_gmt":"2025-06-21T18:23:51","slug":"parcellen-holm-pa-korsbackvagen-64","status":"publish","type":"page","link":"https:\/\/www.lassebacklund.fi\/?page_id=1037","title":{"rendered":"Isakas Mandas p\u00e5 Korsb\u00e4ckv\u00e4gen 64"},"content":{"rendered":"<p><strong><span style=\"color: #000080;\">Uppgjort av Lasse Backlund \u00e5r 2016, med hj\u00e4lp av Inga-Lill Sandstr\u00f6m fr\u00e5n Vasa som \u00e4r f\u00f6dd Lillkull p\u00e5 A-sidon. Inga-Lills far Arvid var under en tid \u00e4gare till en del av denna parcell.<\/span><\/strong><\/p>\n<p>Det var \u00e5r 1922 som &#8221;Isakas Josip \u00e5 Manda&#8221; k\u00f6pte den lilla stugan som stod i v\u00e4gkanten vid v\u00e4gen till Korsb\u00e4ck. Stugan revs f\u00f6r l\u00e4nge sedan och n\u00e5got foto av den ser inte ut att finnas. Stugan vid Treskv\u00e4gen eller Bym\u00e5sst\u00e5, som v\u00e4gen kallas i Korsb\u00e4ck hade f\u00f6re \u00e5r 1910 st\u00e5tt i \u00e5kern mellan S\u00f6derqvistas och Backlundas p\u00e5 Sunnantillv\u00e4gen men vid storskiftet 1900-1912 s\u00e5 flyttades den. En liten stuga kan ha en l\u00e5ng och brokig historia, l\u00e4s mera h\u00e4r under!<\/p>\n<figure id=\"attachment_2120\" aria-describedby=\"caption-attachment-2120\" style=\"width: 511px\" class=\"wp-caption alignnone\"><img loading=\"lazy\" decoding=\"async\" class=\"size-full wp-image-2120\" src=\"https:\/\/www.lassebacklund.fi\/wp-content\/uploads\/2016\/11\/Isakas-Manda-Hosioja-1.jpg\" alt=\"\" width=\"511\" height=\"833\" srcset=\"https:\/\/www.lassebacklund.fi\/wp-content\/uploads\/2016\/11\/Isakas-Manda-Hosioja-1.jpg 511w, https:\/\/www.lassebacklund.fi\/wp-content\/uploads\/2016\/11\/Isakas-Manda-Hosioja-1-184x300.jpg 184w\" sizes=\"auto, (max-width: 511px) 100vw, 511px\" \/><figcaption id=\"caption-attachment-2120\" class=\"wp-caption-text\">Amanda Hosioja, som bytte namn till Bj\u00f6rkg\u00e5rd bodde p\u00e5 Korsb\u00e4ckv\u00e4gen 64. Fr\u00e5n b\u00f6rjan kallades hon &#8221;Haga Manda&#8221; men d\u00e5 hon gifte sig Josef Hosioja, s\u00e5 b\u00f6rjade hon kallas &#8221;Isakas Manda&#8221;.<\/figcaption><\/figure>\n<h4><strong>G\u00e5rdens och parcellen Holms historia.<\/strong><\/h4>\n<figure id=\"attachment_21651\" aria-describedby=\"caption-attachment-21651\" style=\"width: 1972px\" class=\"wp-caption alignnone\"><img loading=\"lazy\" decoding=\"async\" class=\"size-full wp-image-21651\" src=\"https:\/\/www.lassebacklund.fi\/wp-content\/uploads\/2022\/02\/Detalj-Nylund-kopia.jpg\" alt=\"\" width=\"1972\" height=\"1479\" srcset=\"https:\/\/www.lassebacklund.fi\/wp-content\/uploads\/2022\/02\/Detalj-Nylund-kopia.jpg 1972w, https:\/\/www.lassebacklund.fi\/wp-content\/uploads\/2022\/02\/Detalj-Nylund-kopia-300x225.jpg 300w, https:\/\/www.lassebacklund.fi\/wp-content\/uploads\/2022\/02\/Detalj-Nylund-kopia-1024x768.jpg 1024w, https:\/\/www.lassebacklund.fi\/wp-content\/uploads\/2022\/02\/Detalj-Nylund-kopia-768x576.jpg 768w, https:\/\/www.lassebacklund.fi\/wp-content\/uploads\/2022\/02\/Detalj-Nylund-kopia-1536x1152.jpg 1536w\" sizes=\"auto, (max-width: 1972px) 100vw, 1972px\" \/><figcaption id=\"caption-attachment-21651\" class=\"wp-caption-text\">\u00c4nkan Olga S\u00f6derholms torp l\u00e5g i tiderna p\u00e5 \u00e5kern mellan S\u00f6derqvistas och Backlundas p\u00e5 Sunnantillv\u00e4gen. Vid storskiftet hamnade torpet p\u00e5 Josef Backlunds \u00e4gor och han kr\u00e4vde d\u00e5 att det skulle flyttas och Olga flyttade stugan till Korsb\u00e4ckv\u00e4gen 64.<\/figcaption><\/figure>\n<p><a href=\"https:\/\/www.lassebacklund.fi\/?page_id=980\">Viktor \u201dPelas Viktor\u201d Lillkull<\/a> stora hemman p\u00e5 A-sidon \u00f6vertogs \u00e5r 1910 av aff\u00e4rsmannen Axel Lilltr\u00e4sk fr\u00e5n Lappfj\u00e4rd. Han b\u00f6rjade genast s\u00e4lja ut mindre arealer och den 18 maj 1911 s\u00e5 s\u00e5lde han ett omr\u00e5de eller en parcell \u201dHolm\u201d \u00e5t torpare\u00e4nkan Olga S\u00f6derholm (1863-1918). Parcellen skulle brytas ut fr\u00e5n hem\u00e5kersskiftet enligt beskrivningen \u201dfr\u00e5n Nyv\u00e4gen i S\u00f6der till f\u00f6rsta tv\u00e4rdiket i norr samt fr\u00e5n gamla tomten eller utfallsdiket i \u00d6ster 6 (sex) lindbr\u00e4ddar v\u00e4sterut. K\u00f6pesumman \u00e4r 450 mark och k\u00f6paren skall \u00e5rligen som arrende f\u00f6r marken utgifva till stoml\u00e4genheten\u00a0 tv\u00e5hundrafemtio (250) kilogram h\u00f6 s\u00e5 l\u00e4nge sytningstagaren Reinhold Lillkull och hans hustru Maja Lena lefver, men efter deras d\u00f6d skall det minst utg\u00e5 med tio(10) mark.\u201d<\/p>\n<p><span style=\"text-decoration: underline;\">Olga<\/span> Josefina S\u00f6derholm (1863-1918) hade tillsammans med sin man Karl Erik &#8221;Skr\u00e4ddar Kalle&#8221; S\u00f6derholm (f.1864, d\u00f6df\u00f6rklarad 1941) f\u00f6re storskiftet bott i en liten stuga som stod p\u00e5 \u00e5kern mellan S\u00f6derqvistas och Backlundas p\u00e5\u00a0 Sunnantillv\u00e4gen. P\u00e5 h\u00f6sttinget \u00e5r 1910 blev hon vr\u00e4kt av bonden Josef Backlund, som i samband med storskiftet hade blivit tilldelad detta omr\u00e5de. Olga flyttade f\u00f6ljande \u00e5r g\u00e5rden till det nya st\u00e4llet och byggde g\u00e5rden precis invid &#8221;Bym\u00e5sst\u00e5&#8221;. <img loading=\"lazy\" decoding=\"async\" class=\"size-full wp-image-1036\" src=\"http:\/\/www.lassebacklund.fi\/wp-content\/uploads\/2016\/10\/Karta-olga.jpg\" alt=\"Omr\u00e5det som Olga k\u00f6pte av Lilltr\u00e4sk var ungef\u00e4r ett halvt hektar stort. \" width=\"1081\" height=\"820\" srcset=\"https:\/\/www.lassebacklund.fi\/wp-content\/uploads\/2016\/10\/Karta-olga.jpg 1081w, https:\/\/www.lassebacklund.fi\/wp-content\/uploads\/2016\/10\/Karta-olga-300x228.jpg 300w, https:\/\/www.lassebacklund.fi\/wp-content\/uploads\/2016\/10\/Karta-olga-768x583.jpg 768w, https:\/\/www.lassebacklund.fi\/wp-content\/uploads\/2016\/10\/Karta-olga-1024x777.jpg 1024w\" sizes=\"auto, (max-width: 1081px) 100vw, 1081px\" \/><\/p>\n<p>Omr\u00e5det som Olga k\u00f6pte av Lilltr\u00e4sk var ungef\u00e4r ett halvt hektar stort och dit flyttade hon stugan, som f\u00f6re det hade st\u00e5tt mellan S\u00f6derqvistas och Backlundas.<\/p>\n<h3><strong>\u00c4gare Olga S\u00f6derholm.<\/strong><\/h3>\n<p>Olga Josefina var dotter till landbonden Karl Johan Carl Fredriksson Mangs (f. 1828 i Lappfj\u00e4rd) och Anna Sofia Eriksdotter L\u00e5ng (f. 13.10 1832 i Dagsmark). Olgas mor Anna Sofia var f\u00f6dd p\u00e5 Brobackan och hon var syster bland annat till bonden Karl Gustav Eriksson L\u00e5ng, som sedan blev far \u00e5t <a href=\"https:\/\/www.lassebacklund.fi\/?page_id=15030\">\u201dK\u00e5rk\u201d Viktor Eklund<\/a> och till Josef Eriksson L\u00e5ng, som var bonde p\u00e5 <a href=\"https:\/\/www.lassebacklund.fi\/?page_id=676\">\u00c5ddin.<\/a><\/p>\n<p>Olgas f\u00f6r\u00e4ldrar flyttade \u00e5r 1858 till Kankaanp\u00e4\u00e4 hemman nr 2 i K\u00e4rjenkoski och d\u00e4r f\u00f6ddes sonen <a href=\"https:\/\/www.lassebacklund.fi\/?page_id=676\">Ivar \u201d\u00c5dd Ivar\u201d<\/a> \u00e5r 1860. \u00c5r 1863 flyttade de allesammans till Ingi hemman i Kasab\u00f6le i Sastmola och d\u00e4r f\u00f6ddes dottern Olga \u00e5r 1863.<\/p>\n<p>Olgas och Ivars \u00e4ldre syster Sofia Vilhelmina var f\u00f6dd \u00e5r 1854 och hon gifte sig med torparen Josef Viktor Klemets f. 1852 p\u00e5 Korsb\u00e4ck. De hade 11 barn och flyttade till K\u00e4rjenkoski 1894 men flyttade d\u00e4rifr\u00e5n till H\u00e4rkmeri 1895 och blev b\u00f6nder p\u00e5 Sjuls hemman. Deras ena dotter gifte sig till Teir och en annan till Hannus i H\u00e4rkmeri. Olga och Ivar hade ocks\u00e5 en bror Carl Viktor f. 1856 men han dog ogift 1885 p\u00e5\u00a0L\u00e5ng i Dagsmark.<\/p>\n<p>D\u00e5 Olgas och Ivars mor Anna Sofia blivit \u00e4nka 1867 och f\u00f6ljande \u00e5r kommit tillbaka till Dagsmark gifte hon sig 29.10.1887 med \u00e4nklingen <u>Josef <\/u>Johan Eriksson S\u00f6derholm f. 1828. Denna Josef hade tidigare varit gift med Anna Kajsa Johansdotter Fr\u00f6berg f. 1826 men hon hade d\u00f6tt 1886. Josef S\u00f6derholm var en av de f\u00f6rsta dagsmarkborna som farit till Amerika 1872 men han \u00e5terkom redan 1875. Josef hade fr\u00e5n f\u00f6rsta giftet sonen Karl Erik (f.1864) som kallades &#8221;Skr\u00e4ddar Kalle&#8221; och denne Karl Erik S\u00f6derholm gifte sig med Olga samma \u00e5r, allts\u00e5 1887. Det \u00e4r ovanligt att dotterns mor gifter sig med \u00e4kta mannens far, samma \u00e5r till p\u00e5 k\u00f6pet! Den h\u00e4r &#8221;Skr\u00e4ddar Kalle&#8221; hade f\u00f6r \u00f6vrigt en stampkvarn p\u00e5 en holme i Lill\u00e5n, nedanf\u00f6r Levi Bergs g\u00e5rd och den kallas fortfarande &#8221;Stamph\u00e5lmin&#8221;.<\/p>\n<p>Olga och Karl Erik S\u00f6derholm fick flera barn medan de bodde p\u00e5 Sunnantillv\u00e4gen,\u00a0 bland annat:<\/p>\n<p>-Selma Josefina (1887-1911).<\/p>\n<p>-Frans <u>Ivar<\/u> (1888-1946) som kallades &#8221;Kionas Ivar&#8221; och han var gift med Vilhelmina \u201dKionas Mina\u201d Prunnila fr\u00e5n Stoas torp i Lillsj\u00f6 p\u00e5 Berg\u00e5ssidan. L\u00e4s mera om &#8221;Stoas torp&#8221; <span style=\"text-decoration: underline;\"><span style=\"color: #000080; text-decoration: underline;\"><strong><a style=\"color: #000080; text-decoration: underline;\" href=\"https:\/\/www.lassebacklund.fi\/?page_id=1299\">H\u00c4R!<\/a><\/strong><\/span><\/span><\/p>\n<p><span style=\"color: #000000;\">-Josef Henrik (1890-1916), som kallades &#8221;Skr\u00e4ddar Josip&#8221; var gift med Alexandra &#8221;Sandra&#8221; Lillsund (f.1891). \u00c4nkan Sandra gifte sedan om sig med grannen &#8221;Bl\u00f6tinas Alfrid&#8221;, allts\u00e5 Alfred Ulfves och fick med honom flera barn. L\u00e4s mera om &#8221;Sandra och Alfrid&#8221; <a href=\"https:\/\/www.lassebacklund.fi\/?page_id=17870\"><span style=\"text-decoration: underline;\"><span style=\"color: #000080;\"><strong>H\u00c4R!<\/strong><\/span><\/span><\/a><\/span><\/p>\n<p>-Karl Emil (1893-1911).<\/p>\n<p>Enligt kyrkboken for Karl Erik S\u00f6derholm till Amerika \u00e5r 1890 f\u00f6r att slippa den 3-\u00e5riga tj\u00e4nsten i den finska milit\u00e4ren. I ett \u00e4mbetsbevis \u00e5r 1940 st\u00e5r om Karl Erik att han vistas utrikes men i kyrkoboken finns en anteckning \u201cTroligen d\u00f6d\u201d och han d\u00f6df\u00f6rklarades i Lappfj\u00e4rd \u00e5r 1941.<\/p>\n<h3><strong>Josef Henrik S\u00f6derholm som \u00e4gare.<\/strong><\/h3>\n<p>\u00c5r 1914 s\u00e5lde Olga Josefina S\u00f6derholm sin parcell p\u00e5 ungef\u00e4r ett halvt hektar \u00e5t sonen Josef Henrik S\u00f6derholm (1890-1916) som \u00e5r 1912 hade gift sig med Alexandra \u201dSandra\u201d Lillsund (1891-1951). \u00c5r 1913 fick de dottern Ines som \u00e5r 1933 gifte sig med Ilmari Blomqvist fr\u00e5n Sideby. Redan \u00e5r 1916 s\u00e5 avled Josef Henrik och \u00e4nkan Sandra gifte om sig \u00e5r 1919 med Alfred Johansson Ulfves (1897-1963) som var f\u00f6dd p\u00e5 Rosenback hemman i Kvarn\u00e5 och som var bror \u00e5t \u201dBl\u00f6tinas Ida\u201d Ulfves (1899-1972). Alfred Ulfves\u00b4 far Johan Erik Reinholdsson Ulfves var f\u00f6dd i Lappfj\u00e4rd.<\/p>\n<h3><strong>Josef och Amanda Hosioja som \u00e4gare.<\/strong><\/h3>\n<p>\u00c5r 1922, den 28 december s\u00e5lde Alfred och Sandra Ulfves parcellen \u201dHolm\u201d 9 500 mark \u00e5t \u201dIsakas Josip och Isakas Manda\u201d Hosioja. S\u00e4ljarna flyttade d\u00e5 till Lappfj\u00e4rd och d\u00e4rifr\u00e5n vidare till Pojo \u00e5r 1939 men de \u00e5terv\u00e4nde sedan till Lappfj\u00e4rd.<\/p>\n<p>&#8221;Isakas Josip&#8221;, allts\u00e5 Josef Hosioja (1891-1947) var f\u00f6dd i ett <a href=\"https:\/\/www.lassebacklund.fi\/?page_id=2052\">torp p\u00e5 Lillsj\u00f6lidv\u00e4gen<\/a> och han var son till Isak Hosioja (1848-1924) fr\u00e5n Kauhajoki och Anna Kajsa Esaiasdotter Korsb\u00e4ck (1849-1916). Josef Hosioja var bror till <a href=\"https:\/\/www.lassebacklund.fi\/?page_id=17784\">Anna \u00c5berg<\/a> d.\u00e4. (1870-1948) och till <a href=\"https:\/\/www.lassebacklund.fi\/?page_id=15107\">\u201dNymanas Johannes\u201d R\u00f6nnlund<\/a> (1885-1954), b\u00e5da b\u00f6nder i Lillsj\u00f6.<\/p>\n<figure id=\"attachment_1035\" aria-describedby=\"caption-attachment-1035\" style=\"width: 688px\" class=\"wp-caption aligncenter\"><img loading=\"lazy\" decoding=\"async\" class=\" wp-image-1035\" src=\"http:\/\/www.lassebacklund.fi\/wp-content\/uploads\/2016\/10\/Karta-olga-2.jpg\" alt=\"I det h\u00e4r torpet som stod p\u00e5 Lillsj\u00f6lidv\u00e4gen, som byggdes av Isak Hosioja f\u00f6ddes sonen Josef som sedan gifte sig med Amanda L\u00e5ng.\" width=\"688\" height=\"516\" srcset=\"https:\/\/www.lassebacklund.fi\/wp-content\/uploads\/2016\/10\/Karta-olga-2.jpg 1600w, https:\/\/www.lassebacklund.fi\/wp-content\/uploads\/2016\/10\/Karta-olga-2-300x225.jpg 300w, https:\/\/www.lassebacklund.fi\/wp-content\/uploads\/2016\/10\/Karta-olga-2-768x576.jpg 768w, https:\/\/www.lassebacklund.fi\/wp-content\/uploads\/2016\/10\/Karta-olga-2-1024x768.jpg 1024w\" sizes=\"auto, (max-width: 688px) 100vw, 688px\" \/><figcaption id=\"caption-attachment-1035\" class=\"wp-caption-text\">I det h\u00e4r torpet som stod p\u00e5 Lillsj\u00f6lidv\u00e4gen, som byggdes av Isak Hosioja f\u00f6ddes sonen Josef som sedan gifte sig med Amanda L\u00e5ng.<\/figcaption><\/figure>\n<p>Isakas Manda, allts\u00e5 Maria Amanda (f. L\u00e5ng 1889-1969) var dotter till Johan Henrik Lillsj\u00f6 (1847-1905) och Karolina Esaiasdotter (f.Korsb\u00e4ck 1851-1934) som var torpare f\u00f6rst i Lillsj\u00f6 och sedan p\u00e5 L\u00e5ng hemman. Josef och Amanda var s\u00e5ledes kusiner. Under \u00e5ren 1926-1946 vistades Josef i Vancouver i Canada och \u00e5r 1938 s\u00e5 s\u00e5lde Manda st\u00f6rre delen av Holm parcellen \u00e5t <a href=\"https:\/\/www.lassebacklund.fi\/?page_id=1838\">Arvid Lillkull.<\/a> Arvid k\u00f6pte 5 \u00e5kertegar i r\u00e5n mot <a href=\"https:\/\/www.lassebacklund.fi\/?page_id=1133\">Drag\u00e5s-Hilda Kaskim\u00e4kis<\/a> tomt och Amanda blev kvar med endast en lindbr\u00e4dd d\u00e4r hennes stuga stod. Arvids omr\u00e5de fick namnet Holmlund 5:131.<\/p>\n<p><strong>\u00c5r 1964, den 11 novembe<\/strong>r s\u00e5lde Arvid Lillkull dessa 5 \u00e5kertegar p\u00e5 Holmlund 5:131 \u00e5t grannen Martti och Anna-Liisa Malinen f\u00f6r 600 nymark. Malinen bodde d\u00e5 p\u00e5 granntomten, p\u00e5 <a href=\"https:\/\/www.lassebacklund.fi\/?page_id=1133\">Drag\u00e5s-Hildas tomt<\/a>.<\/p>\n<p>Under tiden Josef vistades i Canada s\u00e5 arbetade Manda en tid p\u00e5 M\u00f6rby g\u00e5rd utanf\u00f6r Eken\u00e4s. I ett brev fr\u00e5n \u00e5r 1941 s\u00e5 skrev Gunnar att Manda, trots sv\u00e5r giktv\u00e4rk i armarna m\u00e5ste arbeta h\u00e5rt i f\u00e4huset och med \u00f6vriga sysslor p\u00e5 den stora g\u00e5rden. Gunnar sj\u00e4lv var ocks\u00e5 sjuklig och beklagade sig att han inte blev frisk, trots v\u00e5rd p\u00e5 sjukhuset. \u00c5r 1941 s\u00e5 var det ju brist p\u00e5 alla varor, det \u00e4r bara salt, t\u00e4ndstickor och vatten som inte \u00e4r ransonerat, skrev Gunnar.<\/p>\n<p>Josef och Amanda fick endast den ena sonen, <strong>Gunnar Evald<\/strong> som var f\u00f6dd 1924 och dog i unga \u00e5r redan 1948. Namnet Hosioja \u00e4ndrade de till <strong>Bj\u00f6rkg\u00e5rd<\/strong> \u00e5r 1947 och namn\u00e4ndringen hann tr\u00e4da i kraft endast n\u00e5gra dagar innan Josef dog den 4 augusti. Josef som arbetade p\u00e5 Kristiinan Puu i Kristinestad hittades d\u00f6d i \u201dK\u00e5rkrian\u201d som stod p\u00e5 nuvarande sportplanen. N\u00e5got brott l\u00e5g inte bakom d\u00f6dsfallet. Efter d\u00f6dsfallet \u00f6vertogs det lilla huset av \u00e4nkan Manda Bj\u00f6rkg\u00e5rd.<\/p>\n<h3><strong>Leander Lund tar \u00f6ver<\/strong><\/h3>\n<p>Isakas Manda v\u00e5rdades de sista \u00e5ren p\u00e5 \u00c5ldersro och efter hennes d\u00f6d den 11 januari 1969 \u00f6vertogs hennes lilla tomt &#8221;Holm nr 5:132&#8221; och stuga av systersonen <a href=\"https:\/\/www.lassebacklund.fi\/?page_id=11334\">\u201dHaga\u201d Leander Lund<\/a>, som hade utf\u00f6rt arbete p\u00e5 hennes g\u00e5rd och d\u00e4rmed hade fordringar p\u00e5 henne. De andra arvingarna avstod d\u00e4rf\u00f6r fr\u00e5n allt arv och det kunde de gott g\u00f6ra f\u00f6r arvet bestod av den lilla stugan i mycket d\u00e5ligt skick, en v\u00e4ggklocka, lite kokk\u00e4rl och hennes g\u00e5ngkl\u00e4der.<\/p>\n<h3><strong>Martti Malinen tar \u00f6ver<\/strong><\/h3>\n<p><strong>\u00c5r 1988, den 4 juli<\/strong> s\u00e5lde Leander Lund stugan och tomten Holm f\u00f6r 3 000 mark \u00e5t grannen <a href=\"https:\/\/www.lassebacklund.fi\/?page_id=1133\">Martti Malinen<\/a>. Malinen odlade potatis p\u00e5 dessa sm\u00e5 l\u00e4genheter tills han s\u00e5lde dem b\u00e5da \u00e5t grannen Mikael Hoxell och han inf\u00f6rlivade b\u00e5da omr\u00e5dena med L\u00f6fgrens, vilket betyder att parcellen Holm har \u00e5terv\u00e4nt tillbaka till stoml\u00e4genheten. \u00c5r 2025 s\u00e5lde Hoxell omr\u00e5det \u00e5t Hemberg fr\u00e5n Palon.<\/p>\n<p>I dag syns ingenting av var Isakas Mandas lilla gr\u00e5a stuga hade st\u00e5tt i tiderna.<\/p>\n","protected":false},"excerpt":{"rendered":"<p>Uppgjort av Lasse Backlund \u00e5r 2016, med hj\u00e4lp av Inga-Lill Sandstr\u00f6m fr\u00e5n Vasa som \u00e4r f\u00f6dd Lillkull p\u00e5 A-sidon. Inga-Lills far Arvid var under en tid \u00e4gare till en del av denna parcell. Det var \u00e5r 1922 som &#8221;Isakas Josip <a class=\"more-link\" href=\"https:\/\/www.lassebacklund.fi\/?page_id=1037\">Forts\u00e4tt l\u00e4sa <span class=\"screen-reader-text\">  Isakas Mandas p\u00e5 Korsb\u00e4ckv\u00e4gen 64<\/span><span class=\"meta-nav\">&rarr;<\/span><\/a><\/p>\n","protected":false},"author":1,"featured_media":0,"parent":75,"menu_order":64,"comment_status":"closed","ping_status":"closed","template":"","meta":{"footnotes":""},"class_list":["post-1037","page","type-page","status-publish","hentry"],"_links":{"self":[{"href":"https:\/\/www.lassebacklund.fi\/index.php?rest_route=\/wp\/v2\/pages\/1037","targetHints":{"allow":["GET"]}}],"collection":[{"href":"https:\/\/www.lassebacklund.fi\/index.php?rest_route=\/wp\/v2\/pages"}],"about":[{"href":"https:\/\/www.lassebacklund.fi\/index.php?rest_route=\/wp\/v2\/types\/page"}],"author":[{"embeddable":true,"href":"https:\/\/www.lassebacklund.fi\/index.php?rest_route=\/wp\/v2\/users\/1"}],"replies":[{"embeddable":true,"href":"https:\/\/www.lassebacklund.fi\/index.php?rest_route=%2Fwp%2Fv2%2Fcomments&post=1037"}],"version-history":[{"count":23,"href":"https:\/\/www.lassebacklund.fi\/index.php?rest_route=\/wp\/v2\/pages\/1037\/revisions"}],"predecessor-version":[{"id":24211,"href":"https:\/\/www.lassebacklund.fi\/index.php?rest_route=\/wp\/v2\/pages\/1037\/revisions\/24211"}],"up":[{"embeddable":true,"href":"https:\/\/www.lassebacklund.fi\/index.php?rest_route=\/wp\/v2\/pages\/75"}],"wp:attachment":[{"href":"https:\/\/www.lassebacklund.fi\/index.php?rest_route=%2Fwp%2Fv2%2Fmedia&parent=1037"}],"curies":[{"name":"wp","href":"https:\/\/api.w.org\/{rel}","templated":true}]}}