{"id":10328,"date":"2018-11-04T22:28:22","date_gmt":"2018-11-04T21:28:22","guid":{"rendered":"http:\/\/www.lassebacklund.fi\/?page_id=10328"},"modified":"2018-11-04T23:38:31","modified_gmt":"2018-11-04T22:38:31","slug":"wadstroms-70-arsdag-ar-1931","status":"publish","type":"page","link":"https:\/\/www.lassebacklund.fi\/?page_id=10328","title":{"rendered":"Wadstr\u00f6ms 70-\u00e5rsdag \u00e5r 1931."},"content":{"rendered":"<p><span style=\"margin: 0px; font-family: 'Helvetica','sans-serif';\"><span style=\"color: #000000;\">Syd-\u00d6sterbotten 2.9.1931:<\/span><\/span><\/p>\n<p><span style=\"margin: 0px; font-family: 'Helvetica','sans-serif';\"><span style=\"color: #000000;\">70 \u00e5r fyller fredagen den 4 dennes f.d. bankdirekt\u00f6ren Johan Jakob Wadstr\u00f6m i Lappfj\u00e4rd. Trots att han var f\u00f6dd i Yttermark, har han dock i hela sitt liv varit verksam i Lappfj\u00e4rd. Efter att 1882 ha utdimitterats fr\u00e5n Nykarleby seminarium fick han samma \u00e5r tj\u00e4nst vid folkskolan i Dagsmark. Han kom snart att bli en framtr\u00e4dande person inom kommunen. S\u00e5lunda blev han 1889 ordf\u00f6rande och sekreterare f\u00f6r kommunalst\u00e4mman, p\u00e5 vilken post han kvarstod i 15 \u00e5r. \u00c5r 1915 invaldes han i kommunalfullm\u00e4ktige, vars ordf\u00f6rande och sekreterare han \u00e4r sedan 1919. \u00c4ven andra kommunala uppdrag anf\u00f6rtroddes honom, s\u00e5lunda har han varit f\u00f6rmyndarn\u00e4mndsordf\u00f6rande i 12 \u00e5r och vaccinat\u00f6r i 21 \u00e5r. \u00c5r 1919 flyttade han till kyrkbyn, d\u00e4r han blev direkt\u00f6r vid Unionsbankens kontor. Efter att i tv\u00e5 \u00e5r haft tj\u00e4nstledighet fr\u00e5n l\u00e4rartj\u00e4nsten i Dagsmark, tog han 1921 avsked fr\u00e5n denna tj\u00e4nst med full pension. Banktj\u00e4nsten sk\u00f6tte han \u00e4nda till innevarande sommar, d\u00e5 han vid fusionen med Helsingfors Aktiebank avgick.<\/span><\/span><\/p>\n<p><span style=\"margin: 0px; font-family: 'Helvetica','sans-serif';\"><span style=\"color: #000000;\">Ovanligt kry och vital f\u00f6r sina \u00e5r, \u00e5tnjuter jubilaren nu en v\u00e4lf\u00f6rtj\u00e4nt vila efter sitt of\u00f6rtrutna arbete. V\u00e5r varmaste lyck\u00f6nskan till v\u00e5r gamla medarbetare.<\/span><\/span><\/p>\n<p><span style=\"margin: 0px; color: #000080; font-family: 'Helvetica','sans-serif';\">Syd-\u00d6sterbotten 9.9.1931:<\/span><\/p>\n<p><span style=\"margin: 0px; font-family: 'Helvetica','sans-serif';\"><span style=\"color: #000000;\"><strong>Uppvaktning.<\/strong> Bankdirekt\u00f6r J. J. Wadstr\u00f6m, som den 4 september fyllde 70 \u00e5r, uppvaktades p\u00e5 bem\u00e4rkelsedagen av en m\u00e4ngd v\u00e4nner, som framf\u00f6rde lyck\u00f6nskningar och \u00f6verr\u00e4ckte blommor. P\u00e5 dagen \u00f6verl\u00e4mnade ortsborna genom en deputation till direkt\u00f6r Wadstr\u00f6m en vacker minnesg\u00e5va av silver. Klockan 5 p\u00e5 eftermiddagen var direkt\u00f6r Wadstr\u00f6m med fru inbjudna till kommunalg\u00e5rden, d\u00e4r kommunalfullm\u00e4ktige i helhet var samlat och kaffe serverades. Vid tillf\u00e4llet uttalade kommunaln\u00e4mndens ordf\u00f6rande Viktor Rosenstedt till direkt\u00f6r Wadstr\u00f6m kommunalfullm\u00e4ktiges lyck\u00f6nskan och tack f\u00f6r m\u00e5ng\u00e5rigt arbete i kommunens tj\u00e4nst, varj\u00e4mte fullm\u00e4ktige \u00f6verl\u00e4mnade en dyrbar g\u00e5va.<\/span><\/span><\/p>\n<p><span style=\"margin: 0px; font-family: 'Helvetica','sans-serif';\"><span style=\"color: #000000;\">Under dagens lopp framf\u00f6rde Korsb\u00e4ck skoldistrikt genom utsedda personer distriktets lyck\u00f6nskan och \u00f6verl\u00e4mnade g\u00e5vor. S\u00f6dra \u00d6sterbottens l\u00e4rarkrets framf\u00f6rde sin lyck\u00f6nskan genom l\u00e4rare Mattfolk.<\/span><\/span><\/p>\n<p><span style=\"margin: 0px; font-family: 'Helvetica','sans-serif';\"><span style=\"color: #000000;\">Prosten Rancken uttalade sin lyck\u00f6nskan och erinrade om direkt\u00f6r Wadstr\u00f6ms l\u00e5ngvariga arbete p\u00e5 orten, f\u00f6r vilket inte blott kommunen i sin helhet, utan s\u00e4rskilt Dagsmark by, d\u00e4r direkt\u00f6r Wadstr\u00f6m nedlagt sin manna\u00e5lders kraft, st\u00e5r i stor tacksamhetsskuld.<\/span><\/span><\/p>\n<figure id=\"attachment_10333\" aria-describedby=\"caption-attachment-10333\" style=\"width: 348px\" class=\"wp-caption alignnone\"><img loading=\"lazy\" decoding=\"async\" class=\"wp-image-10333 size-full\" src=\"http:\/\/www.lassebacklund.fi\/wp-content\/uploads\/2018\/11\/Wadstr\u00f6ms-tackannons-1931.jpg\" alt=\"\" width=\"348\" height=\"324\" srcset=\"https:\/\/www.lassebacklund.fi\/wp-content\/uploads\/2018\/11\/Wadstr\u00f6ms-tackannons-1931.jpg 348w, https:\/\/www.lassebacklund.fi\/wp-content\/uploads\/2018\/11\/Wadstr\u00f6ms-tackannons-1931-300x279.jpg 300w\" sizes=\"auto, (max-width: 348px) 100vw, 348px\" \/><figcaption id=\"caption-attachment-10333\" class=\"wp-caption-text\">Wadstr\u00f6m tackade i Syd-\u00d6sterbotten de som uppvaktade honom p\u00e5 f\u00f6delsedagen.<\/figcaption><\/figure>\n","protected":false},"excerpt":{"rendered":"<p>Syd-\u00d6sterbotten 2.9.1931: 70 \u00e5r fyller fredagen den 4 dennes f.d. bankdirekt\u00f6ren Johan Jakob Wadstr\u00f6m i Lappfj\u00e4rd. Trots att han var f\u00f6dd i Yttermark, har han dock i hela sitt liv varit verksam i Lappfj\u00e4rd. Efter att 1882 ha utdimitterats fr\u00e5n <a class=\"more-link\" href=\"https:\/\/www.lassebacklund.fi\/?page_id=10328\">Forts\u00e4tt l\u00e4sa <span class=\"screen-reader-text\">  Wadstr\u00f6ms 70-\u00e5rsdag \u00e5r 1931.<\/span><span class=\"meta-nav\">&rarr;<\/span><\/a><\/p>\n","protected":false},"author":1,"featured_media":0,"parent":781,"menu_order":0,"comment_status":"closed","ping_status":"closed","template":"","meta":{"footnotes":""},"class_list":["post-10328","page","type-page","status-publish","hentry"],"_links":{"self":[{"href":"https:\/\/www.lassebacklund.fi\/index.php?rest_route=\/wp\/v2\/pages\/10328","targetHints":{"allow":["GET"]}}],"collection":[{"href":"https:\/\/www.lassebacklund.fi\/index.php?rest_route=\/wp\/v2\/pages"}],"about":[{"href":"https:\/\/www.lassebacklund.fi\/index.php?rest_route=\/wp\/v2\/types\/page"}],"author":[{"embeddable":true,"href":"https:\/\/www.lassebacklund.fi\/index.php?rest_route=\/wp\/v2\/users\/1"}],"replies":[{"embeddable":true,"href":"https:\/\/www.lassebacklund.fi\/index.php?rest_route=%2Fwp%2Fv2%2Fcomments&post=10328"}],"version-history":[{"count":4,"href":"https:\/\/www.lassebacklund.fi\/index.php?rest_route=\/wp\/v2\/pages\/10328\/revisions"}],"predecessor-version":[{"id":10335,"href":"https:\/\/www.lassebacklund.fi\/index.php?rest_route=\/wp\/v2\/pages\/10328\/revisions\/10335"}],"up":[{"embeddable":true,"href":"https:\/\/www.lassebacklund.fi\/index.php?rest_route=\/wp\/v2\/pages\/781"}],"wp:attachment":[{"href":"https:\/\/www.lassebacklund.fi\/index.php?rest_route=%2Fwp%2Fv2%2Fmedia&parent=10328"}],"curies":[{"name":"wp","href":"https:\/\/api.w.org\/{rel}","templated":true}]}}