{"id":10315,"date":"2018-11-03T20:42:46","date_gmt":"2018-11-03T19:42:46","guid":{"rendered":"http:\/\/www.lassebacklund.fi\/?page_id=10315"},"modified":"2026-04-08T22:47:35","modified_gmt":"2026-04-08T19:47:35","slug":"hemmanet-sjogren-i-kvarna","status":"publish","type":"page","link":"https:\/\/www.lassebacklund.fi\/?page_id=10315","title":{"rendered":"Hemmanet Sj\u00f6gren p\u00e5 Rosenback i Kvarn\u00e5"},"content":{"rendered":"<p><strong><span style=\"color: #000080;\">Publicerat av Lasse Backlund \u00e5r 2018 med stor hj\u00e4lp av Inga-Lill Sandstr\u00f6m fr\u00e5n Vasa.<\/span><\/strong><\/p>\n<p>Rosenback-hemmanet Sj\u00f6gren 3:6 ligger l\u00e4ngst bort i Kvarn\u00e5, l\u00e4ngs gr\u00e4nsen till Lillsj\u00f6. Det var i slutet av 1700-talet som bondsonen <strong>Johan Gabrielsson Sebbas<\/strong> (1752-1798) flyttade fr\u00e5n Sebasbackan till det nya st\u00e4llet i Kvarn\u00e5.\u00a0 Johans mor Anna Sebbas var f\u00f6dd p\u00e5 Sebasbackan och hon var gift med en Gabriel Gabrielsson, som troligen inte var dagsmarkbo. Anna var dotter till bonden Matts Sebbas (1687-1764) och Valborg Andersdotter (1692-1783) som hade sitt hemman i n\u00e4rheten av nuvarande skolbyggnad. \u00c5r 1755 delades det hemmanet mellan Anna och hennes bror Henrik, medan deras syster Katarina gifte sig till Klockars i Lappfj\u00e4rd.<\/p>\n<p>Det var allts\u00e5 Annas och Gabriels son Johan Gabrielsson som var den f\u00f6rsta Rosenbackaren som flyttade till Kvarn\u00e5 och tog upp ett nytt hemman d\u00e4r. Han var f\u00f6rsta g\u00e5ngen gift med Caisa Storl\u00e5hls fr\u00e5n L\u00e5hlby och de fick en son Johan (1778-1804) som blev torpare i L\u00e5hlby. I det andra \u00e4ktenskapet med Maria Johansdotter Pellfolk fr\u00e5n Sideby fick de sonen Carl Henrik (f. 1793). Carl Henrik var endast 5 \u00e5r gammal d\u00e5 fadern dog och \u00e4nkan fortsatte att bo p\u00e5 hemmanet med barnen. Hemmanet d\u00e4remot togs \u00f6ver av Johan Gabrielssons kusin Jakob Klockars. Denne Jakob var gift med Margareta Helena Bj\u00f6rmans (1768-1843) och de hade s\u00f6nerna Erik Henrik (1795-1872), Johan (1799-1882) och Karl Gustav (1804-1871).<\/p>\n<p>De h\u00e4r 3 s\u00f6nerna tog senare \u00f6ver hemmanet men \u00e5r 1830 s\u00e5lde den mellersta sonen Johan sin hemmansdel \u00e5t Carl Henrik Rosenback (f.1793), allts\u00e5 han som bara var 5 \u00e5r d\u00e5 fadern dog. Carl Henrik hade innan dess varit torpare p\u00e5 hemmanet. Carl Henrik hade \u00e5r 1827 f\u00e5tt sonen Josef Carl Henriksson som sedan gifte sig med Vilhelmina Henriksdotter. \u00c5r 1865 f\u00f6ddes deras son Johan Josefsson Rosenback och han tog senare \u00f6ver hemmanet och f\u00f6r\u00e4ldrarna blev d\u00e5 sytningsfolk.<\/p>\n<h4><strong>Henrik och Anna Kajsa Sj\u00f6gren tar \u00f6ver 1898<\/strong><\/h4>\n<p><strong>\u00c5r 1898<\/strong> flyttade Johan Josefsson Rosenback till Juth i Lappfj\u00e4rd och sedan for han till Amerika. Han s\u00e5lde d\u00e5 hela sitt hemman Rosenback 1\/32 mtl \u00e5t Henrik och Anna Kajsa Lillkull, som senare tog namnet Sj\u00f6gren. Henrik Sj\u00f6gren var son till Johan Henrik (f\u00f6dd Kortesniemi) och Eva Agata S\u00f6derberg, och de hade tidigare bott p\u00e5 ett torp i Palon. Henrik och Anna Kajsa Sj\u00f6gren hade 4 barn och de 3 s\u00f6nerna Karl Henrik, Viktor och Erik Erland emigrerade till Amerika, det var bara dottern Hilda som stannade kvar i Finland. \u00a0Hilda (1890-1969) gifte sig sedan med <a href=\"https:\/\/www.lassebacklund.fi\/?page_id=11255\">\u201dMattas Viktor\u201d Grans och flyttade till Sebasbackan.<\/a><\/p>\n<h4><strong>Henrik och Greta tar \u00f6ver<\/strong><\/h4>\n<p><strong>\u00c5r 1899<\/strong> dog Anna Kajsa och \u00e4nklingen Henrik fick h\u00e4lften i giftor\u00e4tt medan de fyra barnen fick en \u00e5ttondedel var. Henrik gifte sedan om sig med Greta Johansdotter Korsb\u00e4ck (1856-1931). Greta, som kallades &#8221;Gret&#8221; var syster till Tresk Kalle, Tresk Erik, Anna Kajsa L\u00e5ngfors och n\u00e5gra till.<\/p>\n<p>Vid storskiftet 1900-1912 fick Henrik Sj\u00f6gren hela sitt hemman Sj\u00f6gren 3:6 p\u00e5 lite mer \u00e4n 30 hektar v\u00e4l samlat i ett enda skifte i Kvarn\u00e5.<\/p>\n<p><img loading=\"lazy\" decoding=\"async\" class=\"size-full wp-image-4073 aligncenter\" src=\"http:\/\/www.lassebacklund.fi\/wp-content\/uploads\/2017\/05\/6-Kvarnfors.jpg\" alt=\"\" width=\"1456\" height=\"809\" srcset=\"https:\/\/www.lassebacklund.fi\/wp-content\/uploads\/2017\/05\/6-Kvarnfors.jpg 1456w, https:\/\/www.lassebacklund.fi\/wp-content\/uploads\/2017\/05\/6-Kvarnfors-300x167.jpg 300w, https:\/\/www.lassebacklund.fi\/wp-content\/uploads\/2017\/05\/6-Kvarnfors-768x427.jpg 768w, https:\/\/www.lassebacklund.fi\/wp-content\/uploads\/2017\/05\/6-Kvarnfors-1024x569.jpg 1024w\" sizes=\"auto, (max-width: 1456px) 100vw, 1456px\" \/>G\u00e5rden d\u00e4r Henrik Sj\u00f6gren bodde med sin familj l\u00e5g p\u00e5 det st\u00e4lle d\u00e4r Emil Nyholms obebodda g\u00e5rd st\u00e5r i dag. Det var h\u00f6gst troligt den h\u00e4r bondg\u00e5rden som \u201dTresk Kalle\u201d i n\u00e5got skede flyttade till Westerbackas, d\u00e4r han sedan bodde s\u00e5 l\u00e4nge han levde. \u00c5r 1930 byggde ju Emil Nyholm en ny g\u00e5rd just p\u00e5 detta st\u00e4lle.<\/p>\n<p>Henrik Sj\u00f6gren dog \u00e5r 1907 och \u00e4nkan Greta fick halva hemmanet i giftor\u00e4tt medan Henriks barn fick den andra halvan som arv. F\u00f6ljande \u00e5r s\u00e5lde Henrik Sj\u00f6grens omyndiga barn sin arvedel, allts\u00e5 h\u00e4lften av hemmanet. Deras godeman, kusinen &#8221;K\u00e5rk Viktor&#8221; Eklund undertecknade k\u00f6pebrevet f\u00f6r barnens del.<\/p>\n<h4><strong>Viktor Rosenqvist och &#8221;Skogs Mina&#8221; tar \u00f6ver halva hemmanet<\/strong><\/h4>\n<p>Det var allts\u00e5 1908 som Henrik Sj\u00f6grens arvingar s\u00e5lde halva Sj\u00f6gren hemmanet p\u00e5 1\/64 dels mantal \u00e5t brorsonen Johan <u>Viktor<\/u> Rosenqvist eller Lillsj\u00f6 (f.1878) f\u00f6r 2 205 mark. Viktor var son till \u201dTresk Kalle\u201d allts\u00e5 Karl och Karolina Rosenqvist. Dessa hade ju \u00e5ret innan k\u00f6pt ett annat hemman i n\u00e4rheten. Viktor hade vistats i Amerika under \u00e5ren 1905 till 1908.<\/p>\n<p>Viktor Rosenqvist hade redan 1902 gift sig med \u00e4nkan Vilhelmina Lillsj\u00f6, som kallades \u201dSkogs Mina\u201d och de bodde i Lillsj\u00f6 mittemot Dahlroos gamla g\u00e5rd. \u00a0Vilhelmina hade en dotter Ida fr\u00e5n det tidigare \u00e4ktenskapet med Erik Lillsj\u00f6 och med Viktor fick hon dottern Amanda.\u00a0 Amanda (1903-1997) gifte sig sedan till H\u00e4rkmeri.<\/p>\n<h4><strong>&#8221;Tresk Kalle&#8221; tar \u00f6ver 1909<\/strong><\/h4>\n<p>\u00c5r 1909 for Viktor igen till Amerika, denna g\u00e5ng f\u00f6r gott. F\u00f6re han for s\u00e5 s\u00e5lde han hemmanet \u00e5t sin far \u201dTresk Kalle\u201d f\u00f6r 3 500 mark, p\u00e5 det villkoret att om han \u00e5terv\u00e4nder fr\u00e5n Amerika inom 5 \u00e5r s\u00e5 kan han k\u00f6pa det tillbaka f\u00f6r samma summa.<\/p>\n<h4><strong>&#8221;Dragholms Hindrik och Adelina&#8221; Norrgrann tar \u00f6ver 1915<\/strong><\/h4>\n<p>\u201dTresk Kalle\u201d innehade detta halva hemman till 1915 d\u00e5 han s\u00e5lde det \u00e5t sin dotter Adelina (1886-1964) som \u00e5r 1913 hade gift sig med Henrik Norrgrann (1890-1970) fr\u00e5n \u00d6mossa. De bodde i \u00d6mossa, men efter k\u00f6pet s\u00e5 flyttade de bondg\u00e5rden fr\u00e5n \u00d6mossa till Kvarn\u00e5 n\u00e4ra Dragholmen, d\u00e4r den fortfarande st\u00e5r.<\/p>\n<h4><strong>Broberg tar \u00f6ver Gretas halva hemman 1914 och s\u00e4ljer \u00e5t Viktor Nyholm<\/strong><\/h4>\n<p>Henrik Sj\u00f6grens \u00e4nka Greta, eller &#8221;Gret&#8221; som hon kallades, beh\u00f6ll ju halva hemmanet 1\/64 mtl men detta s\u00e5lde hon ca 1914 -1915 \u00e5t Erik Anders Broberg. Efter f\u00f6rs\u00e4ljningen flyttade Greta Sj\u00f6gren till Klemets\u00e4ndan, d\u00e4r hon bodde i en stuga n\u00e4ra sin storasyster Anna Kajsa (1854-1936) som bodde i Klemets\u00e4ndan. Anna Kajsa var \u00e4nka efter &#8221;Klemes Hindrik&#8221; Henrik L\u00e5ngfors, som dog \u00e5r 1916. Efter Gretas d\u00f6d s\u00e5lde &#8221;Mattas-Viktor&#8221; Grans hennes boningsstuga och bohag p\u00e5 auktion den 10 juli 1931.<\/p>\n<p><strong>\u00c5r 1915, den 21 juli<\/strong> s\u00e5lde Erik Anders och Maja Broberg denna 1\/64 del mtl stora hemmansdel \u00e5t \u201dTresk Kalle\u201d Rosenqvist och dennes m\u00e5g Viktor Nyholm, som var gift med dottern Maria. K\u00f6peskillingen utgjorde 5 000 mark, plus sytning \u00e5t Wilhelmina Henriksdotter Rosenback enligt kontraktet 1892. Karl Rosenqvist och Viktor Nyholm fick allts\u00e5 1\/128 dels mtl var av hemmanet Sj\u00f6gren och de fick den slutliga lagfarten \u00e5r 1917. I k\u00f6pet ingick all jord, skog, h\u00e4gnader, \u00e4ngslador och alla andra \u00e5byggnader.<\/p>\n<p><strong>\u00c5r 1919, den 7 februari<\/strong> s\u00e5lde Karl &#8221;Tresk Kalle&#8221; och Karolina Rosenkvist sin hemmansdel om 1\/128 dels mtl \u00e5t m\u00e5gen Emil Nybond (1885-1960) och hans hustru Amanda (1884-1965). K\u00f6peskillingen utgjorde 2 000 mark, plus sytning \u00e5t s\u00e4ljarna. I k\u00f6pet ingick inga byggnader f\u00f6rutom \u00e4ngsladorna och i k\u00f6pet ingick inte heller en betesmark i Drag\u00e5smossan.<\/p>\n<h3><strong>Resten av Rosenbacks hemman i Kvarn\u00e5.<\/strong><\/h3>\n<h5><strong>Johan Jakobssons br\u00f6der.<\/strong><\/h5>\n<p>Det var ju Jakob Klockars eller Finnes 3 s\u00f6ner som i slutet p\u00e5 1820-talet hade tagit \u00f6ver Rosenbacks hemman i Kvarn\u00e5 men den mellersta sonen Johan Jakobsson s\u00e5lde ju sin hemmansdel \u00e5r 1830. De tv\u00e5 andra br\u00f6derna fortsatte dock som b\u00f6nder p\u00e5 sina hemman:<\/p>\n<p>Den \u00e4ldre sonen <strong>Erik Henrik Finne eller Rosenback<\/strong> (1795-1872) blev ocks\u00e5 bonde i Kvarn\u00e5. Erik Henrik gifte sig \u00e5r 1823 med Margareta och fick dottern Anna Greta (1829-1909). Anna Greta gifte sig \u00e5r 1846 med Karl Fredrik Lilltr\u00e4sk, som tog namnet Rosenback d\u00e5 han blev m\u00e5g p\u00e5 hemmanet. De fick sonen Josef Karl Fredriksson Rosenback och det var hans g\u00e5rd och alla hus som brann ned 1901 i den stora branden. \u00c5r 1907 \u00f6vertogs det hemmanet av \u201dTresk-Kalle\u201d allts\u00e5 Karl Rosenqvist och hustrun Karolina fr\u00e5n Korsb\u00e4ck.\u00a0 Det hemmanet finns i dag ungef\u00e4r vid Westerbacks.<\/p>\n<figure id=\"attachment_4072\" aria-describedby=\"caption-attachment-4072\" style=\"width: 1309px\" class=\"wp-caption alignnone\"><img loading=\"lazy\" decoding=\"async\" class=\"wp-image-4072 size-full\" src=\"http:\/\/www.lassebacklund.fi\/wp-content\/uploads\/2017\/05\/5-Kvarnfors.jpg\" alt=\"\" width=\"1309\" height=\"626\" srcset=\"https:\/\/www.lassebacklund.fi\/wp-content\/uploads\/2017\/05\/5-Kvarnfors.jpg 1309w, https:\/\/www.lassebacklund.fi\/wp-content\/uploads\/2017\/05\/5-Kvarnfors-300x143.jpg 300w, https:\/\/www.lassebacklund.fi\/wp-content\/uploads\/2017\/05\/5-Kvarnfors-768x367.jpg 768w, https:\/\/www.lassebacklund.fi\/wp-content\/uploads\/2017\/05\/5-Kvarnfors-1024x490.jpg 1024w\" sizes=\"auto, (max-width: 1309px) 100vw, 1309px\" \/><figcaption id=\"caption-attachment-4072\" class=\"wp-caption-text\">1907 tog Tresk Kalle och Karolina \u00f6ver detta Kvarnfors hemman, som till st\u00f6rsta delen blev Westerbacks hemman.<\/figcaption><\/figure>\n<p>Den yngre sonen<strong> Karl Gustav Finne<\/strong> <strong>eller Rosenback<\/strong> (1804-1871) blev ocks\u00e5 bonde p\u00e5 ett hemman i Kvarn\u00e5. Han gifte sig \u00e5r 1834 med Maja Greta Lillkull och de fick sonen Gustav (1838-1884). Gustav gifte sig \u00e5r 1859 med Anna Maria Korsb\u00e4ck (1840-1896) och de fick flera barn, bland annat Anna Kajsa Rosenback (1864-1928), som kallades \u201dKv\u00e4\u00e4n\u00e5-Kajs\u201d. Tillsammans med sin man Viktor (f. Hannus 1859-1899) tog Kv\u00e4\u00e4n\u00e5-Kajs \u00f6ver g\u00e5rden och hemmanet. Viktor for till Amerika och dog d\u00e4r 1899 och tv\u00e5 \u00e5r senare brinner g\u00e5rden och alla uthus i den stora branden. Hennes hemman s\u00e5ldes sedan ut i tre delar och huset hon byggde efter branden fanns p\u00e5 det som sedan blev Nybond hemman.<\/p>\n<figure id=\"attachment_4071\" aria-describedby=\"caption-attachment-4071\" style=\"width: 1385px\" class=\"wp-caption alignnone\"><img loading=\"lazy\" decoding=\"async\" class=\"wp-image-4071 size-full\" src=\"http:\/\/www.lassebacklund.fi\/wp-content\/uploads\/2017\/05\/4-Kvarn\u00e5.jpg\" alt=\"\" width=\"1385\" height=\"418\" srcset=\"https:\/\/www.lassebacklund.fi\/wp-content\/uploads\/2017\/05\/4-Kvarn\u00e5.jpg 1385w, https:\/\/www.lassebacklund.fi\/wp-content\/uploads\/2017\/05\/4-Kvarn\u00e5-300x91.jpg 300w, https:\/\/www.lassebacklund.fi\/wp-content\/uploads\/2017\/05\/4-Kvarn\u00e5-768x232.jpg 768w, https:\/\/www.lassebacklund.fi\/wp-content\/uploads\/2017\/05\/4-Kvarn\u00e5-1024x309.jpg 1024w\" sizes=\"auto, (max-width: 1385px) 100vw, 1385px\" \/><figcaption id=\"caption-attachment-4071\" class=\"wp-caption-text\">Hemman 3:4 Kvarn\u00e5 \u00e4r det hemman som &#8221;Kv\u00e4\u00e4n\u00e5-Kajs&#8221; \u00e4gde.<\/figcaption><\/figure>\n<figure id=\"attachment_10324\" aria-describedby=\"caption-attachment-10324\" style=\"width: 942px\" class=\"wp-caption aligncenter\"><img loading=\"lazy\" decoding=\"async\" class=\"size-full wp-image-10324\" src=\"http:\/\/www.lassebacklund.fi\/wp-content\/uploads\/2018\/11\/Storskifteskarta-1700-tal.jpg\" alt=\"\" width=\"942\" height=\"1243\" srcset=\"https:\/\/www.lassebacklund.fi\/wp-content\/uploads\/2018\/11\/Storskifteskarta-1700-tal.jpg 942w, https:\/\/www.lassebacklund.fi\/wp-content\/uploads\/2018\/11\/Storskifteskarta-1700-tal-227x300.jpg 227w, https:\/\/www.lassebacklund.fi\/wp-content\/uploads\/2018\/11\/Storskifteskarta-1700-tal-768x1013.jpg 768w, https:\/\/www.lassebacklund.fi\/wp-content\/uploads\/2018\/11\/Storskifteskarta-1700-tal-776x1024.jpg 776w\" sizes=\"auto, (max-width: 942px) 100vw, 942px\" \/><figcaption id=\"caption-attachment-10324\" class=\"wp-caption-text\">I modern tid har det inte funnits n\u00e5gra kvarnar i Kvarn\u00e5 men p\u00e5 den gamla storskifteskartan fr\u00e5n slutet av 1700-talet, s\u00e5 ser vi att det i tiderna har funnits till och med tv\u00e5 kvarnar d\u00e4r. Enligt dammarna i Lill\u00e5n skulle de b\u00e5da kvarnarna ha funnits p\u00e5 den nord\u00f6stra sidan av \u00e5n.<\/figcaption><\/figure>\n","protected":false},"excerpt":{"rendered":"<p>Publicerat av Lasse Backlund \u00e5r 2018 med stor hj\u00e4lp av Inga-Lill Sandstr\u00f6m fr\u00e5n Vasa. Rosenback-hemmanet Sj\u00f6gren 3:6 ligger l\u00e4ngst bort i Kvarn\u00e5, l\u00e4ngs gr\u00e4nsen till Lillsj\u00f6. Det var i slutet av 1700-talet som bondsonen Johan Gabrielsson Sebbas (1752-1798) flyttade fr\u00e5n <a class=\"more-link\" href=\"https:\/\/www.lassebacklund.fi\/?page_id=10315\">Forts\u00e4tt l\u00e4sa <span class=\"screen-reader-text\">  Hemmanet Sj\u00f6gren p\u00e5 Rosenback i Kvarn\u00e5<\/span><span class=\"meta-nav\">&rarr;<\/span><\/a><\/p>\n","protected":false},"author":1,"featured_media":0,"parent":3935,"menu_order":0,"comment_status":"closed","ping_status":"closed","template":"","meta":{"footnotes":""},"class_list":["post-10315","page","type-page","status-publish","hentry"],"_links":{"self":[{"href":"https:\/\/www.lassebacklund.fi\/index.php?rest_route=\/wp\/v2\/pages\/10315","targetHints":{"allow":["GET"]}}],"collection":[{"href":"https:\/\/www.lassebacklund.fi\/index.php?rest_route=\/wp\/v2\/pages"}],"about":[{"href":"https:\/\/www.lassebacklund.fi\/index.php?rest_route=\/wp\/v2\/types\/page"}],"author":[{"embeddable":true,"href":"https:\/\/www.lassebacklund.fi\/index.php?rest_route=\/wp\/v2\/users\/1"}],"replies":[{"embeddable":true,"href":"https:\/\/www.lassebacklund.fi\/index.php?rest_route=%2Fwp%2Fv2%2Fcomments&post=10315"}],"version-history":[{"count":24,"href":"https:\/\/www.lassebacklund.fi\/index.php?rest_route=\/wp\/v2\/pages\/10315\/revisions"}],"predecessor-version":[{"id":25777,"href":"https:\/\/www.lassebacklund.fi\/index.php?rest_route=\/wp\/v2\/pages\/10315\/revisions\/25777"}],"up":[{"embeddable":true,"href":"https:\/\/www.lassebacklund.fi\/index.php?rest_route=\/wp\/v2\/pages\/3935"}],"wp:attachment":[{"href":"https:\/\/www.lassebacklund.fi\/index.php?rest_route=%2Fwp%2Fv2%2Fmedia&parent=10315"}],"curies":[{"name":"wp","href":"https:\/\/api.w.org\/{rel}","templated":true}]}}