{"id":1031,"date":"2016-10-11T22:16:05","date_gmt":"2016-10-11T20:16:05","guid":{"rendered":"http:\/\/www.lassebacklund.fi\/?page_id=1031"},"modified":"2026-03-13T09:24:10","modified_gmt":"2026-03-13T07:24:10","slug":"pelas-viktors-hemman-i-dagsmark","status":"publish","type":"page","link":"https:\/\/www.lassebacklund.fi\/?page_id=1031","title":{"rendered":"&#8221;Pelas Viktor&#8221; Lillkulls hemman i Dagsmark"},"content":{"rendered":"<p><span style=\"color: #000080;\"><strong>Uppgjort av Lasse Backlund i mars 2016, med hj\u00e4lp av Inga-Lill Sandstr\u00f6m<\/strong>.<\/span><\/p>\n<p>Med d\u00e5tida m\u00e5tt m\u00e4tt s\u00e5 \u00e4gde Viktor och Katarina Lillkull p\u00e5 Korsb\u00e4ckv\u00e4gen ett mycket stort hemman. Med den totala arealen p\u00e5 \u00f6ver 200 hektar \u00e5krar, \u00e4ngar och skog s\u00e5 var han den st\u00f6rsta bonden i Dagsmark. Av olika orsaker hamnade han p\u00e5 obest\u00e5nd och \u00e5r 1909 s\u00e5 s\u00e5lde han ut 3 omr\u00e5den:<\/p>\n<ol>\n<li>18 april 1909 s\u00e5 s\u00e5lde Viktor ett omr\u00e5de \u201dLindberg\u201d om ca 4 ha bakom Nylundas \u00e5t backstugusittaren Henrik \u201dHaga Hindrik\u201d Johansson L\u00e5ng och hans hustru Maria Andersdotter, som senare bytte sl\u00e4ktnamn till Lindberg. K\u00f6peskillingen utgjorde 1 800 mark och varje \u00e5r skulle parcell\u00e4garen betala ett arrende p\u00e5 8 mark \u00e5t Viktor. Omr\u00e5det fick nummer 5:16 och vill du l\u00e4sa mera om det, s\u00e5 klicka <a href=\"http:\/\/www.lassebacklund.fi\/?page_id=2196\"><strong><u>h\u00e4r<\/u><\/strong>.<\/a><\/li>\n<\/ol>\n<p><img loading=\"lazy\" decoding=\"async\" class=\" wp-image-1019 aligncenter\" src=\"http:\/\/www.lassebacklund.fi\/wp-content\/uploads\/2016\/10\/karta-1.jpg\" alt=\"karta 1\" width=\"589\" height=\"501\" \/><\/p>\n<p>&nbsp;<\/p>\n<ol start=\"2\">\n<li>29 oktober 1909 s\u00e5 s\u00e5lde Viktor ett omr\u00e5de \u201dK\u00f6ykk\u00e4\u201d om ca 2,3 ha \u00e5t Frans Johansson Hautaviita och hustrun Aina Sofia Johansdotter. Omr\u00e5det fick nummer 5:26 och \u00e4r bel\u00e4get i Haaroonkuja, p\u00e5 gr\u00e4nsen till B\u00f6tom.<\/li>\n<li>26 oktober 1909 s\u00e5 s\u00e5lde Viktor ett omr\u00e5de \u201dRanta\u201d om ca 2,3 ha \u00e5t Frans E. Andersson Pihlaja och Anna Stina Johansdotter och de s\u00e5lde det snabbt vidare \u00e5t f\u00f6rra bonden Johan Mickelsson Bj\u00f6rklund och hustrun Vilhelmina Magnusdotter. Omr\u00e5det fick nummer 5:25 och \u00e4r bel\u00e4get i Haaroonkuja, p\u00e5 gr\u00e4nsen till B\u00f6tom.<\/li>\n<\/ol>\n<p>\u00c5r 1910 emigrerade Viktor Lillkull till Amerika och han kom inte tillbaka, trots att familjen stannade i Dagsmark. Hustrun Katarina blev tvungen att s\u00e4lja resten av hemmanet \u00e5t Axel Lilltr\u00e4sk fr\u00e5n Lappfj\u00e4rd och k\u00f6pet genomf\u00f6rdes 25 april 1911. Priset var 10 000 mark plus sytningen \u00e5t Viktors f\u00f6r\u00e4ldrar Reinhold och Maja Lena, enligt det sytningskontrakt som var uppgjort i november 1896. Axel Lilltr\u00e4sk b\u00f6rjade genast s\u00e4lja ut hemmanet i mindre delar, bland annat de h\u00e4r:<\/p>\n<p>&nbsp;<\/p>\n<ol>\n<li>8 maj 1912 s\u00e5 s\u00e5lde Lilltr\u00e4sk ett omr\u00e5de \u201dS\u00f6derholm\u201d om ca 2 ha \u00e5t Axel Josefsson och Anna Kajsa S\u00f6derholm f\u00f6r 625 mark och det fick nummer 5:17 och \u00e4r bel\u00e4get n\u00e4ra Korsb\u00e4ckv\u00e4gen, norr om Ulla T\u00e5. P\u00e5 samma g\u00e5ng k\u00f6pte Axel Josefsson ocks\u00e5 omr\u00e5det \u201dVesterback\u201d om ca 0,4 ha f\u00f6r 90 mark, det fick nummer 5:18 och ligger \u00f6ster om<a href=\"http:\/\/www.lassebacklund.fi\/?page_id=2196\"> Haga-Hindrikas Lindberg.<\/a> Dessa omr\u00e5den togs sedan \u00f6ver av <a href=\"http:\/\/www.lassebacklund.fi\/?page_id=13410\">Viktor S\u00f6derqvist, sedan av Yngve S\u00f6derqvist,<\/a> sedan H\u00e5kan S\u00f6derqvist och efter hans d\u00f6d av r\u00e5grannen Hoxell.<\/li>\n<\/ol>\n<p><img loading=\"lazy\" decoding=\"async\" class=\" wp-image-1020 aligncenter\" src=\"http:\/\/www.lassebacklund.fi\/wp-content\/uploads\/2016\/10\/karta-2.jpg\" alt=\"karta 2\" width=\"661\" height=\"459\" \/><\/p>\n<p>&nbsp;<\/p>\n<ol start=\"2\">\n<li>16 maj 1911 s\u00e5 s\u00e5lde Axel Lilltr\u00e4sk ett omr\u00e5de \u201dHolm\u201d om ca 0,5 ha \u00e5t torpare\u00e4nkan Olga S\u00f6derholm och hon flyttade dit en g\u00e5rd fr\u00e5n Sunnantillv\u00e4gen. Tomten fick nummer 5:19 och l\u00e5g n\u00e4ra Korsb\u00e4ckv\u00e4gen, norr om M. Malinens nuvarande tomt. Vill du l\u00e4sa mera om detta, s\u00e5 klicka <a href=\"http:\/\/www.lassebacklund.fi\/?page_id=1037\"><strong><u>h\u00e4r<\/u><\/strong><\/a>!<\/li>\n<\/ol>\n<p><img loading=\"lazy\" decoding=\"async\" class=\" wp-image-1022 aligncenter\" src=\"http:\/\/www.lassebacklund.fi\/wp-content\/uploads\/2016\/10\/karta-4.jpg\" alt=\"karta 4\" width=\"646\" height=\"406\" \/><\/p>\n<p>&nbsp;<\/p>\n<ol start=\"3\">\n<li>19 maj 1911 s\u00e5 s\u00e5lde Axel Lilltr\u00e4sk ett omr\u00e5de \u201dEriksberg\u201d om ca 2 ha \u00e5t Erik Anders Broberg och hustrun Maria Henriksdotter. Det fick nummer 5:20 och ligger i Kvarn\u00e5 p\u00e5 Lill\u00e5ns v\u00e4stra strand, i \u00e4ndan av Ulla-T\u00e5. \u00c5r 1923 k\u00f6pte <a href=\"http:\/\/www.lassebacklund.fi\/?page_id=3261\">Josef och Ida Str\u00f6mberg<\/a> detta omr\u00e5de av Broberg och \u00e5r 1950 s\u00e5lde de Eriksberg vidare \u00e5t sin dotter Elvi och hennes man Elis \u00d6ist.<\/li>\n<\/ol>\n<p><img loading=\"lazy\" decoding=\"async\" class=\" wp-image-1023 aligncenter\" src=\"http:\/\/www.lassebacklund.fi\/wp-content\/uploads\/2016\/10\/karta-5.jpg\" alt=\"karta 5\" width=\"606\" height=\"467\" \/><\/p>\n<p>&nbsp;<\/p>\n<ol start=\"4\">\n<li>19 maj 1911 s\u00e5 s\u00e5lde Axel Lilltr\u00e4sk ett omr\u00e5de \u201dMarielund\u201d om ca 1,7 ha \u00e5t Josef Andersson Storkull och hustrun Maria Johansdotter. Det fick nummer 5:21 och ligger i Kvarn\u00e5 p\u00e5 Lill\u00e5ns v\u00e4stra strand. Vilhelmina Blomkvist f\u00f6rv\u00e4rvade Marielund och fick lagfart p\u00e5 omr\u00e5det 1923. Efter Vilhelminas d\u00f6d 1954 fick sonhustrun Heddi Blomkvist omr\u00e5det i arv enligt testamente.<\/li>\n<\/ol>\n<p><img loading=\"lazy\" decoding=\"async\" class=\" wp-image-1024 aligncenter\" src=\"http:\/\/www.lassebacklund.fi\/wp-content\/uploads\/2016\/10\/karta-6.jpg\" alt=\"karta 6\" width=\"618\" height=\"337\" \/><\/p>\n<p>&nbsp;<\/p>\n<ol start=\"5\">\n<li>6 augusti 1911 s\u00e5 s\u00e5lde Axel och Fanny Lilltr\u00e4sk ett omr\u00e5de \u201dViiala\u201d om 5 ha \u00e5t Aleksanteri Viiala (f.1878) fr\u00e5n Honkajoki. \u00c5r 1916 flyttade ocks\u00e5 Vilhelmina Viiala (f.1882) till detta omr\u00e5de. Enligt utredningar fr\u00e5n Honkajoki, s\u00e5 var de inte gifta. Omr\u00e5det fick nummer 5:22 och det ligger l\u00e4ngs Lill\u00e5n bakom Berg\u00e5sen mot Lillsj\u00f6h\u00e5llet, st\u00e4llet kallas f\u00f6r Kalax. I det k\u00f6pet ingick ocks\u00e5 Viktor Lillkulls mejeribyggnad, som flyttades upp till Viiala. Mejeribyggnaden som hade anv\u00e4nts som bostad revs p\u00e5 1970-talet. L\u00e4s mera om detta hemman, genom att klicka <a href=\"https:\/\/www.lassebacklund.fi\/?page_id=14982\"><span style=\"color: #000080;\"><strong>H\u00c4R!<\/strong><\/span><\/a><\/li>\n<\/ol>\n<p><img loading=\"lazy\" decoding=\"async\" class=\" wp-image-1025 aligncenter\" src=\"http:\/\/www.lassebacklund.fi\/wp-content\/uploads\/2016\/10\/karta-7.jpg\" alt=\"karta 7\" width=\"573\" height=\"473\" \/><\/p>\n<p>&nbsp;<\/p>\n<ol start=\"6\">\n<li>18 augusti 1912 s\u00e5 s\u00e5lde Axel Lilltr\u00e4sk ett omr\u00e5de \u201dLiselund\u201d om ca 1,5 ha \u00e5t mj\u00f6lnare\u00e4nkan Lisa Matilda Koskenkorva f\u00f6r 1,300 mk. Omr\u00e5det fick nummer 5:23 och ligger i Kvarn\u00e5 p\u00e5 Lill\u00e5ns v\u00e4stra strand och hon uppf\u00f6rde ett boningshus p\u00e5\u00a0 omr\u00e5det. Den 6 november s\u00e5lde \u00e4nkan Koskenkorva parcellen med g\u00e5rden \u00e5t Frans och Hilda Luoma f\u00f6r 1,450 mk. Den 5 april 1921 s\u00e5lde Frans och Hilda Luoma hela parcellen med g\u00e5rden \u00e5t Erik Anders Roseng\u00e5rd och Viktor L\u00e5ngkvist f\u00f6r 7,000 mk. Efter n\u00e5gra veckor den 25 april 1921 s\u00e5lde Roseng\u00e5rd och L\u00e5ngkvist alltsammans \u00e5t &#8221;Sanderas Mina&#8221;, allts\u00e5 Vilhelmina Viiala f\u00f6r 12,000 mk och hon bodde troligen d\u00e4r sj\u00e4lv. Den 11 februari 1922 s\u00e5lde Vilhelmina Viiala en tredjedel eller 0,5 ha nere vid \u00e5n \u00e5t Frans Viktor och Hilda Luoma f\u00f6r 1,000 mark och den 1 mars 1922 s\u00e5lde hon resten av parcellen \u00e5t bagaren Josef och Sofia Lillsj\u00f6 f\u00f6r 3,300 mark. I det sista k\u00f6pet n\u00e4mns ingen boningsbyggnad, s\u00e5 det \u00e4r fullt m\u00f6jligt att Vilhelmina Viiala hade s\u00e5lt den tidigare. <strong>\u00c5r 1929, den 15 januari<\/strong> s\u00e5lde bagaren Josef Lillsj\u00f6 l\u00e4genheten Liselund f\u00f6r 9 000 mark \u00e5t Evert och Selma Storkull. <strong>\u00c5r 1930, den 12 juli<\/strong> s\u00e5lde Evert och Selma Storkull l\u00e4genheten Liselund f\u00f6r 9 800 mark \u00e5t Frans och Amanda Lillsj\u00f6 och kanske de ocks\u00e5 bodde d\u00e4r en kort tid f\u00f6re de flyttade till By\u00e5sv\u00e4gen. <strong>\u00c5r 1965<\/strong> s\u00e5lde \u00e4nkan Amanda L\u00f6vdahl, tidigare Lillsj\u00f6 Liselund \u00e5t bonden Dick Hemberg och den \u00e4r fortfarande i den sl\u00e4ktens \u00e4go.<\/li>\n<\/ol>\n<p><img loading=\"lazy\" decoding=\"async\" class=\" wp-image-1026 aligncenter\" src=\"http:\/\/www.lassebacklund.fi\/wp-content\/uploads\/2016\/10\/karta-8.jpg\" alt=\"karta 8\" width=\"592\" height=\"413\" \/><\/p>\n<p>&nbsp;<\/p>\n<ol start=\"7\">\n<li>11 oktober 1911 s\u00e5 s\u00e5lde Axel Lilltr\u00e4sk ett omr\u00e5de \u201dTuomisto\u201d om ca 5 ha \u00e5t Johan Herman Kullas och Maria Adolfsdotter. Omr\u00e5det fick nr 5:24 och ligger i Haaroonkuja p\u00e5 gr\u00e4nsen till B\u00f6tom.<\/li>\n<\/ol>\n<p>&nbsp;<\/p>\n<ol start=\"8\">\n<li>\u00c5r 1912, den 12 december s\u00e5lde Axel Lilltr\u00e4sk ett omr\u00e5de \u201dLind\u201d om ca 1,4 ha \u00e5t <a href=\"http:\/\/www.lassebacklund.fi\/?page_id=2098\">Erik Johan Ekberg.<\/a> Omr\u00e5det fick nummer 5:27 och ligger v\u00e4ster om <a href=\"http:\/\/www.lassebacklund.fi\/?page_id=2196\">Haga-Hindrikas Lindberg.<\/a> \u00c5r 1968, den 14 september s\u00e5lde Erik Johan Ekbergs dotter Signe, som var gift med Leander Nyholm l\u00e4genheten Lind \u00e5t Yngve och Elin S\u00f6derqvist. L\u00e4genheten Lind \u00f6vertogs sedan av deras son H\u00e5kan S\u00f6derqvist och efter hans d\u00f6d s\u00e5lde d\u00f6dsboet l\u00e4genheten \u00e5t Gr\u00f6nlund.<\/li>\n<\/ol>\n<p><img loading=\"lazy\" decoding=\"async\" class=\" wp-image-1027 aligncenter\" src=\"http:\/\/www.lassebacklund.fi\/wp-content\/uploads\/2016\/10\/karta-9.jpg\" alt=\"karta 9\" width=\"627\" height=\"350\" \/><\/p>\n<p>&nbsp;<\/p>\n<ol start=\"9\">\n<li>\u00c5r 1913, den 31 mars s\u00e5lde Axel Lilltr\u00e4sk ett omr\u00e5de \u201dKaskim\u00e4ki\u201d om ca 1,5 ha \u00e5t &#8221;Drag\u00e5s Hildas&#8221; son, torparsonen Oskar Kaskim\u00e4ki f\u00f6r 1 200 mark. Omr\u00e5det fick nummer 5:28 och det ligger n\u00e4ra Korsb\u00e4ckv\u00e4gen. Vill du l\u00e4sa mera om detta, s\u00e5 klicka <a href=\"https:\/\/www.lassebacklund.fi\/?page_id=25326\"><strong><u>h\u00e4r<\/u><\/strong>!<\/a><\/li>\n<\/ol>\n<p><img loading=\"lazy\" decoding=\"async\" class=\" wp-image-1028 aligncenter\" src=\"http:\/\/www.lassebacklund.fi\/wp-content\/uploads\/2016\/10\/karta-10.jpg\" alt=\"karta 10\" width=\"610\" height=\"421\" \/><\/p>\n<p>&nbsp;<\/p>\n<ol start=\"10\">\n<li>\u00c5r 1911, 8 juli s\u00e5lde Axel Lilltr\u00e4sk ett omr\u00e5de \u201dMalarudden\u201d om ca 5 ha 2 700 mark \u00e5t Viktor Eriksson Bj\u00f6rs och hans hustru Henrika Josefsdotter, som fick nummer 5:29. Den 27. 2 1916 s\u00e5 s\u00e5lde Viktor Bj\u00f6rs h\u00e4lften av Malarudden f\u00f6r 1 500 mark \u00e5t torparem\u00e5gen Johan Santaniemi och hans hustru Adelina f. Fr\u00f6berg. Den andra halvan av Malarudden k\u00f6pte Emil och Hilma Sigg \u00e5r 1927 och de s\u00e5lde den halvan vidare \u00e5t Selim och Agnes Blomkvist den 3 juni 1929. Den 12 januari 1929 s\u00e5 s\u00e5lde Johans och Adelinas arvingar Gunnar och Bertel Santaniemi och deras halvsyster Selma Huhtala omr\u00e5det \u00e5t Selim och Agnes Blomkvist. Den andra halvan av Malarudden k\u00f6pte Emil och Hilma Sigg \u00e5r 1927 och de s\u00e5lde den halvan vidare \u00e5t Selim och Agnes Blomkvist den 3 juni 1929.<\/li>\n<\/ol>\n<p><img loading=\"lazy\" decoding=\"async\" class=\" wp-image-1029 aligncenter\" src=\"http:\/\/www.lassebacklund.fi\/wp-content\/uploads\/2016\/10\/karta-11.jpg\" alt=\"karta 11\" width=\"624\" height=\"352\" \/><\/p>\n<p>&nbsp;<\/p>\n<ol start=\"11\">\n<li>\u00c5r 1911, den 6 augusti s\u00e5lde Axel Lilltr\u00e4sk f\u00f6r 2 000 mark ett omr\u00e5de \u201dHenberg\u201d om n\u00e4rmare 14 ha \u00e5t <a href=\"http:\/\/www.lassebacklund.fi\/?page_id=15537\">Henrik och Ulrika Hemberg<\/a>. Omr\u00e5det som fick nummer 5:30 l\u00e5g p\u00e5 Lillsj\u00f6lidv\u00e4gen, mellan Berg\u00e5sen och Lillsj\u00f6. \u00c5r 1915, den 6 september s\u00e5lde Henrik och Ulrika Henberg omr\u00e5det vidare \u00e5t Johannes och Ida Granlund f\u00f6r 3 200 mark.<\/li>\n<\/ol>\n<p><img loading=\"lazy\" decoding=\"async\" class=\" wp-image-1030 aligncenter\" src=\"http:\/\/www.lassebacklund.fi\/wp-content\/uploads\/2016\/10\/karta-12.jpg\" alt=\"karta 12\" width=\"632\" height=\"408\" \/><\/p>\n<p>&nbsp;<\/p>\n<ol start=\"12\">\n<li>\u00c5r 1911, den 7 augusti s\u00e5lde Axel Lilltr\u00e4sk ett omr\u00e5de \u201dRanta\u201d p\u00e5 46 hektar f\u00f6r 750 mark \u00e5t Nestor Patokoski, senare Myllyl\u00e4 och hans hustru Elina Iisakintyt\u00e4r Omr\u00e5det ligger runt bron i Kornb\u00e4cken och det fick nummer 5:31. \u00c5r 1920, den 24 april s\u00e5lde avlidne Nestors arvingar och \u00e4nkan Elina ett omr\u00e5de p\u00e5 1,1 ha invid Rib\u00e4ckv\u00e4gen \u00e5t Arvo Anselm och Elina Riihiluoma f\u00f6r 700 mark. Omr\u00e5det fick namnet Koivum\u00e4ki 5:28.<\/li>\n<\/ol>\n<p><strong>\u00c5r 1913, den 25 september<\/strong> s\u00e5lde Axel Lilltr\u00e4sk resten av &#8221;Pelas Viktors&#8221; hemman \u00e5t \u201dHolmbergas Kalle\u201d allts\u00e5 Karl L\u00f6fgren f\u00f6r 5 000 mark, som en tid hade varit bonde p\u00e5 Luomas hemman i Palon. Det resterande hemmanet var hela 107 hektar stort och det fick namnet \u201dL\u00f6fgren\u201d. Hela hemmanet hade varit p\u00e5 170 hektar men Axel Lilltr\u00e4sk beh\u00f6ll en del av hemmanet, som l\u00e5g \u00e5t B\u00f6tomh\u00e5llet.<\/p>\n<p>Karl och Adelina L\u00f6fgren s\u00e5lde sedan ut 3 mindre delar av hemmanet i rask takt:<\/p>\n<p><strong>-9 oktober 1913<\/strong> s\u00e5lde de ett omr\u00e5de p\u00e5 3 hektar \u00e5t arbetaren Otto Josefsson Westberg och hustrun Amanda. L\u00e4genheten fick namnet &#8221;W\u00e4stb\u00e4rg&#8221; och Otto och Manda byggde sedan en g\u00e5rd d\u00e4r som fortfarande finns kvar. De bytte sedan namn till Hietaoja och fick en dotter Elin.<\/p>\n<p><strong>-14 april 1914<\/strong> s\u00e5lde de ett omr\u00e5de p\u00e5 1,7 hektar \u00e5t bonden Erland och Hulda Fagerroos, som redan den 25 april 1914 s\u00e5lde l\u00e4genheten vidare \u00e5t torparen Josef och Ida Koskinen. P\u00e5 l\u00e4genheten fanns fr\u00e5n tidigare en g\u00e5rd d\u00e4r Koskinen troligtvis ocks\u00e5 bodde en tid. Den 6 juni 1915 s\u00e5lde paret Koskinen l\u00e4genheten vidare \u00e5t Sofia Marttila. Vill du l\u00e4sa mera om denna &#8221;Marttila&#8221; l\u00e4genhet, s\u00e5 skall du klicka <a href=\"https:\/\/www.lassebacklund.fi\/?page_id=1079\"><span style=\"text-decoration: underline;\"><span style=\"color: #000080;\"><strong>H\u00c4R!<\/strong><\/span><\/span><\/a><\/p>\n<p><strong>-27 april 1914<\/strong> s\u00e5lde Karl ett omr\u00e5de p\u00e5 1,6 hektar \u00e5t arbetaren Konstantin Vidberg f\u00f6r 750 mark. Parcellen fick namnet &#8221;Widb\u00e4rg&#8221; och de byggde en g\u00e5rd p\u00e5 den. Parcellen ombildades till en sj\u00e4lvst\u00e4ndig l\u00e4genhet \u00e5r 1927 och fick d\u00e5 numret 5:46. Konstantin s\u00e5lde sedan l\u00e4genheten \u00e5t sin son Runar som sedan s\u00e5lde den \u00e5t <a href=\"http:\/\/www.lassebacklund.fi\/?page_id=11402\">Frans och Amanda L\u00f6vdahl<\/a>, som i sin tur s\u00e5lde l\u00e4genheten \u00e5t familjen <a href=\"http:\/\/www.lassebacklund.fi\/?page_id=2590\">Hemberg.<\/a><\/p>\n<p>Axel Lilltr\u00e4sk blev kvar med en del av hemmanet, d\u00e5 han s\u00e5lde st\u00f6rsta delen \u00e5t Holmbergas Kalle \u00e5r 1913 men denna del &#8221;\u00e5t B\u00f6tomh\u00e5llet, norr om Kl\u00e4ppan&#8221; s\u00e5lde han snabbt vidare:<\/p>\n<p><strong>\u00c5r 1914, den 5 april<\/strong> s\u00e5lde han ett st\u00f6rre omr\u00e5de \u00e5t bonden Frans Andersson Pihlaja och hans hustru Anna Stina. Pihlaja beh\u00f6ll inte detta omr\u00e5de s\u00e5 v\u00e4rst l\u00e4nge, f\u00f6r <strong>\u00e5r 1916, den 23 april<\/strong> s\u00e5lde han en parcell &#8221;Haaro&#8221; \u00e5t bonden Kalle Konstantin Riihiluoma och hustru Maria Adolfina f\u00f6r 5 000 mark. Det h\u00e4r omr\u00e5det som fick namnet Haaro 5:37 var p\u00e5 6,3 ha. <strong>\u00c5r 1914, den 5 april<\/strong> hade han s\u00e5lt en parcell &#8221;Koivisto&#8221; \u00e5t bondsonen Knut Viktor Koivisto f\u00f6r 1 300 mark. Omr\u00e5det var p\u00e5 3,5 ha och fick namnet Koivisto 5:38. <strong>I februari 1916<\/strong> s\u00e5lde Pihlaja ett litet omr\u00e5de \u00e5t arbetaren Gustaf Vuorinen och hans hustru Emma f\u00f6r 300 mark. Detta omr\u00e5de fick namnet Katajisto 5:39 och var 0,4 ha stort.<\/p>\n<p><strong>\u00c5r 1913, den 15 december<\/strong> s\u00e5lde Lilltr\u00e4sk ett omr\u00e5de f\u00f6r 300 mark \u00e5t sytningsmannen Ville R\u00f6nnb\u00e4ck. Omr\u00e5det var 2 ha stort och fick namnet Turva 5:40.<\/p>\n<p><strong>\u00c5r 1914, den 13 oktober<\/strong> s\u00e5lde Lilltr\u00e4sk tv\u00e5 omr\u00e5den \u00e5t s\u00e5g\u00e4garen Viktor Nylund. Det ena fick namnet Borgar\u00e4ngen 5:41 och var p\u00e5 7,2 ha och det andra var p\u00e5 9 ha och fick namnet Borgar\u00e4ngsmossen 5:42.<\/p>\n","protected":false},"excerpt":{"rendered":"<p>Uppgjort av Lasse Backlund i mars 2016, med hj\u00e4lp av Inga-Lill Sandstr\u00f6m. Med d\u00e5tida m\u00e5tt m\u00e4tt s\u00e5 \u00e4gde Viktor och Katarina Lillkull p\u00e5 Korsb\u00e4ckv\u00e4gen ett mycket stort hemman. Med den totala arealen p\u00e5 \u00f6ver 200 hektar \u00e5krar, \u00e4ngar och skog <a class=\"more-link\" href=\"https:\/\/www.lassebacklund.fi\/?page_id=1031\">Forts\u00e4tt l\u00e4sa <span class=\"screen-reader-text\">  &#8221;Pelas Viktor&#8221; Lillkulls hemman i Dagsmark<\/span><span class=\"meta-nav\">&rarr;<\/span><\/a><\/p>\n","protected":false},"author":1,"featured_media":0,"parent":980,"menu_order":0,"comment_status":"closed","ping_status":"closed","template":"","meta":{"footnotes":""},"class_list":["post-1031","page","type-page","status-publish","hentry"],"_links":{"self":[{"href":"https:\/\/www.lassebacklund.fi\/index.php?rest_route=\/wp\/v2\/pages\/1031","targetHints":{"allow":["GET"]}}],"collection":[{"href":"https:\/\/www.lassebacklund.fi\/index.php?rest_route=\/wp\/v2\/pages"}],"about":[{"href":"https:\/\/www.lassebacklund.fi\/index.php?rest_route=\/wp\/v2\/types\/page"}],"author":[{"embeddable":true,"href":"https:\/\/www.lassebacklund.fi\/index.php?rest_route=\/wp\/v2\/users\/1"}],"replies":[{"embeddable":true,"href":"https:\/\/www.lassebacklund.fi\/index.php?rest_route=%2Fwp%2Fv2%2Fcomments&post=1031"}],"version-history":[{"count":36,"href":"https:\/\/www.lassebacklund.fi\/index.php?rest_route=\/wp\/v2\/pages\/1031\/revisions"}],"predecessor-version":[{"id":25681,"href":"https:\/\/www.lassebacklund.fi\/index.php?rest_route=\/wp\/v2\/pages\/1031\/revisions\/25681"}],"up":[{"embeddable":true,"href":"https:\/\/www.lassebacklund.fi\/index.php?rest_route=\/wp\/v2\/pages\/980"}],"wp:attachment":[{"href":"https:\/\/www.lassebacklund.fi\/index.php?rest_route=%2Fwp%2Fv2%2Fmedia&parent=1031"}],"curies":[{"name":"wp","href":"https:\/\/api.w.org\/{rel}","templated":true}]}}