{"id":10224,"date":"2018-10-19T21:18:08","date_gmt":"2018-10-19T19:18:08","guid":{"rendered":"http:\/\/www.lassebacklund.fi\/?page_id=10224"},"modified":"2018-10-30T18:02:22","modified_gmt":"2018-10-30T17:02:22","slug":"andelsmejeriets-stamma-i-april-1932","status":"publish","type":"page","link":"https:\/\/www.lassebacklund.fi\/?page_id=10224","title":{"rendered":"Andelsmejeriets st\u00e4mma i april 1932."},"content":{"rendered":"<p><span style=\"margin: 0px; color: #000080; font-family: 'Helvetica','sans-serif';\">Artikel i Syd-\u00d6sterbotten 6 april 1932:<\/span><\/p>\n<p><span style=\"margin: 0px; font-family: 'Helvetica','sans-serif';\"><span style=\"color: #000000;\">Dagsmark andelsmejeri kallade till st\u00e4mma p\u00e5 ungdomshemmet den 30 mars 1932. Kung\u00f6relsen hade h\u00f6rsammats av ett 30-tal personer. Mejeriets st\u00e4mma \u00f6ppnades av Emil Backlund, vilken \u00e4ven uts\u00e5gs att leda dagens f\u00f6rhandlingar. Till protokollf\u00f6rare valdes Viktor Bj\u00f6rklund. Styrelsen och bokf\u00f6raren beviljades p\u00e5 f\u00f6rslag av revisorerna full och tacksam ansvarsfrihet.<\/span><\/span><\/p>\n<p><span style=\"margin: 0px; font-family: 'Helvetica','sans-serif';\"><span style=\"color: #000000;\">Av styrelsens \u00e5rsber\u00e4ttelse framgick att mejeriet under \u00e5r 1931 inv\u00e4gt 728,850 kg mj\u00f6lk med en medelfetthalt av 3,552 fettprocent, fjol\u00e5rets resultat var 680,378 kg, s\u00e5ledes har mj\u00f6lktillf\u00f6rseln under sistlidna \u00e5r \u00f6kats med 48.472 kg, vilket tyder p\u00e5 att allm\u00e4nheten allt mera b\u00f6rjar inse nyttan av det nya f\u00f6retaget.<\/span><\/span><\/p>\n<p><span style=\"margin: 0px; font-family: 'Helvetica','sans-serif';\"><span style=\"color: #000000;\">Av den mj\u00f6lk som inv\u00e4gts har tillverkats 30,984 kg sm\u00f6r, till 1 kg sm\u00f6r hade \u00e5tg\u00e5tt 23,55 kg mj\u00f6lk. Till mj\u00f6lkleverant\u00f6rerna har utbetalats 521,241 mark och medelpriset f\u00f6r \u00e5ret utg\u00f6r 70,6 penni per kg mot 83 penni \u00e5ret innan, vilket f\u00f6rorsakats av den svaga sm\u00f6rmarknaden i utlandet. Medelpriset p\u00e5 exportsm\u00f6r f\u00f6r \u00e5ret utgjorde 21,07 per kg mor 23,50 \u00e5ret innan.<\/span><\/span><\/p>\n<p><span style=\"margin: 0px; font-family: 'Helvetica','sans-serif';\"><span style=\"color: #000000;\">Genom centralsandelslaget Enighetens f\u00f6rmedling har till utlandet f\u00f6rs\u00e5lts 584 drittlar eller totalt 29,735 kg sm\u00f6r f\u00f6r 626,568 mark. Minuthandeln p\u00e5 mejeriet har inbringat 36,853 mark samt r\u00e4nteinkomster och annat 1,601 mark, totala inkomsten allts\u00e5 665,022 mark. Mejeriets skuld har under \u00e5rets avkortats med 25,000 mark, hela skulden \u00e4r nu allts\u00e5 286,000 mark.<\/span><\/span><\/p>\n<p><span style=\"margin: 0px; font-family: 'Helvetica','sans-serif';\"><span style=\"color: #000000;\">Efter en paus d\u00e4r mejeriet bj\u00f6d de n\u00e4rvarande p\u00e5 kaffe, fortsatte Andelskassans f\u00f6rhandlingar.<\/span><\/span><\/p>\n","protected":false},"excerpt":{"rendered":"<p>Artikel i Syd-\u00d6sterbotten 6 april 1932: Dagsmark andelsmejeri kallade till st\u00e4mma p\u00e5 ungdomshemmet den 30 mars 1932. Kung\u00f6relsen hade h\u00f6rsammats av ett 30-tal personer. Mejeriets st\u00e4mma \u00f6ppnades av Emil Backlund, vilken \u00e4ven uts\u00e5gs att leda dagens f\u00f6rhandlingar. Till protokollf\u00f6rare valdes <a class=\"more-link\" href=\"https:\/\/www.lassebacklund.fi\/?page_id=10224\">Forts\u00e4tt l\u00e4sa <span class=\"screen-reader-text\">  Andelsmejeriets st\u00e4mma i april 1932.<\/span><span class=\"meta-nav\">&rarr;<\/span><\/a><\/p>\n","protected":false},"author":1,"featured_media":0,"parent":1332,"menu_order":1932,"comment_status":"closed","ping_status":"closed","template":"","meta":{"footnotes":""},"class_list":["post-10224","page","type-page","status-publish","hentry"],"_links":{"self":[{"href":"https:\/\/www.lassebacklund.fi\/index.php?rest_route=\/wp\/v2\/pages\/10224","targetHints":{"allow":["GET"]}}],"collection":[{"href":"https:\/\/www.lassebacklund.fi\/index.php?rest_route=\/wp\/v2\/pages"}],"about":[{"href":"https:\/\/www.lassebacklund.fi\/index.php?rest_route=\/wp\/v2\/types\/page"}],"author":[{"embeddable":true,"href":"https:\/\/www.lassebacklund.fi\/index.php?rest_route=\/wp\/v2\/users\/1"}],"replies":[{"embeddable":true,"href":"https:\/\/www.lassebacklund.fi\/index.php?rest_route=%2Fwp%2Fv2%2Fcomments&post=10224"}],"version-history":[{"count":1,"href":"https:\/\/www.lassebacklund.fi\/index.php?rest_route=\/wp\/v2\/pages\/10224\/revisions"}],"predecessor-version":[{"id":10225,"href":"https:\/\/www.lassebacklund.fi\/index.php?rest_route=\/wp\/v2\/pages\/10224\/revisions\/10225"}],"up":[{"embeddable":true,"href":"https:\/\/www.lassebacklund.fi\/index.php?rest_route=\/wp\/v2\/pages\/1332"}],"wp:attachment":[{"href":"https:\/\/www.lassebacklund.fi\/index.php?rest_route=%2Fwp%2Fv2%2Fmedia&parent=10224"}],"curies":[{"name":"wp","href":"https:\/\/api.w.org\/{rel}","templated":true}]}}