{"id":10196,"date":"2018-10-19T16:40:33","date_gmt":"2018-10-19T14:40:33","guid":{"rendered":"http:\/\/www.lassebacklund.fi\/?page_id=10196"},"modified":"2024-04-25T10:27:44","modified_gmt":"2024-04-25T07:27:44","slug":"selims-foton-fran-ar-1966","status":"publish","type":"page","link":"https:\/\/www.lassebacklund.fi\/?page_id=10196","title":{"rendered":"Selims foton fr\u00e5n \u00e5r 1966."},"content":{"rendered":"<p><span style=\"display: inline !important; float: none; background-color: transparent; color: #373737; font-family: 'Helvetica Neue',Helvetica,Arial,sans-serif; font-size: 16px; font-style: normal; font-variant: normal; font-weight: 300; letter-spacing: normal; orphans: 2; text-align: left; text-decoration: none; text-indent: 0px; text-transform: none; -webkit-text-stroke-width: 0px; white-space: normal; word-spacing: 0px;\">H\u00e4r n\u00e5gra av folkskoll\u00e4raren Selim Bj\u00f6rses\u00b4 fotografier, som han tog \u00e5r 1966. Eric Stens har identifierat personerna och skrivit de flesta texter. Fotografierna \u00e4r fr\u00e5n Svenska Litteraturs\u00e4llskapets arkiv i Vasa.<\/span><\/p>\n<figure id=\"attachment_10209\" aria-describedby=\"caption-attachment-10209\" style=\"width: 1167px\" class=\"wp-caption aligncenter\"><img loading=\"lazy\" decoding=\"async\" class=\"size-full wp-image-10209\" src=\"http:\/\/www.lassebacklund.fi\/wp-content\/uploads\/2018\/10\/ota295_foto_0748.jpg\" alt=\"\" width=\"1167\" height=\"1138\" srcset=\"https:\/\/www.lassebacklund.fi\/wp-content\/uploads\/2018\/10\/ota295_foto_0748.jpg 1167w, https:\/\/www.lassebacklund.fi\/wp-content\/uploads\/2018\/10\/ota295_foto_0748-300x293.jpg 300w, https:\/\/www.lassebacklund.fi\/wp-content\/uploads\/2018\/10\/ota295_foto_0748-768x749.jpg 768w, https:\/\/www.lassebacklund.fi\/wp-content\/uploads\/2018\/10\/ota295_foto_0748-1024x999.jpg 1024w\" sizes=\"auto, (max-width: 1167px) 100vw, 1167px\" \/><figcaption id=\"caption-attachment-10209\" class=\"wp-caption-text\">Lappfj\u00e4rds spelmanslag \u00f6var inf\u00f6r invigningen av TV-masten p\u00e5 B\u00f6tombergen. L\u00e4ngst till v\u00e4nster Lars Lillhannus och l\u00e4ngst till h\u00f6ger Torsten Storhannus.<\/figcaption><\/figure>\n<figure id=\"attachment_10199\" aria-describedby=\"caption-attachment-10199\" style=\"width: 1177px\" class=\"wp-caption aligncenter\"><img loading=\"lazy\" decoding=\"async\" class=\"size-full wp-image-10199\" src=\"http:\/\/www.lassebacklund.fi\/wp-content\/uploads\/2018\/10\/ota295_foto_0738.jpg\" alt=\"\" width=\"1177\" height=\"1047\" srcset=\"https:\/\/www.lassebacklund.fi\/wp-content\/uploads\/2018\/10\/ota295_foto_0738.jpg 1177w, https:\/\/www.lassebacklund.fi\/wp-content\/uploads\/2018\/10\/ota295_foto_0738-300x267.jpg 300w, https:\/\/www.lassebacklund.fi\/wp-content\/uploads\/2018\/10\/ota295_foto_0738-768x683.jpg 768w, https:\/\/www.lassebacklund.fi\/wp-content\/uploads\/2018\/10\/ota295_foto_0738-1024x911.jpg 1024w\" sizes=\"auto, (max-width: 1177px) 100vw, 1177px\" \/><figcaption id=\"caption-attachment-10199\" class=\"wp-caption-text\">De inbjudna g\u00e4sterna k\u00f6rdes med bussar upp till B\u00f6tombergen, d\u00e4r det flaggades d\u00e5 den nya masten invigdes 13 februari 1966.<\/figcaption><\/figure>\n<figure id=\"attachment_10198\" aria-describedby=\"caption-attachment-10198\" style=\"width: 907px\" class=\"wp-caption aligncenter\"><img loading=\"lazy\" decoding=\"async\" class=\"size-full wp-image-10198\" src=\"http:\/\/www.lassebacklund.fi\/wp-content\/uploads\/2018\/10\/ota295_foto_0737.jpg\" alt=\"\" width=\"907\" height=\"583\" srcset=\"https:\/\/www.lassebacklund.fi\/wp-content\/uploads\/2018\/10\/ota295_foto_0737.jpg 907w, https:\/\/www.lassebacklund.fi\/wp-content\/uploads\/2018\/10\/ota295_foto_0737-300x193.jpg 300w, https:\/\/www.lassebacklund.fi\/wp-content\/uploads\/2018\/10\/ota295_foto_0737-768x494.jpg 768w\" sizes=\"auto, (max-width: 907px) 100vw, 907px\" \/><figcaption id=\"caption-attachment-10198\" class=\"wp-caption-text\">S\u00f6ndagen den 13 februari 1966 invigdes den nya TV-masten p\u00e5 B\u00f6tombergen. Festen f\u00f6rsiggick p\u00e5 lokalen i Lappfj\u00e4rd d\u00e4r marthorna bj\u00f6d p\u00e5 mat och kaffe<\/figcaption><\/figure>\n<figure id=\"attachment_10201\" aria-describedby=\"caption-attachment-10201\" style=\"width: 1172px\" class=\"wp-caption aligncenter\"><img loading=\"lazy\" decoding=\"async\" class=\"size-full wp-image-10201\" src=\"http:\/\/www.lassebacklund.fi\/wp-content\/uploads\/2018\/10\/ota295_foto_0740.jpg\" alt=\"\" width=\"1172\" height=\"1158\" srcset=\"https:\/\/www.lassebacklund.fi\/wp-content\/uploads\/2018\/10\/ota295_foto_0740.jpg 1172w, https:\/\/www.lassebacklund.fi\/wp-content\/uploads\/2018\/10\/ota295_foto_0740-300x296.jpg 300w, https:\/\/www.lassebacklund.fi\/wp-content\/uploads\/2018\/10\/ota295_foto_0740-768x759.jpg 768w, https:\/\/www.lassebacklund.fi\/wp-content\/uploads\/2018\/10\/ota295_foto_0740-1024x1012.jpg 1024w\" sizes=\"auto, (max-width: 1172px) 100vw, 1172px\" \/><figcaption id=\"caption-attachment-10201\" class=\"wp-caption-text\">Den 13 februari 1965 invigdes den nya b\u00f6tombergsmasten med en fest i ungdomslokalen. TV-kameran \u00e4r uppst\u00e4lld, s\u00e5 troligtvis f\u00f6revigades tillst\u00e4llningen och kanske det ocks\u00e5 visades n\u00e5gon snutt fr\u00e5n tillst\u00e4llningen i TV.<\/figcaption><\/figure>\n<figure id=\"attachment_10200\" aria-describedby=\"caption-attachment-10200\" style=\"width: 1175px\" class=\"wp-caption aligncenter\"><img loading=\"lazy\" decoding=\"async\" class=\"size-full wp-image-10200\" src=\"http:\/\/www.lassebacklund.fi\/wp-content\/uploads\/2018\/10\/ota295_foto_0739.jpg\" alt=\"\" width=\"1175\" height=\"675\" srcset=\"https:\/\/www.lassebacklund.fi\/wp-content\/uploads\/2018\/10\/ota295_foto_0739.jpg 1175w, https:\/\/www.lassebacklund.fi\/wp-content\/uploads\/2018\/10\/ota295_foto_0739-300x172.jpg 300w, https:\/\/www.lassebacklund.fi\/wp-content\/uploads\/2018\/10\/ota295_foto_0739-768x441.jpg 768w, https:\/\/www.lassebacklund.fi\/wp-content\/uploads\/2018\/10\/ota295_foto_0739-1024x588.jpg 1024w\" sizes=\"auto, (max-width: 1175px) 100vw, 1175px\" \/><figcaption id=\"caption-attachment-10200\" class=\"wp-caption-text\">P\u00e5 scenen stod en del av en Lappfj\u00e4rdsg\u00e5rd och i bakgrunden en kuliss d\u00e4r B\u00f6tombergen och den nya masten syns.<\/figcaption><\/figure>\n<figure id=\"attachment_10204\" aria-describedby=\"caption-attachment-10204\" style=\"width: 1200px\" class=\"wp-caption aligncenter\"><img loading=\"lazy\" decoding=\"async\" class=\"size-full wp-image-10204\" src=\"http:\/\/www.lassebacklund.fi\/wp-content\/uploads\/2018\/10\/ota295_foto_0743.jpg\" alt=\"\" width=\"1200\" height=\"809\" srcset=\"https:\/\/www.lassebacklund.fi\/wp-content\/uploads\/2018\/10\/ota295_foto_0743.jpg 1200w, https:\/\/www.lassebacklund.fi\/wp-content\/uploads\/2018\/10\/ota295_foto_0743-300x202.jpg 300w, https:\/\/www.lassebacklund.fi\/wp-content\/uploads\/2018\/10\/ota295_foto_0743-768x518.jpg 768w, https:\/\/www.lassebacklund.fi\/wp-content\/uploads\/2018\/10\/ota295_foto_0743-1024x690.jpg 1024w\" sizes=\"auto, (max-width: 1200px) 100vw, 1200px\" \/><figcaption id=\"caption-attachment-10204\" class=\"wp-caption-text\">Centralskolans direktion 1966, fr\u00e5n v\u00e4nster Svea Nyg\u00e5rd, Torsten Storhannus, Evert Ekman, Olof Holm, framme f\u00f6rest\u00e5ndaren Selim Bj\u00f6rses, bakom Jarl H\u00e4ggblom och l\u00e4ngst till h\u00f6ger Eskil Ingvesg\u00e5rd.<\/figcaption><\/figure>\n<figure id=\"attachment_10208\" aria-describedby=\"caption-attachment-10208\" style=\"width: 810px\" class=\"wp-caption aligncenter\"><img loading=\"lazy\" decoding=\"async\" class=\"wp-image-10208 size-full\" src=\"https:\/\/www.lassebacklund.fi\/wp-content\/uploads\/2018\/10\/ota295_foto_0747.jpg\" alt=\"\" width=\"810\" height=\"1200\" srcset=\"https:\/\/www.lassebacklund.fi\/wp-content\/uploads\/2018\/10\/ota295_foto_0747.jpg 810w, https:\/\/www.lassebacklund.fi\/wp-content\/uploads\/2018\/10\/ota295_foto_0747-203x300.jpg 203w, https:\/\/www.lassebacklund.fi\/wp-content\/uploads\/2018\/10\/ota295_foto_0747-768x1138.jpg 768w, https:\/\/www.lassebacklund.fi\/wp-content\/uploads\/2018\/10\/ota295_foto_0747-691x1024.jpg 691w\" sizes=\"auto, (max-width: 810px) 100vw, 810px\" \/><figcaption id=\"caption-attachment-10208\" class=\"wp-caption-text\">Efter den stora \u00f6versv\u00e4mningen 1965, s\u00e5 blev det br\u00e5ttom att f\u00e5 en muddring av \u00e5ns nedre lopp gjord. Sysslomannen \u00c5ke \u00c5lgars hade samlat fotografier och med dessa i portf\u00f6ljen bes\u00f6kte han Helsingfors, d\u00e4r tj\u00e4nstem\u00e4nnen genast var med p\u00e5 noterna. &#8221;Kan vi b\u00f6rja redan i morgon&#8221; l\u00e4r de ha fr\u00e5gat. I mars 1966 anl\u00e4nde s\u00e5 lantbruksministeriets stora gr\u00e4vmaskin till Lappfj\u00e4rd och den sattes genast i arbete.<\/figcaption><\/figure>\n<figure id=\"attachment_10207\" aria-describedby=\"caption-attachment-10207\" style=\"width: 1200px\" class=\"wp-caption aligncenter\"><img loading=\"lazy\" decoding=\"async\" class=\"wp-image-10207 size-full\" src=\"https:\/\/www.lassebacklund.fi\/wp-content\/uploads\/2018\/10\/ota295_foto_0746.jpg\" alt=\"\" width=\"1200\" height=\"807\" srcset=\"https:\/\/www.lassebacklund.fi\/wp-content\/uploads\/2018\/10\/ota295_foto_0746.jpg 1200w, https:\/\/www.lassebacklund.fi\/wp-content\/uploads\/2018\/10\/ota295_foto_0746-300x202.jpg 300w, https:\/\/www.lassebacklund.fi\/wp-content\/uploads\/2018\/10\/ota295_foto_0746-768x516.jpg 768w, https:\/\/www.lassebacklund.fi\/wp-content\/uploads\/2018\/10\/ota295_foto_0746-1024x689.jpg 1024w\" sizes=\"auto, (max-width: 1200px) 100vw, 1200px\" \/><figcaption id=\"caption-attachment-10207\" class=\"wp-caption-text\">Muddringen utf\u00f6rdes med en 54-tons Ruston-Bycurus gr\u00e4vmaskin med en sl\u00e4ngskopa som v\u00e4gde 2 500 kg. Maskinen hade en r\u00e4ckvidd p\u00e5 37 meter. Sysslomannnen \u00c5ke \u00c5lgars lovade under arbetets g\u00e5ng att inom n\u00e5gra \u00e5r s\u00e5 kommer det att g\u00e5 att k\u00f6ra med motorb\u00e5t fr\u00e5n havet \u00e4nda upp till Sandgrunds s\u00e5g.<\/figcaption><\/figure>\n<figure id=\"attachment_10206\" aria-describedby=\"caption-attachment-10206\" style=\"width: 805px\" class=\"wp-caption aligncenter\"><img loading=\"lazy\" decoding=\"async\" class=\"size-full wp-image-10206\" src=\"http:\/\/www.lassebacklund.fi\/wp-content\/uploads\/2018\/10\/ota295_foto_0745.jpg\" alt=\"\" width=\"805\" height=\"1031\" srcset=\"https:\/\/www.lassebacklund.fi\/wp-content\/uploads\/2018\/10\/ota295_foto_0745.jpg 805w, https:\/\/www.lassebacklund.fi\/wp-content\/uploads\/2018\/10\/ota295_foto_0745-234x300.jpg 234w, https:\/\/www.lassebacklund.fi\/wp-content\/uploads\/2018\/10\/ota295_foto_0745-768x984.jpg 768w, https:\/\/www.lassebacklund.fi\/wp-content\/uploads\/2018\/10\/ota295_foto_0745-800x1024.jpg 800w\" sizes=\"auto, (max-width: 805px) 100vw, 805px\" \/><figcaption id=\"caption-attachment-10206\" class=\"wp-caption-text\">Eftersom den stora gr\u00e4vmaskinen ofta r\u00f6rde sig p\u00e5 l\u00f6s mark, s\u00e5 byggdes det en b\u00e4dd av virke som den kunde k\u00f6ra p\u00e5.<\/figcaption><\/figure>\n<figure id=\"attachment_10205\" aria-describedby=\"caption-attachment-10205\" style=\"width: 1200px\" class=\"wp-caption aligncenter\"><img loading=\"lazy\" decoding=\"async\" class=\"size-full wp-image-10205\" src=\"http:\/\/www.lassebacklund.fi\/wp-content\/uploads\/2018\/10\/ota295_foto_0744.jpg\" alt=\"\" width=\"1200\" height=\"803\" srcset=\"https:\/\/www.lassebacklund.fi\/wp-content\/uploads\/2018\/10\/ota295_foto_0744.jpg 1200w, https:\/\/www.lassebacklund.fi\/wp-content\/uploads\/2018\/10\/ota295_foto_0744-300x201.jpg 300w, https:\/\/www.lassebacklund.fi\/wp-content\/uploads\/2018\/10\/ota295_foto_0744-768x514.jpg 768w, https:\/\/www.lassebacklund.fi\/wp-content\/uploads\/2018\/10\/ota295_foto_0744-1024x685.jpg 1024w\" sizes=\"auto, (max-width: 1200px) 100vw, 1200px\" \/><figcaption id=\"caption-attachment-10205\" class=\"wp-caption-text\">S\u00e5 h\u00e4r s\u00e5g det ut efter spr\u00e4ngningen och rensningen av Lappfj\u00e4rds \u00e5 1966. Av massorna byggdes det \u00f6versv\u00e4mningsvallar och ovanp\u00e5 dessa byggdes det sedan v\u00e4gar.<\/figcaption><\/figure>\n<figure id=\"attachment_10212\" aria-describedby=\"caption-attachment-10212\" style=\"width: 1200px\" class=\"wp-caption aligncenter\"><img loading=\"lazy\" decoding=\"async\" class=\"size-full wp-image-10212\" src=\"http:\/\/www.lassebacklund.fi\/wp-content\/uploads\/2018\/10\/ota295_foto_0751.jpg\" alt=\"\" width=\"1200\" height=\"807\" srcset=\"https:\/\/www.lassebacklund.fi\/wp-content\/uploads\/2018\/10\/ota295_foto_0751.jpg 1200w, https:\/\/www.lassebacklund.fi\/wp-content\/uploads\/2018\/10\/ota295_foto_0751-300x202.jpg 300w, https:\/\/www.lassebacklund.fi\/wp-content\/uploads\/2018\/10\/ota295_foto_0751-768x516.jpg 768w, https:\/\/www.lassebacklund.fi\/wp-content\/uploads\/2018\/10\/ota295_foto_0751-1024x689.jpg 1024w\" sizes=\"auto, (max-width: 1200px) 100vw, 1200px\" \/><figcaption id=\"caption-attachment-10212\" class=\"wp-caption-text\">Det h\u00e4r modellen av g\u00e4rdesg\u00e5rd var mycket vanlig i Lappfj\u00e4rdstrakten. I slutet p\u00e5 1920-talet f\u00f6rbj\u00f6d kommunen b\u00f6nderna att bygga g\u00e4rdsg\u00e5rdar l\u00e4ngs med de allm\u00e4nna v\u00e4garna, eftersom de samlade drivsn\u00f6 om vintrarna. De f\u00f6rorsakade extra mycket arbete f\u00f6r de som sk\u00f6tte om vinterunderh\u00e5llet, d\u00e5 stora m\u00e4ngder sn\u00f6 samlades framf\u00f6r g\u00e4rdsg\u00e5rdarna.<\/figcaption><\/figure>\n<figure id=\"attachment_10211\" aria-describedby=\"caption-attachment-10211\" style=\"width: 1200px\" class=\"wp-caption aligncenter\"><img loading=\"lazy\" decoding=\"async\" class=\"size-full wp-image-10211\" src=\"http:\/\/www.lassebacklund.fi\/wp-content\/uploads\/2018\/10\/ota295_foto_0750.jpg\" alt=\"\" width=\"1200\" height=\"810\" srcset=\"https:\/\/www.lassebacklund.fi\/wp-content\/uploads\/2018\/10\/ota295_foto_0750.jpg 1200w, https:\/\/www.lassebacklund.fi\/wp-content\/uploads\/2018\/10\/ota295_foto_0750-300x203.jpg 300w, https:\/\/www.lassebacklund.fi\/wp-content\/uploads\/2018\/10\/ota295_foto_0750-768x518.jpg 768w, https:\/\/www.lassebacklund.fi\/wp-content\/uploads\/2018\/10\/ota295_foto_0750-1024x691.jpg 1024w\" sizes=\"auto, (max-width: 1200px) 100vw, 1200px\" \/><figcaption id=\"caption-attachment-10211\" class=\"wp-caption-text\">Den h\u00e4r enklare och glesare modellen p\u00e5 g\u00e4rdsg\u00e5rdar anv\u00e4nder fr\u00e4mst f\u00f6r h\u00e4star och kor. Den kallades &#8221;stangag\u00e5l&#8221; och till den \u00e5tgick det betydligt mindre virke \u00e4n den traditionella modellen.<\/figcaption><\/figure>\n<figure id=\"attachment_10210\" aria-describedby=\"caption-attachment-10210\" style=\"width: 1153px\" class=\"wp-caption aligncenter\"><img loading=\"lazy\" decoding=\"async\" class=\"size-full wp-image-10210\" src=\"http:\/\/www.lassebacklund.fi\/wp-content\/uploads\/2018\/10\/ota295_foto_0749.jpg\" alt=\"\" width=\"1153\" height=\"780\" srcset=\"https:\/\/www.lassebacklund.fi\/wp-content\/uploads\/2018\/10\/ota295_foto_0749.jpg 1153w, https:\/\/www.lassebacklund.fi\/wp-content\/uploads\/2018\/10\/ota295_foto_0749-300x203.jpg 300w, https:\/\/www.lassebacklund.fi\/wp-content\/uploads\/2018\/10\/ota295_foto_0749-768x520.jpg 768w, https:\/\/www.lassebacklund.fi\/wp-content\/uploads\/2018\/10\/ota295_foto_0749-1024x693.jpg 1024w\" sizes=\"auto, (max-width: 1153px) 100vw, 1153px\" \/><figcaption id=\"caption-attachment-10210\" class=\"wp-caption-text\">&#8221;Nymanas-Selim&#8221; R\u00f6nnlund fr\u00e5n Lillsj\u00f6 i Dagsmark var i tiderna en duktig byggare av g\u00e4rdesg\u00e5rdar.<\/figcaption><\/figure>\n<figure id=\"attachment_10216\" aria-describedby=\"caption-attachment-10216\" style=\"width: 1200px\" class=\"wp-caption aligncenter\"><img loading=\"lazy\" decoding=\"async\" class=\"size-full wp-image-10216\" src=\"http:\/\/www.lassebacklund.fi\/wp-content\/uploads\/2018\/10\/ota295_foto_0755.jpg\" alt=\"\" width=\"1200\" height=\"804\" srcset=\"https:\/\/www.lassebacklund.fi\/wp-content\/uploads\/2018\/10\/ota295_foto_0755.jpg 1200w, https:\/\/www.lassebacklund.fi\/wp-content\/uploads\/2018\/10\/ota295_foto_0755-300x201.jpg 300w, https:\/\/www.lassebacklund.fi\/wp-content\/uploads\/2018\/10\/ota295_foto_0755-768x515.jpg 768w, https:\/\/www.lassebacklund.fi\/wp-content\/uploads\/2018\/10\/ota295_foto_0755-1024x686.jpg 1024w\" sizes=\"auto, (max-width: 1200px) 100vw, 1200px\" \/><figcaption id=\"caption-attachment-10216\" class=\"wp-caption-text\">L\u00e4raren Artur Rosengren med ett av barnbarnen framf\u00f6r skolan i Tr\u00e4skvik.<\/figcaption><\/figure>\n<figure id=\"attachment_10215\" aria-describedby=\"caption-attachment-10215\" style=\"width: 1200px\" class=\"wp-caption aligncenter\"><img loading=\"lazy\" decoding=\"async\" class=\"size-full wp-image-10215\" src=\"http:\/\/www.lassebacklund.fi\/wp-content\/uploads\/2018\/10\/ota295_foto_0754.jpg\" alt=\"\" width=\"1200\" height=\"805\" srcset=\"https:\/\/www.lassebacklund.fi\/wp-content\/uploads\/2018\/10\/ota295_foto_0754.jpg 1200w, https:\/\/www.lassebacklund.fi\/wp-content\/uploads\/2018\/10\/ota295_foto_0754-300x201.jpg 300w, https:\/\/www.lassebacklund.fi\/wp-content\/uploads\/2018\/10\/ota295_foto_0754-768x515.jpg 768w, https:\/\/www.lassebacklund.fi\/wp-content\/uploads\/2018\/10\/ota295_foto_0754-1024x687.jpg 1024w\" sizes=\"auto, (max-width: 1200px) 100vw, 1200px\" \/><figcaption id=\"caption-attachment-10215\" class=\"wp-caption-text\">Tr\u00e4skvik skola byggdes i tiderna p\u00e5 Sindersj\u00f6ns strand, h\u00e4r l\u00e4raren Artur Rosengren med barnbarn i famnen.<\/figcaption><\/figure>\n<figure id=\"attachment_10214\" aria-describedby=\"caption-attachment-10214\" style=\"width: 1200px\" class=\"wp-caption aligncenter\"><img loading=\"lazy\" decoding=\"async\" class=\"size-full wp-image-10214\" src=\"http:\/\/www.lassebacklund.fi\/wp-content\/uploads\/2018\/10\/ota295_foto_0753.jpg\" alt=\"\" width=\"1200\" height=\"805\" srcset=\"https:\/\/www.lassebacklund.fi\/wp-content\/uploads\/2018\/10\/ota295_foto_0753.jpg 1200w, https:\/\/www.lassebacklund.fi\/wp-content\/uploads\/2018\/10\/ota295_foto_0753-300x201.jpg 300w, https:\/\/www.lassebacklund.fi\/wp-content\/uploads\/2018\/10\/ota295_foto_0753-768x515.jpg 768w, https:\/\/www.lassebacklund.fi\/wp-content\/uploads\/2018\/10\/ota295_foto_0753-1024x687.jpg 1024w\" sizes=\"auto, (max-width: 1200px) 100vw, 1200px\" \/><figcaption id=\"caption-attachment-10214\" class=\"wp-caption-text\">S\u00e5g\u00e4garen Viktor Nylund fr\u00e5n Dagsmark byggde folkskolan i Uttermossa \u00e5r 1915.<\/figcaption><\/figure>\n<figure id=\"attachment_10213\" aria-describedby=\"caption-attachment-10213\" style=\"width: 1200px\" class=\"wp-caption aligncenter\"><img loading=\"lazy\" decoding=\"async\" class=\"size-full wp-image-10213\" src=\"http:\/\/www.lassebacklund.fi\/wp-content\/uploads\/2018\/10\/ota295_foto_0752.jpg\" alt=\"\" width=\"1200\" height=\"809\" srcset=\"https:\/\/www.lassebacklund.fi\/wp-content\/uploads\/2018\/10\/ota295_foto_0752.jpg 1200w, https:\/\/www.lassebacklund.fi\/wp-content\/uploads\/2018\/10\/ota295_foto_0752-300x202.jpg 300w, https:\/\/www.lassebacklund.fi\/wp-content\/uploads\/2018\/10\/ota295_foto_0752-768x518.jpg 768w, https:\/\/www.lassebacklund.fi\/wp-content\/uploads\/2018\/10\/ota295_foto_0752-1024x690.jpg 1024w\" sizes=\"auto, (max-width: 1200px) 100vw, 1200px\" \/><figcaption id=\"caption-attachment-10213\" class=\"wp-caption-text\">G\u00e5rdsplanen vid Uttermossa folkskola.<\/figcaption><\/figure>\n<p>Om du vill flera foton av Selim Bj\u00f6rses, s\u00e5 m\u00e5ste g\u00e5\u00a0 tillbaka till 1920-talet, genom att klicka <a href=\"https:\/\/www.lassebacklund.fi\/?page_id=4552\"><span style=\"color: #000080;\"><strong>H\u00c4R!<\/strong><\/span><\/a><\/p>\n","protected":false},"excerpt":{"rendered":"<p>H\u00e4r n\u00e5gra av folkskoll\u00e4raren Selim Bj\u00f6rses\u00b4 fotografier, som han tog \u00e5r 1966. Eric Stens har identifierat personerna och skrivit de flesta texter. Fotografierna \u00e4r fr\u00e5n Svenska Litteraturs\u00e4llskapets arkiv i Vasa. Om du vill flera foton av Selim Bj\u00f6rses, s\u00e5 m\u00e5ste <a class=\"more-link\" href=\"https:\/\/www.lassebacklund.fi\/?page_id=10196\">Forts\u00e4tt l\u00e4sa <span class=\"screen-reader-text\">  Selims foton fr\u00e5n \u00e5r 1966.<\/span><span class=\"meta-nav\">&rarr;<\/span><\/a><\/p>\n","protected":false},"author":1,"featured_media":0,"parent":4555,"menu_order":1966,"comment_status":"closed","ping_status":"closed","template":"","meta":{"footnotes":""},"class_list":["post-10196","page","type-page","status-publish","hentry"],"_links":{"self":[{"href":"https:\/\/www.lassebacklund.fi\/index.php?rest_route=\/wp\/v2\/pages\/10196","targetHints":{"allow":["GET"]}}],"collection":[{"href":"https:\/\/www.lassebacklund.fi\/index.php?rest_route=\/wp\/v2\/pages"}],"about":[{"href":"https:\/\/www.lassebacklund.fi\/index.php?rest_route=\/wp\/v2\/types\/page"}],"author":[{"embeddable":true,"href":"https:\/\/www.lassebacklund.fi\/index.php?rest_route=\/wp\/v2\/users\/1"}],"replies":[{"embeddable":true,"href":"https:\/\/www.lassebacklund.fi\/index.php?rest_route=%2Fwp%2Fv2%2Fcomments&post=10196"}],"version-history":[{"count":6,"href":"https:\/\/www.lassebacklund.fi\/index.php?rest_route=\/wp\/v2\/pages\/10196\/revisions"}],"predecessor-version":[{"id":22786,"href":"https:\/\/www.lassebacklund.fi\/index.php?rest_route=\/wp\/v2\/pages\/10196\/revisions\/22786"}],"up":[{"embeddable":true,"href":"https:\/\/www.lassebacklund.fi\/index.php?rest_route=\/wp\/v2\/pages\/4555"}],"wp:attachment":[{"href":"https:\/\/www.lassebacklund.fi\/index.php?rest_route=%2Fwp%2Fv2%2Fmedia&parent=10196"}],"curies":[{"name":"wp","href":"https:\/\/api.w.org\/{rel}","templated":true}]}}