{"id":10193,"date":"2018-10-18T21:38:50","date_gmt":"2018-10-18T19:38:50","guid":{"rendered":"http:\/\/www.lassebacklund.fi\/?page_id=10193"},"modified":"2018-10-27T15:12:47","modified_gmt":"2018-10-27T13:12:47","slug":"tidningsartiklar-fran-ar-1932","status":"publish","type":"page","link":"https:\/\/www.lassebacklund.fi\/?page_id=10193","title":{"rendered":"Tidningsartiklar fr\u00e5n \u00e5r 1932."},"content":{"rendered":"<p><span style=\"color: #000080;\">Syd-\u00d6sterbotten 30.3.1932:<\/span><\/p>\n<p><span style=\"margin: 0px; font-family: 'Helvetica','sans-serif';\"><span style=\"color: #000000;\">Sj\u00e4lvmord. Natten mot s\u00f6ndagen tog sig arbetaren Karl Ljungkvist i Dagsmark avdaga genom att avsk\u00e4ra strupen. Han avled \u00f6gonblickligen. Ljungkvist som var i 30-40 \u00e5rs \u00e5lder, hade tidigare f\u00f6r sinnessl\u00f6het varit under l\u00e4karuppsikt ,men d\u00e4refter f\u00f6refallit r\u00e4tt normal. De sista veckorna har han dock varit n\u00e5got nerv\u00f6s och br\u00e5kig. Den f\u00f6rtvivlade g\u00e4rningen har synbarligen utf\u00f6rts i tillf\u00e4llig sinnesf\u00f6rvirring.<\/span><\/span><\/p>\n<p><span style=\"margin: 0px; color: #000080; font-family: 'Helvetica','sans-serif';\">Syd-\u00d6sterbotten 13.7.1932:<\/span><\/p>\n<p><span style=\"margin: 0px; font-family: 'Helvetica','sans-serif';\"><span style=\"color: #000000;\">Ett 259 cm l\u00e5ngt r\u00e5gstr\u00e5 har uppm\u00e4tts av bonden August Ahlberg i Tr\u00e4skvik. H\u00e4r hade vi \u00e4ntligen hittat ett \u201dstj\u00e4rnresultat\u201d som duger.\u00a0 Rekordet har nu \u00f6kats med hela 24 cm. Att intresset f\u00e4r t\u00e4vlingen \u00e4r stort i Tr\u00e4skvik \u00e4r tydligt. August Ahlberg meddelar n\u00e4mligen, att \u00e5tta vittnen var n\u00e4rvarande vi m\u00e4tningen, som allts\u00e5 b\u00f6r st\u00e4mma. F\u00f6r en vecka sedan n\u00e4mnde vi ju om ett str\u00e5 p\u00e5 220 cm fr\u00e5n Ahlbergs \u00e5ker. (August var ju far bland annat till <a href=\"http:\/\/www.lassebacklund.fi\/?page_id=1079\">Elis Ahlberg)<\/a><\/span><\/span><\/p>\n<p><span style=\"margin: 0px; font-family: 'Helvetica','sans-serif';\"><span style=\"color: #000000;\">I v\u00e5rt senaste nummer n\u00e4mnde vi ju, att \u00e4ven Vasabladet satt i g\u00e5ng en liknande t\u00e4vling. Det var ju vackra siffror som n\u00e4mndes redan d\u00e5, det l\u00e4ngst p\u00e5 248 cm. Sista nyheten d\u00e4rifr\u00e5n \u00e4r nu 264 cm och h\u00f6r hemma p\u00e5 Keppo g\u00e5rd i Jeppo. Allts\u00e5 5 cm \u00f6ver v\u00e5rt rekord. M\u00e5nne vi dock icke i v\u00e5ra trakter \u00e4ndock kunna g\u00f6ra vasatraktens b\u00f6nder \u00e4ran stridig?<\/span><\/span><\/p>\n<p><span style=\"margin: 0px; color: #000080; font-family: 'Helvetica','sans-serif';\">Syd-\u00d6sterbotten \u00a0l\u00f6rdagen 16.7.1932:<\/span><\/p>\n<p><span style=\"margin: 0px; font-family: 'Helvetica','sans-serif';\"><span style=\"color: #000000;\">60 idrottsm\u00e4n kommer att delta i Dagsmark Idrottsklubbs t\u00e4vlingar om guldsmed Hellmans pokal i dag kl. 17 och i morgon kl. 12. Detta h\u00f6ga tal vittnar om, att t\u00e4vlingarna tydligen har en uppgift att fylla, vilket man f\u00f6r \u00f6vrigt redan i fjol var \u00f6vertygad om. De energiska dagsmarkpojkarna har framg\u00e5ng i sina str\u00e4vanden, men s\u00e5 skyr de heller ingen m\u00f6da. S\u00e5lunda har de sedan senaste \u00e5r med gemensamma krafter anlagt en ny l\u00f6pbana p\u00e5 sin sportplats. De gossarna \u00e4r nog v\u00e4rda all uppmuntran, d\u00e4rf\u00f6r tr\u00e4ffas vi ocks\u00e5 i Dagsmark i dag och i morgon. Och t\u00e4vlingarna blir s\u00e4kert b\u00e5de sp\u00e4nnande och underh\u00e5llande.<\/span><\/span><\/p>\n<p><span style=\"margin: 0px; color: #000080; font-family: 'Helvetica','sans-serif';\">Syd-\u00d6sterbotten \u00a020.7.1932:<\/span><\/p>\n<p><span style=\"margin: 0px; font-family: 'Helvetica','sans-serif';\"><span style=\"color: #000000;\">Inl\u00e4ggning av A. I.V.-foder. Hos direkt\u00f6r Viktor Nylund i Dagsmark inl\u00e4ggs A.I.V.-foder i dag och i morgon under ledning av lantbrukss\u00e4llskapets konsulent. De jordbrukare, som \u00f6nskar l\u00e4ra sig den nya foderberedningsmetoden, uppmanas passa p\u00e5 tillf\u00e4llet och g\u00f6ra ett bes\u00f6k p\u00e5 platsen. <span style=\"color: #000080;\">(Artturi Virtanen fick \u00e5r 1932 patent f\u00f6r denna uppfinning att anv\u00e4nda syror f\u00f6r att ensilera foder, \u00c5r 1945 fick Virtanen Nobelpriset i kemi f\u00f6r denna uppfinning).<\/span><\/span><\/span><\/p>\n<p><span style=\"margin: 0px; color: #000080; font-family: 'Helvetica','sans-serif';\">Syd-\u00d6sterbotten \u00a023.7.1932:<\/span><\/p>\n<p><span style=\"margin: 0px; font-family: 'Helvetica','sans-serif';\"><span style=\"color: #000000;\">Fem lag med totalt 60 idrottare deltog i de idrottst\u00e4vlingar som Dagsmark idrottsklubb anordnade. Karijoen nuorisoseura vann och Dagsmark blev fyra, efter Alakyl\u00e4 och Lappfj\u00e4rd, men f\u00f6re Tj\u00f6ck. Dagsmarklaget tog tv\u00e5 bronsmedaljer, den ena av Artur Mitts p\u00e5 400 meter med tiden 58,1 sekunder och den andra av Valter Lindell \u00a0i diskus med resultatet 31,63 m.<\/span><\/span><\/p>\n<p><span style=\"margin: 0px; font-family: 'Helvetica','sans-serif';\"><span style=\"color: #000000;\">Vid samma tid p\u00e5gick de finl\u00e4ndska m\u00e4sterskapen i 10-kamp och stafett i Helsingfors. D\u00e4r kan n\u00e4mnas att stafetten p\u00e5 4 x800 meter vanns av f\u00f6reningen Tarmo fr\u00e5n Tavastehus. Snabbaste man i det laget var Vilho Myllyniemi med tiden 1,59,8.<\/span><\/span><\/p>\n<p><span style=\"margin: 0px; color: #000080; font-family: 'Helvetica','sans-serif';\">Syd-\u00d6sterbotten \u00a07.9.1932:<\/span><\/p>\n<p><span style=\"margin: 0px; font-family: 'Helvetica','sans-serif';\"><span style=\"color: #000000;\">P\u00e5 torsdagen h\u00f6lls i Dagsmark en utst\u00e4llning av kor av v\u00e4stfinsk lantras, den enda utst\u00e4llningen som h\u00e5lls inom distriktet detta \u00e5r. Som prisdomare fungerade konsulent Suvenvuo och Sigurd Finnil\u00e4 fr\u00e5n lantbrukss\u00e4llskapet. Utst\u00e4llningen utgjorde i fr\u00e5ga om bed\u00f6mningen ett undantag, s\u00e5tillvida att h\u00e4rstamning och produktion inte kunde upptas i densamma, emedan s\u00e5dana uppgifter inte f\u00f6rel\u00e5g. Det enda som kunde bed\u00f6mas var djurens utseende. Endast ett djur hade kontrollsiffror!<\/span><\/span><\/p>\n<p><span style=\"margin: 0px; font-family: 'Helvetica','sans-serif';\"><span style=\"color: #000000;\">Utst\u00e4llningen omfattade 27 djur, varav 3 tjurar, 8 kvigor och 16 kor. F\u00f6ljande erh\u00f6ll pris:<\/span><\/span><\/p>\n<p><span style=\"margin: 0px; font-family: 'Helvetica','sans-serif';\"><span style=\"color: #000000;\">Tjurar: Dagsmark tjurf\u00f6renings Murre II pris, Frans Nybergs ungtjur med samma namn fick III pris.<\/span><\/span><\/p>\n<p><span style=\"margin: 0px; font-family: 'Helvetica','sans-serif';\"><span style=\"color: #000000;\">Kor: f\u00f6rsta pris fick Frans Nybergs Murikki, Evert Gr\u00f6ndahls Noppa, Johannes H\u00e4llbacks Rosa, Erland Gr\u00f6nroos Blomma. Andra pris fick Valdemar Rosengrens Elma, Kaurikki och Kaunotar, Frans Lillsj\u00f6s Lisa och Salme, Viktor Bj\u00f6rklunds Stj\u00e4rna och Maja, Frans Agn\u00e4s Mielikki. Emil Kl\u00e5vus ko Sara fick ett tredje pris.<\/span><\/span><\/p>\n<p><span style=\"margin: 0px; font-family: 'Helvetica','sans-serif';\"><span style=\"color: #000000;\">Kvigor: f\u00f6rsta pris fick Erland Norrg\u00e5rds Stolta, andra pris Valdemar Rosengrens Saga, Evert Gr\u00f6ndahls Docka, Johannes H\u00e4llbacks Ruusu, Emil Kl\u00e5vus Lisa och Bella samt Frans Agn\u00e4s Stj\u00e4rna.<\/span><\/span><\/p>\n<p><span style=\"margin: 0px; font-family: 'Helvetica','sans-serif';\"><span style=\"color: #000000;\">Efter bed\u00f6mningen demonstrerades djuren av konsulenten, varefter herr Finnil\u00e4 f\u00f6rr\u00e4ttade prisutdelningen. Talrika intresserade hade infunnit sig till utst\u00e4llningen. Tjurf\u00f6reningen och lantmannagillet stod f\u00f6r de lokala arrangemangen.<\/span><\/span><\/p>\n<p><span style=\"margin: 0px; color: #000080; font-family: 'Helvetica','sans-serif';\">Syd-\u00d6sterbotten 9.11.1932:<\/span><\/p>\n<p><strong><span style=\"margin: 0px; font-family: 'Helvetica','sans-serif';\"><span style=\"color: #000000;\">Stort torrl\u00e4ggningsf\u00f6retag i Dagsmark. 710,000 mk beviljade i statsbidrag och \u00a0\u2013l\u00e5n.<\/span><\/span><\/strong><\/p>\n<p><span style=\"margin: 0px; font-family: 'Helvetica','sans-serif';\"><span style=\"color: #000000;\">F\u00f6r torrl\u00e4ggning av Storsj\u00f6 och Lillsj\u00f6 tr\u00e4sk i Dagsmark har lantbruksministeriet numera beviljat i statsbidrag kostnaderna f\u00f6r arbetsledning och redskap, j\u00e4mte s\u00e5som kontant underst\u00f6d 396,500 mk och s\u00e5som l\u00e5n 313,500, som l\u00f6per med 4 % r\u00e4nta och 3 % \u00e5rlig amortering, varf\u00f6r \u00e5rsannuiteten s\u00e5ledes stiger till 7 %. S\u00e5som villkor har vidare f\u00f6reskrivits, att arbetarna b\u00f6r antas genom arbetsl\u00e4shetsn\u00e4mndens f\u00f6rmedling.<\/span><\/span><\/p>\n<p><span style=\"margin: 0px; font-family: 'Helvetica','sans-serif';\"><span style=\"color: #000000;\">Intressenterna i f\u00f6retaget sammankallas genom kung\u00f6relse i dagens blad till st\u00e4mma den 23 dennes kl. 12 i Korsb\u00e4ck ungdomshem f\u00f6r att besluta om mottagande av n\u00e4mnda statsbidrag och \u2013l\u00e5n. Tidningen f\u00e5r \u00e5terkomma till saken med utredning om f\u00f6retagets omfattning.<\/span><\/span><\/p>\n<p><span style=\"margin: 0px; color: #000080; font-family: 'Helvetica','sans-serif';\">Syd-\u00d6sterbotten 14.12.1932:<\/span><\/p>\n<p><span style=\"margin: 0px; font-family: 'Helvetica','sans-serif';\"><span style=\"color: #000000;\">Till torrl\u00e4ggningsprojektet vid Storsj\u00f6tr\u00e4sk i Dagsmark har arbetsl\u00f6shetsn\u00e4mnden f\u00e5tt tillst\u00e5nd att s\u00e4nda 30 arbetsl\u00f6sa, och har f\u00f6r deras inkvartering redan vidtagits f\u00f6rberedande \u00e5tg\u00e4rder. Det h\u00f6ga vattenst\u00e5ndet har emellertid \u00e4n s\u00e5 l\u00e4nge hindrat ig\u00e5ngs\u00e4ttandet av detta arbete, men v\u00e4ntas detta dock bli m\u00f6jligt omkring veckoskiftet. Hit kunna f\u00f6r \u00f6vrigt endast friska och starka arbetare s\u00e4ndas, d\u00e5 arbetena sker p\u00e5 ackord. En svag eller sjuklig arbetare skulle h\u00e4r inte komma sig till en tillr\u00e4cklig dagspenning.<\/span><\/span><\/p>\n<p><span style=\"color: #000000; font-family: Calibri;\">\u00a0<\/span><\/p>\n","protected":false},"excerpt":{"rendered":"<p>Syd-\u00d6sterbotten 30.3.1932: Sj\u00e4lvmord. Natten mot s\u00f6ndagen tog sig arbetaren Karl Ljungkvist i Dagsmark avdaga genom att avsk\u00e4ra strupen. Han avled \u00f6gonblickligen. Ljungkvist som var i 30-40 \u00e5rs \u00e5lder, hade tidigare f\u00f6r sinnessl\u00f6het varit under l\u00e4karuppsikt ,men d\u00e4refter f\u00f6refallit r\u00e4tt normal. <a class=\"more-link\" href=\"https:\/\/www.lassebacklund.fi\/?page_id=10193\">Forts\u00e4tt l\u00e4sa <span class=\"screen-reader-text\">  Tidningsartiklar fr\u00e5n \u00e5r 1932.<\/span><span class=\"meta-nav\">&rarr;<\/span><\/a><\/p>\n","protected":false},"author":1,"featured_media":0,"parent":8994,"menu_order":1932,"comment_status":"closed","ping_status":"closed","template":"","meta":{"footnotes":""},"class_list":["post-10193","page","type-page","status-publish","hentry"],"_links":{"self":[{"href":"https:\/\/www.lassebacklund.fi\/index.php?rest_route=\/wp\/v2\/pages\/10193","targetHints":{"allow":["GET"]}}],"collection":[{"href":"https:\/\/www.lassebacklund.fi\/index.php?rest_route=\/wp\/v2\/pages"}],"about":[{"href":"https:\/\/www.lassebacklund.fi\/index.php?rest_route=\/wp\/v2\/types\/page"}],"author":[{"embeddable":true,"href":"https:\/\/www.lassebacklund.fi\/index.php?rest_route=\/wp\/v2\/users\/1"}],"replies":[{"embeddable":true,"href":"https:\/\/www.lassebacklund.fi\/index.php?rest_route=%2Fwp%2Fv2%2Fcomments&post=10193"}],"version-history":[{"count":11,"href":"https:\/\/www.lassebacklund.fi\/index.php?rest_route=\/wp\/v2\/pages\/10193\/revisions"}],"predecessor-version":[{"id":10284,"href":"https:\/\/www.lassebacklund.fi\/index.php?rest_route=\/wp\/v2\/pages\/10193\/revisions\/10284"}],"up":[{"embeddable":true,"href":"https:\/\/www.lassebacklund.fi\/index.php?rest_route=\/wp\/v2\/pages\/8994"}],"wp:attachment":[{"href":"https:\/\/www.lassebacklund.fi\/index.php?rest_route=%2Fwp%2Fv2%2Fmedia&parent=10193"}],"curies":[{"name":"wp","href":"https:\/\/api.w.org\/{rel}","templated":true}]}}