{"id":1016,"date":"2016-10-11T21:49:50","date_gmt":"2016-10-11T19:49:50","guid":{"rendered":"http:\/\/www.lassebacklund.fi\/?page_id=1016"},"modified":"2016-10-11T21:49:50","modified_gmt":"2016-10-11T19:49:50","slug":"uppfinnaren-josef-lillkull","status":"publish","type":"page","link":"https:\/\/www.lassebacklund.fi\/?page_id=1016","title":{"rendered":"Uppfinnaren Josef Lillkull."},"content":{"rendered":"<p><span class=\"Normal-C-C0\"><span style=\"font-family: Verdana;\">Josef Lillkull var en m\u00e5ngsidig man och han fick till och med patent p\u00e5 en \u201dPower transmission mechanism\u201d. H\u00e4r nedan bilder av uppfinningen:<\/span><\/span><\/p>\n<p><img loading=\"lazy\" decoding=\"async\" class=\" wp-image-1012 aligncenter\" src=\"http:\/\/www.lassebacklund.fi\/wp-content\/uploads\/2016\/10\/Josef-1.jpg\" alt=\"Josef 1\" width=\"693\" height=\"1008\" \/><img loading=\"lazy\" decoding=\"async\" class=\" wp-image-1013 aligncenter\" src=\"http:\/\/www.lassebacklund.fi\/wp-content\/uploads\/2016\/10\/Josef-2.jpg\" alt=\"Josef 2\" width=\"694\" height=\"970\" \/><\/p>\n<p><img loading=\"lazy\" decoding=\"async\" class=\" wp-image-1014 aligncenter\" src=\"http:\/\/www.lassebacklund.fi\/wp-content\/uploads\/2016\/10\/Josef-3.jpg\" alt=\"Josef 3\" width=\"684\" height=\"903\" \/><\/p>\n<p><img loading=\"lazy\" decoding=\"async\" class=\" wp-image-1015 aligncenter\" src=\"http:\/\/www.lassebacklund.fi\/wp-content\/uploads\/2016\/10\/Josef-4.jpg\" alt=\"Josef 4\" width=\"679\" height=\"893\" \/><\/p>\n<p class=\"Wp-wp-normal-p-P\"><span class=\"normal-c-c41-C\"><span style=\"font-family: Verdana; font-size: small;\">S\u00e5 h\u00e4r s\u00e5g patentet ut som Josef Lillkull fick p\u00e5 sin \u201dPower Transmission Mechanism\u201d. Det skulle vara roligt att veta om denna maskin \u00f6verhuvudtaget tillverkats och kommit till anv\u00e4ndning eller blev det bara denna ritning.<\/span><\/span><\/p>\n","protected":false},"excerpt":{"rendered":"<p>Josef Lillkull var en m\u00e5ngsidig man och han fick till och med patent p\u00e5 en \u201dPower transmission mechanism\u201d. H\u00e4r nedan bilder av uppfinningen: S\u00e5 h\u00e4r s\u00e5g patentet ut som Josef Lillkull fick p\u00e5 sin \u201dPower Transmission Mechanism\u201d. Det skulle vara <a class=\"more-link\" href=\"https:\/\/www.lassebacklund.fi\/?page_id=1016\">Forts\u00e4tt l\u00e4sa <span class=\"screen-reader-text\">  Uppfinnaren Josef Lillkull.<\/span><span class=\"meta-nav\">&rarr;<\/span><\/a><\/p>\n","protected":false},"author":1,"featured_media":0,"parent":980,"menu_order":0,"comment_status":"closed","ping_status":"closed","template":"","meta":{"footnotes":""},"class_list":["post-1016","page","type-page","status-publish","hentry"],"_links":{"self":[{"href":"https:\/\/www.lassebacklund.fi\/index.php?rest_route=\/wp\/v2\/pages\/1016","targetHints":{"allow":["GET"]}}],"collection":[{"href":"https:\/\/www.lassebacklund.fi\/index.php?rest_route=\/wp\/v2\/pages"}],"about":[{"href":"https:\/\/www.lassebacklund.fi\/index.php?rest_route=\/wp\/v2\/types\/page"}],"author":[{"embeddable":true,"href":"https:\/\/www.lassebacklund.fi\/index.php?rest_route=\/wp\/v2\/users\/1"}],"replies":[{"embeddable":true,"href":"https:\/\/www.lassebacklund.fi\/index.php?rest_route=%2Fwp%2Fv2%2Fcomments&post=1016"}],"version-history":[{"count":1,"href":"https:\/\/www.lassebacklund.fi\/index.php?rest_route=\/wp\/v2\/pages\/1016\/revisions"}],"predecessor-version":[{"id":1017,"href":"https:\/\/www.lassebacklund.fi\/index.php?rest_route=\/wp\/v2\/pages\/1016\/revisions\/1017"}],"up":[{"embeddable":true,"href":"https:\/\/www.lassebacklund.fi\/index.php?rest_route=\/wp\/v2\/pages\/980"}],"wp:attachment":[{"href":"https:\/\/www.lassebacklund.fi\/index.php?rest_route=%2Fwp%2Fv2%2Fmedia&parent=1016"}],"curies":[{"name":"wp","href":"https:\/\/api.w.org\/{rel}","templated":true}]}}