{"id":10128,"date":"2018-10-13T16:55:32","date_gmt":"2018-10-13T14:55:32","guid":{"rendered":"http:\/\/www.lassebacklund.fi\/?page_id=10128"},"modified":"2026-01-25T11:48:42","modified_gmt":"2026-01-25T09:48:42","slug":"granroths-gard-pa-flakasvagen-ca-120","status":"publish","type":"page","link":"https:\/\/www.lassebacklund.fi\/?page_id=10128","title":{"rendered":"Granroths stuga p\u00e5 Flak\u00e5sv\u00e4gen ca 120"},"content":{"rendered":"<figure id=\"attachment_10121\" aria-describedby=\"caption-attachment-10121\" style=\"width: 1389px\" class=\"wp-caption aligncenter\"><img loading=\"lazy\" decoding=\"async\" class=\"size-full wp-image-10121\" src=\"http:\/\/www.lassebacklund.fi\/wp-content\/uploads\/2018\/10\/1-1.jpg\" alt=\"\" width=\"1389\" height=\"700\" srcset=\"https:\/\/www.lassebacklund.fi\/wp-content\/uploads\/2018\/10\/1-1.jpg 1389w, https:\/\/www.lassebacklund.fi\/wp-content\/uploads\/2018\/10\/1-1-300x151.jpg 300w, https:\/\/www.lassebacklund.fi\/wp-content\/uploads\/2018\/10\/1-1-768x387.jpg 768w, https:\/\/www.lassebacklund.fi\/wp-content\/uploads\/2018\/10\/1-1-1024x516.jpg 1024w\" sizes=\"auto, (max-width: 1389px) 100vw, 1389px\" \/><figcaption id=\"caption-attachment-10121\" class=\"wp-caption-text\">H\u00f6gst troligt var det &#8221;Steinback Emel&#8221; som byggde detta hus p\u00e5 Flak\u00e5sen efter att han \u00e5r 1922 hade k\u00f6pt parcellen av sin far Viktor Eriksson Grankvist. Huset fotograferat fr\u00e5n norr av Olof Granroth. Detta hus stod med gaveln mot \u00e5n.<\/figcaption><\/figure>\n<p><strong><span style=\"color: #000080;\">Sammanst\u00e4llt av Lasse Backlund 2014, med hj\u00e4lp av Olof Granroth.\u00a0<\/span><\/strong><\/p>\n<h3><strong>Husets historia<\/strong><\/h3>\n<p><strong>\u00c5r 1909, den 20 juli<\/strong> s\u00e5lde bonden Viktor Viklund och hans hustru Vilhelmina ett jordomr\u00e5de p\u00e5 ca 1 ha \u00e5t Viktor Eriksson \u00c4bb, senare Grankvist och Granroth (f. i Lappfj\u00e4rd 1867-1941). Denne hade tidigare varit gift med &#8221;Strand&#8221; Edla (f. Storkull i Dagsmark 1873-1904). Omr\u00e5det som fick namnet Grankvist l\u00e5g l\u00e4ngst v\u00e4sterut n\u00e4ra Storfors dammen. H\u00f6gst troligt uppf\u00f6rde Viktor en mindre timrad stuga p\u00e5 parcellen l\u00e4ngst bort i v\u00e4ster.<\/p>\n<p><strong>\u00c5r 1914<\/strong> s\u00e5lde \u00e4nkan Vilhelmina Viklund sitt hemman Viklund \u00e5t Axel Lilltr\u00e4sk Tr\u00e4varuhandel. Lilltr\u00e4sk b\u00f6rjade d\u00e5 s\u00e4lja ut delar av hemmanet och samma \u00e5r s\u00e5lde han ett jordomr\u00e5de p\u00e5 ca 2 ha \u00e5t bonden, \u00e4nklingen Viktor Eriksson \u00c4bb, senare Grankvist. Det h\u00e4r jordomr\u00e5det gr\u00e4nsade i sydost till Viktor Grankvists parcell.<\/p>\n<p><strong>\u00c5r 1922<\/strong> s\u00e5lde Viktor Eriksson Grankvist de ink\u00f6pta omr\u00e5dena \u00e5t sonen Emil Granrot (1900-1946) och han hustru &#8221;Stor\u00e5s Manda&#8221;, allts\u00e5 <strong>Amanda<\/strong> (f. Nordman 1903-1984). Emil, som kallades &#8221;Steinback Emel&#8221; uppf\u00f6rde d\u00e5 ett nyare hus p\u00e5 samma omr\u00e5de n\u00e5gon g\u00e5ng p\u00e5 1930-talet. I samma veva revs den gamla stugtimran.<\/p>\n<p>En tillsvidare \u00f6k\u00e4nd konstn\u00e4r fr\u00e5n Sverige har p\u00e5 basen av beskrivningar skissat upp hur &#8221;Steinback Viktors&#8221; gamla timmerstuga s\u00e5g ut och sedan hur den nya stugan fr\u00e5n 1930-talet s\u00e5g ut fr\u00e5n tv\u00e5 olika h\u00e5ll.<\/p>\n<p>&nbsp;<\/p>\n<figure id=\"attachment_10122\" aria-describedby=\"caption-attachment-10122\" style=\"width: 480px\" class=\"wp-caption alignnone\"><img loading=\"lazy\" decoding=\"async\" class=\"size-full wp-image-10122\" src=\"http:\/\/www.lassebacklund.fi\/wp-content\/uploads\/2018\/10\/2-1.jpg\" alt=\"\" width=\"480\" height=\"352\" srcset=\"https:\/\/www.lassebacklund.fi\/wp-content\/uploads\/2018\/10\/2-1.jpg 480w, https:\/\/www.lassebacklund.fi\/wp-content\/uploads\/2018\/10\/2-1-300x220.jpg 300w\" sizes=\"auto, (max-width: 480px) 100vw, 480px\" \/><figcaption id=\"caption-attachment-10122\" class=\"wp-caption-text\">P\u00e5 skissen ser vi hur den gamla timrade stugan s\u00e5g ut. Den stod med l\u00e5ngsidan mot \u00e5n och Emils barn brukade anv\u00e4nda stockarna som stod ur fr\u00e5n huset invid d\u00f6rren som kl\u00e4tterv\u00e4gg.<\/figcaption><\/figure>\n<figure id=\"attachment_10123\" aria-describedby=\"caption-attachment-10123\" style=\"width: 1019px\" class=\"wp-caption alignnone\"><img loading=\"lazy\" decoding=\"async\" class=\"size-full wp-image-10123\" src=\"http:\/\/www.lassebacklund.fi\/wp-content\/uploads\/2018\/10\/3-1.jpg\" alt=\"\" width=\"1019\" height=\"377\" srcset=\"https:\/\/www.lassebacklund.fi\/wp-content\/uploads\/2018\/10\/3-1.jpg 1019w, https:\/\/www.lassebacklund.fi\/wp-content\/uploads\/2018\/10\/3-1-300x111.jpg 300w, https:\/\/www.lassebacklund.fi\/wp-content\/uploads\/2018\/10\/3-1-768x284.jpg 768w\" sizes=\"auto, (max-width: 1019px) 100vw, 1019px\" \/><figcaption id=\"caption-attachment-10123\" class=\"wp-caption-text\">Tv\u00e5 skisser fr\u00e5n olika h\u00e5ll som visar hur Emil Granroths hus n\u00e4ra Storfors s\u00e5g ut. Kvinnan med \u00e4mbaren m\u00e5sta ju vara Amanda medan mannen som sp\u00e4nner i h\u00e4sten p\u00e5 g\u00e5rden \u00e4r Emil sj\u00e4lv. Konstn\u00e4ren som \u00e4r ok\u00e4nd anv\u00e4nde signaturen BMJ 81 Torsh\u00e4lla.<\/figcaption><\/figure>\n<p>Om du vill l\u00e4sa en ber\u00e4ttelse om hur det gick d\u00e5 Matilda Haaranojas bror B\u00f6s-Viktor skulle hj\u00e4lpa en predikant, s\u00e5 skall du klicka <a href=\"http:\/\/www.lassebacklund.fi\/?page_id=10136\"><span style=\"text-decoration: underline;\"><span style=\"color: #000080;\"><strong>H\u00c4R!<\/strong><\/span><\/span><\/a><\/p>\n<h3><strong>Sl\u00e4kthistoria:<\/strong><\/h3>\n<p>-Emil Granroth, som kallades &#8221;Steinback Emel&#8221; var son till <strong>&#8221;Steinback Viktor&#8221;,<\/strong> f. \u00c4bb, senare Granqvist i Lappfj\u00e4rd 1867-1941 och &#8221;<strong>Strand Edla&#8221; <\/strong>(f. Storkull i Dagsmark 1873-1904). Emil arbetade f\u00f6rst p\u00e5 Storfors S\u00e5g och efter det p\u00e5 P\u00e4rus Fors.<\/p>\n<p>-hustrun Amanda, som kallades &#8221;Stor\u00e5s Manda&#8221; var dotter till Matilda (f. Haaranoja 1877-1947) och Sigfrid Nordman (f. 1875, flyttade ca 1910 till Amerika och dog d\u00e4r). Amanda och hennes syskon v\u00e4xte upp i en annan g\u00e5rd p\u00e5 Flak\u00e5sv\u00e4gen men l\u00e4ngre upp mot Dagsmark. Den stod mitt emot det r\u00f6da potatislager som \u00e4nnu st\u00e5r p\u00e5 Kol\u00e4ngen. Matilda var dotter till Matias Haaranoja (f. i B\u00f6tom 1833-1913) och Kajsa Lisa (f. Holm i Lappfj\u00e4rd 1833-1901). Sigfrid Nordman torde vara f\u00f6dd i Kristinestad men v\u00e4xte upp som fosterson hos \u201dK\u00e5rk\u201d- Viktor Eklund p\u00e5 Brobackan i Dagsmark.<\/p>\n<figure id=\"attachment_10124\" aria-describedby=\"caption-attachment-10124\" style=\"width: 480px\" class=\"wp-caption aligncenter\"><img loading=\"lazy\" decoding=\"async\" class=\"size-full wp-image-10124\" src=\"http:\/\/www.lassebacklund.fi\/wp-content\/uploads\/2018\/10\/4.jpg\" alt=\"\" width=\"480\" height=\"342\" srcset=\"https:\/\/www.lassebacklund.fi\/wp-content\/uploads\/2018\/10\/4.jpg 480w, https:\/\/www.lassebacklund.fi\/wp-content\/uploads\/2018\/10\/4-300x214.jpg 300w\" sizes=\"auto, (max-width: 480px) 100vw, 480px\" \/><figcaption id=\"caption-attachment-10124\" class=\"wp-caption-text\">Emil Granroth och hans hustru Amanda, f. Nordman.<\/figcaption><\/figure>\n<figure id=\"attachment_10125\" aria-describedby=\"caption-attachment-10125\" style=\"width: 1318px\" class=\"wp-caption aligncenter\"><img loading=\"lazy\" decoding=\"async\" class=\"size-full wp-image-10125\" src=\"http:\/\/www.lassebacklund.fi\/wp-content\/uploads\/2018\/10\/5.jpg\" alt=\"\" width=\"1318\" height=\"992\" srcset=\"https:\/\/www.lassebacklund.fi\/wp-content\/uploads\/2018\/10\/5.jpg 1318w, https:\/\/www.lassebacklund.fi\/wp-content\/uploads\/2018\/10\/5-300x226.jpg 300w, https:\/\/www.lassebacklund.fi\/wp-content\/uploads\/2018\/10\/5-768x578.jpg 768w, https:\/\/www.lassebacklund.fi\/wp-content\/uploads\/2018\/10\/5-1024x771.jpg 1024w\" sizes=\"auto, (max-width: 1318px) 100vw, 1318px\" \/><figcaption id=\"caption-attachment-10125\" class=\"wp-caption-text\">Matilda och Sigfrid Nordman.<\/figcaption><\/figure>\n<figure id=\"attachment_10126\" aria-describedby=\"caption-attachment-10126\" style=\"width: 1383px\" class=\"wp-caption aligncenter\"><img loading=\"lazy\" decoding=\"async\" class=\"size-full wp-image-10126\" src=\"http:\/\/www.lassebacklund.fi\/wp-content\/uploads\/2018\/10\/6.jpg\" alt=\"\" width=\"1383\" height=\"1030\" srcset=\"https:\/\/www.lassebacklund.fi\/wp-content\/uploads\/2018\/10\/6.jpg 1383w, https:\/\/www.lassebacklund.fi\/wp-content\/uploads\/2018\/10\/6-300x223.jpg 300w, https:\/\/www.lassebacklund.fi\/wp-content\/uploads\/2018\/10\/6-768x572.jpg 768w, https:\/\/www.lassebacklund.fi\/wp-content\/uploads\/2018\/10\/6-1024x763.jpg 1024w\" sizes=\"auto, (max-width: 1383px) 100vw, 1383px\" \/><figcaption id=\"caption-attachment-10126\" class=\"wp-caption-text\">Granroths g\u00e5rd l\u00e5g i Dagsmark men p\u00e5 gr\u00e4nsen till Lappfj\u00e4rd, s\u00e5 geografiskt bodde de nog i Lappfj\u00e4rd. Det h\u00e4r betydde bland annat att deras 4 barn gick i Lappfj\u00e4rds \u00f6stra folkskola i Perus. G\u00e5rden och uthusen \u00e4r i dag nedrivna.<\/figcaption><\/figure>\n<p>&#8211;<strong>Alfons<\/strong> (f. 1925-2007, arbetade p\u00e5 P\u00e4rus-Fors, bosatt i Perus)<\/p>\n<p>&#8211;<strong>Georg<\/strong> <strong>Emil <\/strong>(f. 1928, gift med Viola Anni Maria Orre, sedan 1950 bosatt i Sverige)<\/p>\n<p>&#8211;<strong>Ragnhild Olivia<\/strong> (f. 1929 och bosatt i Sverige)<\/p>\n<p>&#8211;<strong>Olof<\/strong> (f. 1941, gift och bosatt i Sverige). Dog i b\u00f6rjan p\u00e5 2015.<\/p>\n<figure id=\"attachment_10127\" aria-describedby=\"caption-attachment-10127\" style=\"width: 480px\" class=\"wp-caption aligncenter\"><img loading=\"lazy\" decoding=\"async\" class=\"size-full wp-image-10127\" src=\"http:\/\/www.lassebacklund.fi\/wp-content\/uploads\/2018\/10\/7.jpg\" alt=\"\" width=\"480\" height=\"360\" srcset=\"https:\/\/www.lassebacklund.fi\/wp-content\/uploads\/2018\/10\/7.jpg 480w, https:\/\/www.lassebacklund.fi\/wp-content\/uploads\/2018\/10\/7-300x225.jpg 300w\" sizes=\"auto, (max-width: 480px) 100vw, 480px\" \/><figcaption id=\"caption-attachment-10127\" class=\"wp-caption-text\">Emil och Amandas yngsta son Olof som v\u00e4xte upp i Storfors men numera bosatt i Nacka i Sverige. Han var intresserad av sl\u00e4ktforskning och av gamla radioapparater. Intresset f\u00f6r radioapparater fick han i tiderna av Arne S\u00f6derholm och han hade ett eget museum med \u00f6ver 100 apparater.<\/figcaption><\/figure>\n","protected":false},"excerpt":{"rendered":"<p>Sammanst\u00e4llt av Lasse Backlund 2014, med hj\u00e4lp av Olof Granroth.\u00a0 Husets historia \u00c5r 1909, den 20 juli s\u00e5lde bonden Viktor Viklund och hans hustru Vilhelmina ett jordomr\u00e5de p\u00e5 ca 1 ha \u00e5t Viktor Eriksson \u00c4bb, senare Grankvist och Granroth (f. <a class=\"more-link\" href=\"https:\/\/www.lassebacklund.fi\/?page_id=10128\">Forts\u00e4tt l\u00e4sa <span class=\"screen-reader-text\">  Granroths stuga p\u00e5 Flak\u00e5sv\u00e4gen ca 120<\/span><span class=\"meta-nav\">&rarr;<\/span><\/a><\/p>\n","protected":false},"author":1,"featured_media":0,"parent":84,"menu_order":120,"comment_status":"closed","ping_status":"closed","template":"","meta":{"footnotes":""},"class_list":["post-10128","page","type-page","status-publish","hentry"],"_links":{"self":[{"href":"https:\/\/www.lassebacklund.fi\/index.php?rest_route=\/wp\/v2\/pages\/10128","targetHints":{"allow":["GET"]}}],"collection":[{"href":"https:\/\/www.lassebacklund.fi\/index.php?rest_route=\/wp\/v2\/pages"}],"about":[{"href":"https:\/\/www.lassebacklund.fi\/index.php?rest_route=\/wp\/v2\/types\/page"}],"author":[{"embeddable":true,"href":"https:\/\/www.lassebacklund.fi\/index.php?rest_route=\/wp\/v2\/users\/1"}],"replies":[{"embeddable":true,"href":"https:\/\/www.lassebacklund.fi\/index.php?rest_route=%2Fwp%2Fv2%2Fcomments&post=10128"}],"version-history":[{"count":11,"href":"https:\/\/www.lassebacklund.fi\/index.php?rest_route=\/wp\/v2\/pages\/10128\/revisions"}],"predecessor-version":[{"id":25523,"href":"https:\/\/www.lassebacklund.fi\/index.php?rest_route=\/wp\/v2\/pages\/10128\/revisions\/25523"}],"up":[{"embeddable":true,"href":"https:\/\/www.lassebacklund.fi\/index.php?rest_route=\/wp\/v2\/pages\/84"}],"wp:attachment":[{"href":"https:\/\/www.lassebacklund.fi\/index.php?rest_route=%2Fwp%2Fv2%2Fmedia&parent=10128"}],"curies":[{"name":"wp","href":"https:\/\/api.w.org\/{rel}","templated":true}]}}