{"id":10113,"date":"2018-10-12T18:27:48","date_gmt":"2018-10-12T16:27:48","guid":{"rendered":"http:\/\/www.lassebacklund.fi\/?page_id=10113"},"modified":"2024-04-25T10:25:48","modified_gmt":"2024-04-25T07:25:48","slug":"selims-foton-fran-ar-1965","status":"publish","type":"page","link":"https:\/\/www.lassebacklund.fi\/?page_id=10113","title":{"rendered":"Selims foton fr\u00e5n \u00e5r 1965."},"content":{"rendered":"<p><span style=\"display: inline !important; float: none; background-color: transparent; color: #373737; font-family: 'Helvetica Neue',Helvetica,Arial,sans-serif; font-size: 16px; font-style: normal; font-variant: normal; font-weight: 300; letter-spacing: normal; orphans: 2; text-align: left; text-decoration: none; text-indent: 0px; text-transform: none; -webkit-text-stroke-width: 0px; white-space: normal; word-spacing: 0px;\">H\u00e4r n\u00e5gra av folkskoll\u00e4raren Selim Bj\u00f6rses\u00b4 fotografier, som han tog \u00e5r 1965. Eric Stens har identifierat personerna och skrivit de flesta texter. Fotografierna \u00e4r fr\u00e5n Svenska Litteraturs\u00e4llskapets arkiv i Vasa.<\/span><\/p>\n<figure id=\"attachment_10099\" aria-describedby=\"caption-attachment-10099\" style=\"width: 1200px\" class=\"wp-caption aligncenter\"><img loading=\"lazy\" decoding=\"async\" class=\"size-full wp-image-10099\" src=\"http:\/\/www.lassebacklund.fi\/wp-content\/uploads\/2018\/10\/ota295_foto_0725.jpg\" alt=\"\" width=\"1200\" height=\"805\" srcset=\"https:\/\/www.lassebacklund.fi\/wp-content\/uploads\/2018\/10\/ota295_foto_0725.jpg 1200w, https:\/\/www.lassebacklund.fi\/wp-content\/uploads\/2018\/10\/ota295_foto_0725-300x201.jpg 300w, https:\/\/www.lassebacklund.fi\/wp-content\/uploads\/2018\/10\/ota295_foto_0725-768x515.jpg 768w, https:\/\/www.lassebacklund.fi\/wp-content\/uploads\/2018\/10\/ota295_foto_0725-1024x687.jpg 1024w\" sizes=\"auto, (max-width: 1200px) 100vw, 1200px\" \/><figcaption id=\"caption-attachment-10099\" class=\"wp-caption-text\">Lehtonens aff\u00e4r och radiocaf\u00e9 i Hoxells v\u00e4gkorsning, d\u00e4r sparbankens kontor finns i dag. Den f\u00f6rsta delen av denna byggnad \u00e4r fr\u00e5n slutet av 1850-talet och stockarna togs fr\u00e5n den den gamla Birgittakyrkan d\u00e5 den revs.<\/figcaption><\/figure>\n<figure id=\"attachment_10098\" aria-describedby=\"caption-attachment-10098\" style=\"width: 1200px\" class=\"wp-caption aligncenter\"><img loading=\"lazy\" decoding=\"async\" class=\"size-full wp-image-10098\" src=\"http:\/\/www.lassebacklund.fi\/wp-content\/uploads\/2018\/10\/ota295_foto_0723.jpg\" alt=\"\" width=\"1200\" height=\"805\" srcset=\"https:\/\/www.lassebacklund.fi\/wp-content\/uploads\/2018\/10\/ota295_foto_0723.jpg 1200w, https:\/\/www.lassebacklund.fi\/wp-content\/uploads\/2018\/10\/ota295_foto_0723-300x201.jpg 300w, https:\/\/www.lassebacklund.fi\/wp-content\/uploads\/2018\/10\/ota295_foto_0723-768x515.jpg 768w, https:\/\/www.lassebacklund.fi\/wp-content\/uploads\/2018\/10\/ota295_foto_0723-1024x687.jpg 1024w\" sizes=\"auto, (max-width: 1200px) 100vw, 1200px\" \/><figcaption id=\"caption-attachment-10098\" class=\"wp-caption-text\">Lappfj\u00e4rds \u00e5, en viktig livsnerv genom hela kommunen.<\/figcaption><\/figure>\n<figure id=\"attachment_10097\" aria-describedby=\"caption-attachment-10097\" style=\"width: 1186px\" class=\"wp-caption aligncenter\"><img loading=\"lazy\" decoding=\"async\" class=\"size-full wp-image-10097\" src=\"http:\/\/www.lassebacklund.fi\/wp-content\/uploads\/2018\/10\/ota295_foto_0722.jpg\" alt=\"\" width=\"1186\" height=\"584\" srcset=\"https:\/\/www.lassebacklund.fi\/wp-content\/uploads\/2018\/10\/ota295_foto_0722.jpg 1186w, https:\/\/www.lassebacklund.fi\/wp-content\/uploads\/2018\/10\/ota295_foto_0722-300x148.jpg 300w, https:\/\/www.lassebacklund.fi\/wp-content\/uploads\/2018\/10\/ota295_foto_0722-768x378.jpg 768w, https:\/\/www.lassebacklund.fi\/wp-content\/uploads\/2018\/10\/ota295_foto_0722-1024x504.jpg 1024w\" sizes=\"auto, (max-width: 1186px) 100vw, 1186px\" \/><figcaption id=\"caption-attachment-10097\" class=\"wp-caption-text\">V\u00e4xthusn\u00e4ringen slog igenom p\u00e5 60-talet i Lappfj\u00e4rd.<\/figcaption><\/figure>\n<figure id=\"attachment_10100\" aria-describedby=\"caption-attachment-10100\" style=\"width: 1172px\" class=\"wp-caption aligncenter\"><img loading=\"lazy\" decoding=\"async\" class=\"size-full wp-image-10100\" src=\"http:\/\/www.lassebacklund.fi\/wp-content\/uploads\/2018\/10\/ota295_foto_0726.jpg\" alt=\"\" width=\"1172\" height=\"882\" srcset=\"https:\/\/www.lassebacklund.fi\/wp-content\/uploads\/2018\/10\/ota295_foto_0726.jpg 1172w, https:\/\/www.lassebacklund.fi\/wp-content\/uploads\/2018\/10\/ota295_foto_0726-300x226.jpg 300w, https:\/\/www.lassebacklund.fi\/wp-content\/uploads\/2018\/10\/ota295_foto_0726-768x578.jpg 768w, https:\/\/www.lassebacklund.fi\/wp-content\/uploads\/2018\/10\/ota295_foto_0726-1024x771.jpg 1024w\" sizes=\"auto, (max-width: 1172px) 100vw, 1172px\" \/><figcaption id=\"caption-attachment-10100\" class=\"wp-caption-text\">Storhannus g\u00e5rd i vinterskrud.<\/figcaption><\/figure>\n<figure id=\"attachment_10101\" aria-describedby=\"caption-attachment-10101\" style=\"width: 1200px\" class=\"wp-caption aligncenter\"><img loading=\"lazy\" decoding=\"async\" class=\"size-full wp-image-10101\" src=\"http:\/\/www.lassebacklund.fi\/wp-content\/uploads\/2018\/10\/ota295_foto_0727.jpg\" alt=\"\" width=\"1200\" height=\"809\" srcset=\"https:\/\/www.lassebacklund.fi\/wp-content\/uploads\/2018\/10\/ota295_foto_0727.jpg 1200w, https:\/\/www.lassebacklund.fi\/wp-content\/uploads\/2018\/10\/ota295_foto_0727-300x202.jpg 300w, https:\/\/www.lassebacklund.fi\/wp-content\/uploads\/2018\/10\/ota295_foto_0727-768x518.jpg 768w, https:\/\/www.lassebacklund.fi\/wp-content\/uploads\/2018\/10\/ota295_foto_0727-1024x690.jpg 1024w\" sizes=\"auto, (max-width: 1200px) 100vw, 1200px\" \/><figcaption id=\"caption-attachment-10101\" class=\"wp-caption-text\">Nytt m\u00f6ter gammalt, tv\u00e5 helt olika hustyper fr\u00e5n helt olika tid.<\/figcaption><\/figure>\n<figure id=\"attachment_10102\" aria-describedby=\"caption-attachment-10102\" style=\"width: 1200px\" class=\"wp-caption aligncenter\"><img loading=\"lazy\" decoding=\"async\" class=\"size-full wp-image-10102\" src=\"http:\/\/www.lassebacklund.fi\/wp-content\/uploads\/2018\/10\/ota295_foto_0728.jpg\" alt=\"\" width=\"1200\" height=\"805\" srcset=\"https:\/\/www.lassebacklund.fi\/wp-content\/uploads\/2018\/10\/ota295_foto_0728.jpg 1200w, https:\/\/www.lassebacklund.fi\/wp-content\/uploads\/2018\/10\/ota295_foto_0728-300x201.jpg 300w, https:\/\/www.lassebacklund.fi\/wp-content\/uploads\/2018\/10\/ota295_foto_0728-768x515.jpg 768w, https:\/\/www.lassebacklund.fi\/wp-content\/uploads\/2018\/10\/ota295_foto_0728-1024x687.jpg 1024w\" sizes=\"auto, (max-width: 1200px) 100vw, 1200px\" \/><figcaption id=\"caption-attachment-10102\" class=\"wp-caption-text\">&#8221;Saandr\u00e4nnons&#8221; s\u00f6dra sida med alla sina b\u00e5thus.<\/figcaption><\/figure>\n<figure id=\"attachment_10108\" aria-describedby=\"caption-attachment-10108\" style=\"width: 1200px\" class=\"wp-caption aligncenter\"><img loading=\"lazy\" decoding=\"async\" class=\"size-full wp-image-10108\" src=\"http:\/\/www.lassebacklund.fi\/wp-content\/uploads\/2018\/10\/ota295_foto_0734.jpg\" alt=\"\" width=\"1200\" height=\"812\" srcset=\"https:\/\/www.lassebacklund.fi\/wp-content\/uploads\/2018\/10\/ota295_foto_0734.jpg 1200w, https:\/\/www.lassebacklund.fi\/wp-content\/uploads\/2018\/10\/ota295_foto_0734-300x203.jpg 300w, https:\/\/www.lassebacklund.fi\/wp-content\/uploads\/2018\/10\/ota295_foto_0734-768x520.jpg 768w, https:\/\/www.lassebacklund.fi\/wp-content\/uploads\/2018\/10\/ota295_foto_0734-1024x693.jpg 1024w\" sizes=\"auto, (max-width: 1200px) 100vw, 1200px\" \/><figcaption id=\"caption-attachment-10108\" class=\"wp-caption-text\">Till v\u00e4nster Fenniag\u00e5rden, som byggdes 1939 men som Lappfj\u00e4rds Sparbank \u00f6vertog i juli 1951, d\u00e5 de flyttade kontoret dit. Till h\u00f6ger Lehtonens aff\u00e4r och Radiocaf\u00e9.<\/figcaption><\/figure>\n<figure id=\"attachment_10109\" aria-describedby=\"caption-attachment-10109\" style=\"width: 1176px\" class=\"wp-caption aligncenter\"><img loading=\"lazy\" decoding=\"async\" class=\"size-full wp-image-10109\" src=\"http:\/\/www.lassebacklund.fi\/wp-content\/uploads\/2018\/10\/ota295_foto_0735.jpg\" alt=\"\" width=\"1176\" height=\"769\" srcset=\"https:\/\/www.lassebacklund.fi\/wp-content\/uploads\/2018\/10\/ota295_foto_0735.jpg 1176w, https:\/\/www.lassebacklund.fi\/wp-content\/uploads\/2018\/10\/ota295_foto_0735-300x196.jpg 300w, https:\/\/www.lassebacklund.fi\/wp-content\/uploads\/2018\/10\/ota295_foto_0735-768x502.jpg 768w, https:\/\/www.lassebacklund.fi\/wp-content\/uploads\/2018\/10\/ota295_foto_0735-1024x670.jpg 1024w\" sizes=\"auto, (max-width: 1176px) 100vw, 1176px\" \/><figcaption id=\"caption-attachment-10109\" class=\"wp-caption-text\">H\u00e4r uppvisas en vattenmed, p\u00e5 vilken vattens\u00e5r transporterades mellan brunnen och hemmet. Ulfves Annas hem i bakgrunden.<\/figcaption><\/figure>\n<figure id=\"attachment_10107\" aria-describedby=\"caption-attachment-10107\" style=\"width: 1200px\" class=\"wp-caption aligncenter\"><img loading=\"lazy\" decoding=\"async\" class=\"size-full wp-image-10107\" src=\"http:\/\/www.lassebacklund.fi\/wp-content\/uploads\/2018\/10\/ota295_foto_0733.jpg\" alt=\"\" width=\"1200\" height=\"808\" srcset=\"https:\/\/www.lassebacklund.fi\/wp-content\/uploads\/2018\/10\/ota295_foto_0733.jpg 1200w, https:\/\/www.lassebacklund.fi\/wp-content\/uploads\/2018\/10\/ota295_foto_0733-300x202.jpg 300w, https:\/\/www.lassebacklund.fi\/wp-content\/uploads\/2018\/10\/ota295_foto_0733-768x517.jpg 768w, https:\/\/www.lassebacklund.fi\/wp-content\/uploads\/2018\/10\/ota295_foto_0733-1024x689.jpg 1024w\" sizes=\"auto, (max-width: 1200px) 100vw, 1200px\" \/><figcaption id=\"caption-attachment-10107\" class=\"wp-caption-text\">Uppvaktning vid hj\u00e4ltegravarna p\u00e5 de stupades dag.<\/figcaption><\/figure>\n<figure id=\"attachment_10110\" aria-describedby=\"caption-attachment-10110\" style=\"width: 1200px\" class=\"wp-caption aligncenter\"><img loading=\"lazy\" decoding=\"async\" class=\"size-full wp-image-10110\" src=\"http:\/\/www.lassebacklund.fi\/wp-content\/uploads\/2018\/10\/ota295_foto_0736.jpg\" alt=\"\" width=\"1200\" height=\"805\" srcset=\"https:\/\/www.lassebacklund.fi\/wp-content\/uploads\/2018\/10\/ota295_foto_0736.jpg 1200w, https:\/\/www.lassebacklund.fi\/wp-content\/uploads\/2018\/10\/ota295_foto_0736-300x201.jpg 300w, https:\/\/www.lassebacklund.fi\/wp-content\/uploads\/2018\/10\/ota295_foto_0736-768x515.jpg 768w, https:\/\/www.lassebacklund.fi\/wp-content\/uploads\/2018\/10\/ota295_foto_0736-1024x687.jpg 1024w\" sizes=\"auto, (max-width: 1200px) 100vw, 1200px\" \/><figcaption id=\"caption-attachment-10110\" class=\"wp-caption-text\">Hemming Lillmangs g\u00e5rd speglade sig vackert i vattnet som rann runt g\u00e5rden.<\/figcaption><\/figure>\n<figure id=\"attachment_10106\" aria-describedby=\"caption-attachment-10106\" style=\"width: 1200px\" class=\"wp-caption aligncenter\"><img loading=\"lazy\" decoding=\"async\" class=\"size-full wp-image-10106\" src=\"http:\/\/www.lassebacklund.fi\/wp-content\/uploads\/2018\/10\/ota295_foto_0732.jpg\" alt=\"\" width=\"1200\" height=\"812\" srcset=\"https:\/\/www.lassebacklund.fi\/wp-content\/uploads\/2018\/10\/ota295_foto_0732.jpg 1200w, https:\/\/www.lassebacklund.fi\/wp-content\/uploads\/2018\/10\/ota295_foto_0732-300x203.jpg 300w, https:\/\/www.lassebacklund.fi\/wp-content\/uploads\/2018\/10\/ota295_foto_0732-768x520.jpg 768w, https:\/\/www.lassebacklund.fi\/wp-content\/uploads\/2018\/10\/ota295_foto_0732-1024x693.jpg 1024w\" sizes=\"auto, (max-width: 1200px) 100vw, 1200px\" \/><figcaption id=\"caption-attachment-10106\" class=\"wp-caption-text\">Pojkarna utanf\u00f6r &#8221;Startjinas h\u00e4bbre&#8221; testar om skaften p\u00e5 gummist\u00f6vlarna r\u00e4cker till under den stora \u00f6versv\u00e4mningen, d\u00e5 hela Lappfj\u00e4rd lades under vatten.<\/figcaption><\/figure>\n<figure id=\"attachment_10104\" aria-describedby=\"caption-attachment-10104\" style=\"width: 1200px\" class=\"wp-caption aligncenter\"><img loading=\"lazy\" decoding=\"async\" class=\"size-full wp-image-10104\" src=\"http:\/\/www.lassebacklund.fi\/wp-content\/uploads\/2018\/10\/ota295_foto_0730.jpg\" alt=\"\" width=\"1200\" height=\"805\" srcset=\"https:\/\/www.lassebacklund.fi\/wp-content\/uploads\/2018\/10\/ota295_foto_0730.jpg 1200w, https:\/\/www.lassebacklund.fi\/wp-content\/uploads\/2018\/10\/ota295_foto_0730-300x201.jpg 300w, https:\/\/www.lassebacklund.fi\/wp-content\/uploads\/2018\/10\/ota295_foto_0730-768x515.jpg 768w, https:\/\/www.lassebacklund.fi\/wp-content\/uploads\/2018\/10\/ota295_foto_0730-1024x687.jpg 1024w\" sizes=\"auto, (max-width: 1200px) 100vw, 1200px\" \/><figcaption id=\"caption-attachment-10104\" class=\"wp-caption-text\">Ungdomslokalen var helt kringr\u00e4nd av vatten under den stora \u00f6versv\u00e4mningen.<\/figcaption><\/figure>\n<figure id=\"attachment_10103\" aria-describedby=\"caption-attachment-10103\" style=\"width: 1200px\" class=\"wp-caption aligncenter\"><img loading=\"lazy\" decoding=\"async\" class=\"size-full wp-image-10103\" src=\"http:\/\/www.lassebacklund.fi\/wp-content\/uploads\/2018\/10\/ota295_foto_0729.jpg\" alt=\"\" width=\"1200\" height=\"807\" srcset=\"https:\/\/www.lassebacklund.fi\/wp-content\/uploads\/2018\/10\/ota295_foto_0729.jpg 1200w, https:\/\/www.lassebacklund.fi\/wp-content\/uploads\/2018\/10\/ota295_foto_0729-300x202.jpg 300w, https:\/\/www.lassebacklund.fi\/wp-content\/uploads\/2018\/10\/ota295_foto_0729-768x516.jpg 768w, https:\/\/www.lassebacklund.fi\/wp-content\/uploads\/2018\/10\/ota295_foto_0729-1024x689.jpg 1024w\" sizes=\"auto, (max-width: 1200px) 100vw, 1200px\" \/><figcaption id=\"caption-attachment-10103\" class=\"wp-caption-text\">Vattenmassorna steg upp l\u00e4ngs husv\u00e4ggarna.<\/figcaption><\/figure>\n<figure id=\"attachment_10105\" aria-describedby=\"caption-attachment-10105\" style=\"width: 1168px\" class=\"wp-caption aligncenter\"><img loading=\"lazy\" decoding=\"async\" class=\"size-full wp-image-10105\" src=\"http:\/\/www.lassebacklund.fi\/wp-content\/uploads\/2018\/10\/ota295_foto_0731.jpg\" alt=\"\" width=\"1168\" height=\"784\" srcset=\"https:\/\/www.lassebacklund.fi\/wp-content\/uploads\/2018\/10\/ota295_foto_0731.jpg 1168w, https:\/\/www.lassebacklund.fi\/wp-content\/uploads\/2018\/10\/ota295_foto_0731-300x201.jpg 300w, https:\/\/www.lassebacklund.fi\/wp-content\/uploads\/2018\/10\/ota295_foto_0731-768x516.jpg 768w, https:\/\/www.lassebacklund.fi\/wp-content\/uploads\/2018\/10\/ota295_foto_0731-1024x687.jpg 1024w\" sizes=\"auto, (max-width: 1168px) 100vw, 1168px\" \/><figcaption id=\"caption-attachment-10105\" class=\"wp-caption-text\">Vattenmassorna str\u00e4ckte sig f\u00f6rbi idrottsplanen upp mot H\u00f6len. Bj\u00f6rses g\u00e5rd till h\u00f6ger.<\/figcaption><\/figure>\n<p>Mera foton av Selim Bj\u00f6rses hittar du genom att klicka<a href=\"https:\/\/www.lassebacklund.fi\/?page_id=10196\"><span style=\"color: #000080;\"><strong> H\u00c4R!<\/strong><\/span><\/a><\/p>\n","protected":false},"excerpt":{"rendered":"<p>H\u00e4r n\u00e5gra av folkskoll\u00e4raren Selim Bj\u00f6rses\u00b4 fotografier, som han tog \u00e5r 1965. Eric Stens har identifierat personerna och skrivit de flesta texter. Fotografierna \u00e4r fr\u00e5n Svenska Litteraturs\u00e4llskapets arkiv i Vasa. Mera foton av Selim Bj\u00f6rses hittar du genom att klicka <a class=\"more-link\" href=\"https:\/\/www.lassebacklund.fi\/?page_id=10113\">Forts\u00e4tt l\u00e4sa <span class=\"screen-reader-text\">  Selims foton fr\u00e5n \u00e5r 1965.<\/span><span class=\"meta-nav\">&rarr;<\/span><\/a><\/p>\n","protected":false},"author":1,"featured_media":0,"parent":4555,"menu_order":1965,"comment_status":"closed","ping_status":"closed","template":"","meta":{"footnotes":""},"class_list":["post-10113","page","type-page","status-publish","hentry"],"_links":{"self":[{"href":"https:\/\/www.lassebacklund.fi\/index.php?rest_route=\/wp\/v2\/pages\/10113","targetHints":{"allow":["GET"]}}],"collection":[{"href":"https:\/\/www.lassebacklund.fi\/index.php?rest_route=\/wp\/v2\/pages"}],"about":[{"href":"https:\/\/www.lassebacklund.fi\/index.php?rest_route=\/wp\/v2\/types\/page"}],"author":[{"embeddable":true,"href":"https:\/\/www.lassebacklund.fi\/index.php?rest_route=\/wp\/v2\/users\/1"}],"replies":[{"embeddable":true,"href":"https:\/\/www.lassebacklund.fi\/index.php?rest_route=%2Fwp%2Fv2%2Fcomments&post=10113"}],"version-history":[{"count":4,"href":"https:\/\/www.lassebacklund.fi\/index.php?rest_route=\/wp\/v2\/pages\/10113\/revisions"}],"predecessor-version":[{"id":22785,"href":"https:\/\/www.lassebacklund.fi\/index.php?rest_route=\/wp\/v2\/pages\/10113\/revisions\/22785"}],"up":[{"embeddable":true,"href":"https:\/\/www.lassebacklund.fi\/index.php?rest_route=\/wp\/v2\/pages\/4555"}],"wp:attachment":[{"href":"https:\/\/www.lassebacklund.fi\/index.php?rest_route=%2Fwp%2Fv2%2Fmedia&parent=10113"}],"curies":[{"name":"wp","href":"https:\/\/api.w.org\/{rel}","templated":true}]}}