{"id":1007,"date":"2016-10-11T17:13:28","date_gmt":"2016-10-11T15:13:28","guid":{"rendered":"http:\/\/www.lassebacklund.fi\/?page_id=1007"},"modified":"2018-09-22T07:45:21","modified_gmt":"2018-09-22T05:45:21","slug":"lillkulls-slaktutredning","status":"publish","type":"page","link":"https:\/\/www.lassebacklund.fi\/?page_id=1007","title":{"rendered":"Lillkull-Pelas vid Lillbroen i Dagsmark."},"content":{"rendered":"<h2><strong>\u00a0<\/strong><\/h2>\n<p><span style=\"color: #000080;\">Denna sl\u00e4ktutredning uppgjord \u00e5r 2014 av Inga-Lill Sandstr\u00f6m, barnbarnsbarn till \u201dPelas-G\u00e5bbin\u201d, f\u00f6dd Lillkull p\u00e5 A-sidon men bosatt i Vasa. Det \u00e4r allts\u00e5 en utredning \u00f6ver personer som \u00e4r f\u00f6dda eller har bott i g\u00e5rden under \u201dPelas tiden\u201d.<\/span><\/p>\n<p><strong>Lars Larsson Lillkull<\/strong> (1729-1815) kom som m\u00e5g till Lillkull hemman. Han gifte sig 1751 med Britha Pehrsdotter Lillkull (1726-1756). Lars Larsson var f\u00f6dd p\u00e5 \u00c4bb hemman i Lappfj\u00e4rd. Hans far hette Lars Henriksson, f\u00f6dd ca 1690 och bonde p\u00e5 \u00c4bb hemman fr\u00e5n 1723 till sin d\u00f6d 1741. Modern hette Anna Mattsdotter och hon dog 21.12.1751.<\/p>\n<p>Farf\u00f6r\u00e4ldrarna var Henrik M\u00e5rtensson och Gertrud f\u00f6dda p\u00e5 1650-60-talet. De gifte sig 1688 och var b\u00f6nder p\u00e5 \u00c4bb hemman om 2\/3 dels mantal. Farmodern Gertrud dog 1742.<\/p>\n<p>Henrik M\u00e5rtenssons far var bonde p\u00e5 samma \u00c4bb-hemman fr\u00e5n 1648.<\/p>\n<p>Lars Larssons syskon var Henrik Larsson \u00c4bb (1712-1777) och Maria Larsdotter \u00c4bb (1725-1803. Det \u00e4r brodern Henrik \u00c4bbs \u00e4ttlingar som behandlas i boken Sl\u00e4kten \u00c4bb. Systern Maria Larsdotter var gift med bonden Erik Mattsson Storhannus (1727-1801).<\/p>\n<p>Britha Pehrsdotter Lillkull var piga p\u00e5 \u00c4bb-hemman d\u00e5 hon och Lars gifte sig 1751. Ett par \u00e5r bodde de tillsammans med Lars bror Henrik \u00c4bb men fr\u00e5n 1753 \u00e4r de skrivna p\u00e5 Lillkull hemman. Senare kl\u00f6vs hemmanet s\u00e5 att Britas bror Johan Pehrsson Lillkull blev bonde p\u00e5 ena halvan och Lars Larsson Lillkull blev husbonde och \u00e4gare till andra halvan.<\/p>\n<p>Gift 1 g\u00e5ngen med Brita Pehrsdotter Lillkull (1726-1756) Barn: Maria Larsdotter(1754-1809).Gift med Gilius Eliasson \u00c4bb. Namnet Pelas kommer troligen fr\u00e5n Britas far Pehr Isaksson Lillkull(1688-1779).<\/p>\n<p>Lars Larsson gift 2 g\u00e5ngen\u00a0med soldatdottern Lisa Mattsdotter Strandman (1734-1801). Barn i andra \u00e4ktenskapet:<\/p>\n<p>Johan (1760-1816) Gift med Anna Eriksdotter Korsb\u00e4ck(1761-1843)<\/p>\n<p>Anna f.1762. Gift med Jonas Dahl (f\u00f6dd i Dalarna i Sverige)<\/p>\n<p>Erik f. 1764. Drunknade 1796 vid s\u00e4ljakt utanf\u00f6r Skaftung.<\/p>\n<p>Margareta f.1767. Gift med Erik Kroksm\u00e5ssa<\/p>\n<p>Chatarina f.1770<\/p>\n<p>Henrik (1776-1856) torpare p\u00e5 Lillkull. Ogift.<\/p>\n<p>Lars Larsson var husbonde och \u00e4gare till halva Lillkull hemman 1764-1801. Troligen var det han som med familjen flyttade fr\u00e5n byn till A-sidon och byggde g\u00e5rden vid Lillbron i slutet p\u00e5 1700-talet i samband med f\u00f6rsta storskiftet.<\/p>\n<p><strong>Johan Larsson Lillkull<\/strong> (1760-1816) som var den \u00e4ldsta sonen \u00f6vertog hemmanet och var bonde p\u00e5 Lillkull under \u00e5ren 1802-1816. Han var gift med n\u00e4mndemanna dottern Anna Eriksdotter Korsb\u00e4ck(1761-1843). Barn:<\/p>\n<p>Erik (1788-1825). Gift med Greta Carlsdotter Lillkull(1785-1856)<\/p>\n<p>Anna-Greta f.1796. Gift med torparen Johan Pettersson Fr\u00f6berg.<\/p>\n<p>Johan f.1796. Torpare p\u00e5 Lillkull. Gift med Caisa Mattsdotter Lillsj\u00f6.<\/p>\n<p>Cajsa f. 1804. Gift med bonden Johan Henrik Henriksson Lillkull.<\/p>\n<p><strong>Erik Johansson Lillkull<\/strong> (1788-1825) tog \u00f6ver hemmanet efter faderns d\u00f6d 1816. Fadern Johan Larsson hade sj\u00e4lv f\u00f6re sin d\u00f6d skrivit hemmanet \u00e5t \u00e4ldsta sonen och hade v\u00e4rderat det till 84 silverrubel och 32 kopek. Hemmanet bestod d\u00e5 av 5\/24 dels mantal av Lillkull skattehemman nr. 5. I areal utgjorde hemmanet omkring 400 hektar skog och jord. Dit h\u00f6rde st\u00f6rsta delen av A-sidon samt skog p\u00e5 Berg\u00e5sen och Drag\u00e5sen. Eriks hustru Greta Carlsdotter var barnbarnsbarn till Pehr Isaksson Lillkull (1688-1779) och genom henne blev de efterkommande \u201driktiga\u201d Pelas\u00e4ttlingar.<\/p>\n<p>Eriks och Gretas barn:<\/p>\n<p>Johan (1808-1893). Gift 1. Maja Greta Johansdr. Klemets. Gift 2. Greta Sofia Isaksdotter Lillteir.<\/p>\n<p>Maja Greta f.1811. \u00a0Gift med Carl-Gustaf Jacobsson Finne.<\/p>\n<p>Erik Henrik (1814-1878). Gift med Anna Greta Eriksdr. P\u00e4rus.<\/p>\n<p>Anna Lena f.1821. Gift med Matts Andersson Bj\u00f6rses f. 1818.<\/p>\n<p>Erik Johansson Lillkull f. 1788 dog i slag \u00e5r 1825 endast 36 \u00e5r gammal.<\/p>\n<p>Efter Erik Johanssons d\u00f6d f\u00f6restod \u00e4nkan Greta Carlsdotter hemmanet tills s\u00f6nerna Johan f. 1808 \u00a0och Erik Henrik f.1814 blivit myndiga.<\/p>\n<p>Hemmanet p\u00e5 ungef\u00e4r 400 hektar delades mellan dem. Johan \u00f6vertog hemg\u00e5rden vid Lillbron och Erik Henrik byggde ny g\u00e5rd l\u00e4ngre s\u00f6derut vid nuvarande Sunnantillv\u00e4gen. ( Den g\u00e5rd som vi minns som Karl och Gunnar Lillkulls hemg\u00e5rd). Erik Henrik gifte sig till P\u00e4rus och flyttade senare dit och hans g\u00e5rd och hemmansdel \u00f6vertogs d\u00e5 av systern Anna Lena (1821-1872)\u00a0gift med Matts Bj\u00f6rses (1818-1880).<\/p>\n<p><strong>Johan Eriksson Lillkull<\/strong> (1808-1893) och som kallades f\u00f6r \u201cPelas-G\u00e5bbin\u201d blev bonde vid Lillbron och fick i sitt f\u00f6rsta \u00e4ktenskap med Maja Greta Klemets m\u00e5nga barn men endast dottern Maja Lena (1840-1913) levde till vuxen \u00e5lder. Johan och Maja Greta hade \u00e4ven en fosterdotter som hette Kristina Vilhelmina Esaiasdotter Korsb\u00e4ck f.1843.<\/p>\n<p><strong>Maja Lena Lillkull<\/strong> (1840-1913) och hennes man Reinhold Henriksson Korsb\u00e4ck (1833-1913) blev f\u00f6ljande b\u00f6nder p\u00e5 hemmanet d\u00e5 fadern Johan tog sytning \u00e5r 1870. De kallades i folkmun f\u00f6r \u201cPelas Majlen och Reenh\u00e5lt\u201d.<\/p>\n<p>Av deras barn levde s\u00f6nerna Josef Henrik f. 1865 (for till Amerika 1887) och Johan Viktor f. 1868 till vuxen \u00e5lder.<\/p>\n<p>Sedan Johan Eriksson Lillkull f.1808, allts\u00e5 \u201cPelas g\u00e5bbin\u201d, blivit \u00e4nkling och sytningsman gifte han om sig med \u00e4nkan Greta Sofia Hammarberg. I det \u00e4ktenskapet f\u00f6ddes d\u00f6ttrarna Sofia Vilhelmina (1874-1955) och \u00a0Anna Kajsa (1876-1958). Greta Sofia hade \u00e4ven med sig till boet s\u00f6nerna fr\u00e5n sitt f\u00f6rsta \u00e4ktenskap: Johan Henrik f. 1861 och Josef f. 1862.<\/p>\n<p><strong>Johan <u>Viktor<\/u> Lillkull<\/strong> (f. 1868 &#8211; d\u00f6d i Amerika) som kallades f\u00f6r \u201cPelas-Viktor\u201d tog \u00f6ver hemmanet \u00e5r 1893 och f\u00f6r\u00e4ldrarna Maja Lena och Reinhold tog sytning. Viktor var gift med Katarina (Kajs) Eriks fr\u00e5n Tj\u00f6ck (1866-1958). De fick 11 barn av vilka 7 levde till vuxen \u00e5lder.<\/p>\n<p>-Viktor Leonard (1895-1961). Till Amerika 1916 men \u00e5terkom.<\/p>\n<p>-Frans Severin (1896-1953). Till Amerika 1913. Tog i Amerika namnet Lind. Gift med Signe fr\u00e5n Sverige. En son Frank Kennet lever\u00a0i\u00a0\u00a0 Amerika.<\/p>\n<p>-Maria Irene (1897-1976). Gift Granberg i Korsb\u00e4ck.<\/p>\n<p>-Amanda Josefina (1899-1986). Gift med Frans Lillsj\u00f6, senare L\u00f6vdahl.<\/p>\n<p>-Selma Johanna (1902-1969). Gift med Evert Storkull.<\/p>\n<p>-Johannes (1905-1946). Till Amerika. Tog d\u00e4r namnet Lind. Gift med Helga fr\u00e5n Sverige, barnl\u00f6s.<\/p>\n<p>-Elna Olivia (1909-1985). Gift med Anselm Lillkull.<\/p>\n","protected":false},"excerpt":{"rendered":"<p>\u00a0 Denna sl\u00e4ktutredning uppgjord \u00e5r 2014 av Inga-Lill Sandstr\u00f6m, barnbarnsbarn till \u201dPelas-G\u00e5bbin\u201d, f\u00f6dd Lillkull p\u00e5 A-sidon men bosatt i Vasa. Det \u00e4r allts\u00e5 en utredning \u00f6ver personer som \u00e4r f\u00f6dda eller har bott i g\u00e5rden under \u201dPelas tiden\u201d. Lars Larsson <a class=\"more-link\" href=\"https:\/\/www.lassebacklund.fi\/?page_id=1007\">Forts\u00e4tt l\u00e4sa <span class=\"screen-reader-text\">  Lillkull-Pelas vid Lillbroen i Dagsmark.<\/span><span class=\"meta-nav\">&rarr;<\/span><\/a><\/p>\n","protected":false},"author":1,"featured_media":0,"parent":980,"menu_order":0,"comment_status":"closed","ping_status":"closed","template":"","meta":{"footnotes":""},"class_list":["post-1007","page","type-page","status-publish","hentry"],"_links":{"self":[{"href":"https:\/\/www.lassebacklund.fi\/index.php?rest_route=\/wp\/v2\/pages\/1007","targetHints":{"allow":["GET"]}}],"collection":[{"href":"https:\/\/www.lassebacklund.fi\/index.php?rest_route=\/wp\/v2\/pages"}],"about":[{"href":"https:\/\/www.lassebacklund.fi\/index.php?rest_route=\/wp\/v2\/types\/page"}],"author":[{"embeddable":true,"href":"https:\/\/www.lassebacklund.fi\/index.php?rest_route=\/wp\/v2\/users\/1"}],"replies":[{"embeddable":true,"href":"https:\/\/www.lassebacklund.fi\/index.php?rest_route=%2Fwp%2Fv2%2Fcomments&post=1007"}],"version-history":[{"count":5,"href":"https:\/\/www.lassebacklund.fi\/index.php?rest_route=\/wp\/v2\/pages\/1007\/revisions"}],"predecessor-version":[{"id":9822,"href":"https:\/\/www.lassebacklund.fi\/index.php?rest_route=\/wp\/v2\/pages\/1007\/revisions\/9822"}],"up":[{"embeddable":true,"href":"https:\/\/www.lassebacklund.fi\/index.php?rest_route=\/wp\/v2\/pages\/980"}],"wp:attachment":[{"href":"https:\/\/www.lassebacklund.fi\/index.php?rest_route=%2Fwp%2Fv2%2Fmedia&parent=1007"}],"curies":[{"name":"wp","href":"https:\/\/api.w.org\/{rel}","templated":true}]}}