{"id":10040,"date":"2018-10-09T18:00:12","date_gmt":"2018-10-09T16:00:12","guid":{"rendered":"http:\/\/www.lassebacklund.fi\/?page_id=10040"},"modified":"2024-03-26T23:35:16","modified_gmt":"2024-03-26T21:35:16","slug":"hentela-huldas-eller-rudis-gard-pa-lisa-moravagen-35","status":"publish","type":"page","link":"https:\/\/www.lassebacklund.fi\/?page_id=10040","title":{"rendered":"Hentela Huldas eller Rudis p\u00e5 Lisa-Morav\u00e4gen 35"},"content":{"rendered":"<figure id=\"attachment_10033\" aria-describedby=\"caption-attachment-10033\" style=\"width: 1600px\" class=\"wp-caption aligncenter\"><img loading=\"lazy\" decoding=\"async\" class=\"size-full wp-image-10033\" src=\"http:\/\/www.lassebacklund.fi\/wp-content\/uploads\/2018\/10\/1.jpg\" alt=\"\" width=\"1600\" height=\"1200\" srcset=\"https:\/\/www.lassebacklund.fi\/wp-content\/uploads\/2018\/10\/1.jpg 1600w, https:\/\/www.lassebacklund.fi\/wp-content\/uploads\/2018\/10\/1-300x225.jpg 300w, https:\/\/www.lassebacklund.fi\/wp-content\/uploads\/2018\/10\/1-768x576.jpg 768w, https:\/\/www.lassebacklund.fi\/wp-content\/uploads\/2018\/10\/1-1024x768.jpg 1024w\" sizes=\"auto, (max-width: 1600px) 100vw, 1600px\" \/><figcaption id=\"caption-attachment-10033\" class=\"wp-caption-text\">&#8221;Hentela Huldas&#8221;, senare Rudi Nybergs g\u00e5rd fotograferad fr\u00e5n norr \u00e5r 2003.<\/figcaption><\/figure>\n<p><strong><span style=\"color: #000080;\">Sammanst\u00e4llt av Lasse Backlund \u00e5r 2013 och har kompletterats flera g\u00e5nger sedan dess.<\/span><\/strong><\/p>\n<div class=\"mceTemp\"><\/div>\n<p><span style=\"margin: 0px; color: black; font-family: 'Helvetica','sans-serif';\">Det h\u00e4r huset byggdes i b\u00f6rjan p\u00e5 1900-talet av Otto Nyholm, hemma fr\u00e5n Lappfj\u00e4rd. Han arbetade som maskinist p\u00e5 Dagsmark Andelsmejeri och han fick lov av Erland Krook att bygga p\u00e5 dennes mark i skogsbrynet.\u00a0 O<\/span><span style=\"margin: 0px; color: black; font-family: 'Helvetica','sans-serif';\">tto Nyholm var gift med Hulda (1902-1979) som kallades &#8221;Hentela Hulda&#8221; och de fick sonen Bernt. Efter Ottos d\u00f6d gifte Hulda om sig i mars 1938 med \u00e4nklingen Erland Bj\u00f6rklund (f. 1903) fr\u00e5n Lappfj\u00e4rd och de fick dottern Karin. Erland hade tidigare varit gift med Lempi Jaakopintyt\u00e4r J\u00e4rvenp\u00e4\u00e4 fr\u00e5n B\u00f6tom och han fick med henne 4 barn men endast sonen Einar (f. 1924) levde till vuxen \u00e5lder.<\/span><\/p>\n<figure id=\"attachment_2646\" aria-describedby=\"caption-attachment-2646\" style=\"width: 973px\" class=\"wp-caption aligncenter\"><img loading=\"lazy\" decoding=\"async\" class=\"size-full wp-image-2646\" src=\"http:\/\/www.lassebacklund.fi\/wp-content\/uploads\/2017\/02\/14.jpg\" alt=\"\" width=\"973\" height=\"674\" srcset=\"https:\/\/www.lassebacklund.fi\/wp-content\/uploads\/2017\/02\/14.jpg 973w, https:\/\/www.lassebacklund.fi\/wp-content\/uploads\/2017\/02\/14-300x208.jpg 300w, https:\/\/www.lassebacklund.fi\/wp-content\/uploads\/2017\/02\/14-768x532.jpg 768w\" sizes=\"auto, (max-width: 973px) 100vw, 973px\" \/><figcaption id=\"caption-attachment-2646\" class=\"wp-caption-text\">Makarna Erland Bj\u00f6rklund och Hentela Hulda gr\u00e4ftar potatis tillsammans med <a href=\"http:\/\/www.lassebacklund.fi\/?page_id=2662\">Helmi L\u00f6vholm<\/a> till h\u00f6ger.<\/figcaption><\/figure>\n<figure id=\"attachment_10035\" aria-describedby=\"caption-attachment-10035\" style=\"width: 1024px\" class=\"wp-caption aligncenter\"><img loading=\"lazy\" decoding=\"async\" class=\"size-full wp-image-10035\" src=\"http:\/\/www.lassebacklund.fi\/wp-content\/uploads\/2018\/10\/3.jpg\" alt=\"\" width=\"1024\" height=\"666\" srcset=\"https:\/\/www.lassebacklund.fi\/wp-content\/uploads\/2018\/10\/3.jpg 1024w, https:\/\/www.lassebacklund.fi\/wp-content\/uploads\/2018\/10\/3-300x195.jpg 300w, https:\/\/www.lassebacklund.fi\/wp-content\/uploads\/2018\/10\/3-768x500.jpg 768w\" sizes=\"auto, (max-width: 1024px) 100vw, 1024px\" \/><figcaption id=\"caption-attachment-10035\" class=\"wp-caption-text\">Stugan och uthuset fotograferat 1985 av John Hammarberg.<\/figcaption><\/figure>\n<p><span style=\"margin: 0px; color: black; font-family: 'Helvetica','sans-serif';\">Huset och uthuset st\u00e5r riktigt n\u00e4ra den gamla v\u00e4gen mellan Storliden och Dagsmark. I dag verkar st\u00e4llet avsides men f\u00f6re \u00c5backv\u00e4gens tillkomst i mitten av 1930-talet s\u00e5 var det h\u00e4r den b\u00e4sta v\u00e4gen till Storliden och B\u00f6tom. Det var f\u00f6rst \u00e5r 1949 som Erland och Hulda k\u00f6pte tomten p\u00e5 10 ar av Ragnar och Verna L\u00e5ngfors, som var de nya \u00e4garna till Krook hemmanet.\u00a0<\/span><\/p>\n<p><span style=\"margin: 0px; color: black; font-family: 'Helvetica','sans-serif';\">Denne Erland var f\u00f6r \u00f6vrigt bror till <a href=\"http:\/\/www.lassebacklund.fi\/?page_id=14121\">Adelina Ranta,<\/a> som bodde i Nystad. Hulda som kallades f\u00f6r Hentela Hulda flyttade sedan till Lappfj\u00e4rd och d\u00e5 s\u00e5lde hon g\u00e5rden \u00e5t Rudi Nyberg (f.1917-d.1983). Rudi var son till Selma Nyberg (1889-1968) fr\u00e5n <a href=\"http:\/\/www.lassebacklund.fi\/?page_id=2034\">Eerkas p\u00e5 Sunnantillv\u00e4gen.<\/a> Selma gifte sig sedan med Viktor Berglind fr\u00e5n Korsb\u00e4ck, och de fick d\u00e5 dottern Anita, gift med J\u00f6rgen Lindqvist. <\/span><\/p>\n<p><span style=\"margin: 0px; color: black; font-family: 'Helvetica','sans-serif';\">Rudi, som kallades &#8221;Skogs Rudi&#8221; var ogift och barnl\u00f6s. Han deltog i kriget men sedan arbetade han som chauff\u00f6r och som diversearbetare. Han bodde en tid i Sverige och \u00e5r 1968 k\u00f6pte han Berit Lillkulls hemman och g\u00e5rd p\u00e5 Sunnantillv\u00e4gen och han flyttade d\u00e5 dit. Den h\u00e4r g\u00e5rden s\u00e5lde han \u00e5r 1974 \u00e5t H\u00e5kan S\u00f6derqvist och de sista \u00e5ren i livet bodde han igen i Hentela Huldas gamla stuga.\u00a0<\/span><\/p>\n<figure id=\"attachment_10092\" aria-describedby=\"caption-attachment-10092\" style=\"width: 517px\" class=\"wp-caption aligncenter\"><img loading=\"lazy\" decoding=\"async\" class=\"size-full wp-image-10092\" src=\"http:\/\/www.lassebacklund.fi\/wp-content\/uploads\/2018\/10\/Per-Rosenstedt-Rudi-Nyberg-och-Verner-Stor\u00e5s-fr\u00e5n-Tj\u00f6ck.jpg\" alt=\"\" width=\"517\" height=\"361\" srcset=\"https:\/\/www.lassebacklund.fi\/wp-content\/uploads\/2018\/10\/Per-Rosenstedt-Rudi-Nyberg-och-Verner-Stor\u00e5s-fr\u00e5n-Tj\u00f6ck.jpg 517w, https:\/\/www.lassebacklund.fi\/wp-content\/uploads\/2018\/10\/Per-Rosenstedt-Rudi-Nyberg-och-Verner-Stor\u00e5s-fr\u00e5n-Tj\u00f6ck-300x209.jpg 300w\" sizes=\"auto, (max-width: 517px) 100vw, 517px\" \/><figcaption id=\"caption-attachment-10092\" class=\"wp-caption-text\">I mitten sitter undersergeant Rudi Nyberg fr\u00e5n Dagsmark, till v\u00e4nster Per Rosenstedt fr\u00e5n Perus och till h\u00f6ger Verner Stor\u00e5s fr\u00e5n Tj\u00f6ck. Rudi var k\u00e4nd som en kallblodig patrullman, som nattetid ensam r\u00f6rde sig bakom fiendens linjer bev\u00e4pnad med en stor kniv. Hur m\u00e5nga fiender har hade p\u00e5 sitt samvete vet ingen men kamraterna vittnade om hans stora samling med ryska kokarder.<\/figcaption><\/figure>\n<figure id=\"attachment_10034\" aria-describedby=\"caption-attachment-10034\" style=\"width: 1600px\" class=\"wp-caption aligncenter\"><img loading=\"lazy\" decoding=\"async\" class=\"size-full wp-image-10034\" src=\"http:\/\/www.lassebacklund.fi\/wp-content\/uploads\/2018\/10\/2.jpg\" alt=\"\" width=\"1600\" height=\"1200\" srcset=\"https:\/\/www.lassebacklund.fi\/wp-content\/uploads\/2018\/10\/2.jpg 1600w, https:\/\/www.lassebacklund.fi\/wp-content\/uploads\/2018\/10\/2-300x225.jpg 300w, https:\/\/www.lassebacklund.fi\/wp-content\/uploads\/2018\/10\/2-768x576.jpg 768w, https:\/\/www.lassebacklund.fi\/wp-content\/uploads\/2018\/10\/2-1024x768.jpg 1024w\" sizes=\"auto, (max-width: 1600px) 100vw, 1600px\" \/><figcaption id=\"caption-attachment-10034\" class=\"wp-caption-text\">\u00c5r 2014 var uthuset inv\u00e4xt av tr\u00e4d.<\/figcaption><\/figure>\n<figure id=\"attachment_10036\" aria-describedby=\"caption-attachment-10036\" style=\"width: 492px\" class=\"wp-caption aligncenter\"><img loading=\"lazy\" decoding=\"async\" class=\" wp-image-10036\" src=\"http:\/\/www.lassebacklund.fi\/wp-content\/uploads\/2018\/10\/Einar-Bj\u00f6rklund-son-till-Erland-Bj\u00f6rklund.jpg\" alt=\"\" width=\"492\" height=\"839\" srcset=\"https:\/\/www.lassebacklund.fi\/wp-content\/uploads\/2018\/10\/Einar-Bj\u00f6rklund-son-till-Erland-Bj\u00f6rklund.jpg 692w, https:\/\/www.lassebacklund.fi\/wp-content\/uploads\/2018\/10\/Einar-Bj\u00f6rklund-son-till-Erland-Bj\u00f6rklund-176x300.jpg 176w, https:\/\/www.lassebacklund.fi\/wp-content\/uploads\/2018\/10\/Einar-Bj\u00f6rklund-son-till-Erland-Bj\u00f6rklund-601x1024.jpg 601w\" sizes=\"auto, (max-width: 492px) 100vw, 492px\" \/><figcaption id=\"caption-attachment-10036\" class=\"wp-caption-text\">Einar Bj\u00f6rklund, f. 1924, son till Erland Bj\u00f6rklund fr\u00e5n hans f\u00f6rsta gifte med Lempi Selina J\u00e4rvenp\u00e4\u00e4 fr\u00e5n B\u00f6tom.<\/figcaption><\/figure>\n<figure id=\"attachment_10037\" aria-describedby=\"caption-attachment-10037\" style=\"width: 978px\" class=\"wp-caption aligncenter\"><img loading=\"lazy\" decoding=\"async\" class=\"size-full wp-image-10037\" src=\"http:\/\/www.lassebacklund.fi\/wp-content\/uploads\/2018\/10\/Hentela-Hulda-och-Erland.jpg\" alt=\"\" width=\"978\" height=\"573\" srcset=\"https:\/\/www.lassebacklund.fi\/wp-content\/uploads\/2018\/10\/Hentela-Hulda-och-Erland.jpg 978w, https:\/\/www.lassebacklund.fi\/wp-content\/uploads\/2018\/10\/Hentela-Hulda-och-Erland-300x176.jpg 300w, https:\/\/www.lassebacklund.fi\/wp-content\/uploads\/2018\/10\/Hentela-Hulda-och-Erland-768x450.jpg 768w\" sizes=\"auto, (max-width: 978px) 100vw, 978px\" \/><figcaption id=\"caption-attachment-10037\" class=\"wp-caption-text\">Hentela-Hulda och Erland Bj\u00f6rklund utanf\u00f6r hemmet,<\/figcaption><\/figure>\n<figure id=\"attachment_10039\" aria-describedby=\"caption-attachment-10039\" style=\"width: 1408px\" class=\"wp-caption aligncenter\"><img loading=\"lazy\" decoding=\"async\" class=\"size-full wp-image-10039\" src=\"http:\/\/www.lassebacklund.fi\/wp-content\/uploads\/2018\/10\/IMG_1052.jpg\" alt=\"\" width=\"1408\" height=\"1056\" srcset=\"https:\/\/www.lassebacklund.fi\/wp-content\/uploads\/2018\/10\/IMG_1052.jpg 1408w, https:\/\/www.lassebacklund.fi\/wp-content\/uploads\/2018\/10\/IMG_1052-300x225.jpg 300w, https:\/\/www.lassebacklund.fi\/wp-content\/uploads\/2018\/10\/IMG_1052-768x576.jpg 768w, https:\/\/www.lassebacklund.fi\/wp-content\/uploads\/2018\/10\/IMG_1052-1024x768.jpg 1024w\" sizes=\"auto, (max-width: 1408px) 100vw, 1408px\" \/><figcaption id=\"caption-attachment-10039\" class=\"wp-caption-text\">Uthuset fotograferat fr\u00e5n norr \u00e5r 2014.<\/figcaption><\/figure>\n<figure id=\"attachment_10038\" aria-describedby=\"caption-attachment-10038\" style=\"width: 1408px\" class=\"wp-caption aligncenter\"><img loading=\"lazy\" decoding=\"async\" class=\"size-full wp-image-10038\" src=\"http:\/\/www.lassebacklund.fi\/wp-content\/uploads\/2018\/10\/IMG_1051.jpg\" alt=\"\" width=\"1408\" height=\"1056\" srcset=\"https:\/\/www.lassebacklund.fi\/wp-content\/uploads\/2018\/10\/IMG_1051.jpg 1408w, https:\/\/www.lassebacklund.fi\/wp-content\/uploads\/2018\/10\/IMG_1051-300x225.jpg 300w, https:\/\/www.lassebacklund.fi\/wp-content\/uploads\/2018\/10\/IMG_1051-768x576.jpg 768w, https:\/\/www.lassebacklund.fi\/wp-content\/uploads\/2018\/10\/IMG_1051-1024x768.jpg 1024w\" sizes=\"auto, (max-width: 1408px) 100vw, 1408px\" \/><figcaption id=\"caption-attachment-10038\" class=\"wp-caption-text\">Farstukvisten \u00e4r totalt s\u00f6nderfallen sommaren 2014.<\/figcaption><\/figure>\n<figure id=\"attachment_13401\" aria-describedby=\"caption-attachment-13401\" style=\"width: 2304px\" class=\"wp-caption alignnone\"><img loading=\"lazy\" decoding=\"async\" class=\"size-full wp-image-13401\" src=\"http:\/\/www.lassebacklund.fi\/wp-content\/uploads\/2019\/08\/Rudis-stuga-2019.jpg\" alt=\"\" width=\"2304\" height=\"1704\" srcset=\"https:\/\/www.lassebacklund.fi\/wp-content\/uploads\/2019\/08\/Rudis-stuga-2019.jpg 2304w, https:\/\/www.lassebacklund.fi\/wp-content\/uploads\/2019\/08\/Rudis-stuga-2019-300x222.jpg 300w, https:\/\/www.lassebacklund.fi\/wp-content\/uploads\/2019\/08\/Rudis-stuga-2019-768x568.jpg 768w, https:\/\/www.lassebacklund.fi\/wp-content\/uploads\/2019\/08\/Rudis-stuga-2019-1024x757.jpg 1024w\" sizes=\"auto, (max-width: 2304px) 100vw, 2304px\" \/><figcaption id=\"caption-attachment-13401\" class=\"wp-caption-text\">P\u00e5 fotot fr\u00e5n \u00e5r 2019 s\u00e5 ser man att f\u00f6rfallet forts\u00e4tter och att naturen t\u00e4nker ta tillbaka omr\u00e5det.<\/figcaption><\/figure>\n<figure id=\"attachment_13402\" aria-describedby=\"caption-attachment-13402\" style=\"width: 2304px\" class=\"wp-caption alignnone\"><img loading=\"lazy\" decoding=\"async\" class=\"size-full wp-image-13402\" src=\"http:\/\/www.lassebacklund.fi\/wp-content\/uploads\/2019\/08\/Rudis-uthus-2019.jpg\" alt=\"\" width=\"2304\" height=\"1704\" srcset=\"https:\/\/www.lassebacklund.fi\/wp-content\/uploads\/2019\/08\/Rudis-uthus-2019.jpg 2304w, https:\/\/www.lassebacklund.fi\/wp-content\/uploads\/2019\/08\/Rudis-uthus-2019-300x222.jpg 300w, https:\/\/www.lassebacklund.fi\/wp-content\/uploads\/2019\/08\/Rudis-uthus-2019-768x568.jpg 768w, https:\/\/www.lassebacklund.fi\/wp-content\/uploads\/2019\/08\/Rudis-uthus-2019-1024x757.jpg 1024w\" sizes=\"auto, (max-width: 2304px) 100vw, 2304px\" \/><figcaption id=\"caption-attachment-13402\" class=\"wp-caption-text\">S\u00e5 l\u00e4nge taket \u00e4r helt s\u00e5 h\u00e5ller sj\u00e4lva byggnaden ocks\u00e5, det ser man p\u00e5 fotot fr\u00e5n augusti 2019.<\/figcaption><\/figure>\n","protected":false},"excerpt":{"rendered":"<p>Sammanst\u00e4llt av Lasse Backlund \u00e5r 2013 och har kompletterats flera g\u00e5nger sedan dess. Det h\u00e4r huset byggdes i b\u00f6rjan p\u00e5 1900-talet av Otto Nyholm, hemma fr\u00e5n Lappfj\u00e4rd. Han arbetade som maskinist p\u00e5 Dagsmark Andelsmejeri och han fick lov av Erland <a class=\"more-link\" href=\"https:\/\/www.lassebacklund.fi\/?page_id=10040\">Forts\u00e4tt l\u00e4sa <span class=\"screen-reader-text\">  Hentela Huldas eller Rudis p\u00e5 Lisa-Morav\u00e4gen 35<\/span><span class=\"meta-nav\">&rarr;<\/span><\/a><\/p>\n","protected":false},"author":1,"featured_media":0,"parent":80,"menu_order":35,"comment_status":"closed","ping_status":"closed","template":"","meta":{"footnotes":""},"class_list":["post-10040","page","type-page","status-publish","hentry"],"_links":{"self":[{"href":"https:\/\/www.lassebacklund.fi\/index.php?rest_route=\/wp\/v2\/pages\/10040","targetHints":{"allow":["GET"]}}],"collection":[{"href":"https:\/\/www.lassebacklund.fi\/index.php?rest_route=\/wp\/v2\/pages"}],"about":[{"href":"https:\/\/www.lassebacklund.fi\/index.php?rest_route=\/wp\/v2\/types\/page"}],"author":[{"embeddable":true,"href":"https:\/\/www.lassebacklund.fi\/index.php?rest_route=\/wp\/v2\/users\/1"}],"replies":[{"embeddable":true,"href":"https:\/\/www.lassebacklund.fi\/index.php?rest_route=%2Fwp%2Fv2%2Fcomments&post=10040"}],"version-history":[{"count":9,"href":"https:\/\/www.lassebacklund.fi\/index.php?rest_route=\/wp\/v2\/pages\/10040\/revisions"}],"predecessor-version":[{"id":22642,"href":"https:\/\/www.lassebacklund.fi\/index.php?rest_route=\/wp\/v2\/pages\/10040\/revisions\/22642"}],"up":[{"embeddable":true,"href":"https:\/\/www.lassebacklund.fi\/index.php?rest_route=\/wp\/v2\/pages\/80"}],"wp:attachment":[{"href":"https:\/\/www.lassebacklund.fi\/index.php?rest_route=%2Fwp%2Fv2%2Fmedia&parent=10040"}],"curies":[{"name":"wp","href":"https:\/\/api.w.org\/{rel}","templated":true}]}}